{"id":24529,"date":"2023-04-05T15:16:48","date_gmt":"2023-04-05T18:16:48","guid":{"rendered":"https:\/\/terezaxavier.com.br\/?page_id=24529"},"modified":"2025-05-07T17:23:15","modified_gmt":"2025-05-07T20:23:15","slug":"colecao-luva-de-box-alta-joalheria","status":"publish","type":"page","link":"https:\/\/terezaxavier.com.br\/en\/colecao-luva-de-box-alta-joalheria\/","title":{"rendered":"Cole\u00e7\u00e3o Luva de Box Alta Joalheria"},"content":{"rendered":"<div data-elementor-type=\"wp-page\" data-elementor-id=\"24529\" class=\"elementor elementor-24529\" data-elementor-post-type=\"page\">\n\t\t\t\t\t\t<section class=\"elementor-section elementor-top-section elementor-element elementor-element-2c2215b elementor-section-full_width elementor-section-stretched elementor-section-height-default elementor-section-height-default sc_fly_static\" data-id=\"2c2215b\" data-element_type=\"section\" data-e-type=\"section\" data-settings=\"{&quot;stretch_section&quot;:&quot;section-stretched&quot;}\">\n\t\t\t\t\t\t<div class=\"elementor-container elementor-column-gap-extended\">\n\t\t\t\t\t<div class=\"elementor-column elementor-col-100 elementor-top-column elementor-element elementor-element-e5e0c3f sc_content_align_inherit sc_layouts_column_icons_position_left sc_fly_static\" data-id=\"e5e0c3f\" data-element_type=\"column\" data-e-type=\"column\">\n\t\t\t<div class=\"elementor-widget-wrap elementor-element-populated\">\n\t\t\t\t\t\t<div class=\"elementor-element elementor-element-5d45fc9 sc_fly_static elementor-widget elementor-widget-image\" data-id=\"5d45fc9\" data-element_type=\"widget\" data-e-type=\"widget\" data-widget_type=\"image.default\">\n\t\t\t\t<div class=\"elementor-widget-container\">\n\t\t\t\t\t\t\t\t\t\t\t\t\t\t\t<img fetchpriority=\"high\" decoding=\"async\" width=\"1600\" height=\"1200\" src=\"https:\/\/terezaxavier.com.br\/wp-content\/uploads\/2024\/10\/luva-de-box-everest.png\" class=\"attachment-full size-full wp-image-43388\" alt=\"\" srcset=\"https:\/\/terezaxavier.com.br\/wp-content\/uploads\/2024\/10\/luva-de-box-everest.png 1600w, https:\/\/terezaxavier.com.br\/wp-content\/uploads\/2024\/10\/luva-de-box-everest-300x225.png 300w, https:\/\/terezaxavier.com.br\/wp-content\/uploads\/2024\/10\/luva-de-box-everest-1024x768.png 1024w, https:\/\/terezaxavier.com.br\/wp-content\/uploads\/2024\/10\/luva-de-box-everest-768x576.png 768w, https:\/\/terezaxavier.com.br\/wp-content\/uploads\/2024\/10\/luva-de-box-everest-1536x1152.png 1536w, https:\/\/terezaxavier.com.br\/wp-content\/uploads\/2024\/10\/luva-de-box-everest-16x12.png 16w, https:\/\/terezaxavier.com.br\/wp-content\/uploads\/2024\/10\/luva-de-box-everest-370x278.png 370w, https:\/\/terezaxavier.com.br\/wp-content\/uploads\/2024\/10\/luva-de-box-everest-840x630.png 840w, https:\/\/terezaxavier.com.br\/wp-content\/uploads\/2024\/10\/luva-de-box-everest-410x308.png 410w, https:\/\/terezaxavier.com.br\/wp-content\/uploads\/2024\/10\/luva-de-box-everest-600x450.png 600w\" sizes=\"(max-width: 1600px) 100vw, 1600px\" \/>\t\t\t\t\t\t\t\t\t\t\t\t\t\t\t<\/div>\n\t\t\t\t<\/div>\n\t\t\t\t<div class=\"elementor-element elementor-element-ee5b08f sc_fly_static elementor-widget elementor-widget-spacer\" data-id=\"ee5b08f\" data-element_type=\"widget\" data-e-type=\"widget\" data-widget_type=\"spacer.default\">\n\t\t\t\t<div class=\"elementor-widget-container\">\n\t\t\t\t\t\t\t<div class=\"elementor-spacer\">\n\t\t\t<div class=\"elementor-spacer-inner\"><\/div>\n\t\t<\/div>\n\t\t\t\t\t\t<\/div>\n\t\t\t\t<\/div>\n\t\t\t\t<div class=\"elementor-element elementor-element-019a1d9 sc_fly_static elementor-widget elementor-widget-text-editor\" data-id=\"019a1d9\" data-element_type=\"widget\" data-e-type=\"widget\" data-widget_type=\"text-editor.default\">\n\t\t\t\t<div class=\"elementor-widget-container\">\n\t\t\t\t\t\t\t\t\t<blockquote><p style=\"text-align: center;\">Essa cole\u00e7\u00e3o converte as Luvas de Box em joias. Tereza Xavier criou lindos pingentes em forma de luva de box, em Ouro e em Prata, esmaltados de vermelho e branco, e com um Diamante.\u00a0<\/p><p style=\"text-align: center;\">A estrela da cole\u00e7\u00e3o \u00e9 uma luva de box, fivela de cinto em Prata e Diamante, esmaltada de vermelho e branco, uma pe\u00e7a \u00fanica, de puro charme.<\/p><\/blockquote>\t\t\t\t\t\t\t\t<\/div>\n\t\t\t\t<\/div>\n\t\t\t\t\t<\/div>\n\t\t<\/div>\n\t\t\t\t\t<\/div>\n\t\t<\/section>\n\t\t<div class=\"elementor-element elementor-element-1d8bb9e e-flex e-con-boxed sc_layouts_column_icons_position_left e-con e-parent\" data-id=\"1d8bb9e\" data-element_type=\"container\" data-e-type=\"container\">\n\t\t\t\t\t<div class=\"e-con-inner\">\n\t\t<div class=\"elementor-element elementor-element-c873421 e-con-full e-flex sc_layouts_column_icons_position_left e-con e-child\" data-id=\"c873421\" data-element_type=\"container\" data-e-type=\"container\">\n\t\t\t\t<div class=\"elementor-element elementor-element-d472bc7 sc_fly_static elementor-widget elementor-widget-trx_sc_extended_products\" data-id=\"d472bc7\" data-element_type=\"widget\" data-e-type=\"widget\" data-widget_type=\"trx_sc_extended_products.default\">\n\t\t\t\t<div class=\"elementor-widget-container\">\n\t\t\t\t\t<div  \n\tclass=\"sc_extended_products sc_extended_products_centered\" ><div class=\"sc_extended_products_content sc_item_content\" ><div class=\"woocommerce columns-1\"><ul class=\"products products_style_centered columns-1\">\n<li class=\"product type-product post-37279 status-publish first onbackorder product_cat-alta-joalheria has-post-thumbnail shipping-taxable product-type-simple product_style_centered\">\n\t\t\t<div class=\"post_item post_layout_thumbs\"\n\t\t\t\t\t>\n\t\t\t<div class=\"post_featured hover_shop\">\n\t\t\t\t\t\t\t\t<a href=\"https:\/\/terezaxavier.com.br\/en\/product\/pingente-luva-de-box\/\">\n\t\t\t\t<img decoding=\"async\" width=\"1536\" height=\"2048\" src=\"https:\/\/terezaxavier.com.br\/wp-content\/uploads\/2024\/02\/IMG_1313-1536x2048.png\" class=\"attachment-2048x2048 size-2048x2048\" alt=\"Pingente Luva de Box\" srcset=\"https:\/\/terezaxavier.com.br\/wp-content\/uploads\/2024\/02\/IMG_1313-1536x2048.png 1536w, https:\/\/terezaxavier.com.br\/wp-content\/uploads\/2024\/02\/IMG_1313-225x300.png 225w, https:\/\/terezaxavier.com.br\/wp-content\/uploads\/2024\/02\/IMG_1313-768x1024.png 768w, https:\/\/terezaxavier.com.br\/wp-content\/uploads\/2024\/02\/IMG_1313-1152x1536.png 1152w, https:\/\/terezaxavier.com.br\/wp-content\/uploads\/2024\/02\/IMG_1313-370x493.png 370w, https:\/\/terezaxavier.com.br\/wp-content\/uploads\/2024\/02\/IMG_1313-840x1120.png 840w, https:\/\/terezaxavier.com.br\/wp-content\/uploads\/2024\/02\/IMG_1313-410x547.png 410w, https:\/\/terezaxavier.com.br\/wp-content\/uploads\/2024\/02\/IMG_1313-600x800.png 600w\" sizes=\"(max-width: 1536px) 100vw, 1536px\" \/>\t\t\t\t<\/a>\n\t\t\t\t\t\t\t\t\t<div class=\"mask\"><\/div>\n\t\t\t\t\t\t\t\t\t<div class=\"icons\">\n\t\t\t\t\t<div class=\"tinv-wraper woocommerce tinv-wishlist tinvwl-shortcode-add-to-cart tinvwl-loop-button-wrapper tinvwl-woocommerce_before_shop_loop_item_title\"\r\n\t data-tinvwl_product_id=\"37279\">\r\n\t<div class=\"tinv-wishlist-clear\"><\/div><a role=\"button\" tabindex=\"0\" name=\"add-to-wishlist\" aria-label=\"Add to Wishlist\" class=\"tinvwl_add_to_wishlist_button tinvwl-icon-heart  tinvwl-position-shortcode tinvwl-loop\" data-tinv-wl-list=\"[]\" data-tinv-wl-product=\"37279\" data-tinv-wl-productvariation=\"0\" data-tinv-wl-productvariations=\"[]\" data-tinv-wl-producttype=\"simple\" data-tinv-wl-action=\"add\"><span class=\"tinvwl_add_to_wishlist-text\">Add to Wishlist<\/span><span class=\"tinvwl_remove_from_wishlist-text\">Remove from Wishlist<\/span><\/a><div class=\"tinv-wishlist-clear\"><\/div>\t\t<div\r\n\t\tclass=\"tinvwl-tooltip\">Add to Wishlist<\/div>\r\n<\/div>\r\n<a rel=\"nofollow\" href=\"https:\/\/terezaxavier.com.br\/en\/product\/pingente-luva-de-box\/\" \n\t\t\t\t\t\t\t\t\t\t\t\t\t\t\taria-hidden=\"true\" \n\t\t\t\t\t\t\t\t\t\t\t\t\t\t\tdata-quantity=\"1\" \n\t\t\t\t\t\t\t\t\t\t\t\t\t\t\tdata-product_id=\"37279\"\n\t\t\t\t\t\t\t\t\t\t\t\t\t\t\tdata-product_sku=\"\"\n\t\t\t\t\t\t\t\t\t\t\t\t\t\t\tclass=\"shop_cart icon-shopping-cart button add_to_cart_button product_type_simple product_out_stock ajax_add_to_cart\"><span class=\"icon-anim\"><\/span><\/a>\t\t\t\t\t<a href=\"https:\/\/terezaxavier.com.br\/en\/product\/pingente-luva-de-box\/\" aria-hidden=\"true\" class=\"shop_link\">\n\t\t\t\t\t\t<span class=\"icon-anim\"><\/span>\n\t\t\t\t\t<\/a>\n\t\t\t\t<\/div>\n\t\t\t\t\t\t\t<\/div>\n\t\t\t<div class=\"post_data\">\n\t\t\t\t<div class=\"post_data_inner\">\n\t\t\t\t\t<div class=\"post_header entry-header\">\n\t\t\t\t\t<h2 class=\"woocommerce-loop-product__title\"><a href=\"https:\/\/terezaxavier.com.br\/en\/product\/pingente-luva-de-box\/\">Pingente Luva de Box<\/a><\/h2>\t\t\t<\/div>\n\t\t\n<a href=\"https:\/\/terezaxavier.com.br\/en\/product\/pingente-luva-de-box\/\" aria-describedby=\"woocommerce_loop_add_to_cart_link_describedby_37279\" data-quantity=\"1\" class=\"button product_type_simple\" data-product_id=\"37279\" data-product_sku=\"\" aria-label=\"Read more about \u201cPingente Luva de Box\u201d\" rel=\"nofollow\" data-success_message=\"\" data-no-translation=\"\" data-trp-gettext=\"\" data-no-translation-aria-label=\"\">Read more<\/a>\t<span id=\"woocommerce_loop_add_to_cart_link_describedby_37279\" class=\"screen-reader-text\">\n\t\t\t<\/span>\n\t\t\t\t<\/div>\n\t\t\t<\/div>\n\t\t<\/div>\n\t\t<\/li>\n<\/ul>\n<\/div><\/div><\/div>\n\t\t\t\t<\/div>\n\t\t\t\t<\/div>\n\t\t\t\t<\/div>\n\t\t<div class=\"elementor-element elementor-element-fe5aa25 e-con-full e-flex sc_layouts_column_icons_position_left e-con e-child\" data-id=\"fe5aa25\" data-element_type=\"container\" data-e-type=\"container\">\n\t\t\t\t<div class=\"elementor-element elementor-element-332e3aa sc_fly_static elementor-widget elementor-widget-trx_sc_extended_products\" data-id=\"332e3aa\" data-element_type=\"widget\" data-e-type=\"widget\" data-widget_type=\"trx_sc_extended_products.default\">\n\t\t\t\t<div class=\"elementor-widget-container\">\n\t\t\t\t\t<div  \n\tclass=\"sc_extended_products sc_extended_products_centered\" ><div class=\"sc_extended_products_content sc_item_content\" ><div class=\"woocommerce columns-1\"><ul class=\"products products_style_centered columns-1\">\n<li class=\"product type-product post-37279 status-publish first onbackorder product_cat-alta-joalheria has-post-thumbnail shipping-taxable product-type-simple product_style_centered\">\n\t\t\t<div class=\"post_item post_layout_thumbs\"\n\t\t\t\t\t>\n\t\t\t<div class=\"post_featured hover_shop\">\n\t\t\t\t\t\t\t\t<a href=\"https:\/\/terezaxavier.com.br\/en\/product\/pingente-luva-de-box\/\">\n\t\t\t\t<img decoding=\"async\" width=\"1536\" height=\"2048\" src=\"https:\/\/terezaxavier.com.br\/wp-content\/uploads\/2024\/02\/IMG_1313-1536x2048.png\" class=\"attachment-2048x2048 size-2048x2048\" alt=\"Pingente Luva de Box\" srcset=\"https:\/\/terezaxavier.com.br\/wp-content\/uploads\/2024\/02\/IMG_1313-1536x2048.png 1536w, https:\/\/terezaxavier.com.br\/wp-content\/uploads\/2024\/02\/IMG_1313-225x300.png 225w, https:\/\/terezaxavier.com.br\/wp-content\/uploads\/2024\/02\/IMG_1313-768x1024.png 768w, https:\/\/terezaxavier.com.br\/wp-content\/uploads\/2024\/02\/IMG_1313-1152x1536.png 1152w, https:\/\/terezaxavier.com.br\/wp-content\/uploads\/2024\/02\/IMG_1313-370x493.png 370w, https:\/\/terezaxavier.com.br\/wp-content\/uploads\/2024\/02\/IMG_1313-840x1120.png 840w, https:\/\/terezaxavier.com.br\/wp-content\/uploads\/2024\/02\/IMG_1313-410x547.png 410w, https:\/\/terezaxavier.com.br\/wp-content\/uploads\/2024\/02\/IMG_1313-600x800.png 600w\" sizes=\"(max-width: 1536px) 100vw, 1536px\" \/>\t\t\t\t<\/a>\n\t\t\t\t\t\t\t\t\t<div class=\"mask\"><\/div>\n\t\t\t\t\t\t\t\t\t<div class=\"icons\">\n\t\t\t\t\t<div class=\"tinv-wraper woocommerce tinv-wishlist tinvwl-shortcode-add-to-cart tinvwl-loop-button-wrapper tinvwl-woocommerce_before_shop_loop_item_title\"\r\n\t data-tinvwl_product_id=\"37279\">\r\n\t<div class=\"tinv-wishlist-clear\"><\/div><a role=\"button\" tabindex=\"0\" name=\"add-to-wishlist\" aria-label=\"Add to Wishlist\" class=\"tinvwl_add_to_wishlist_button tinvwl-icon-heart  tinvwl-position-shortcode tinvwl-loop\" data-tinv-wl-list=\"[]\" data-tinv-wl-product=\"37279\" data-tinv-wl-productvariation=\"0\" data-tinv-wl-productvariations=\"[]\" data-tinv-wl-producttype=\"simple\" data-tinv-wl-action=\"add\"><span class=\"tinvwl_add_to_wishlist-text\">Add to Wishlist<\/span><span class=\"tinvwl_remove_from_wishlist-text\">Remove from Wishlist<\/span><\/a><div class=\"tinv-wishlist-clear\"><\/div>\t\t<div\r\n\t\tclass=\"tinvwl-tooltip\">Add to Wishlist<\/div>\r\n<\/div>\r\n<a rel=\"nofollow\" href=\"https:\/\/terezaxavier.com.br\/en\/product\/pingente-luva-de-box\/\" \n\t\t\t\t\t\t\t\t\t\t\t\t\t\t\taria-hidden=\"true\" \n\t\t\t\t\t\t\t\t\t\t\t\t\t\t\tdata-quantity=\"1\" \n\t\t\t\t\t\t\t\t\t\t\t\t\t\t\tdata-product_id=\"37279\"\n\t\t\t\t\t\t\t\t\t\t\t\t\t\t\tdata-product_sku=\"\"\n\t\t\t\t\t\t\t\t\t\t\t\t\t\t\tclass=\"shop_cart icon-shopping-cart button add_to_cart_button product_type_simple product_out_stock ajax_add_to_cart\"><span class=\"icon-anim\"><\/span><\/a>\t\t\t\t\t<a href=\"https:\/\/terezaxavier.com.br\/en\/product\/pingente-luva-de-box\/\" aria-hidden=\"true\" class=\"shop_link\">\n\t\t\t\t\t\t<span class=\"icon-anim\"><\/span>\n\t\t\t\t\t<\/a>\n\t\t\t\t<\/div>\n\t\t\t\t\t\t\t<\/div>\n\t\t\t<div class=\"post_data\">\n\t\t\t\t<div class=\"post_data_inner\">\n\t\t\t\t\t<div class=\"post_header entry-header\">\n\t\t\t\t\t<h2 class=\"woocommerce-loop-product__title\"><a href=\"https:\/\/terezaxavier.com.br\/en\/product\/pingente-luva-de-box\/\">Pingente Luva de Box<\/a><\/h2>\t\t\t<\/div>\n\t\t\n<a href=\"https:\/\/terezaxavier.com.br\/en\/product\/pingente-luva-de-box\/\" aria-describedby=\"woocommerce_loop_add_to_cart_link_describedby_37279\" data-quantity=\"1\" class=\"button product_type_simple\" data-product_id=\"37279\" data-product_sku=\"\" aria-label=\"Read more about \u201cPingente Luva de Box\u201d\" rel=\"nofollow\" data-success_message=\"\" data-no-translation=\"\" data-trp-gettext=\"\" data-no-translation-aria-label=\"\">Read more<\/a>\t<span id=\"woocommerce_loop_add_to_cart_link_describedby_37279\" class=\"screen-reader-text\">\n\t\t\t<\/span>\n\t\t\t\t<\/div>\n\t\t\t<\/div>\n\t\t<\/div>\n\t\t<\/li>\n<\/ul>\n<\/div><\/div><\/div>\n\t\t\t\t<\/div>\n\t\t\t\t<\/div>\n\t\t\t\t<\/div>\n\t\t\t\t\t<\/div>\n\t\t\t\t<\/div>\n\t\t\t\t<\/div>","protected":false},"excerpt":{"rendered":"<p>Essa cole\u00e7\u00e3o converte as Luvas de Box em joias. Tereza Xavier criou lindos pingentes em forma de luva de box, em Ouro e em Prata, esmaltados de vermelho e branco,&hellip;<\/p>","protected":false},"author":1,"featured_media":0,"parent":0,"menu_order":0,"comment_status":"closed","ping_status":"closed","template":"","meta":{"_joinchat":[],"footnotes":""},"class_list":["post-24529","page","type-page","status-publish","hentry"],"_hostinger_reach_plugin_has_subscription_block":false,"_hostinger_reach_plugin_is_elementor":false,"_links":{"self":[{"href":"https:\/\/terezaxavier.com.br\/en\/wp-json\/wp\/v2\/pages\/24529","targetHints":{"allow":["GET"]}}],"collection":[{"href":"https:\/\/terezaxavier.com.br\/en\/wp-json\/wp\/v2\/pages"}],"about":[{"href":"https:\/\/terezaxavier.com.br\/en\/wp-json\/wp\/v2\/types\/page"}],"author":[{"embeddable":true,"href":"https:\/\/terezaxavier.com.br\/en\/wp-json\/wp\/v2\/users\/1"}],"replies":[{"embeddable":true,"href":"https:\/\/terezaxavier.com.br\/en\/wp-json\/wp\/v2\/comments?post=24529"}],"version-history":[{"count":37,"href":"https:\/\/terezaxavier.com.br\/en\/wp-json\/wp\/v2\/pages\/24529\/revisions"}],"predecessor-version":[{"id":43391,"href":"https:\/\/terezaxavier.com.br\/en\/wp-json\/wp\/v2\/pages\/24529\/revisions\/43391"}],"wp:attachment":[{"href":"https:\/\/terezaxavier.com.br\/en\/wp-json\/wp\/v2\/media?parent=24529"}],"curies":[{"name":"wp","href":"https:\/\/api.w.org\/{rel}","templated":true}]}}