{"id":24449,"date":"2023-04-05T13:09:43","date_gmt":"2023-04-05T16:09:43","guid":{"rendered":"https:\/\/terezaxavier.com.br\/?page_id=24449"},"modified":"2025-07-24T15:18:14","modified_gmt":"2025-07-24T18:18:14","slug":"colecao-renda-bilros-alta-joalheria","status":"publish","type":"page","link":"https:\/\/terezaxavier.com.br\/en\/colecao-renda-bilros-alta-joalheria\/","title":{"rendered":"Cole\u00e7\u00e3o Renda Bilros Alta Joalheria"},"content":{"rendered":"<div data-elementor-type=\"wp-page\" data-elementor-id=\"24449\" class=\"elementor elementor-24449\" data-elementor-post-type=\"page\">\n\t\t\t\t\t\t<section class=\"elementor-section elementor-top-section elementor-element elementor-element-1e22813 elementor-section-full_width elementor-section-stretched elementor-section-height-default elementor-section-height-default sc_fly_static\" data-id=\"1e22813\" data-element_type=\"section\" data-e-type=\"section\" data-settings=\"{&quot;stretch_section&quot;:&quot;section-stretched&quot;}\">\n\t\t\t\t\t\t<div class=\"elementor-container elementor-column-gap-extended\">\n\t\t\t\t\t<div class=\"elementor-column elementor-col-100 elementor-top-column elementor-element elementor-element-e622180 sc_content_align_inherit sc_layouts_column_icons_position_left sc_fly_static\" data-id=\"e622180\" data-element_type=\"column\" data-e-type=\"column\">\n\t\t\t<div class=\"elementor-widget-wrap elementor-element-populated\">\n\t\t\t\t\t\t<div class=\"elementor-element elementor-element-44e8d07 sc_fly_static elementor-widget elementor-widget-image\" data-id=\"44e8d07\" data-element_type=\"widget\" data-e-type=\"widget\" data-widget_type=\"image.default\">\n\t\t\t\t<div class=\"elementor-widget-container\">\n\t\t\t\t\t\t\t\t\t\t\t\t\t\t\t<img fetchpriority=\"high\" decoding=\"async\" width=\"1024\" height=\"652\" src=\"https:\/\/terezaxavier.com.br\/wp-content\/uploads\/2023\/04\/colecao-renda-de-bilros-alta-joalheria-textil-1024x652.jpg\" class=\"attachment-large size-large wp-image-24457\" alt=\"\" srcset=\"https:\/\/terezaxavier.com.br\/wp-content\/uploads\/2023\/04\/colecao-renda-de-bilros-alta-joalheria-textil-1024x652.jpg 1024w, https:\/\/terezaxavier.com.br\/wp-content\/uploads\/2023\/04\/colecao-renda-de-bilros-alta-joalheria-textil-300x191.jpg 300w, https:\/\/terezaxavier.com.br\/wp-content\/uploads\/2023\/04\/colecao-renda-de-bilros-alta-joalheria-textil-768x489.jpg 768w, https:\/\/terezaxavier.com.br\/wp-content\/uploads\/2023\/04\/colecao-renda-de-bilros-alta-joalheria-textil-1536x978.jpg 1536w, https:\/\/terezaxavier.com.br\/wp-content\/uploads\/2023\/04\/colecao-renda-de-bilros-alta-joalheria-textil-2048x1304.jpg 2048w, https:\/\/terezaxavier.com.br\/wp-content\/uploads\/2023\/04\/colecao-renda-de-bilros-alta-joalheria-textil-370x236.jpg 370w, https:\/\/terezaxavier.com.br\/wp-content\/uploads\/2023\/04\/colecao-renda-de-bilros-alta-joalheria-textil-840x535.jpg 840w, https:\/\/terezaxavier.com.br\/wp-content\/uploads\/2023\/04\/colecao-renda-de-bilros-alta-joalheria-textil-410x261.jpg 410w, https:\/\/terezaxavier.com.br\/wp-content\/uploads\/2023\/04\/colecao-renda-de-bilros-alta-joalheria-textil-600x382.jpg 600w\" sizes=\"(max-width: 1024px) 100vw, 1024px\" \/>\t\t\t\t\t\t\t\t\t\t\t\t\t\t\t<\/div>\n\t\t\t\t<\/div>\n\t\t\t\t<div class=\"elementor-element elementor-element-bfd111d sc_fly_static elementor-widget elementor-widget-spacer\" data-id=\"bfd111d\" data-element_type=\"widget\" data-e-type=\"widget\" data-widget_type=\"spacer.default\">\n\t\t\t\t<div class=\"elementor-widget-container\">\n\t\t\t\t\t\t\t<div class=\"elementor-spacer\">\n\t\t\t<div class=\"elementor-spacer-inner\"><\/div>\n\t\t<\/div>\n\t\t\t\t\t\t<\/div>\n\t\t\t\t<\/div>\n\t\t\t\t\t<\/div>\n\t\t<\/div>\n\t\t\t\t\t<\/div>\n\t\t<\/section>\n\t\t<div class=\"elementor-element elementor-element-d0ea680 e-flex e-con-boxed sc_layouts_column_icons_position_left e-con e-parent\" data-id=\"d0ea680\" data-element_type=\"container\" data-e-type=\"container\">\n\t\t\t\t\t<div class=\"e-con-inner\">\n\t\t\t\t<div class=\"elementor-element elementor-element-bcfe971 sc_fly_static elementor-widget elementor-widget-heading\" data-id=\"bcfe971\" data-element_type=\"widget\" data-e-type=\"widget\" data-widget_type=\"heading.default\">\n\t\t\t\t<div class=\"elementor-widget-container\">\n\t\t\t\t\t<h2 class=\"elementor-heading-title elementor-size-default\">Cole\u00e7\u00e3o Renda de Bilros<\/h2>\t\t\t\t<\/div>\n\t\t\t\t<\/div>\n\t\t\t\t\t<\/div>\n\t\t\t\t<\/div>\n\t\t\t\t<section class=\"elementor-section elementor-top-section elementor-element elementor-element-e08bf45 elementor-section-boxed elementor-section-height-default elementor-section-height-default sc_fly_static\" data-id=\"e08bf45\" data-element_type=\"section\" data-e-type=\"section\">\n\t\t\t\t\t\t<div class=\"elementor-container elementor-column-gap-extended\">\n\t\t\t\t\t<div class=\"elementor-column elementor-col-100 elementor-top-column elementor-element elementor-element-3318edf sc_content_align_inherit sc_layouts_column_icons_position_left sc_fly_static\" data-id=\"3318edf\" data-element_type=\"column\" data-e-type=\"column\">\n\t\t\t<div class=\"elementor-widget-wrap elementor-element-populated\">\n\t\t\t\t\t\t<div class=\"elementor-element elementor-element-f241871 sc_fly_static elementor-widget elementor-widget-text-editor\" data-id=\"f241871\" data-element_type=\"widget\" data-e-type=\"widget\" data-widget_type=\"text-editor.default\">\n\t\t\t\t<div class=\"elementor-widget-container\">\n\t\t\t\t\t\t\t\t\t<blockquote><p style=\"text-align: center;\">A minuciosa arte super artesanal da Renda de Bilros encanta Tereza Xavier, lindas joias t\u00eaxteis, pelas m\u00e3os de artistas artes\u00e3s brasileiras, em pontos como cora\u00e7\u00e3o, abacaxi, palma, tran\u00e7a, zigue e zague, margarida, trocadilho, escadinha do cupido e outros, aliados a Pedras Preciosas, P\u00e9rolas e fitas coloridas, convertem-se em joias \u00fanicas que cantam este trabalho singelo, primoroso e cantante, realizado sobre almofadinhas de pano com bilros de madeira.<\/p><\/blockquote>\t\t\t\t\t\t\t\t<\/div>\n\t\t\t\t<\/div>\n\t\t\t\t<div class=\"elementor-element elementor-element-fb455a5 sc_fly_static elementor-widget elementor-widget-spacer\" data-id=\"fb455a5\" data-element_type=\"widget\" data-e-type=\"widget\" data-widget_type=\"spacer.default\">\n\t\t\t\t<div class=\"elementor-widget-container\">\n\t\t\t\t\t\t\t<div class=\"elementor-spacer\">\n\t\t\t<div class=\"elementor-spacer-inner\"><\/div>\n\t\t<\/div>\n\t\t\t\t\t\t<\/div>\n\t\t\t\t<\/div>\n\t\t\t\t\t<\/div>\n\t\t<\/div>\n\t\t\t\t\t<\/div>\n\t\t<\/section>\n\t\t\t\t<section class=\"elementor-section elementor-top-section elementor-element elementor-element-a04d3db elementor-section-full_width elementor-section-stretched elementor-section-height-default elementor-section-height-default sc_fly_static\" data-id=\"a04d3db\" data-element_type=\"section\" data-e-type=\"section\" data-settings=\"{&quot;stretch_section&quot;:&quot;section-stretched&quot;}\">\n\t\t\t\t\t\t<div class=\"elementor-container elementor-column-gap-extended\">\n\t\t\t\t\t<div class=\"elementor-column elementor-col-50 elementor-top-column elementor-element elementor-element-63a3d27 sc_content_align_inherit sc_layouts_column_icons_position_left sc_fly_static\" data-id=\"63a3d27\" data-element_type=\"column\" data-e-type=\"column\">\n\t\t\t<div class=\"elementor-widget-wrap elementor-element-populated\">\n\t\t\t\t\t\t<div class=\"elementor-element elementor-element-ddb954f sc_fly_static elementor-widget elementor-widget-image\" data-id=\"ddb954f\" data-element_type=\"widget\" data-e-type=\"widget\" data-widget_type=\"image.default\">\n\t\t\t\t<div class=\"elementor-widget-container\">\n\t\t\t\t\t\t\t\t\t\t\t\t\t\t\t<img decoding=\"async\" width=\"920\" height=\"1024\" src=\"https:\/\/terezaxavier.com.br\/wp-content\/uploads\/2023\/04\/pulseira-renda-de-bilros-alta-joalheria-920x1024.jpg\" class=\"attachment-large size-large wp-image-24464\" alt=\"\" srcset=\"https:\/\/terezaxavier.com.br\/wp-content\/uploads\/2023\/04\/pulseira-renda-de-bilros-alta-joalheria-920x1024.jpg 920w, https:\/\/terezaxavier.com.br\/wp-content\/uploads\/2023\/04\/pulseira-renda-de-bilros-alta-joalheria-270x300.jpg 270w, https:\/\/terezaxavier.com.br\/wp-content\/uploads\/2023\/04\/pulseira-renda-de-bilros-alta-joalheria-768x854.jpg 768w, https:\/\/terezaxavier.com.br\/wp-content\/uploads\/2023\/04\/pulseira-renda-de-bilros-alta-joalheria-1381x1536.jpg 1381w, https:\/\/terezaxavier.com.br\/wp-content\/uploads\/2023\/04\/pulseira-renda-de-bilros-alta-joalheria-1841x2048.jpg 1841w, https:\/\/terezaxavier.com.br\/wp-content\/uploads\/2023\/04\/pulseira-renda-de-bilros-alta-joalheria-370x412.jpg 370w, https:\/\/terezaxavier.com.br\/wp-content\/uploads\/2023\/04\/pulseira-renda-de-bilros-alta-joalheria-840x934.jpg 840w, https:\/\/terezaxavier.com.br\/wp-content\/uploads\/2023\/04\/pulseira-renda-de-bilros-alta-joalheria-410x456.jpg 410w, https:\/\/terezaxavier.com.br\/wp-content\/uploads\/2023\/04\/pulseira-renda-de-bilros-alta-joalheria-600x667.jpg 600w\" sizes=\"(max-width: 920px) 100vw, 920px\" \/>\t\t\t\t\t\t\t\t\t\t\t\t\t\t\t<\/div>\n\t\t\t\t<\/div>\n\t\t\t\t\t<\/div>\n\t\t<\/div>\n\t\t\t\t<div class=\"elementor-column elementor-col-50 elementor-top-column elementor-element elementor-element-847074d sc_content_align_inherit sc_layouts_column_icons_position_left sc_fly_static\" data-id=\"847074d\" data-element_type=\"column\" data-e-type=\"column\">\n\t\t\t<div class=\"elementor-widget-wrap elementor-element-populated\">\n\t\t\t\t\t\t<div class=\"elementor-element elementor-element-956820c sc_fly_static elementor-widget elementor-widget-text-editor\" data-id=\"956820c\" data-element_type=\"widget\" data-e-type=\"widget\" data-widget_type=\"text-editor.default\">\n\t\t\t\t<div class=\"elementor-widget-container\">\n\t\t\t\t\t\t\t\t\t<blockquote><p style=\"text-align: center;\">Gargantilha e pulseira feitas \u00e0 m\u00e3o, pe\u00e7as \u00fanicas, reproduzem em Ouro a arte da Renda de Bilros e inspiram e abrem um caminho precioso para as delicadas joias t\u00eaxteis.\u00a0<\/p><\/blockquote>\t\t\t\t\t\t\t\t<\/div>\n\t\t\t\t<\/div>\n\t\t\t\t\t<\/div>\n\t\t<\/div>\n\t\t\t\t\t<\/div>\n\t\t<\/section>\n\t\t\t\t<section class=\"elementor-section elementor-top-section elementor-element elementor-element-f2085ff elementor-section-boxed elementor-section-height-default elementor-section-height-default sc_fly_static\" data-id=\"f2085ff\" data-element_type=\"section\" data-e-type=\"section\">\n\t\t\t\t\t\t<div class=\"elementor-container elementor-column-gap-extended\">\n\t\t\t\t\t<div class=\"elementor-column elementor-col-100 elementor-top-column elementor-element elementor-element-ba25e74 sc_content_align_inherit sc_layouts_column_icons_position_left sc_fly_static\" data-id=\"ba25e74\" data-element_type=\"column\" data-e-type=\"column\">\n\t\t\t<div class=\"elementor-widget-wrap elementor-element-populated\">\n\t\t\t\t\t\t<div class=\"elementor-element elementor-element-5c19490 sc_fly_static elementor-widget elementor-widget-spacer\" data-id=\"5c19490\" data-element_type=\"widget\" data-e-type=\"widget\" data-widget_type=\"spacer.default\">\n\t\t\t\t<div class=\"elementor-widget-container\">\n\t\t\t\t\t\t\t<div class=\"elementor-spacer\">\n\t\t\t<div class=\"elementor-spacer-inner\"><\/div>\n\t\t<\/div>\n\t\t\t\t\t\t<\/div>\n\t\t\t\t<\/div>\n\t\t\t\t<div class=\"elementor-element elementor-element-608ae69 sc_fly_static elementor-widget elementor-widget-text-editor\" data-id=\"608ae69\" data-element_type=\"widget\" data-e-type=\"widget\" data-widget_type=\"text-editor.default\">\n\t\t\t\t<div class=\"elementor-widget-container\">\n\t\t\t\t\t\t\t\t\t<blockquote><p style=\"text-align: center;\"><em>O som dos bilros inspira uma arte surpreendente, bela e delicada !<\/em><\/p><\/blockquote>\t\t\t\t\t\t\t\t<\/div>\n\t\t\t\t<\/div>\n\t\t\t\t<div class=\"elementor-element elementor-element-89c4722 sc_fly_static elementor-widget elementor-widget-spacer\" data-id=\"89c4722\" data-element_type=\"widget\" data-e-type=\"widget\" data-widget_type=\"spacer.default\">\n\t\t\t\t<div class=\"elementor-widget-container\">\n\t\t\t\t\t\t\t<div class=\"elementor-spacer\">\n\t\t\t<div class=\"elementor-spacer-inner\"><\/div>\n\t\t<\/div>\n\t\t\t\t\t\t<\/div>\n\t\t\t\t<\/div>\n\t\t\t\t\t<\/div>\n\t\t<\/div>\n\t\t\t\t\t<\/div>\n\t\t<\/section>\n\t\t\t\t<section class=\"elementor-section elementor-top-section elementor-element elementor-element-df1a2e4 elementor-section-full_width elementor-section-stretched elementor-section-height-default elementor-section-height-default sc_fly_static\" data-id=\"df1a2e4\" data-element_type=\"section\" data-e-type=\"section\" data-settings=\"{&quot;stretch_section&quot;:&quot;section-stretched&quot;}\">\n\t\t\t\t\t\t<div class=\"elementor-container elementor-column-gap-extended\">\n\t\t\t\t\t<div class=\"elementor-column elementor-col-33 elementor-top-column elementor-element elementor-element-397c6eb sc_content_align_inherit sc_layouts_column_icons_position_left sc_fly_static\" data-id=\"397c6eb\" data-element_type=\"column\" data-e-type=\"column\">\n\t\t\t<div class=\"elementor-widget-wrap\">\n\t\t\t\t\t\t\t<\/div>\n\t\t<\/div>\n\t\t\t\t<div class=\"elementor-column elementor-col-33 elementor-top-column elementor-element elementor-element-b41d58a sc_content_align_inherit sc_layouts_column_icons_position_left sc_fly_static\" data-id=\"b41d58a\" data-element_type=\"column\" data-e-type=\"column\">\n\t\t\t<div class=\"elementor-widget-wrap elementor-element-populated\">\n\t\t\t\t\t\t<div class=\"elementor-element elementor-element-76076c6 sc_fly_static elementor-widget elementor-widget-image\" data-id=\"76076c6\" data-element_type=\"widget\" data-e-type=\"widget\" data-widget_type=\"image.default\">\n\t\t\t\t<div class=\"elementor-widget-container\">\n\t\t\t\t\t\t\t\t\t\t\t\t<figure class=\"wp-caption\">\n\t\t\t\t\t\t\t\t\t\t<img decoding=\"async\" width=\"743\" height=\"1024\" src=\"https:\/\/terezaxavier.com.br\/wp-content\/uploads\/2023\/04\/pulseira-fe-renda-de-bilros-alta-joalheria-743x1024.jpg\" class=\"attachment-large size-large wp-image-24489\" alt=\"\" srcset=\"https:\/\/terezaxavier.com.br\/wp-content\/uploads\/2023\/04\/pulseira-fe-renda-de-bilros-alta-joalheria-743x1024.jpg 743w, https:\/\/terezaxavier.com.br\/wp-content\/uploads\/2023\/04\/pulseira-fe-renda-de-bilros-alta-joalheria-218x300.jpg 218w, https:\/\/terezaxavier.com.br\/wp-content\/uploads\/2023\/04\/pulseira-fe-renda-de-bilros-alta-joalheria-768x1058.jpg 768w, https:\/\/terezaxavier.com.br\/wp-content\/uploads\/2023\/04\/pulseira-fe-renda-de-bilros-alta-joalheria-1115x1536.jpg 1115w, https:\/\/terezaxavier.com.br\/wp-content\/uploads\/2023\/04\/pulseira-fe-renda-de-bilros-alta-joalheria-1486x2048.jpg 1486w, https:\/\/terezaxavier.com.br\/wp-content\/uploads\/2023\/04\/pulseira-fe-renda-de-bilros-alta-joalheria-370x510.jpg 370w, https:\/\/terezaxavier.com.br\/wp-content\/uploads\/2023\/04\/pulseira-fe-renda-de-bilros-alta-joalheria-840x1157.jpg 840w, https:\/\/terezaxavier.com.br\/wp-content\/uploads\/2023\/04\/pulseira-fe-renda-de-bilros-alta-joalheria-410x565.jpg 410w, https:\/\/terezaxavier.com.br\/wp-content\/uploads\/2023\/04\/pulseira-fe-renda-de-bilros-alta-joalheria-600x827.jpg 600w, https:\/\/terezaxavier.com.br\/wp-content\/uploads\/2023\/04\/pulseira-fe-renda-de-bilros-alta-joalheria-scaled.jpg 1858w\" sizes=\"(max-width: 743px) 100vw, 743px\" \/>\t\t\t\t\t\t\t\t\t\t\t<figcaption class=\"widget-image-caption wp-caption-text\">Pulseira F\u00e9<\/figcaption>\n\t\t\t\t\t\t\t\t\t\t<\/figure>\n\t\t\t\t\t\t\t\t\t<\/div>\n\t\t\t\t<\/div>\n\t\t\t\t\t<\/div>\n\t\t<\/div>\n\t\t\t\t<div class=\"elementor-column elementor-col-33 elementor-top-column elementor-element elementor-element-6b5e6ee sc_content_align_inherit sc_layouts_column_icons_position_left sc_fly_static\" data-id=\"6b5e6ee\" data-element_type=\"column\" data-e-type=\"column\">\n\t\t\t<div class=\"elementor-widget-wrap\">\n\t\t\t\t\t\t\t<\/div>\n\t\t<\/div>\n\t\t\t\t\t<\/div>\n\t\t<\/section>\n\t\t\t\t<\/div>","protected":false},"excerpt":{"rendered":"<p>Cole\u00e7\u00e3o Renda de Bilros A minuciosa arte super artesanal da Renda de Bilros encanta Tereza Xavier, lindas joias t\u00eaxteis, pelas m\u00e3os de artistas artes\u00e3s brasileiras, em pontos como cora\u00e7\u00e3o, abacaxi,&hellip;<\/p>","protected":false},"author":1,"featured_media":0,"parent":0,"menu_order":0,"comment_status":"closed","ping_status":"closed","template":"elementor_header_footer","meta":{"_joinchat":[],"footnotes":""},"class_list":["post-24449","page","type-page","status-publish","hentry"],"_hostinger_reach_plugin_has_subscription_block":false,"_hostinger_reach_plugin_is_elementor":false,"_links":{"self":[{"href":"https:\/\/terezaxavier.com.br\/en\/wp-json\/wp\/v2\/pages\/24449","targetHints":{"allow":["GET"]}}],"collection":[{"href":"https:\/\/terezaxavier.com.br\/en\/wp-json\/wp\/v2\/pages"}],"about":[{"href":"https:\/\/terezaxavier.com.br\/en\/wp-json\/wp\/v2\/types\/page"}],"author":[{"embeddable":true,"href":"https:\/\/terezaxavier.com.br\/en\/wp-json\/wp\/v2\/users\/1"}],"replies":[{"embeddable":true,"href":"https:\/\/terezaxavier.com.br\/en\/wp-json\/wp\/v2\/comments?post=24449"}],"version-history":[{"count":124,"href":"https:\/\/terezaxavier.com.br\/en\/wp-json\/wp\/v2\/pages\/24449\/revisions"}],"predecessor-version":[{"id":43226,"href":"https:\/\/terezaxavier.com.br\/en\/wp-json\/wp\/v2\/pages\/24449\/revisions\/43226"}],"wp:attachment":[{"href":"https:\/\/terezaxavier.com.br\/en\/wp-json\/wp\/v2\/media?parent=24449"}],"curies":[{"name":"wp","href":"https:\/\/api.w.org\/{rel}","templated":true}]}}