{"id":24372,"date":"2023-04-05T12:15:01","date_gmt":"2023-04-05T15:15:01","guid":{"rendered":"https:\/\/terezaxavier.com.br\/?page_id=24372"},"modified":"2025-05-07T15:47:26","modified_gmt":"2025-05-07T18:47:26","slug":"colecao-oriente-alta-joalheria","status":"publish","type":"page","link":"https:\/\/terezaxavier.com.br\/en\/colecao-oriente-alta-joalheria\/","title":{"rendered":"Cole\u00e7\u00e3o Oriente Alta Joalheria"},"content":{"rendered":"<div data-elementor-type=\"wp-page\" data-elementor-id=\"24372\" class=\"elementor elementor-24372\" data-elementor-post-type=\"page\">\n\t\t\t\t\t\t<section class=\"elementor-section elementor-top-section elementor-element elementor-element-7e858b6 elementor-section-full_width elementor-section-stretched elementor-section-height-default elementor-section-height-default sc_fly_static\" data-id=\"7e858b6\" data-element_type=\"section\" data-e-type=\"section\" data-settings=\"{&quot;stretch_section&quot;:&quot;section-stretched&quot;}\">\n\t\t\t\t\t\t<div class=\"elementor-container elementor-column-gap-extended\">\n\t\t\t\t\t<div class=\"elementor-column elementor-col-100 elementor-top-column elementor-element elementor-element-80fd9e7 sc_content_align_inherit sc_layouts_column_icons_position_left sc_fly_static\" data-id=\"80fd9e7\" data-element_type=\"column\" data-e-type=\"column\">\n\t\t\t<div class=\"elementor-widget-wrap elementor-element-populated\">\n\t\t\t\t\t\t<div class=\"elementor-element elementor-element-6943cda sc_fly_static elementor-widget elementor-widget-image\" data-id=\"6943cda\" data-element_type=\"widget\" data-e-type=\"widget\" data-widget_type=\"image.default\">\n\t\t\t\t<div class=\"elementor-widget-container\">\n\t\t\t\t\t\t\t\t\t\t\t\t\t\t\t<img fetchpriority=\"high\" decoding=\"async\" width=\"2560\" height=\"1214\" src=\"https:\/\/terezaxavier.com.br\/wp-content\/uploads\/2023\/04\/colecao-oriente-alta-joalheria-scaled.jpg\" class=\"attachment-full size-full wp-image-24382\" alt=\"\" srcset=\"https:\/\/terezaxavier.com.br\/wp-content\/uploads\/2023\/04\/colecao-oriente-alta-joalheria-scaled.jpg 2560w, https:\/\/terezaxavier.com.br\/wp-content\/uploads\/2023\/04\/colecao-oriente-alta-joalheria-300x142.jpg 300w, https:\/\/terezaxavier.com.br\/wp-content\/uploads\/2023\/04\/colecao-oriente-alta-joalheria-1024x486.jpg 1024w, https:\/\/terezaxavier.com.br\/wp-content\/uploads\/2023\/04\/colecao-oriente-alta-joalheria-768x364.jpg 768w, https:\/\/terezaxavier.com.br\/wp-content\/uploads\/2023\/04\/colecao-oriente-alta-joalheria-1536x728.jpg 1536w, https:\/\/terezaxavier.com.br\/wp-content\/uploads\/2023\/04\/colecao-oriente-alta-joalheria-2048x971.jpg 2048w, https:\/\/terezaxavier.com.br\/wp-content\/uploads\/2023\/04\/colecao-oriente-alta-joalheria-370x175.jpg 370w, https:\/\/terezaxavier.com.br\/wp-content\/uploads\/2023\/04\/colecao-oriente-alta-joalheria-840x398.jpg 840w, https:\/\/terezaxavier.com.br\/wp-content\/uploads\/2023\/04\/colecao-oriente-alta-joalheria-410x194.jpg 410w, https:\/\/terezaxavier.com.br\/wp-content\/uploads\/2023\/04\/colecao-oriente-alta-joalheria-600x285.jpg 600w\" sizes=\"(max-width: 2560px) 100vw, 2560px\" \/>\t\t\t\t\t\t\t\t\t\t\t\t\t\t\t<\/div>\n\t\t\t\t<\/div>\n\t\t\t\t<div class=\"elementor-element elementor-element-251432a sc_fly_static elementor-widget elementor-widget-spacer\" data-id=\"251432a\" data-element_type=\"widget\" data-e-type=\"widget\" data-widget_type=\"spacer.default\">\n\t\t\t\t<div class=\"elementor-widget-container\">\n\t\t\t\t\t\t\t<div class=\"elementor-spacer\">\n\t\t\t<div class=\"elementor-spacer-inner\"><\/div>\n\t\t<\/div>\n\t\t\t\t\t\t<\/div>\n\t\t\t\t<\/div>\n\t\t\t\t<div class=\"elementor-element elementor-element-11e1c6c sc_fly_static elementor-widget elementor-widget-heading\" data-id=\"11e1c6c\" data-element_type=\"widget\" data-e-type=\"widget\" data-widget_type=\"heading.default\">\n\t\t\t\t<div class=\"elementor-widget-container\">\n\t\t\t\t\t<h2 class=\"elementor-heading-title elementor-size-default\">Cole\u00e7\u00e3o Oriente Alta Joalheria <\/h2>\t\t\t\t<\/div>\n\t\t\t\t<\/div>\n\t\t\t\t<div class=\"elementor-element elementor-element-fcd55a8 sc_fly_static elementor-widget elementor-widget-spacer\" data-id=\"fcd55a8\" data-element_type=\"widget\" data-e-type=\"widget\" data-widget_type=\"spacer.default\">\n\t\t\t\t<div class=\"elementor-widget-container\">\n\t\t\t\t\t\t\t<div class=\"elementor-spacer\">\n\t\t\t<div class=\"elementor-spacer-inner\"><\/div>\n\t\t<\/div>\n\t\t\t\t\t\t<\/div>\n\t\t\t\t<\/div>\n\t\t\t\t<div class=\"elementor-element elementor-element-621c88f sc_fly_static elementor-widget elementor-widget-text-editor\" data-id=\"621c88f\" data-element_type=\"widget\" data-e-type=\"widget\" data-widget_type=\"text-editor.default\">\n\t\t\t\t<div class=\"elementor-widget-container\">\n\t\t\t\t\t\t\t\t\t<p style=\"text-align: center;\"><span style=\"color: #000000;\">Nas luxuosas texturas de micro bolinhas de Ouro confeccionadas \u00e0 m\u00e3o e de Ouro revenido flui a Cole\u00e7\u00e3o Oriente, refinada, sofisticada, com a magia do Oriente.<\/span><\/p>\t\t\t\t\t\t\t\t<\/div>\n\t\t\t\t<\/div>\n\t\t\t\t<div class=\"elementor-element elementor-element-5d5294e sc_fly_static elementor-widget elementor-widget-spacer\" data-id=\"5d5294e\" data-element_type=\"widget\" data-e-type=\"widget\" data-widget_type=\"spacer.default\">\n\t\t\t\t<div class=\"elementor-widget-container\">\n\t\t\t\t\t\t\t<div class=\"elementor-spacer\">\n\t\t\t<div class=\"elementor-spacer-inner\"><\/div>\n\t\t<\/div>\n\t\t\t\t\t\t<\/div>\n\t\t\t\t<\/div>\n\t\t\t\t\t<\/div>\n\t\t<\/div>\n\t\t\t\t\t<\/div>\n\t\t<\/section>\n\t\t\t\t<section class=\"elementor-section elementor-top-section elementor-element elementor-element-fdaeaa3 elementor-section-full_width elementor-section-stretched elementor-section-height-default elementor-section-height-default sc_fly_static\" data-id=\"fdaeaa3\" data-element_type=\"section\" data-e-type=\"section\" data-settings=\"{&quot;stretch_section&quot;:&quot;section-stretched&quot;}\">\n\t\t\t\t\t\t<div class=\"elementor-container elementor-column-gap-extended\">\n\t\t\t\t\t<div class=\"elementor-column elementor-col-50 elementor-top-column elementor-element elementor-element-fcf891c sc_content_align_inherit sc_layouts_column_icons_position_left sc_fly_static\" data-id=\"fcf891c\" data-element_type=\"column\" data-e-type=\"column\">\n\t\t\t<div class=\"elementor-widget-wrap elementor-element-populated\">\n\t\t\t\t\t\t<div class=\"elementor-element elementor-element-92d39f0 sc_fly_static elementor-widget elementor-widget-image\" data-id=\"92d39f0\" data-element_type=\"widget\" data-e-type=\"widget\" data-widget_type=\"image.default\">\n\t\t\t\t<div class=\"elementor-widget-container\">\n\t\t\t\t\t\t\t\t\t\t\t\t\t\t\t<img decoding=\"async\" width=\"1024\" height=\"685\" src=\"https:\/\/terezaxavier.com.br\/wp-content\/uploads\/2023\/04\/colar-oriente-alta-joalheria-1024x685.jpg\" class=\"attachment-large size-large wp-image-24398\" alt=\"\" srcset=\"https:\/\/terezaxavier.com.br\/wp-content\/uploads\/2023\/04\/colar-oriente-alta-joalheria-1024x685.jpg 1024w, https:\/\/terezaxavier.com.br\/wp-content\/uploads\/2023\/04\/colar-oriente-alta-joalheria-300x201.jpg 300w, https:\/\/terezaxavier.com.br\/wp-content\/uploads\/2023\/04\/colar-oriente-alta-joalheria-768x514.jpg 768w, https:\/\/terezaxavier.com.br\/wp-content\/uploads\/2023\/04\/colar-oriente-alta-joalheria-1536x1028.jpg 1536w, https:\/\/terezaxavier.com.br\/wp-content\/uploads\/2023\/04\/colar-oriente-alta-joalheria-2048x1371.jpg 2048w, https:\/\/terezaxavier.com.br\/wp-content\/uploads\/2023\/04\/colar-oriente-alta-joalheria-370x248.jpg 370w, https:\/\/terezaxavier.com.br\/wp-content\/uploads\/2023\/04\/colar-oriente-alta-joalheria-840x562.jpg 840w, https:\/\/terezaxavier.com.br\/wp-content\/uploads\/2023\/04\/colar-oriente-alta-joalheria-410x274.jpg 410w, https:\/\/terezaxavier.com.br\/wp-content\/uploads\/2023\/04\/colar-oriente-alta-joalheria-600x402.jpg 600w\" sizes=\"(max-width: 1024px) 100vw, 1024px\" \/>\t\t\t\t\t\t\t\t\t\t\t\t\t\t\t<\/div>\n\t\t\t\t<\/div>\n\t\t\t\t\t<\/div>\n\t\t<\/div>\n\t\t\t\t<div class=\"elementor-column elementor-col-50 elementor-top-column elementor-element elementor-element-b5bd6f5 sc_content_align_inherit sc_layouts_column_icons_position_left sc_fly_static\" data-id=\"b5bd6f5\" data-element_type=\"column\" data-e-type=\"column\">\n\t\t\t<div class=\"elementor-widget-wrap elementor-element-populated\">\n\t\t\t\t\t\t<div class=\"elementor-element elementor-element-819a8d5 sc_fly_static elementor-widget elementor-widget-image\" data-id=\"819a8d5\" data-element_type=\"widget\" data-e-type=\"widget\" data-widget_type=\"image.default\">\n\t\t\t\t<div class=\"elementor-widget-container\">\n\t\t\t\t\t\t\t\t\t\t\t\t\t\t\t<img decoding=\"async\" width=\"1024\" height=\"685\" src=\"https:\/\/terezaxavier.com.br\/wp-content\/uploads\/2023\/04\/colar-oriente-em-ouro-com-rubi-1024x685.jpg\" class=\"attachment-large size-large wp-image-24399\" alt=\"\" srcset=\"https:\/\/terezaxavier.com.br\/wp-content\/uploads\/2023\/04\/colar-oriente-em-ouro-com-rubi-1024x685.jpg 1024w, https:\/\/terezaxavier.com.br\/wp-content\/uploads\/2023\/04\/colar-oriente-em-ouro-com-rubi-300x201.jpg 300w, https:\/\/terezaxavier.com.br\/wp-content\/uploads\/2023\/04\/colar-oriente-em-ouro-com-rubi-768x514.jpg 768w, https:\/\/terezaxavier.com.br\/wp-content\/uploads\/2023\/04\/colar-oriente-em-ouro-com-rubi-1536x1028.jpg 1536w, https:\/\/terezaxavier.com.br\/wp-content\/uploads\/2023\/04\/colar-oriente-em-ouro-com-rubi-2048x1371.jpg 2048w, https:\/\/terezaxavier.com.br\/wp-content\/uploads\/2023\/04\/colar-oriente-em-ouro-com-rubi-370x248.jpg 370w, https:\/\/terezaxavier.com.br\/wp-content\/uploads\/2023\/04\/colar-oriente-em-ouro-com-rubi-840x562.jpg 840w, https:\/\/terezaxavier.com.br\/wp-content\/uploads\/2023\/04\/colar-oriente-em-ouro-com-rubi-410x274.jpg 410w, https:\/\/terezaxavier.com.br\/wp-content\/uploads\/2023\/04\/colar-oriente-em-ouro-com-rubi-600x402.jpg 600w\" sizes=\"(max-width: 1024px) 100vw, 1024px\" \/>\t\t\t\t\t\t\t\t\t\t\t\t\t\t\t<\/div>\n\t\t\t\t<\/div>\n\t\t\t\t\t<\/div>\n\t\t<\/div>\n\t\t\t\t\t<\/div>\n\t\t<\/section>\n\t\t\t\t<\/div>","protected":false},"excerpt":{"rendered":"<p>Cole\u00e7\u00e3o Oriente Alta Joalheria Nas luxuosas texturas de micro bolinhas de Ouro confeccionadas \u00e0 m\u00e3o e de Ouro revenido flui a Cole\u00e7\u00e3o Oriente, refinada, sofisticada, com a magia do Oriente.<\/p>","protected":false},"author":1,"featured_media":0,"parent":0,"menu_order":0,"comment_status":"closed","ping_status":"closed","template":"","meta":{"_joinchat":[],"footnotes":""},"class_list":["post-24372","page","type-page","status-publish","hentry"],"_hostinger_reach_plugin_has_subscription_block":false,"_hostinger_reach_plugin_is_elementor":false,"_links":{"self":[{"href":"https:\/\/terezaxavier.com.br\/en\/wp-json\/wp\/v2\/pages\/24372","targetHints":{"allow":["GET"]}}],"collection":[{"href":"https:\/\/terezaxavier.com.br\/en\/wp-json\/wp\/v2\/pages"}],"about":[{"href":"https:\/\/terezaxavier.com.br\/en\/wp-json\/wp\/v2\/types\/page"}],"author":[{"embeddable":true,"href":"https:\/\/terezaxavier.com.br\/en\/wp-json\/wp\/v2\/users\/1"}],"replies":[{"embeddable":true,"href":"https:\/\/terezaxavier.com.br\/en\/wp-json\/wp\/v2\/comments?post=24372"}],"version-history":[{"count":40,"href":"https:\/\/terezaxavier.com.br\/en\/wp-json\/wp\/v2\/pages\/24372\/revisions"}],"predecessor-version":[{"id":43369,"href":"https:\/\/terezaxavier.com.br\/en\/wp-json\/wp\/v2\/pages\/24372\/revisions\/43369"}],"wp:attachment":[{"href":"https:\/\/terezaxavier.com.br\/en\/wp-json\/wp\/v2\/media?parent=24372"}],"curies":[{"name":"wp","href":"https:\/\/api.w.org\/{rel}","templated":true}]}}