{"id":24243,"date":"2023-03-30T17:52:51","date_gmt":"2023-03-30T20:52:51","guid":{"rendered":"https:\/\/terezaxavier.com.br\/?page_id=24243"},"modified":"2025-07-24T12:51:57","modified_gmt":"2025-07-24T15:51:57","slug":"colecao-malca-alta-joalheria","status":"publish","type":"page","link":"https:\/\/terezaxavier.com.br\/en\/colecao-malca-alta-joalheria\/","title":{"rendered":"Cole\u00e7\u00e3o Malca Alta Joalheria"},"content":{"rendered":"<div data-elementor-type=\"wp-page\" data-elementor-id=\"24243\" class=\"elementor elementor-24243\" data-elementor-post-type=\"page\">\n\t\t\t\t\t\t<section class=\"elementor-section elementor-top-section elementor-element elementor-element-9632d4a elementor-section-full_width elementor-section-stretched elementor-section-height-default elementor-section-height-default sc_fly_static\" data-id=\"9632d4a\" data-element_type=\"section\" data-e-type=\"section\" data-settings=\"{&quot;stretch_section&quot;:&quot;section-stretched&quot;}\">\n\t\t\t\t\t\t<div class=\"elementor-container elementor-column-gap-extended\">\n\t\t\t\t\t<div class=\"elementor-column elementor-col-100 elementor-top-column elementor-element elementor-element-b03433b sc_content_align_inherit sc_layouts_column_icons_position_left sc_fly_static\" data-id=\"b03433b\" data-element_type=\"column\" data-e-type=\"column\">\n\t\t\t<div class=\"elementor-widget-wrap elementor-element-populated\">\n\t\t\t\t\t\t<div class=\"elementor-element elementor-element-597a972 sc_fly_static elementor-widget elementor-widget-image\" data-id=\"597a972\" data-element_type=\"widget\" data-e-type=\"widget\" data-widget_type=\"image.default\">\n\t\t\t\t<div class=\"elementor-widget-container\">\n\t\t\t\t\t\t\t\t\t\t\t\t\t\t\t<img fetchpriority=\"high\" decoding=\"async\" width=\"2560\" height=\"1714\" src=\"https:\/\/terezaxavier.com.br\/wp-content\/uploads\/2023\/03\/colecao-malca-alta-joalheria-scaled.jpg\" class=\"attachment-full size-full wp-image-24248\" alt=\"\" srcset=\"https:\/\/terezaxavier.com.br\/wp-content\/uploads\/2023\/03\/colecao-malca-alta-joalheria-scaled.jpg 2560w, https:\/\/terezaxavier.com.br\/wp-content\/uploads\/2023\/03\/colecao-malca-alta-joalheria-300x201.jpg 300w, https:\/\/terezaxavier.com.br\/wp-content\/uploads\/2023\/03\/colecao-malca-alta-joalheria-1024x685.jpg 1024w, https:\/\/terezaxavier.com.br\/wp-content\/uploads\/2023\/03\/colecao-malca-alta-joalheria-768x514.jpg 768w, https:\/\/terezaxavier.com.br\/wp-content\/uploads\/2023\/03\/colecao-malca-alta-joalheria-1536x1028.jpg 1536w, https:\/\/terezaxavier.com.br\/wp-content\/uploads\/2023\/03\/colecao-malca-alta-joalheria-2048x1371.jpg 2048w, https:\/\/terezaxavier.com.br\/wp-content\/uploads\/2023\/03\/colecao-malca-alta-joalheria-370x248.jpg 370w, https:\/\/terezaxavier.com.br\/wp-content\/uploads\/2023\/03\/colecao-malca-alta-joalheria-840x562.jpg 840w, https:\/\/terezaxavier.com.br\/wp-content\/uploads\/2023\/03\/colecao-malca-alta-joalheria-410x274.jpg 410w, https:\/\/terezaxavier.com.br\/wp-content\/uploads\/2023\/03\/colecao-malca-alta-joalheria-600x402.jpg 600w\" sizes=\"(max-width: 2560px) 100vw, 2560px\" \/>\t\t\t\t\t\t\t\t\t\t\t\t\t\t\t<\/div>\n\t\t\t\t<\/div>\n\t\t\t\t<div class=\"elementor-element elementor-element-f372178 sc_fly_static elementor-widget elementor-widget-spacer\" data-id=\"f372178\" data-element_type=\"widget\" data-e-type=\"widget\" data-widget_type=\"spacer.default\">\n\t\t\t\t<div class=\"elementor-widget-container\">\n\t\t\t\t\t\t\t<div class=\"elementor-spacer\">\n\t\t\t<div class=\"elementor-spacer-inner\"><\/div>\n\t\t<\/div>\n\t\t\t\t\t\t<\/div>\n\t\t\t\t<\/div>\n\t\t\t\t<div class=\"elementor-element elementor-element-94d53e5 sc_fly_static elementor-widget elementor-widget-heading\" data-id=\"94d53e5\" data-element_type=\"widget\" data-e-type=\"widget\" data-widget_type=\"heading.default\">\n\t\t\t\t<div class=\"elementor-widget-container\">\n\t\t\t\t\t<h2 class=\"elementor-heading-title elementor-size-default\">Cole\u00e7\u00e3o Malca Alta Joalheria<\/h2>\t\t\t\t<\/div>\n\t\t\t\t<\/div>\n\t\t\t\t<div class=\"elementor-element elementor-element-dac70de sc_fly_static elementor-widget elementor-widget-spacer\" data-id=\"dac70de\" data-element_type=\"widget\" data-e-type=\"widget\" data-widget_type=\"spacer.default\">\n\t\t\t\t<div class=\"elementor-widget-container\">\n\t\t\t\t\t\t\t<div class=\"elementor-spacer\">\n\t\t\t<div class=\"elementor-spacer-inner\"><\/div>\n\t\t<\/div>\n\t\t\t\t\t\t<\/div>\n\t\t\t\t<\/div>\n\t\t\t\t<div class=\"elementor-element elementor-element-c656743 sc_fly_static elementor-widget elementor-widget-text-editor\" data-id=\"c656743\" data-element_type=\"widget\" data-e-type=\"widget\" data-widget_type=\"text-editor.default\">\n\t\t\t\t<div class=\"elementor-widget-container\">\n\t\t\t\t\t\t\t\t\t<p style=\"text-align: center;\"><span style=\"color: #000000;\">O Reizado \u00e9 uma festa folcl\u00f3rica inspirou esta cole\u00e7\u00e3o que faz um casamento do popular com a luxuosa e irreverente apresenta\u00e7\u00e3o do Ouro, das Pedras Preciosas e dos Diamantes.\u00a0<\/span><\/p><p style=\"text-align: center;\"><span style=\"color: #000000;\">A palavra Marca em Hebraico significa princesa. Mais uma vez Tereza Xavier fez um costume brasileiro virar tend\u00eancia de moda e comportamento. Raiz brasileira no reinado da beleza luxuosamente simples e colorida.<\/span><\/p>\t\t\t\t\t\t\t\t<\/div>\n\t\t\t\t<\/div>\n\t\t\t\t<div class=\"elementor-element elementor-element-5b8b746 sc_fly_static elementor-widget elementor-widget-spacer\" data-id=\"5b8b746\" data-element_type=\"widget\" data-e-type=\"widget\" data-widget_type=\"spacer.default\">\n\t\t\t\t<div class=\"elementor-widget-container\">\n\t\t\t\t\t\t\t<div class=\"elementor-spacer\">\n\t\t\t<div class=\"elementor-spacer-inner\"><\/div>\n\t\t<\/div>\n\t\t\t\t\t\t<\/div>\n\t\t\t\t<\/div>\n\t\t\t\t\t<\/div>\n\t\t<\/div>\n\t\t\t\t\t<\/div>\n\t\t<\/section>\n\t\t\t\t<section class=\"elementor-section elementor-top-section elementor-element elementor-element-e18574a elementor-section-boxed elementor-section-height-default elementor-section-height-default sc_fly_static\" data-id=\"e18574a\" data-element_type=\"section\" data-e-type=\"section\">\n\t\t\t\t\t\t<div class=\"elementor-container elementor-column-gap-extended\">\n\t\t\t\t\t<div class=\"elementor-column elementor-col-50 elementor-top-column elementor-element elementor-element-d673b43 sc_content_align_inherit sc_layouts_column_icons_position_left sc_fly_static\" data-id=\"d673b43\" data-element_type=\"column\" data-e-type=\"column\">\n\t\t\t<div class=\"elementor-widget-wrap elementor-element-populated\">\n\t\t\t\t\t\t<div class=\"elementor-element elementor-element-4e1d048 sc_fly_static elementor-widget elementor-widget-image\" data-id=\"4e1d048\" data-element_type=\"widget\" data-e-type=\"widget\" data-widget_type=\"image.default\">\n\t\t\t\t<div class=\"elementor-widget-container\">\n\t\t\t\t\t\t\t\t\t\t\t\t\t\t\t<img decoding=\"async\" width=\"732\" height=\"1024\" src=\"https:\/\/terezaxavier.com.br\/wp-content\/uploads\/2023\/06\/BRACELETE-MALCA-E-ANEL-MALCA-1-732x1024.png\" class=\"attachment-large size-large wp-image-28308\" alt=\"\" srcset=\"https:\/\/terezaxavier.com.br\/wp-content\/uploads\/2023\/06\/BRACELETE-MALCA-E-ANEL-MALCA-1-732x1024.png 732w, https:\/\/terezaxavier.com.br\/wp-content\/uploads\/2023\/06\/BRACELETE-MALCA-E-ANEL-MALCA-1-214x300.png 214w, https:\/\/terezaxavier.com.br\/wp-content\/uploads\/2023\/06\/BRACELETE-MALCA-E-ANEL-MALCA-1-768x1075.png 768w, https:\/\/terezaxavier.com.br\/wp-content\/uploads\/2023\/06\/BRACELETE-MALCA-E-ANEL-MALCA-1-1097x1536.png 1097w, https:\/\/terezaxavier.com.br\/wp-content\/uploads\/2023\/06\/BRACELETE-MALCA-E-ANEL-MALCA-1-1463x2048.png 1463w, https:\/\/terezaxavier.com.br\/wp-content\/uploads\/2023\/06\/BRACELETE-MALCA-E-ANEL-MALCA-1-370x518.png 370w, https:\/\/terezaxavier.com.br\/wp-content\/uploads\/2023\/06\/BRACELETE-MALCA-E-ANEL-MALCA-1-840x1176.png 840w, https:\/\/terezaxavier.com.br\/wp-content\/uploads\/2023\/06\/BRACELETE-MALCA-E-ANEL-MALCA-1-410x574.png 410w, https:\/\/terezaxavier.com.br\/wp-content\/uploads\/2023\/06\/BRACELETE-MALCA-E-ANEL-MALCA-1-600x840.png 600w\" sizes=\"(max-width: 732px) 100vw, 732px\" \/>\t\t\t\t\t\t\t\t\t\t\t\t\t\t\t<\/div>\n\t\t\t\t<\/div>\n\t\t\t\t\t<\/div>\n\t\t<\/div>\n\t\t\t\t<div class=\"elementor-column elementor-col-50 elementor-top-column elementor-element elementor-element-dde100d sc_content_align_inherit sc_layouts_column_icons_position_left sc_fly_static\" data-id=\"dde100d\" data-element_type=\"column\" data-e-type=\"column\">\n\t\t\t<div class=\"elementor-widget-wrap elementor-element-populated\">\n\t\t\t\t\t\t<div class=\"elementor-element elementor-element-f9280d2 sc_fly_static elementor-widget elementor-widget-image\" data-id=\"f9280d2\" data-element_type=\"widget\" data-e-type=\"widget\" data-widget_type=\"image.default\">\n\t\t\t\t<div class=\"elementor-widget-container\">\n\t\t\t\t\t\t\t\t\t\t\t\t\t\t\t<img decoding=\"async\" width=\"732\" height=\"1024\" src=\"https:\/\/terezaxavier.com.br\/wp-content\/uploads\/2023\/06\/MALCA-IA-1-732x1024.png\" class=\"attachment-large size-large wp-image-28309\" alt=\"\" srcset=\"https:\/\/terezaxavier.com.br\/wp-content\/uploads\/2023\/06\/MALCA-IA-1-732x1024.png 732w, https:\/\/terezaxavier.com.br\/wp-content\/uploads\/2023\/06\/MALCA-IA-1-214x300.png 214w, https:\/\/terezaxavier.com.br\/wp-content\/uploads\/2023\/06\/MALCA-IA-1-768x1075.png 768w, https:\/\/terezaxavier.com.br\/wp-content\/uploads\/2023\/06\/MALCA-IA-1-370x518.png 370w, https:\/\/terezaxavier.com.br\/wp-content\/uploads\/2023\/06\/MALCA-IA-1-840x1176.png 840w, https:\/\/terezaxavier.com.br\/wp-content\/uploads\/2023\/06\/MALCA-IA-1-410x574.png 410w, https:\/\/terezaxavier.com.br\/wp-content\/uploads\/2023\/06\/MALCA-IA-1-600x840.png 600w, https:\/\/terezaxavier.com.br\/wp-content\/uploads\/2023\/06\/MALCA-IA-1.png 1026w\" sizes=\"(max-width: 732px) 100vw, 732px\" \/>\t\t\t\t\t\t\t\t\t\t\t\t\t\t\t<\/div>\n\t\t\t\t<\/div>\n\t\t\t\t\t<\/div>\n\t\t<\/div>\n\t\t\t\t\t<\/div>\n\t\t<\/section>\n\t\t\t\t<section class=\"elementor-section elementor-top-section elementor-element elementor-element-c6a3ade elementor-section-boxed elementor-section-height-default elementor-section-height-default sc_fly_static\" data-id=\"c6a3ade\" data-element_type=\"section\" data-e-type=\"section\">\n\t\t\t\t\t\t<div class=\"elementor-container elementor-column-gap-extended\">\n\t\t\t\t\t<div class=\"elementor-column elementor-col-100 elementor-top-column elementor-element elementor-element-119c3fc sc_content_align_inherit sc_layouts_column_icons_position_left sc_fly_static\" data-id=\"119c3fc\" data-element_type=\"column\" data-e-type=\"column\">\n\t\t\t<div class=\"elementor-widget-wrap elementor-element-populated\">\n\t\t\t\t\t\t<div class=\"elementor-element elementor-element-1b16608 sc_fly_static elementor-widget elementor-widget-spacer\" data-id=\"1b16608\" data-element_type=\"widget\" data-e-type=\"widget\" data-widget_type=\"spacer.default\">\n\t\t\t\t<div class=\"elementor-widget-container\">\n\t\t\t\t\t\t\t<div class=\"elementor-spacer\">\n\t\t\t<div class=\"elementor-spacer-inner\"><\/div>\n\t\t<\/div>\n\t\t\t\t\t\t<\/div>\n\t\t\t\t<\/div>\n\t\t\t\t\t<\/div>\n\t\t<\/div>\n\t\t\t\t\t<\/div>\n\t\t<\/section>\n\t\t\t\t<section class=\"elementor-section elementor-top-section elementor-element elementor-element-4214054 elementor-section-full_width elementor-section-stretched elementor-section-height-default elementor-section-height-default sc_fly_static\" data-id=\"4214054\" data-element_type=\"section\" data-e-type=\"section\" data-settings=\"{&quot;stretch_section&quot;:&quot;section-stretched&quot;}\">\n\t\t\t\t\t\t<div class=\"elementor-container elementor-column-gap-extended\">\n\t\t\t\t\t<div class=\"elementor-column elementor-col-100 elementor-top-column elementor-element elementor-element-c0cae83 sc_content_align_inherit sc_layouts_column_icons_position_left sc_fly_static\" data-id=\"c0cae83\" data-element_type=\"column\" data-e-type=\"column\">\n\t\t\t<div class=\"elementor-widget-wrap elementor-element-populated\">\n\t\t\t\t\t\t<div class=\"elementor-element elementor-element-a5e8a6f sc_fly_static elementor-widget elementor-widget-image\" data-id=\"a5e8a6f\" data-element_type=\"widget\" data-e-type=\"widget\" data-widget_type=\"image.default\">\n\t\t\t\t<div class=\"elementor-widget-container\">\n\t\t\t\t\t\t\t\t\t\t\t\t\t\t\t<img loading=\"lazy\" decoding=\"async\" width=\"2560\" height=\"1714\" src=\"https:\/\/terezaxavier.com.br\/wp-content\/uploads\/2023\/03\/brinco-malca-brinco-malca-com-morganitas-scaled.jpg\" class=\"attachment-full size-full wp-image-24279\" alt=\"\" srcset=\"https:\/\/terezaxavier.com.br\/wp-content\/uploads\/2023\/03\/brinco-malca-brinco-malca-com-morganitas-scaled.jpg 2560w, https:\/\/terezaxavier.com.br\/wp-content\/uploads\/2023\/03\/brinco-malca-brinco-malca-com-morganitas-300x201.jpg 300w, https:\/\/terezaxavier.com.br\/wp-content\/uploads\/2023\/03\/brinco-malca-brinco-malca-com-morganitas-1024x685.jpg 1024w, https:\/\/terezaxavier.com.br\/wp-content\/uploads\/2023\/03\/brinco-malca-brinco-malca-com-morganitas-768x514.jpg 768w, https:\/\/terezaxavier.com.br\/wp-content\/uploads\/2023\/03\/brinco-malca-brinco-malca-com-morganitas-1536x1028.jpg 1536w, https:\/\/terezaxavier.com.br\/wp-content\/uploads\/2023\/03\/brinco-malca-brinco-malca-com-morganitas-2048x1371.jpg 2048w, https:\/\/terezaxavier.com.br\/wp-content\/uploads\/2023\/03\/brinco-malca-brinco-malca-com-morganitas-370x248.jpg 370w, https:\/\/terezaxavier.com.br\/wp-content\/uploads\/2023\/03\/brinco-malca-brinco-malca-com-morganitas-840x562.jpg 840w, https:\/\/terezaxavier.com.br\/wp-content\/uploads\/2023\/03\/brinco-malca-brinco-malca-com-morganitas-410x274.jpg 410w, https:\/\/terezaxavier.com.br\/wp-content\/uploads\/2023\/03\/brinco-malca-brinco-malca-com-morganitas-600x402.jpg 600w\" sizes=\"(max-width: 2560px) 100vw, 2560px\" \/>\t\t\t\t\t\t\t\t\t\t\t\t\t\t\t<\/div>\n\t\t\t\t<\/div>\n\t\t\t\t\t<\/div>\n\t\t<\/div>\n\t\t\t\t\t<\/div>\n\t\t<\/section>\n\t\t\t\t<\/div>","protected":false},"excerpt":{"rendered":"<p>Cole\u00e7\u00e3o Malca Alta Joalheria O Reizado \u00e9 uma festa folcl\u00f3rica inspirou esta cole\u00e7\u00e3o que faz um casamento do popular com a luxuosa e irreverente apresenta\u00e7\u00e3o do Ouro, das Pedras Preciosas&hellip;<\/p>","protected":false},"author":1,"featured_media":0,"parent":0,"menu_order":0,"comment_status":"closed","ping_status":"closed","template":"elementor_header_footer","meta":{"_joinchat":[],"footnotes":""},"class_list":["post-24243","page","type-page","status-publish","hentry"],"_hostinger_reach_plugin_has_subscription_block":false,"_hostinger_reach_plugin_is_elementor":false,"_links":{"self":[{"href":"https:\/\/terezaxavier.com.br\/en\/wp-json\/wp\/v2\/pages\/24243","targetHints":{"allow":["GET"]}}],"collection":[{"href":"https:\/\/terezaxavier.com.br\/en\/wp-json\/wp\/v2\/pages"}],"about":[{"href":"https:\/\/terezaxavier.com.br\/en\/wp-json\/wp\/v2\/types\/page"}],"author":[{"embeddable":true,"href":"https:\/\/terezaxavier.com.br\/en\/wp-json\/wp\/v2\/users\/1"}],"replies":[{"embeddable":true,"href":"https:\/\/terezaxavier.com.br\/en\/wp-json\/wp\/v2\/comments?post=24243"}],"version-history":[{"count":37,"href":"https:\/\/terezaxavier.com.br\/en\/wp-json\/wp\/v2\/pages\/24243\/revisions"}],"predecessor-version":[{"id":45074,"href":"https:\/\/terezaxavier.com.br\/en\/wp-json\/wp\/v2\/pages\/24243\/revisions\/45074"}],"wp:attachment":[{"href":"https:\/\/terezaxavier.com.br\/en\/wp-json\/wp\/v2\/media?parent=24243"}],"curies":[{"name":"wp","href":"https:\/\/api.w.org\/{rel}","templated":true}]}}