{"id":24228,"date":"2023-03-30T17:29:01","date_gmt":"2023-03-30T20:29:01","guid":{"rendered":"https:\/\/terezaxavier.com.br\/?page_id=24228"},"modified":"2025-05-07T15:37:49","modified_gmt":"2025-05-07T18:37:49","slug":"colecao-arruda-alta-joalheria","status":"publish","type":"page","link":"https:\/\/terezaxavier.com.br\/en\/colecao-arruda-alta-joalheria\/","title":{"rendered":"Cole\u00e7\u00e3o Arruda Alta Joalheria"},"content":{"rendered":"<div data-elementor-type=\"wp-page\" data-elementor-id=\"24228\" class=\"elementor elementor-24228\" data-elementor-post-type=\"page\">\n\t\t\t\t\t\t<section class=\"elementor-section elementor-top-section elementor-element elementor-element-13c1548 elementor-section-full_width elementor-section-stretched elementor-section-height-default elementor-section-height-default sc_fly_static\" data-id=\"13c1548\" data-element_type=\"section\" data-e-type=\"section\" data-settings=\"{&quot;stretch_section&quot;:&quot;section-stretched&quot;}\">\n\t\t\t\t\t\t<div class=\"elementor-container elementor-column-gap-extended\">\n\t\t\t\t\t<div class=\"elementor-column elementor-col-100 elementor-top-column elementor-element elementor-element-5fe61ec sc_content_align_inherit sc_layouts_column_icons_position_left sc_fly_static\" data-id=\"5fe61ec\" data-element_type=\"column\" data-e-type=\"column\">\n\t\t\t<div class=\"elementor-widget-wrap elementor-element-populated\">\n\t\t\t\t\t\t<div class=\"elementor-element elementor-element-6c0b1e9 sc_fly_static elementor-widget elementor-widget-image\" data-id=\"6c0b1e9\" data-element_type=\"widget\" data-e-type=\"widget\" data-widget_type=\"image.default\">\n\t\t\t\t<div class=\"elementor-widget-container\">\n\t\t\t\t\t\t\t\t\t\t\t\t\t\t\t<img fetchpriority=\"high\" decoding=\"async\" width=\"2560\" height=\"1337\" src=\"https:\/\/terezaxavier.com.br\/wp-content\/uploads\/2023\/03\/arruda-alta-joalheria-ouro-scaled.jpg\" class=\"attachment-full size-full wp-image-24236\" alt=\"\" srcset=\"https:\/\/terezaxavier.com.br\/wp-content\/uploads\/2023\/03\/arruda-alta-joalheria-ouro-scaled.jpg 2560w, https:\/\/terezaxavier.com.br\/wp-content\/uploads\/2023\/03\/arruda-alta-joalheria-ouro-300x157.jpg 300w, https:\/\/terezaxavier.com.br\/wp-content\/uploads\/2023\/03\/arruda-alta-joalheria-ouro-1024x535.jpg 1024w, https:\/\/terezaxavier.com.br\/wp-content\/uploads\/2023\/03\/arruda-alta-joalheria-ouro-768x401.jpg 768w, https:\/\/terezaxavier.com.br\/wp-content\/uploads\/2023\/03\/arruda-alta-joalheria-ouro-1536x802.jpg 1536w, https:\/\/terezaxavier.com.br\/wp-content\/uploads\/2023\/03\/arruda-alta-joalheria-ouro-2048x1069.jpg 2048w, https:\/\/terezaxavier.com.br\/wp-content\/uploads\/2023\/03\/arruda-alta-joalheria-ouro-370x193.jpg 370w, https:\/\/terezaxavier.com.br\/wp-content\/uploads\/2023\/03\/arruda-alta-joalheria-ouro-840x439.jpg 840w, https:\/\/terezaxavier.com.br\/wp-content\/uploads\/2023\/03\/arruda-alta-joalheria-ouro-410x214.jpg 410w, https:\/\/terezaxavier.com.br\/wp-content\/uploads\/2023\/03\/arruda-alta-joalheria-ouro-600x313.jpg 600w\" sizes=\"(max-width: 2560px) 100vw, 2560px\" \/>\t\t\t\t\t\t\t\t\t\t\t\t\t\t\t<\/div>\n\t\t\t\t<\/div>\n\t\t\t\t<div class=\"elementor-element elementor-element-bcdc575 sc_fly_static elementor-widget elementor-widget-spacer\" data-id=\"bcdc575\" data-element_type=\"widget\" data-e-type=\"widget\" data-widget_type=\"spacer.default\">\n\t\t\t\t<div class=\"elementor-widget-container\">\n\t\t\t\t\t\t\t<div class=\"elementor-spacer\">\n\t\t\t<div class=\"elementor-spacer-inner\"><\/div>\n\t\t<\/div>\n\t\t\t\t\t\t<\/div>\n\t\t\t\t<\/div>\n\t\t\t\t<div class=\"elementor-element elementor-element-3b391c6 sc_fly_static elementor-widget elementor-widget-heading\" data-id=\"3b391c6\" data-element_type=\"widget\" data-e-type=\"widget\" data-widget_type=\"heading.default\">\n\t\t\t\t<div class=\"elementor-widget-container\">\n\t\t\t\t\t<h2 class=\"elementor-heading-title elementor-size-default\">Cole\u00e7\u00e3o Arruda Alta Joalheria<\/h2>\t\t\t\t<\/div>\n\t\t\t\t<\/div>\n\t\t\t\t<div class=\"elementor-element elementor-element-db87798 sc_fly_static elementor-widget elementor-widget-text-editor\" data-id=\"db87798\" data-element_type=\"widget\" data-e-type=\"widget\" data-widget_type=\"text-editor.default\">\n\t\t\t\t<div class=\"elementor-widget-container\">\n\t\t\t\t\t\t\t\t\t<blockquote><p style=\"text-align: center;\">A Arruda, origin\u00e1ria do Mediterr\u00e2neo, com suas flores amareladas, \u00e9 conhecida no Brasil pela sua propriedade &#8220;de cortar&#8221; os feiti\u00e7os, as influ\u00eancias negativas, e de acalmar as emo\u00e7\u00f5es, propriedades concentradas em suas folhas.<\/p><p style=\"text-align: center;\"><em>\u00a0<\/em><\/p><p style=\"text-align: center;\"><em>E com estes talism\u00e3s de Arruda a Sorte Vira Ouro!<\/em><\/p><\/blockquote>\t\t\t\t\t\t\t\t<\/div>\n\t\t\t\t<\/div>\n\t\t\t\t\t<\/div>\n\t\t<\/div>\n\t\t\t\t\t<\/div>\n\t\t<\/section>\n\t\t\t\t<section class=\"elementor-section elementor-top-section elementor-element elementor-element-0a478b3 elementor-section-boxed elementor-section-height-default elementor-section-height-default sc_fly_static\" data-id=\"0a478b3\" data-element_type=\"section\" data-e-type=\"section\">\n\t\t\t\t\t\t<div class=\"elementor-container elementor-column-gap-extended\">\n\t\t\t\t\t<div class=\"elementor-column elementor-col-100 elementor-top-column elementor-element elementor-element-2a64f68 sc_content_align_inherit sc_layouts_column_icons_position_left sc_fly_static\" data-id=\"2a64f68\" data-element_type=\"column\" data-e-type=\"column\">\n\t\t\t<div class=\"elementor-widget-wrap elementor-element-populated\">\n\t\t\t\t\t\t<div class=\"elementor-element elementor-element-329272f sc_fly_static elementor-widget elementor-widget-text-editor\" data-id=\"329272f\" data-element_type=\"widget\" data-e-type=\"widget\" data-widget_type=\"text-editor.default\">\n\t\t\t\t<div class=\"elementor-widget-container\">\n\t\t\t\t\t\t\t\t\t<blockquote><p style=\"text-align: center;\"><em>Sorte port\u00e1vel e prote\u00e7\u00e3o!<\/em><\/p><\/blockquote>\t\t\t\t\t\t\t\t<\/div>\n\t\t\t\t<\/div>\n\t\t\t\t\t<\/div>\n\t\t<\/div>\n\t\t\t\t\t<\/div>\n\t\t<\/section>\n\t\t\t\t<section class=\"elementor-section elementor-top-section elementor-element elementor-element-c553295 elementor-section-boxed elementor-section-height-default elementor-section-height-default sc_fly_static\" data-id=\"c553295\" data-element_type=\"section\" data-e-type=\"section\">\n\t\t\t\t\t\t<div class=\"elementor-container elementor-column-gap-extended\">\n\t\t\t\t\t<div class=\"elementor-column elementor-col-100 elementor-top-column elementor-element elementor-element-c13e500 sc_content_align_inherit sc_layouts_column_icons_position_left sc_fly_static\" data-id=\"c13e500\" data-element_type=\"column\" data-e-type=\"column\">\n\t\t\t<div class=\"elementor-widget-wrap elementor-element-populated\">\n\t\t\t\t\t\t<div class=\"elementor-element elementor-element-185d760 sc_fly_static elementor-widget elementor-widget-text-editor\" data-id=\"185d760\" data-element_type=\"widget\" data-e-type=\"widget\" data-widget_type=\"text-editor.default\">\n\t\t\t\t<div class=\"elementor-widget-container\">\n\t\t\t\t\t\t\t\t\t<blockquote><p style=\"text-align: center;\"><em>Uma Arruda de Ouro e um raminho de Arruda atr\u00e1s da orelha!<\/em><\/p><\/blockquote>\t\t\t\t\t\t\t\t<\/div>\n\t\t\t\t<\/div>\n\t\t\t\t\t<\/div>\n\t\t<\/div>\n\t\t\t\t\t<\/div>\n\t\t<\/section>\n\t\t\t\t<section class=\"elementor-section elementor-top-section elementor-element elementor-element-ce281d4 elementor-section-boxed elementor-section-height-default elementor-section-height-default sc_fly_static\" data-id=\"ce281d4\" data-element_type=\"section\" data-e-type=\"section\">\n\t\t\t\t\t\t<div class=\"elementor-container elementor-column-gap-extended\">\n\t\t\t\t\t<div class=\"elementor-column elementor-col-100 elementor-top-column elementor-element elementor-element-a8e5842 sc_content_align_inherit sc_layouts_column_icons_position_left sc_fly_static\" data-id=\"a8e5842\" data-element_type=\"column\" data-e-type=\"column\">\n\t\t\t<div class=\"elementor-widget-wrap elementor-element-populated\">\n\t\t\t\t\t\t<div class=\"elementor-element elementor-element-bd2de64 sc_fly_static elementor-widget elementor-widget-text-editor\" data-id=\"bd2de64\" data-element_type=\"widget\" data-e-type=\"widget\" data-widget_type=\"text-editor.default\">\n\t\t\t\t<div class=\"elementor-widget-container\">\n\t\t\t\t\t\t\t\t\t<blockquote><p style=\"text-align: center;\"><em>E um vasinho de Arruda!<\/em><\/p><\/blockquote>\t\t\t\t\t\t\t\t<\/div>\n\t\t\t\t<\/div>\n\t\t\t\t\t<\/div>\n\t\t<\/div>\n\t\t\t\t\t<\/div>\n\t\t<\/section>\n\t\t<div class=\"elementor-element elementor-element-7a1bfad e-flex e-con-boxed sc_layouts_column_icons_position_left e-con e-parent\" data-id=\"7a1bfad\" data-element_type=\"container\" data-e-type=\"container\">\n\t\t\t\t\t<div class=\"e-con-inner\">\n\t\t<div class=\"e-con-gap-no elementor-element elementor-element-b925e00 e-con-full e-flex sc_layouts_column_icons_position_left e-con e-child\" data-id=\"b925e00\" data-element_type=\"container\" data-e-type=\"container\">\n\t\t\t\t<\/div>\n\t\t<div class=\"elementor-element elementor-element-24e627c e-con-full e-flex sc_layouts_column_icons_position_left e-con e-child\" data-id=\"24e627c\" data-element_type=\"container\" data-e-type=\"container\">\n\t\t\t\t<div class=\"elementor-element elementor-element-bb3936d sc_fly_static elementor-widget elementor-widget-trx_sc_extended_products\" data-id=\"bb3936d\" data-element_type=\"widget\" data-e-type=\"widget\" data-widget_type=\"trx_sc_extended_products.default\">\n\t\t\t\t<div class=\"elementor-widget-container\">\n\t\t\t\t\t<div  \n\tclass=\"sc_extended_products sc_extended_products_simple\" ><div class=\"sc_extended_products_content sc_item_content\" ><div class=\"woocommerce columns-1\"><ul class=\"products products_style_simple columns-1\">\n<li class=\"product type-product post-43485 status-publish first instock product_cat-alta-joalheria has-post-thumbnail shipping-taxable product-type-simple product_style_simple\">\n\t\t\t<div class=\"post_item post_layout_thumbs\"\n\t\t\t\t\t>\n\t\t\t<div class=\"post_featured hover_shop\">\n\t\t\t\t\t\t\t\t<a href=\"https:\/\/terezaxavier.com.br\/en\/product\/anel-arruda\/\">\n\t\t\t\t<img decoding=\"async\" width=\"1410\" height=\"1600\" src=\"https:\/\/terezaxavier.com.br\/wp-content\/uploads\/2024\/11\/anel-arruda-1.jpeg\" class=\"attachment-2048x2048 size-2048x2048\" alt=\"anel arruda\" srcset=\"https:\/\/terezaxavier.com.br\/wp-content\/uploads\/2024\/11\/anel-arruda-1.jpeg 1410w, https:\/\/terezaxavier.com.br\/wp-content\/uploads\/2024\/11\/anel-arruda-1-264x300.jpeg 264w, https:\/\/terezaxavier.com.br\/wp-content\/uploads\/2024\/11\/anel-arruda-1-902x1024.jpeg 902w, https:\/\/terezaxavier.com.br\/wp-content\/uploads\/2024\/11\/anel-arruda-1-768x871.jpeg 768w, https:\/\/terezaxavier.com.br\/wp-content\/uploads\/2024\/11\/anel-arruda-1-1354x1536.jpeg 1354w, https:\/\/terezaxavier.com.br\/wp-content\/uploads\/2024\/11\/anel-arruda-1-11x12.jpeg 11w, https:\/\/terezaxavier.com.br\/wp-content\/uploads\/2024\/11\/anel-arruda-1-370x420.jpeg 370w, https:\/\/terezaxavier.com.br\/wp-content\/uploads\/2024\/11\/anel-arruda-1-840x953.jpeg 840w, https:\/\/terezaxavier.com.br\/wp-content\/uploads\/2024\/11\/anel-arruda-1-410x465.jpeg 410w, https:\/\/terezaxavier.com.br\/wp-content\/uploads\/2024\/11\/anel-arruda-1-600x681.jpeg 600w\" sizes=\"(max-width: 1410px) 100vw, 1410px\" \/>\t\t\t\t<\/a>\n\t\t\t\t\t\t\t\t\t<div class=\"mask\"><\/div>\n\t\t\t\t\t\t\t\t\t<div class=\"icons\">\n\t\t\t\t\t<div class=\"tinv-wraper woocommerce tinv-wishlist tinvwl-shortcode-add-to-cart tinvwl-loop-button-wrapper tinvwl-woocommerce_before_shop_loop_item_title\"\r\n\t data-tinvwl_product_id=\"43485\">\r\n\t<div class=\"tinv-wishlist-clear\"><\/div><a role=\"button\" tabindex=\"0\" name=\"add-to-wishlist\" aria-label=\"Add to Wishlist\" class=\"tinvwl_add_to_wishlist_button tinvwl-icon-heart  tinvwl-position-shortcode tinvwl-loop\" data-tinv-wl-list=\"[]\" data-tinv-wl-product=\"43485\" data-tinv-wl-productvariation=\"0\" data-tinv-wl-productvariations=\"[]\" data-tinv-wl-producttype=\"simple\" data-tinv-wl-action=\"add\"><span class=\"tinvwl_add_to_wishlist-text\">Add to Wishlist<\/span><span class=\"tinvwl_remove_from_wishlist-text\">Remove from Wishlist<\/span><\/a><div class=\"tinv-wishlist-clear\"><\/div>\t\t<div\r\n\t\tclass=\"tinvwl-tooltip\">Add to Wishlist<\/div>\r\n<\/div>\r\n\t\t\t\t\t<a href=\"https:\/\/terezaxavier.com.br\/en\/product\/anel-arruda\/\" aria-hidden=\"true\" class=\"shop_link\">\n\t\t\t\t\t\t<span class=\"icon-anim\"><\/span>\n\t\t\t\t\t<\/a>\n\t\t\t\t<\/div>\n\t\t\t\t\t\t\t<\/div>\n\t\t\t<div class=\"post_data\">\n\t\t\t\t<div class=\"post_data_inner\">\n\t\t\t\t\t<div class=\"post_header entry-header\">\n\t\t\t\t\t<h2 class=\"woocommerce-loop-product__title\"><a href=\"https:\/\/terezaxavier.com.br\/en\/product\/anel-arruda\/\">Anel Arruda<\/a><\/h2>\t\t\t<\/div>\n\t\t\n<div class=\"add_to_cart_wrap\"><a href=\"https:\/\/terezaxavier.com.br\/en\/product\/anel-arruda\/\" aria-describedby=\"woocommerce_loop_add_to_cart_link_describedby_43485\" data-quantity=\"1\" class=\"button product_type_simple\" data-product_id=\"43485\" data-product_sku=\"\" aria-label=\"Read more about \u201cAnel Arruda\u201d\" rel=\"nofollow\" data-success_message=\"\" data-no-translation=\"\" data-trp-gettext=\"\" data-no-translation-aria-label=\"\">Read more<\/a><\/div>\t<span id=\"woocommerce_loop_add_to_cart_link_describedby_43485\" class=\"screen-reader-text\">\n\t\t\t<\/span>\n\t\t\t\t<\/div>\n\t\t\t<\/div>\n\t\t<\/div>\n\t\t<\/li>\n<\/ul>\n<\/div><\/div><\/div>\n\t\t\t\t<\/div>\n\t\t\t\t<\/div>\n\t\t\t\t<\/div>\n\t\t<div class=\"e-con-gap-no elementor-element elementor-element-406847b e-con-full e-flex sc_layouts_column_icons_position_left e-con e-child\" data-id=\"406847b\" data-element_type=\"container\" data-e-type=\"container\">\n\t\t\t\t<\/div>\n\t\t\t\t\t<\/div>\n\t\t\t\t<\/div>\n\t\t\t\t<\/div>","protected":false},"excerpt":{"rendered":"<p>Cole\u00e7\u00e3o Arruda Alta Joalheria A Arruda, origin\u00e1ria do Mediterr\u00e2neo, com suas flores amareladas, \u00e9 conhecida no Brasil pela sua propriedade &#8220;de cortar&#8221; os feiti\u00e7os, as influ\u00eancias negativas, e de acalmar&hellip;<\/p>","protected":false},"author":1,"featured_media":0,"parent":0,"menu_order":0,"comment_status":"closed","ping_status":"closed","template":"elementor_header_footer","meta":{"_joinchat":[],"footnotes":""},"class_list":["post-24228","page","type-page","status-publish","hentry"],"_hostinger_reach_plugin_has_subscription_block":false,"_hostinger_reach_plugin_is_elementor":false,"_links":{"self":[{"href":"https:\/\/terezaxavier.com.br\/en\/wp-json\/wp\/v2\/pages\/24228","targetHints":{"allow":["GET"]}}],"collection":[{"href":"https:\/\/terezaxavier.com.br\/en\/wp-json\/wp\/v2\/pages"}],"about":[{"href":"https:\/\/terezaxavier.com.br\/en\/wp-json\/wp\/v2\/types\/page"}],"author":[{"embeddable":true,"href":"https:\/\/terezaxavier.com.br\/en\/wp-json\/wp\/v2\/users\/1"}],"replies":[{"embeddable":true,"href":"https:\/\/terezaxavier.com.br\/en\/wp-json\/wp\/v2\/comments?post=24228"}],"version-history":[{"count":64,"href":"https:\/\/terezaxavier.com.br\/en\/wp-json\/wp\/v2\/pages\/24228\/revisions"}],"predecessor-version":[{"id":43496,"href":"https:\/\/terezaxavier.com.br\/en\/wp-json\/wp\/v2\/pages\/24228\/revisions\/43496"}],"wp:attachment":[{"href":"https:\/\/terezaxavier.com.br\/en\/wp-json\/wp\/v2\/media?parent=24228"}],"curies":[{"name":"wp","href":"https:\/\/api.w.org\/{rel}","templated":true}]}}