{"id":24187,"date":"2023-03-30T17:03:13","date_gmt":"2023-03-30T20:03:13","guid":{"rendered":"https:\/\/terezaxavier.com.br\/?page_id=24187"},"modified":"2025-05-07T15:38:27","modified_gmt":"2025-05-07T18:38:27","slug":"colecao-ferreiros-alquimistas-alta-joalheria","status":"publish","type":"page","link":"https:\/\/terezaxavier.com.br\/en\/colecao-ferreiros-alquimistas-alta-joalheria\/","title":{"rendered":"Cole\u00e7\u00e3o Ferreiros &#038; Alquimistas Alta Joalheria"},"content":{"rendered":"<div data-elementor-type=\"wp-page\" data-elementor-id=\"24187\" class=\"elementor elementor-24187\" data-elementor-post-type=\"page\">\n\t\t\t\t\t\t<section class=\"elementor-section elementor-top-section elementor-element elementor-element-5cd4bc1 elementor-section-full_width elementor-section-stretched elementor-section-height-default elementor-section-height-default sc_fly_static\" data-id=\"5cd4bc1\" data-element_type=\"section\" data-e-type=\"section\" data-settings=\"{&quot;stretch_section&quot;:&quot;section-stretched&quot;}\">\n\t\t\t\t\t\t<div class=\"elementor-container elementor-column-gap-extended\">\n\t\t\t\t\t<div class=\"elementor-column elementor-col-100 elementor-top-column elementor-element elementor-element-44d0bf1 sc_content_align_inherit sc_layouts_column_icons_position_left sc_fly_static\" data-id=\"44d0bf1\" data-element_type=\"column\" data-e-type=\"column\">\n\t\t\t<div class=\"elementor-widget-wrap elementor-element-populated\">\n\t\t\t\t\t\t<div class=\"elementor-element elementor-element-ee58f5e sc_fly_static elementor-widget elementor-widget-image\" data-id=\"ee58f5e\" data-element_type=\"widget\" data-e-type=\"widget\" data-widget_type=\"image.default\">\n\t\t\t\t<div class=\"elementor-widget-container\">\n\t\t\t\t\t\t\t\t\t\t\t\t\t\t\t<img fetchpriority=\"high\" decoding=\"async\" width=\"1024\" height=\"681\" src=\"https:\/\/terezaxavier.com.br\/wp-content\/uploads\/2023\/03\/bracelete-de-ferro-com-rubi-alta-joalheria-1024x681.jpg\" class=\"attachment-large size-large wp-image-24198\" alt=\"\" srcset=\"https:\/\/terezaxavier.com.br\/wp-content\/uploads\/2023\/03\/bracelete-de-ferro-com-rubi-alta-joalheria-1024x681.jpg 1024w, https:\/\/terezaxavier.com.br\/wp-content\/uploads\/2023\/03\/bracelete-de-ferro-com-rubi-alta-joalheria-300x200.jpg 300w, https:\/\/terezaxavier.com.br\/wp-content\/uploads\/2023\/03\/bracelete-de-ferro-com-rubi-alta-joalheria-768x511.jpg 768w, https:\/\/terezaxavier.com.br\/wp-content\/uploads\/2023\/03\/bracelete-de-ferro-com-rubi-alta-joalheria-1536x1022.jpg 1536w, https:\/\/terezaxavier.com.br\/wp-content\/uploads\/2023\/03\/bracelete-de-ferro-com-rubi-alta-joalheria-2048x1363.jpg 2048w, https:\/\/terezaxavier.com.br\/wp-content\/uploads\/2023\/03\/bracelete-de-ferro-com-rubi-alta-joalheria-370x246.jpg 370w, https:\/\/terezaxavier.com.br\/wp-content\/uploads\/2023\/03\/bracelete-de-ferro-com-rubi-alta-joalheria-840x559.jpg 840w, https:\/\/terezaxavier.com.br\/wp-content\/uploads\/2023\/03\/bracelete-de-ferro-com-rubi-alta-joalheria-410x273.jpg 410w, https:\/\/terezaxavier.com.br\/wp-content\/uploads\/2023\/03\/bracelete-de-ferro-com-rubi-alta-joalheria-600x399.jpg 600w\" sizes=\"(max-width: 1024px) 100vw, 1024px\" \/>\t\t\t\t\t\t\t\t\t\t\t\t\t\t\t<\/div>\n\t\t\t\t<\/div>\n\t\t\t\t<div class=\"elementor-element elementor-element-05c2244 sc_fly_static elementor-widget elementor-widget-spacer\" data-id=\"05c2244\" data-element_type=\"widget\" data-e-type=\"widget\" data-widget_type=\"spacer.default\">\n\t\t\t\t<div class=\"elementor-widget-container\">\n\t\t\t\t\t\t\t<div class=\"elementor-spacer\">\n\t\t\t<div class=\"elementor-spacer-inner\"><\/div>\n\t\t<\/div>\n\t\t\t\t\t\t<\/div>\n\t\t\t\t<\/div>\n\t\t\t\t<div class=\"elementor-element elementor-element-4e8dcfb sc_fly_static elementor-widget elementor-widget-heading\" data-id=\"4e8dcfb\" data-element_type=\"widget\" data-e-type=\"widget\" data-widget_type=\"heading.default\">\n\t\t\t\t<div class=\"elementor-widget-container\">\n\t\t\t\t\t<h2 class=\"elementor-heading-title elementor-size-default\">Cole\u00e7\u00e3o Ferreiros e Alquimistas<\/h2>\t\t\t\t<\/div>\n\t\t\t\t<\/div>\n\t\t\t\t<div class=\"elementor-element elementor-element-35d42b0 sc_fly_static elementor-widget elementor-widget-text-editor\" data-id=\"35d42b0\" data-element_type=\"widget\" data-e-type=\"widget\" data-widget_type=\"text-editor.default\">\n\t\t\t\t<div class=\"elementor-widget-container\">\n\t\t\t\t\t\t\t\t\t<blockquote><p style=\"text-align: center;\"><em>Rel\u00f3gio do Sol &#8211; Jardim Bot\u00e2nico, Rio de Janeiro<\/em><\/p><\/blockquote>\t\t\t\t\t\t\t\t<\/div>\n\t\t\t\t<\/div>\n\t\t\t\t<div class=\"elementor-element elementor-element-45e465e sc_fly_static elementor-widget elementor-widget-spacer\" data-id=\"45e465e\" data-element_type=\"widget\" data-e-type=\"widget\" data-widget_type=\"spacer.default\">\n\t\t\t\t<div class=\"elementor-widget-container\">\n\t\t\t\t\t\t\t<div class=\"elementor-spacer\">\n\t\t\t<div class=\"elementor-spacer-inner\"><\/div>\n\t\t<\/div>\n\t\t\t\t\t\t<\/div>\n\t\t\t\t<\/div>\n\t\t\t\t<div class=\"elementor-element elementor-element-495bc64 sc_fly_static elementor-widget elementor-widget-text-editor\" data-id=\"495bc64\" data-element_type=\"widget\" data-e-type=\"widget\" data-widget_type=\"text-editor.default\">\n\t\t\t\t<div class=\"elementor-widget-container\">\n\t\t\t\t\t\t\t\t\t<p style=\"text-align: center;\" class=\"translation-block\">I has forged Iron bracelets with fire and different hammers. I have elaborately hand crafted Sweet Iron rings, pendants and earrings on the turning wheel.. by redefining the natural phenomenon of rust. I turn jewelry into even more unique pieces, encrusted with Diamonds and Precious Stones.<\/p><p style=\"text-align: center;\"><span style=\"color: #000000;\">I have brought back the idea of an Iron Commitment Ring, as it was used by the Greeks on their middle finger around 2000 bc. The middle finger is where it was said The Vein of love passed through. Hence, the ring invites people to stay together forever\u00a0<\/span><\/p><p style=\"text-align: center;\">\u00a0<\/p>\t\t\t\t\t\t\t\t<\/div>\n\t\t\t\t<\/div>\n\t\t\t\t<div class=\"elementor-element elementor-element-7fb4296 sc_fly_static elementor-widget elementor-widget-spacer\" data-id=\"7fb4296\" data-element_type=\"widget\" data-e-type=\"widget\" data-widget_type=\"spacer.default\">\n\t\t\t\t<div class=\"elementor-widget-container\">\n\t\t\t\t\t\t\t<div class=\"elementor-spacer\">\n\t\t\t<div class=\"elementor-spacer-inner\"><\/div>\n\t\t<\/div>\n\t\t\t\t\t\t<\/div>\n\t\t\t\t<\/div>\n\t\t\t\t\t<\/div>\n\t\t<\/div>\n\t\t\t\t\t<\/div>\n\t\t<\/section>\n\t\t\t\t<section class=\"elementor-section elementor-top-section elementor-element elementor-element-8150c8d elementor-section-full_width elementor-section-stretched elementor-section-height-default elementor-section-height-default sc_fly_static\" data-id=\"8150c8d\" data-element_type=\"section\" data-e-type=\"section\" data-settings=\"{&quot;stretch_section&quot;:&quot;section-stretched&quot;}\">\n\t\t\t\t\t\t<div class=\"elementor-container elementor-column-gap-extended\">\n\t\t\t\t\t<div class=\"elementor-column elementor-col-100 elementor-top-column elementor-element elementor-element-4cc5ef4 sc_content_align_inherit sc_layouts_column_icons_position_left sc_fly_static\" data-id=\"4cc5ef4\" data-element_type=\"column\" data-e-type=\"column\">\n\t\t\t<div class=\"elementor-widget-wrap elementor-element-populated\">\n\t\t\t\t\t\t<div class=\"elementor-element elementor-element-a042798 sc_fly_static elementor-widget elementor-widget-image\" data-id=\"a042798\" data-element_type=\"widget\" data-e-type=\"widget\" data-widget_type=\"image.default\">\n\t\t\t\t<div class=\"elementor-widget-container\">\n\t\t\t\t\t\t\t\t\t\t\t\t\t\t\t<img decoding=\"async\" width=\"2560\" height=\"1854\" src=\"https:\/\/terezaxavier.com.br\/wp-content\/uploads\/2023\/03\/pulseira-de-ferroo-com-flor-de-lis-em-prata-scaled.jpg\" class=\"attachment-full size-full wp-image-24220\" alt=\"\" srcset=\"https:\/\/terezaxavier.com.br\/wp-content\/uploads\/2023\/03\/pulseira-de-ferroo-com-flor-de-lis-em-prata-scaled.jpg 2560w, https:\/\/terezaxavier.com.br\/wp-content\/uploads\/2023\/03\/pulseira-de-ferroo-com-flor-de-lis-em-prata-300x217.jpg 300w, https:\/\/terezaxavier.com.br\/wp-content\/uploads\/2023\/03\/pulseira-de-ferroo-com-flor-de-lis-em-prata-1024x742.jpg 1024w, https:\/\/terezaxavier.com.br\/wp-content\/uploads\/2023\/03\/pulseira-de-ferroo-com-flor-de-lis-em-prata-768x556.jpg 768w, https:\/\/terezaxavier.com.br\/wp-content\/uploads\/2023\/03\/pulseira-de-ferroo-com-flor-de-lis-em-prata-1536x1112.jpg 1536w, https:\/\/terezaxavier.com.br\/wp-content\/uploads\/2023\/03\/pulseira-de-ferroo-com-flor-de-lis-em-prata-2048x1483.jpg 2048w, https:\/\/terezaxavier.com.br\/wp-content\/uploads\/2023\/03\/pulseira-de-ferroo-com-flor-de-lis-em-prata-370x268.jpg 370w, https:\/\/terezaxavier.com.br\/wp-content\/uploads\/2023\/03\/pulseira-de-ferroo-com-flor-de-lis-em-prata-840x608.jpg 840w, https:\/\/terezaxavier.com.br\/wp-content\/uploads\/2023\/03\/pulseira-de-ferroo-com-flor-de-lis-em-prata-410x297.jpg 410w, https:\/\/terezaxavier.com.br\/wp-content\/uploads\/2023\/03\/pulseira-de-ferroo-com-flor-de-lis-em-prata-600x435.jpg 600w\" sizes=\"(max-width: 2560px) 100vw, 2560px\" \/>\t\t\t\t\t\t\t\t\t\t\t\t\t\t\t<\/div>\n\t\t\t\t<\/div>\n\t\t\t\t<div class=\"elementor-element elementor-element-66d281d sc_fly_static elementor-widget elementor-widget-spacer\" data-id=\"66d281d\" data-element_type=\"widget\" data-e-type=\"widget\" data-widget_type=\"spacer.default\">\n\t\t\t\t<div class=\"elementor-widget-container\">\n\t\t\t\t\t\t\t<div class=\"elementor-spacer\">\n\t\t\t<div class=\"elementor-spacer-inner\"><\/div>\n\t\t<\/div>\n\t\t\t\t\t\t<\/div>\n\t\t\t\t<\/div>\n\t\t\t\t<div class=\"elementor-element elementor-element-17a818a sc_fly_static elementor-widget elementor-widget-text-editor\" data-id=\"17a818a\" data-element_type=\"widget\" data-e-type=\"widget\" data-widget_type=\"text-editor.default\">\n\t\t\t\t<div class=\"elementor-widget-container\">\n\t\t\t\t\t\t\t\t\t<blockquote><p style=\"text-align: center;\"><em>A maior parte do Ferro que h\u00e1 na Terra \u00e9 ferro mete\u00f3rico. O Ferro ca\u00eddo do c\u00e9u, extra\u00eddo das entranhas da Terra, est\u00e1 carregado de pot\u00eancia sagrada.\u00a0<\/em><\/p><\/blockquote>\t\t\t\t\t\t\t\t<\/div>\n\t\t\t\t<\/div>\n\t\t\t\t\t<\/div>\n\t\t<\/div>\n\t\t\t\t\t<\/div>\n\t\t<\/section>\n\t\t\t\t<\/div>","protected":false},"excerpt":{"rendered":"<p>Cole\u00e7\u00e3o Ferreiros e Alquimistas Rel\u00f3gio do Sol &#8211; Jardim Bot\u00e2nico, Rio de Janeiro Para esta Cole\u00e7\u00e3o, Tereza Xavier forjou com fogo e diferentes martelos braceletes de Ferro Doce, confeccionou no&hellip;<\/p>","protected":false},"author":1,"featured_media":0,"parent":0,"menu_order":0,"comment_status":"closed","ping_status":"closed","template":"elementor_header_footer","meta":{"_joinchat":[],"footnotes":""},"class_list":["post-24187","page","type-page","status-publish","hentry"],"_hostinger_reach_plugin_has_subscription_block":false,"_hostinger_reach_plugin_is_elementor":false,"_links":{"self":[{"href":"https:\/\/terezaxavier.com.br\/en\/wp-json\/wp\/v2\/pages\/24187","targetHints":{"allow":["GET"]}}],"collection":[{"href":"https:\/\/terezaxavier.com.br\/en\/wp-json\/wp\/v2\/pages"}],"about":[{"href":"https:\/\/terezaxavier.com.br\/en\/wp-json\/wp\/v2\/types\/page"}],"author":[{"embeddable":true,"href":"https:\/\/terezaxavier.com.br\/en\/wp-json\/wp\/v2\/users\/1"}],"replies":[{"embeddable":true,"href":"https:\/\/terezaxavier.com.br\/en\/wp-json\/wp\/v2\/comments?post=24187"}],"version-history":[{"count":74,"href":"https:\/\/terezaxavier.com.br\/en\/wp-json\/wp\/v2\/pages\/24187\/revisions"}],"predecessor-version":[{"id":45069,"href":"https:\/\/terezaxavier.com.br\/en\/wp-json\/wp\/v2\/pages\/24187\/revisions\/45069"}],"wp:attachment":[{"href":"https:\/\/terezaxavier.com.br\/en\/wp-json\/wp\/v2\/media?parent=24187"}],"curies":[{"name":"wp","href":"https:\/\/api.w.org\/{rel}","templated":true}]}}