{"id":24125,"date":"2023-03-30T15:57:06","date_gmt":"2023-03-30T18:57:06","guid":{"rendered":"https:\/\/terezaxavier.com.br\/?page_id=24125"},"modified":"2025-07-24T12:58:54","modified_gmt":"2025-07-24T15:58:54","slug":"colecao-singularidade-alta-joalheria","status":"publish","type":"page","link":"https:\/\/terezaxavier.com.br\/en\/colecao-singularidade-alta-joalheria\/","title":{"rendered":"Singularity Collection"},"content":{"rendered":"<div data-elementor-type=\"wp-page\" data-elementor-id=\"24125\" class=\"elementor elementor-24125\" data-elementor-post-type=\"page\">\n\t\t\t\t\t\t<section class=\"elementor-section elementor-top-section elementor-element elementor-element-d1394a2 elementor-section-full_width elementor-section-stretched elementor-section-height-default elementor-section-height-default sc_fly_static\" data-id=\"d1394a2\" data-element_type=\"section\" data-e-type=\"section\" data-settings=\"{&quot;stretch_section&quot;:&quot;section-stretched&quot;}\">\n\t\t\t\t\t\t<div class=\"elementor-container elementor-column-gap-extended\">\n\t\t\t\t\t<div class=\"elementor-column elementor-col-100 elementor-top-column elementor-element elementor-element-f12434f sc_content_align_inherit sc_layouts_column_icons_position_left sc_fly_static\" data-id=\"f12434f\" data-element_type=\"column\" data-e-type=\"column\">\n\t\t\t<div class=\"elementor-widget-wrap elementor-element-populated\">\n\t\t\t\t\t\t<div class=\"elementor-element elementor-element-edfe256 sc_fly_static elementor-widget elementor-widget-image\" data-id=\"edfe256\" data-element_type=\"widget\" data-e-type=\"widget\" data-widget_type=\"image.default\">\n\t\t\t\t<div class=\"elementor-widget-container\">\n\t\t\t\t\t\t\t\t\t\t\t\t\t\t\t<img fetchpriority=\"high\" decoding=\"async\" width=\"2560\" height=\"1725\" src=\"https:\/\/terezaxavier.com.br\/wp-content\/uploads\/2023\/03\/riviera-singularidade-alta-joalheria-scaled.jpg\" class=\"attachment-full size-full wp-image-24137\" alt=\"\" srcset=\"https:\/\/terezaxavier.com.br\/wp-content\/uploads\/2023\/03\/riviera-singularidade-alta-joalheria-scaled.jpg 2560w, https:\/\/terezaxavier.com.br\/wp-content\/uploads\/2023\/03\/riviera-singularidade-alta-joalheria-300x202.jpg 300w, https:\/\/terezaxavier.com.br\/wp-content\/uploads\/2023\/03\/riviera-singularidade-alta-joalheria-1024x690.jpg 1024w, https:\/\/terezaxavier.com.br\/wp-content\/uploads\/2023\/03\/riviera-singularidade-alta-joalheria-768x518.jpg 768w, https:\/\/terezaxavier.com.br\/wp-content\/uploads\/2023\/03\/riviera-singularidade-alta-joalheria-1536x1035.jpg 1536w, https:\/\/terezaxavier.com.br\/wp-content\/uploads\/2023\/03\/riviera-singularidade-alta-joalheria-2048x1380.jpg 2048w, https:\/\/terezaxavier.com.br\/wp-content\/uploads\/2023\/03\/riviera-singularidade-alta-joalheria-370x249.jpg 370w, https:\/\/terezaxavier.com.br\/wp-content\/uploads\/2023\/03\/riviera-singularidade-alta-joalheria-840x566.jpg 840w, https:\/\/terezaxavier.com.br\/wp-content\/uploads\/2023\/03\/riviera-singularidade-alta-joalheria-410x276.jpg 410w, https:\/\/terezaxavier.com.br\/wp-content\/uploads\/2023\/03\/riviera-singularidade-alta-joalheria-600x404.jpg 600w\" sizes=\"(max-width: 2560px) 100vw, 2560px\" \/>\t\t\t\t\t\t\t\t\t\t\t\t\t\t\t<\/div>\n\t\t\t\t<\/div>\n\t\t\t\t\t<\/div>\n\t\t<\/div>\n\t\t\t\t\t<\/div>\n\t\t<\/section>\n\t\t<div class=\"elementor-element elementor-element-23a6985 e-flex e-con-boxed sc_layouts_column_icons_position_left e-con e-parent\" data-id=\"23a6985\" data-element_type=\"container\" data-e-type=\"container\">\n\t\t\t\t\t<div class=\"e-con-inner\">\n\t\t\t\t<div class=\"elementor-element elementor-element-c14aaa8 sc_fly_static elementor-widget elementor-widget-spacer\" data-id=\"c14aaa8\" data-element_type=\"widget\" data-e-type=\"widget\" data-widget_type=\"spacer.default\">\n\t\t\t\t<div class=\"elementor-widget-container\">\n\t\t\t\t\t\t\t<div class=\"elementor-spacer\">\n\t\t\t<div class=\"elementor-spacer-inner\"><\/div>\n\t\t<\/div>\n\t\t\t\t\t\t<\/div>\n\t\t\t\t<\/div>\n\t\t\t\t\t<\/div>\n\t\t\t\t<\/div>\n\t\t<div class=\"elementor-element elementor-element-9ab82c6 e-flex e-con-boxed sc_layouts_column_icons_position_left e-con e-parent\" data-id=\"9ab82c6\" data-element_type=\"container\" data-e-type=\"container\">\n\t\t\t\t\t<div class=\"e-con-inner\">\n\t\t\t\t<div class=\"elementor-element elementor-element-a58324b sc_fly_static elementor-widget elementor-widget-heading\" data-id=\"a58324b\" data-element_type=\"widget\" data-e-type=\"widget\" data-widget_type=\"heading.default\">\n\t\t\t\t<div class=\"elementor-widget-container\">\n\t\t\t\t\t<h2 class=\"elementor-heading-title elementor-size-default\">Singularity Collection<\/h2>\t\t\t\t<\/div>\n\t\t\t\t<\/div>\n\t\t\t\t\t<\/div>\n\t\t\t\t<\/div>\n\t\t\t\t<section class=\"elementor-section elementor-top-section elementor-element elementor-element-33bc968 elementor-section-boxed elementor-section-height-default elementor-section-height-default sc_fly_static\" data-id=\"33bc968\" data-element_type=\"section\" data-e-type=\"section\">\n\t\t\t\t\t\t<div class=\"elementor-container elementor-column-gap-extended\">\n\t\t\t\t\t<div class=\"elementor-column elementor-col-100 elementor-top-column elementor-element elementor-element-991e972 sc_content_align_inherit sc_layouts_column_icons_position_left sc_fly_static\" data-id=\"991e972\" data-element_type=\"column\" data-e-type=\"column\">\n\t\t\t<div class=\"elementor-widget-wrap elementor-element-populated\">\n\t\t\t\t\t\t<div class=\"elementor-element elementor-element-dd90aeb sc_fly_static elementor-widget elementor-widget-text-editor\" data-id=\"dd90aeb\" data-element_type=\"widget\" data-e-type=\"widget\" data-widget_type=\"text-editor.default\">\n\t\t\t\t<div class=\"elementor-widget-container\">\n\t\t\t\t\t\t\t\t\t<blockquote><p style=\"text-align: center;\"><span style=\"color: #000000;\"><em>The Beauty of Being Unique!<\/em><\/span><\/p><\/blockquote>\t\t\t\t\t\t\t\t<\/div>\n\t\t\t\t<\/div>\n\t\t\t\t<div class=\"elementor-element elementor-element-31dab10 sc_fly_static elementor-widget elementor-widget-spacer\" data-id=\"31dab10\" data-element_type=\"widget\" data-e-type=\"widget\" data-widget_type=\"spacer.default\">\n\t\t\t\t<div class=\"elementor-widget-container\">\n\t\t\t\t\t\t\t<div class=\"elementor-spacer\">\n\t\t\t<div class=\"elementor-spacer-inner\"><\/div>\n\t\t<\/div>\n\t\t\t\t\t\t<\/div>\n\t\t\t\t<\/div>\n\t\t\t\t\t<\/div>\n\t\t<\/div>\n\t\t\t\t\t<\/div>\n\t\t<\/section>\n\t\t\t\t<section class=\"elementor-section elementor-top-section elementor-element elementor-element-3cb856a elementor-section-full_width elementor-section-stretched elementor-section-height-default elementor-section-height-default sc_fly_static\" data-id=\"3cb856a\" data-element_type=\"section\" data-e-type=\"section\" data-settings=\"{&quot;stretch_section&quot;:&quot;section-stretched&quot;}\">\n\t\t\t\t\t\t<div class=\"elementor-container elementor-column-gap-extended\">\n\t\t\t\t\t<div class=\"elementor-column elementor-col-100 elementor-top-column elementor-element elementor-element-c706651 sc_content_align_inherit sc_layouts_column_icons_position_left sc_fly_static\" data-id=\"c706651\" data-element_type=\"column\" data-e-type=\"column\">\n\t\t\t<div class=\"elementor-widget-wrap elementor-element-populated\">\n\t\t\t\t\t\t<div class=\"elementor-element elementor-element-88d8281 sc_fly_static elementor-widget elementor-widget-image\" data-id=\"88d8281\" data-element_type=\"widget\" data-e-type=\"widget\" data-widget_type=\"image.default\">\n\t\t\t\t<div class=\"elementor-widget-container\">\n\t\t\t\t\t\t\t\t\t\t\t\t\t\t\t<img decoding=\"async\" width=\"2560\" height=\"1703\" src=\"https:\/\/terezaxavier.com.br\/wp-content\/uploads\/2023\/03\/colecao-singularidade-scaled.jpg\" class=\"attachment-full size-full wp-image-24157\" alt=\"\" srcset=\"https:\/\/terezaxavier.com.br\/wp-content\/uploads\/2023\/03\/colecao-singularidade-scaled.jpg 2560w, https:\/\/terezaxavier.com.br\/wp-content\/uploads\/2023\/03\/colecao-singularidade-300x200.jpg 300w, https:\/\/terezaxavier.com.br\/wp-content\/uploads\/2023\/03\/colecao-singularidade-1024x681.jpg 1024w, https:\/\/terezaxavier.com.br\/wp-content\/uploads\/2023\/03\/colecao-singularidade-768x511.jpg 768w, https:\/\/terezaxavier.com.br\/wp-content\/uploads\/2023\/03\/colecao-singularidade-1536x1022.jpg 1536w, https:\/\/terezaxavier.com.br\/wp-content\/uploads\/2023\/03\/colecao-singularidade-2048x1363.jpg 2048w, https:\/\/terezaxavier.com.br\/wp-content\/uploads\/2023\/03\/colecao-singularidade-370x246.jpg 370w, https:\/\/terezaxavier.com.br\/wp-content\/uploads\/2023\/03\/colecao-singularidade-840x559.jpg 840w, https:\/\/terezaxavier.com.br\/wp-content\/uploads\/2023\/03\/colecao-singularidade-410x273.jpg 410w, https:\/\/terezaxavier.com.br\/wp-content\/uploads\/2023\/03\/colecao-singularidade-600x399.jpg 600w\" sizes=\"(max-width: 2560px) 100vw, 2560px\" \/>\t\t\t\t\t\t\t\t\t\t\t\t\t\t\t<\/div>\n\t\t\t\t<\/div>\n\t\t\t\t<div class=\"elementor-element elementor-element-10dce44 sc_fly_static elementor-widget elementor-widget-spacer\" data-id=\"10dce44\" data-element_type=\"widget\" data-e-type=\"widget\" data-widget_type=\"spacer.default\">\n\t\t\t\t<div class=\"elementor-widget-container\">\n\t\t\t\t\t\t\t<div class=\"elementor-spacer\">\n\t\t\t<div class=\"elementor-spacer-inner\"><\/div>\n\t\t<\/div>\n\t\t\t\t\t\t<\/div>\n\t\t\t\t<\/div>\n\t\t\t\t\t<\/div>\n\t\t<\/div>\n\t\t\t\t\t<\/div>\n\t\t<\/section>\n\t\t\t\t<section class=\"elementor-section elementor-top-section elementor-element elementor-element-fcdee9d elementor-section-boxed elementor-section-height-default elementor-section-height-default sc_fly_static\" data-id=\"fcdee9d\" data-element_type=\"section\" data-e-type=\"section\">\n\t\t\t\t\t\t<div class=\"elementor-container elementor-column-gap-extended\">\n\t\t\t\t\t<div class=\"elementor-column elementor-col-100 elementor-top-column elementor-element elementor-element-6266e9d sc_content_align_inherit sc_layouts_column_icons_position_left sc_fly_static\" data-id=\"6266e9d\" data-element_type=\"column\" data-e-type=\"column\">\n\t\t\t<div class=\"elementor-widget-wrap elementor-element-populated\">\n\t\t\t\t\t\t<div class=\"elementor-element elementor-element-44c4edf sc_fly_static elementor-widget elementor-widget-text-editor\" data-id=\"44c4edf\" data-element_type=\"widget\" data-e-type=\"widget\" data-widget_type=\"text-editor.default\">\n\t\t\t\t<div class=\"elementor-widget-container\">\n\t\t\t\t\t\t\t\t\t<blockquote><p style=\"text-align: center;\"><em>The Singularity of the gaze, the feeling, that sets us apart from all others, that allows us to transcend norms and manifest our unique and brilliant essence.<\/em><\/p><\/blockquote>\t\t\t\t\t\t\t\t<\/div>\n\t\t\t\t<\/div>\n\t\t\t\t<div class=\"elementor-element elementor-element-80ee9fe sc_fly_static elementor-widget elementor-widget-spacer\" data-id=\"80ee9fe\" data-element_type=\"widget\" data-e-type=\"widget\" data-widget_type=\"spacer.default\">\n\t\t\t\t<div class=\"elementor-widget-container\">\n\t\t\t\t\t\t\t<div class=\"elementor-spacer\">\n\t\t\t<div class=\"elementor-spacer-inner\"><\/div>\n\t\t<\/div>\n\t\t\t\t\t\t<\/div>\n\t\t\t\t<\/div>\n\t\t\t\t\t<\/div>\n\t\t<\/div>\n\t\t\t\t\t<\/div>\n\t\t<\/section>\n\t\t\t\t<section class=\"elementor-section elementor-top-section elementor-element elementor-element-99cbf6e elementor-section-boxed elementor-section-height-default elementor-section-height-default sc_fly_static\" data-id=\"99cbf6e\" data-element_type=\"section\" data-e-type=\"section\">\n\t\t\t\t\t\t<div class=\"elementor-container elementor-column-gap-extended\">\n\t\t\t\t\t<div class=\"elementor-column elementor-col-33 elementor-top-column elementor-element elementor-element-02cec50 sc_content_align_inherit sc_layouts_column_icons_position_left sc_fly_static\" data-id=\"02cec50\" data-element_type=\"column\" data-e-type=\"column\">\n\t\t\t<div class=\"elementor-widget-wrap\">\n\t\t\t\t\t\t\t<\/div>\n\t\t<\/div>\n\t\t\t\t<div class=\"elementor-column elementor-col-33 elementor-top-column elementor-element elementor-element-5b32009 sc_content_align_inherit sc_layouts_column_icons_position_left sc_fly_static\" data-id=\"5b32009\" data-element_type=\"column\" data-e-type=\"column\">\n\t\t\t<div class=\"elementor-widget-wrap elementor-element-populated\">\n\t\t\t\t\t\t<div class=\"elementor-element elementor-element-0a4e5ef sc_fly_static elementor-widget elementor-widget-image\" data-id=\"0a4e5ef\" data-element_type=\"widget\" data-e-type=\"widget\" data-widget_type=\"image.default\">\n\t\t\t\t<div class=\"elementor-widget-container\">\n\t\t\t\t\t\t\t\t\t\t\t\t\t\t\t<img decoding=\"async\" width=\"679\" height=\"1024\" src=\"https:\/\/terezaxavier.com.br\/wp-content\/uploads\/2023\/03\/anel-turmalina-paraiba-e-diamante-singularidade-679x1024.jpg\" class=\"attachment-large size-large wp-image-24164\" alt=\"\" srcset=\"https:\/\/terezaxavier.com.br\/wp-content\/uploads\/2023\/03\/anel-turmalina-paraiba-e-diamante-singularidade-679x1024.jpg 679w, https:\/\/terezaxavier.com.br\/wp-content\/uploads\/2023\/03\/anel-turmalina-paraiba-e-diamante-singularidade-199x300.jpg 199w, https:\/\/terezaxavier.com.br\/wp-content\/uploads\/2023\/03\/anel-turmalina-paraiba-e-diamante-singularidade-768x1159.jpg 768w, https:\/\/terezaxavier.com.br\/wp-content\/uploads\/2023\/03\/anel-turmalina-paraiba-e-diamante-singularidade-1018x1536.jpg 1018w, https:\/\/terezaxavier.com.br\/wp-content\/uploads\/2023\/03\/anel-turmalina-paraiba-e-diamante-singularidade-1357x2048.jpg 1357w, https:\/\/terezaxavier.com.br\/wp-content\/uploads\/2023\/03\/anel-turmalina-paraiba-e-diamante-singularidade-370x558.jpg 370w, https:\/\/terezaxavier.com.br\/wp-content\/uploads\/2023\/03\/anel-turmalina-paraiba-e-diamante-singularidade-840x1268.jpg 840w, https:\/\/terezaxavier.com.br\/wp-content\/uploads\/2023\/03\/anel-turmalina-paraiba-e-diamante-singularidade-410x619.jpg 410w, https:\/\/terezaxavier.com.br\/wp-content\/uploads\/2023\/03\/anel-turmalina-paraiba-e-diamante-singularidade-600x905.jpg 600w, https:\/\/terezaxavier.com.br\/wp-content\/uploads\/2023\/03\/anel-turmalina-paraiba-e-diamante-singularidade-scaled.jpg 1696w\" sizes=\"(max-width: 679px) 100vw, 679px\" \/>\t\t\t\t\t\t\t\t\t\t\t\t\t\t\t<\/div>\n\t\t\t\t<\/div>\n\t\t\t\t\t<\/div>\n\t\t<\/div>\n\t\t\t\t<div class=\"elementor-column elementor-col-33 elementor-top-column elementor-element elementor-element-b895dbb sc_content_align_inherit sc_layouts_column_icons_position_left sc_fly_static\" data-id=\"b895dbb\" data-element_type=\"column\" data-e-type=\"column\">\n\t\t\t<div class=\"elementor-widget-wrap\">\n\t\t\t\t\t\t\t<\/div>\n\t\t<\/div>\n\t\t\t\t\t<\/div>\n\t\t<\/section>\n\t\t\t\t<section class=\"elementor-section elementor-top-section elementor-element elementor-element-9079706 elementor-section-boxed elementor-section-height-default elementor-section-height-default sc_fly_static\" data-id=\"9079706\" data-element_type=\"section\" data-e-type=\"section\">\n\t\t\t\t\t\t<div class=\"elementor-container elementor-column-gap-extended\">\n\t\t\t\t\t<div class=\"elementor-column elementor-col-100 elementor-top-column elementor-element elementor-element-98d9ac3 sc_content_align_inherit sc_layouts_column_icons_position_left sc_fly_static\" data-id=\"98d9ac3\" data-element_type=\"column\" data-e-type=\"column\">\n\t\t\t<div class=\"elementor-widget-wrap elementor-element-populated\">\n\t\t\t\t\t\t<div class=\"elementor-element elementor-element-ff5af1d sc_fly_static elementor-widget elementor-widget-spacer\" data-id=\"ff5af1d\" data-element_type=\"widget\" data-e-type=\"widget\" data-widget_type=\"spacer.default\">\n\t\t\t\t<div class=\"elementor-widget-container\">\n\t\t\t\t\t\t\t<div class=\"elementor-spacer\">\n\t\t\t<div class=\"elementor-spacer-inner\"><\/div>\n\t\t<\/div>\n\t\t\t\t\t\t<\/div>\n\t\t\t\t<\/div>\n\t\t\t\t<div class=\"elementor-element elementor-element-911d1d5 sc_fly_static elementor-widget elementor-widget-text-editor\" data-id=\"911d1d5\" data-element_type=\"widget\" data-e-type=\"widget\" data-widget_type=\"text-editor.default\">\n\t\t\t\t<div class=\"elementor-widget-container\">\n\t\t\t\t\t\t\t\t\t<blockquote><p style=\"text-align: center;\"><span style=\"color: #000000;\">Para\u00edba Tourmaline beautifully embodies the concept of singularity with its indescribable, incandescent, vibrant neon, capturing the gaze and drawing you into its intensity. And yes, Diamonds to accompany them always, with their strong and profound symbolism.<\/span><\/p><\/blockquote>\t\t\t\t\t\t\t\t<\/div>\n\t\t\t\t<\/div>\n\t\t\t\t\t<\/div>\n\t\t<\/div>\n\t\t\t\t\t<\/div>\n\t\t<\/section>\n\t\t\t\t<section class=\"elementor-section elementor-top-section elementor-element elementor-element-6bb89b7 elementor-section-boxed elementor-section-height-default elementor-section-height-default sc_fly_static\" data-id=\"6bb89b7\" data-element_type=\"section\" data-e-type=\"section\">\n\t\t\t\t\t\t<div class=\"elementor-container elementor-column-gap-extended\">\n\t\t\t\t\t<div class=\"elementor-column elementor-col-100 elementor-top-column elementor-element elementor-element-0bb4181 sc_content_align_inherit sc_layouts_column_icons_position_left sc_fly_static\" data-id=\"0bb4181\" data-element_type=\"column\" data-e-type=\"column\">\n\t\t\t<div class=\"elementor-widget-wrap elementor-element-populated\">\n\t\t\t\t\t\t<div class=\"elementor-element elementor-element-f6e0cd1 sc_fly_static elementor-widget elementor-widget-spacer\" data-id=\"f6e0cd1\" data-element_type=\"widget\" data-e-type=\"widget\" data-widget_type=\"spacer.default\">\n\t\t\t\t<div class=\"elementor-widget-container\">\n\t\t\t\t\t\t\t<div class=\"elementor-spacer\">\n\t\t\t<div class=\"elementor-spacer-inner\"><\/div>\n\t\t<\/div>\n\t\t\t\t\t\t<\/div>\n\t\t\t\t<\/div>\n\t\t\t\t\t<\/div>\n\t\t<\/div>\n\t\t\t\t\t<\/div>\n\t\t<\/section>\n\t\t\t\t<section class=\"elementor-section elementor-top-section elementor-element elementor-element-1972a89 elementor-section-full_width elementor-section-stretched elementor-section-height-default elementor-section-height-default sc_fly_static\" data-id=\"1972a89\" data-element_type=\"section\" data-e-type=\"section\" data-settings=\"{&quot;stretch_section&quot;:&quot;section-stretched&quot;}\">\n\t\t\t\t\t\t<div class=\"elementor-container elementor-column-gap-extended\">\n\t\t\t\t\t<div class=\"elementor-column elementor-col-100 elementor-top-column elementor-element elementor-element-77e0612 sc_content_align_inherit sc_layouts_column_icons_position_left sc_fly_static\" data-id=\"77e0612\" data-element_type=\"column\" data-e-type=\"column\">\n\t\t\t<div class=\"elementor-widget-wrap elementor-element-populated\">\n\t\t\t\t\t\t<div class=\"elementor-element elementor-element-1065a0c sc_fly_static elementor-widget elementor-widget-image\" data-id=\"1065a0c\" data-element_type=\"widget\" data-e-type=\"widget\" data-widget_type=\"image.default\">\n\t\t\t\t<div class=\"elementor-widget-container\">\n\t\t\t\t\t\t\t\t\t\t\t\t\t\t\t<img loading=\"lazy\" decoding=\"async\" width=\"1024\" height=\"655\" src=\"https:\/\/terezaxavier.com.br\/wp-content\/uploads\/2023\/04\/singularidade-brinco-turmalina-paraiba-e-diamante-1024x655.jpg\" class=\"attachment-large size-large wp-image-24697\" alt=\"\" srcset=\"https:\/\/terezaxavier.com.br\/wp-content\/uploads\/2023\/04\/singularidade-brinco-turmalina-paraiba-e-diamante-1024x655.jpg 1024w, https:\/\/terezaxavier.com.br\/wp-content\/uploads\/2023\/04\/singularidade-brinco-turmalina-paraiba-e-diamante-300x192.jpg 300w, https:\/\/terezaxavier.com.br\/wp-content\/uploads\/2023\/04\/singularidade-brinco-turmalina-paraiba-e-diamante-768x492.jpg 768w, https:\/\/terezaxavier.com.br\/wp-content\/uploads\/2023\/04\/singularidade-brinco-turmalina-paraiba-e-diamante-1536x983.jpg 1536w, https:\/\/terezaxavier.com.br\/wp-content\/uploads\/2023\/04\/singularidade-brinco-turmalina-paraiba-e-diamante-2048x1311.jpg 2048w, https:\/\/terezaxavier.com.br\/wp-content\/uploads\/2023\/04\/singularidade-brinco-turmalina-paraiba-e-diamante-370x237.jpg 370w, https:\/\/terezaxavier.com.br\/wp-content\/uploads\/2023\/04\/singularidade-brinco-turmalina-paraiba-e-diamante-840x538.jpg 840w, https:\/\/terezaxavier.com.br\/wp-content\/uploads\/2023\/04\/singularidade-brinco-turmalina-paraiba-e-diamante-410x262.jpg 410w, https:\/\/terezaxavier.com.br\/wp-content\/uploads\/2023\/04\/singularidade-brinco-turmalina-paraiba-e-diamante-600x384.jpg 600w\" sizes=\"(max-width: 1024px) 100vw, 1024px\" \/>\t\t\t\t\t\t\t\t\t\t\t\t\t\t\t<\/div>\n\t\t\t\t<\/div>\n\t\t\t\t\t<\/div>\n\t\t<\/div>\n\t\t\t\t\t<\/div>\n\t\t<\/section>\n\t\t\t\t<section class=\"elementor-section elementor-top-section elementor-element elementor-element-482a853 elementor-section-boxed elementor-section-height-default elementor-section-height-default sc_fly_static\" data-id=\"482a853\" data-element_type=\"section\" data-e-type=\"section\">\n\t\t\t\t\t\t<div class=\"elementor-container elementor-column-gap-extended\">\n\t\t\t\t\t<div class=\"elementor-column elementor-col-100 elementor-top-column elementor-element elementor-element-84ebf44 sc_content_align_inherit sc_layouts_column_icons_position_left sc_fly_static\" data-id=\"84ebf44\" data-element_type=\"column\" data-e-type=\"column\">\n\t\t\t<div class=\"elementor-widget-wrap elementor-element-populated\">\n\t\t\t\t\t\t<div class=\"elementor-element elementor-element-cb3e925 sc_fly_static elementor-widget elementor-widget-spacer\" data-id=\"cb3e925\" data-element_type=\"widget\" data-e-type=\"widget\" data-widget_type=\"spacer.default\">\n\t\t\t\t<div class=\"elementor-widget-container\">\n\t\t\t\t\t\t\t<div class=\"elementor-spacer\">\n\t\t\t<div class=\"elementor-spacer-inner\"><\/div>\n\t\t<\/div>\n\t\t\t\t\t\t<\/div>\n\t\t\t\t<\/div>\n\t\t\t\t\t<\/div>\n\t\t<\/div>\n\t\t\t\t\t<\/div>\n\t\t<\/section>\n\t\t\t\t<section class=\"elementor-section elementor-top-section elementor-element elementor-element-b2949e9 elementor-section-full_width elementor-section-stretched elementor-section-height-default elementor-section-height-default sc_fly_static\" data-id=\"b2949e9\" data-element_type=\"section\" data-e-type=\"section\" data-settings=\"{&quot;stretch_section&quot;:&quot;section-stretched&quot;}\">\n\t\t\t\t\t\t<div class=\"elementor-container elementor-column-gap-extended\">\n\t\t\t\t\t<div class=\"elementor-column elementor-col-100 elementor-top-column elementor-element elementor-element-98a7932 sc_content_align_inherit sc_layouts_column_icons_position_left sc_fly_static\" data-id=\"98a7932\" data-element_type=\"column\" data-e-type=\"column\">\n\t\t\t<div class=\"elementor-widget-wrap elementor-element-populated\">\n\t\t\t\t\t\t<div class=\"elementor-element elementor-element-9571195 sc_fly_static elementor-widget elementor-widget-image\" data-id=\"9571195\" data-element_type=\"widget\" data-e-type=\"widget\" data-widget_type=\"image.default\">\n\t\t\t\t<div class=\"elementor-widget-container\">\n\t\t\t\t\t\t\t\t\t\t\t\t\t\t\t<img loading=\"lazy\" decoding=\"async\" width=\"1923\" height=\"2560\" src=\"https:\/\/terezaxavier.com.br\/wp-content\/uploads\/2023\/03\/colecao-singularidade-alta-joalheria-scaled.jpg\" class=\"attachment-full size-full wp-image-24183\" alt=\"\" srcset=\"https:\/\/terezaxavier.com.br\/wp-content\/uploads\/2023\/03\/colecao-singularidade-alta-joalheria-scaled.jpg 1923w, https:\/\/terezaxavier.com.br\/wp-content\/uploads\/2023\/03\/colecao-singularidade-alta-joalheria-225x300.jpg 225w, https:\/\/terezaxavier.com.br\/wp-content\/uploads\/2023\/03\/colecao-singularidade-alta-joalheria-769x1024.jpg 769w, https:\/\/terezaxavier.com.br\/wp-content\/uploads\/2023\/03\/colecao-singularidade-alta-joalheria-768x1022.jpg 768w, https:\/\/terezaxavier.com.br\/wp-content\/uploads\/2023\/03\/colecao-singularidade-alta-joalheria-1154x1536.jpg 1154w, https:\/\/terezaxavier.com.br\/wp-content\/uploads\/2023\/03\/colecao-singularidade-alta-joalheria-1539x2048.jpg 1539w, https:\/\/terezaxavier.com.br\/wp-content\/uploads\/2023\/03\/colecao-singularidade-alta-joalheria-370x493.jpg 370w, https:\/\/terezaxavier.com.br\/wp-content\/uploads\/2023\/03\/colecao-singularidade-alta-joalheria-840x1118.jpg 840w, https:\/\/terezaxavier.com.br\/wp-content\/uploads\/2023\/03\/colecao-singularidade-alta-joalheria-410x546.jpg 410w, https:\/\/terezaxavier.com.br\/wp-content\/uploads\/2023\/03\/colecao-singularidade-alta-joalheria-600x799.jpg 600w\" sizes=\"(max-width: 1923px) 100vw, 1923px\" \/>\t\t\t\t\t\t\t\t\t\t\t\t\t\t\t<\/div>\n\t\t\t\t<\/div>\n\t\t\t\t<div class=\"elementor-element elementor-element-9023692 sc_fly_static elementor-widget elementor-widget-spacer\" data-id=\"9023692\" data-element_type=\"widget\" data-e-type=\"widget\" data-widget_type=\"spacer.default\">\n\t\t\t\t<div class=\"elementor-widget-container\">\n\t\t\t\t\t\t\t<div class=\"elementor-spacer\">\n\t\t\t<div class=\"elementor-spacer-inner\"><\/div>\n\t\t<\/div>\n\t\t\t\t\t\t<\/div>\n\t\t\t\t<\/div>\n\t\t\t\t\t<\/div>\n\t\t<\/div>\n\t\t\t\t\t<\/div>\n\t\t<\/section>\n\t\t<div class=\"elementor-element elementor-element-fa8aa85 e-flex e-con-boxed sc_layouts_column_icons_position_left e-con e-parent\" data-id=\"fa8aa85\" data-element_type=\"container\" data-e-type=\"container\">\n\t\t\t\t\t<div class=\"e-con-inner\">\n\t\t\t\t<div class=\"elementor-element elementor-element-77af7d4 sc_fly_static elementor-widget elementor-widget-text-editor\" data-id=\"77af7d4\" data-element_type=\"widget\" data-e-type=\"widget\" data-widget_type=\"text-editor.default\">\n\t\t\t\t<div class=\"elementor-widget-container\">\n\t\t\t\t\t\t\t\t\t<blockquote><p style=\"text-align: center;\">The jewelry in this collection is unique and handmade.<\/p><\/blockquote>\t\t\t\t\t\t\t\t<\/div>\n\t\t\t\t<\/div>\n\t\t\t\t\t<\/div>\n\t\t\t\t<\/div>\n\t\t\t\t<\/div>","protected":false},"excerpt":{"rendered":"<p>Cole\u00e7\u00e3o Singularidade Alta Joalheria A beleza de ser \u00fanico ! A Singularidade do olhar, do sentir, que nos diferencia de todos os demais, que nos faz transcender padr\u00f5es e manifestar&hellip;<\/p>","protected":false},"author":1,"featured_media":0,"parent":0,"menu_order":0,"comment_status":"closed","ping_status":"closed","template":"elementor_header_footer","meta":{"_joinchat":[],"footnotes":""},"class_list":["post-24125","page","type-page","status-publish","hentry"],"_hostinger_reach_plugin_has_subscription_block":false,"_hostinger_reach_plugin_is_elementor":false,"_links":{"self":[{"href":"https:\/\/terezaxavier.com.br\/en\/wp-json\/wp\/v2\/pages\/24125","targetHints":{"allow":["GET"]}}],"collection":[{"href":"https:\/\/terezaxavier.com.br\/en\/wp-json\/wp\/v2\/pages"}],"about":[{"href":"https:\/\/terezaxavier.com.br\/en\/wp-json\/wp\/v2\/types\/page"}],"author":[{"embeddable":true,"href":"https:\/\/terezaxavier.com.br\/en\/wp-json\/wp\/v2\/users\/1"}],"replies":[{"embeddable":true,"href":"https:\/\/terezaxavier.com.br\/en\/wp-json\/wp\/v2\/comments?post=24125"}],"version-history":[{"count":156,"href":"https:\/\/terezaxavier.com.br\/en\/wp-json\/wp\/v2\/pages\/24125\/revisions"}],"predecessor-version":[{"id":45379,"href":"https:\/\/terezaxavier.com.br\/en\/wp-json\/wp\/v2\/pages\/24125\/revisions\/45379"}],"wp:attachment":[{"href":"https:\/\/terezaxavier.com.br\/en\/wp-json\/wp\/v2\/media?parent=24125"}],"curies":[{"name":"wp","href":"https:\/\/api.w.org\/{rel}","templated":true}]}}