{"id":24096,"date":"2023-03-30T12:12:17","date_gmt":"2023-03-30T15:12:17","guid":{"rendered":"https:\/\/terezaxavier.com.br\/?page_id=24096"},"modified":"2025-07-24T13:37:12","modified_gmt":"2025-07-24T16:37:12","slug":"colecao-asas-de-anjo-alta-joalheria","status":"publish","type":"page","link":"https:\/\/terezaxavier.com.br\/en\/colecao-asas-de-anjo-alta-joalheria\/","title":{"rendered":"Cole\u00e7\u00e3o Asas de Anjo Alta Joalheria"},"content":{"rendered":"<div data-elementor-type=\"wp-page\" data-elementor-id=\"24096\" class=\"elementor elementor-24096\" data-elementor-post-type=\"page\">\n\t\t\t\t\t\t<section class=\"elementor-section elementor-top-section elementor-element elementor-element-662b9e5 elementor-section-full_width elementor-section-stretched elementor-section-height-default elementor-section-height-default sc_fly_static\" data-id=\"662b9e5\" data-element_type=\"section\" data-e-type=\"section\" data-settings=\"{&quot;stretch_section&quot;:&quot;section-stretched&quot;}\">\n\t\t\t\t\t\t<div class=\"elementor-container elementor-column-gap-extended\">\n\t\t\t\t\t<div class=\"elementor-column elementor-col-100 elementor-top-column elementor-element elementor-element-4ba19d3 sc_content_align_inherit sc_layouts_column_icons_position_left sc_fly_static\" data-id=\"4ba19d3\" data-element_type=\"column\" data-e-type=\"column\">\n\t\t\t<div class=\"elementor-widget-wrap elementor-element-populated\">\n\t\t\t\t\t\t<div class=\"elementor-element elementor-element-e367787 sc_fly_static elementor-widget elementor-widget-image\" data-id=\"e367787\" data-element_type=\"widget\" data-e-type=\"widget\" data-widget_type=\"image.default\">\n\t\t\t\t<div class=\"elementor-widget-container\">\n\t\t\t\t\t\t\t\t\t\t\t\t\t\t\t<img fetchpriority=\"high\" decoding=\"async\" width=\"2560\" height=\"1714\" src=\"https:\/\/terezaxavier.com.br\/wp-content\/uploads\/2023\/03\/anel-asas-de-anjo-scaled.jpg\" class=\"attachment-full size-full wp-image-24104\" alt=\"\" srcset=\"https:\/\/terezaxavier.com.br\/wp-content\/uploads\/2023\/03\/anel-asas-de-anjo-scaled.jpg 2560w, https:\/\/terezaxavier.com.br\/wp-content\/uploads\/2023\/03\/anel-asas-de-anjo-300x201.jpg 300w, https:\/\/terezaxavier.com.br\/wp-content\/uploads\/2023\/03\/anel-asas-de-anjo-1024x685.jpg 1024w, https:\/\/terezaxavier.com.br\/wp-content\/uploads\/2023\/03\/anel-asas-de-anjo-768x514.jpg 768w, https:\/\/terezaxavier.com.br\/wp-content\/uploads\/2023\/03\/anel-asas-de-anjo-1536x1028.jpg 1536w, https:\/\/terezaxavier.com.br\/wp-content\/uploads\/2023\/03\/anel-asas-de-anjo-2048x1371.jpg 2048w, https:\/\/terezaxavier.com.br\/wp-content\/uploads\/2023\/03\/anel-asas-de-anjo-370x248.jpg 370w, https:\/\/terezaxavier.com.br\/wp-content\/uploads\/2023\/03\/anel-asas-de-anjo-840x562.jpg 840w, https:\/\/terezaxavier.com.br\/wp-content\/uploads\/2023\/03\/anel-asas-de-anjo-410x274.jpg 410w, https:\/\/terezaxavier.com.br\/wp-content\/uploads\/2023\/03\/anel-asas-de-anjo-600x402.jpg 600w\" sizes=\"(max-width: 2560px) 100vw, 2560px\" \/>\t\t\t\t\t\t\t\t\t\t\t\t\t\t\t<\/div>\n\t\t\t\t<\/div>\n\t\t\t\t<div class=\"elementor-element elementor-element-5bec7d9 sc_fly_static elementor-widget elementor-widget-spacer\" data-id=\"5bec7d9\" data-element_type=\"widget\" data-e-type=\"widget\" data-widget_type=\"spacer.default\">\n\t\t\t\t<div class=\"elementor-widget-container\">\n\t\t\t\t\t\t\t<div class=\"elementor-spacer\">\n\t\t\t<div class=\"elementor-spacer-inner\"><\/div>\n\t\t<\/div>\n\t\t\t\t\t\t<\/div>\n\t\t\t\t<\/div>\n\t\t\t\t<div class=\"elementor-element elementor-element-de195a6 sc_fly_static elementor-widget elementor-widget-heading\" data-id=\"de195a6\" data-element_type=\"widget\" data-e-type=\"widget\" data-widget_type=\"heading.default\">\n\t\t\t\t<div class=\"elementor-widget-container\">\n\t\t\t\t\t<h2 class=\"elementor-heading-title elementor-size-default\">Cole\u00e7\u00e3o Asas de Anjo Alta Joalheria<\/h2>\t\t\t\t<\/div>\n\t\t\t\t<\/div>\n\t\t\t\t<div class=\"elementor-element elementor-element-ec5c9ec sc_fly_static elementor-widget elementor-widget-text-editor\" data-id=\"ec5c9ec\" data-element_type=\"widget\" data-e-type=\"widget\" data-widget_type=\"text-editor.default\">\n\t\t\t\t<div class=\"elementor-widget-container\">\n\t\t\t\t\t\t\t\t\t<blockquote><p style=\"text-align: center;\"><em>&#8220;Voando sempre&#8230; nas asas dos anjos.&#8221;<\/em><\/p><\/blockquote>\t\t\t\t\t\t\t\t<\/div>\n\t\t\t\t<\/div>\n\t\t\t\t<div class=\"elementor-element elementor-element-e74070a sc_fly_static elementor-widget elementor-widget-spacer\" data-id=\"e74070a\" data-element_type=\"widget\" data-e-type=\"widget\" data-widget_type=\"spacer.default\">\n\t\t\t\t<div class=\"elementor-widget-container\">\n\t\t\t\t\t\t\t<div class=\"elementor-spacer\">\n\t\t\t<div class=\"elementor-spacer-inner\"><\/div>\n\t\t<\/div>\n\t\t\t\t\t\t<\/div>\n\t\t\t\t<\/div>\n\t\t\t\t\t<\/div>\n\t\t<\/div>\n\t\t\t\t\t<\/div>\n\t\t<\/section>\n\t\t\t\t<section class=\"elementor-section elementor-top-section elementor-element elementor-element-4c9ddc6 elementor-section-boxed elementor-section-height-default elementor-section-height-default sc_fly_static\" data-id=\"4c9ddc6\" data-element_type=\"section\" data-e-type=\"section\">\n\t\t\t\t\t\t<div class=\"elementor-container elementor-column-gap-extended\">\n\t\t\t\t\t<div class=\"elementor-column elementor-col-33 elementor-top-column elementor-element elementor-element-e6a4154 sc_content_align_inherit sc_layouts_column_icons_position_left sc_fly_static\" data-id=\"e6a4154\" data-element_type=\"column\" data-e-type=\"column\">\n\t\t\t<div class=\"elementor-widget-wrap\">\n\t\t\t\t\t\t\t<\/div>\n\t\t<\/div>\n\t\t\t\t<div class=\"elementor-column elementor-col-33 elementor-top-column elementor-element elementor-element-cd53100 sc_content_align_inherit sc_layouts_column_icons_position_left sc_fly_static\" data-id=\"cd53100\" data-element_type=\"column\" data-e-type=\"column\">\n\t\t\t<div class=\"elementor-widget-wrap elementor-element-populated\">\n\t\t\t\t\t\t<div class=\"elementor-element elementor-element-17f5a5b sc_fly_static elementor-widget elementor-widget-image\" data-id=\"17f5a5b\" data-element_type=\"widget\" data-e-type=\"widget\" data-widget_type=\"image.default\">\n\t\t\t\t<div class=\"elementor-widget-container\">\n\t\t\t\t\t\t\t\t\t\t\t\t\t\t\t<img decoding=\"async\" width=\"685\" height=\"1024\" src=\"https:\/\/terezaxavier.com.br\/wp-content\/uploads\/2023\/03\/brinco-asas-de-anjo-alta-joalheria-685x1024.jpg\" class=\"attachment-large size-large wp-image-24118\" alt=\"\" srcset=\"https:\/\/terezaxavier.com.br\/wp-content\/uploads\/2023\/03\/brinco-asas-de-anjo-alta-joalheria-685x1024.jpg 685w, https:\/\/terezaxavier.com.br\/wp-content\/uploads\/2023\/03\/brinco-asas-de-anjo-alta-joalheria-201x300.jpg 201w, https:\/\/terezaxavier.com.br\/wp-content\/uploads\/2023\/03\/brinco-asas-de-anjo-alta-joalheria-768x1147.jpg 768w, https:\/\/terezaxavier.com.br\/wp-content\/uploads\/2023\/03\/brinco-asas-de-anjo-alta-joalheria-1028x1536.jpg 1028w, https:\/\/terezaxavier.com.br\/wp-content\/uploads\/2023\/03\/brinco-asas-de-anjo-alta-joalheria-1371x2048.jpg 1371w, https:\/\/terezaxavier.com.br\/wp-content\/uploads\/2023\/03\/brinco-asas-de-anjo-alta-joalheria-370x553.jpg 370w, https:\/\/terezaxavier.com.br\/wp-content\/uploads\/2023\/03\/brinco-asas-de-anjo-alta-joalheria-840x1255.jpg 840w, https:\/\/terezaxavier.com.br\/wp-content\/uploads\/2023\/03\/brinco-asas-de-anjo-alta-joalheria-410x612.jpg 410w, https:\/\/terezaxavier.com.br\/wp-content\/uploads\/2023\/03\/brinco-asas-de-anjo-alta-joalheria-600x896.jpg 600w, https:\/\/terezaxavier.com.br\/wp-content\/uploads\/2023\/03\/brinco-asas-de-anjo-alta-joalheria-scaled.jpg 1714w\" sizes=\"(max-width: 685px) 100vw, 685px\" \/>\t\t\t\t\t\t\t\t\t\t\t\t\t\t\t<\/div>\n\t\t\t\t<\/div>\n\t\t\t\t\t<\/div>\n\t\t<\/div>\n\t\t\t\t<div class=\"elementor-column elementor-col-33 elementor-top-column elementor-element elementor-element-b006e70 sc_content_align_inherit sc_layouts_column_icons_position_left sc_fly_static\" data-id=\"b006e70\" data-element_type=\"column\" data-e-type=\"column\">\n\t\t\t<div class=\"elementor-widget-wrap\">\n\t\t\t\t\t\t\t<\/div>\n\t\t<\/div>\n\t\t\t\t\t<\/div>\n\t\t<\/section>\n\t\t\t\t<section class=\"elementor-section elementor-top-section elementor-element elementor-element-e89a41a elementor-section-boxed elementor-section-height-default elementor-section-height-default sc_fly_static\" data-id=\"e89a41a\" data-element_type=\"section\" data-e-type=\"section\">\n\t\t\t\t\t\t<div class=\"elementor-container elementor-column-gap-extended\">\n\t\t\t\t\t<div class=\"elementor-column elementor-col-100 elementor-top-column elementor-element elementor-element-516591c sc_content_align_inherit sc_layouts_column_icons_position_left sc_fly_static\" data-id=\"516591c\" data-element_type=\"column\" data-e-type=\"column\">\n\t\t\t<div class=\"elementor-widget-wrap elementor-element-populated\">\n\t\t\t\t\t\t<div class=\"elementor-element elementor-element-37876ce sc_fly_static elementor-widget elementor-widget-spacer\" data-id=\"37876ce\" data-element_type=\"widget\" data-e-type=\"widget\" data-widget_type=\"spacer.default\">\n\t\t\t\t<div class=\"elementor-widget-container\">\n\t\t\t\t\t\t\t<div class=\"elementor-spacer\">\n\t\t\t<div class=\"elementor-spacer-inner\"><\/div>\n\t\t<\/div>\n\t\t\t\t\t\t<\/div>\n\t\t\t\t<\/div>\n\t\t\t\t<div class=\"elementor-element elementor-element-c2c4177 sc_fly_static elementor-widget elementor-widget-text-editor\" data-id=\"c2c4177\" data-element_type=\"widget\" data-e-type=\"widget\" data-widget_type=\"text-editor.default\">\n\t\t\t\t<div class=\"elementor-widget-container\">\n\t\t\t\t\t\t\t\t\t<blockquote><p style=\"text-align: center;\"><em>&#8220;Ainda que eu falasse as l\u00ednguas dos homens e dos anjos, e n\u00e3o tivesse amor, seria como metal que soa ou como o sino que tine.&#8221;<\/em><\/p><p>\u00a0<\/p><p style=\"text-align: center;\">Cor\u00edntios 13:1<\/p><\/blockquote>\t\t\t\t\t\t\t\t<\/div>\n\t\t\t\t<\/div>\n\t\t\t\t\t<\/div>\n\t\t<\/div>\n\t\t\t\t\t<\/div>\n\t\t<\/section>\n\t\t<div class=\"elementor-element elementor-element-674752f e-flex e-con-boxed sc_layouts_column_icons_position_left e-con e-parent\" data-id=\"674752f\" data-element_type=\"container\" data-e-type=\"container\">\n\t\t\t\t\t<div class=\"e-con-inner\">\n\t\t<div class=\"e-con-gap-no elementor-element elementor-element-133e56e e-con-full e-flex sc_layouts_column_icons_position_left e-con e-child\" data-id=\"133e56e\" data-element_type=\"container\" data-e-type=\"container\">\n\t\t\t\t<\/div>\n\t\t<div class=\"elementor-element elementor-element-2050e6a e-con-full e-flex sc_layouts_column_icons_position_left e-con e-child\" data-id=\"2050e6a\" data-element_type=\"container\" data-e-type=\"container\">\n\t\t\t\t<div class=\"elementor-element elementor-element-8546f3a sc_fly_static elementor-widget elementor-widget-trx_sc_extended_products\" data-id=\"8546f3a\" data-element_type=\"widget\" data-e-type=\"widget\" data-widget_type=\"trx_sc_extended_products.default\">\n\t\t\t\t<div class=\"elementor-widget-container\">\n\t\t\t\t\t<div  \n\tclass=\"sc_extended_products sc_extended_products_centered\" ><div class=\"sc_extended_products_content sc_item_content\" ><div class=\"woocommerce columns-1\"><ul class=\"products products_style_centered columns-1\">\n<li class=\"product type-product post-38662 status-publish first instock product_cat-alta-joalheria has-post-thumbnail shipping-taxable product-type-simple product_style_centered\">\n\t\t\t<div class=\"post_item post_layout_thumbs\"\n\t\t\t\t\t>\n\t\t\t<div class=\"post_featured hover_shop\">\n\t\t\t\t\t\t\t\t<a href=\"https:\/\/terezaxavier.com.br\/en\/product\/anel-asa-de-anjo\/\">\n\t\t\t\t<img decoding=\"async\" width=\"2048\" height=\"1536\" src=\"https:\/\/terezaxavier.com.br\/wp-content\/uploads\/2024\/04\/colecao-asas-de-anjo-2048x1536.png\" class=\"attachment-2048x2048 size-2048x2048\" alt=\"Anel Asa de Anjo\" srcset=\"https:\/\/terezaxavier.com.br\/wp-content\/uploads\/2024\/04\/colecao-asas-de-anjo-2048x1536.png 2048w, https:\/\/terezaxavier.com.br\/wp-content\/uploads\/2024\/04\/colecao-asas-de-anjo-300x225.png 300w, https:\/\/terezaxavier.com.br\/wp-content\/uploads\/2024\/04\/colecao-asas-de-anjo-1024x768.png 1024w, https:\/\/terezaxavier.com.br\/wp-content\/uploads\/2024\/04\/colecao-asas-de-anjo-768x576.png 768w, https:\/\/terezaxavier.com.br\/wp-content\/uploads\/2024\/04\/colecao-asas-de-anjo-1536x1152.png 1536w, https:\/\/terezaxavier.com.br\/wp-content\/uploads\/2024\/04\/colecao-asas-de-anjo-370x278.png 370w, https:\/\/terezaxavier.com.br\/wp-content\/uploads\/2024\/04\/colecao-asas-de-anjo-840x630.png 840w, https:\/\/terezaxavier.com.br\/wp-content\/uploads\/2024\/04\/colecao-asas-de-anjo-410x308.png 410w, https:\/\/terezaxavier.com.br\/wp-content\/uploads\/2024\/04\/colecao-asas-de-anjo-600x450.png 600w\" sizes=\"(max-width: 2048px) 100vw, 2048px\" \/>\t\t\t\t<\/a>\n\t\t\t\t\t\t\t\t\t<div class=\"mask\"><\/div>\n\t\t\t\t\t\t\t\t\t<div class=\"icons\">\n\t\t\t\t\t<div class=\"tinv-wraper woocommerce tinv-wishlist tinvwl-shortcode-add-to-cart tinvwl-loop-button-wrapper tinvwl-woocommerce_before_shop_loop_item_title\"\r\n\t data-tinvwl_product_id=\"38662\">\r\n\t<div class=\"tinv-wishlist-clear\"><\/div><a role=\"button\" tabindex=\"0\" name=\"add-to-wishlist\" aria-label=\"Add to Wishlist\" class=\"tinvwl_add_to_wishlist_button tinvwl-icon-heart  tinvwl-position-shortcode tinvwl-loop\" data-tinv-wl-list=\"[]\" data-tinv-wl-product=\"38662\" data-tinv-wl-productvariation=\"0\" data-tinv-wl-productvariations=\"[]\" data-tinv-wl-producttype=\"simple\" data-tinv-wl-action=\"add\"><span class=\"tinvwl_add_to_wishlist-text\">Add to Wishlist<\/span><span class=\"tinvwl_remove_from_wishlist-text\">Remove from Wishlist<\/span><\/a><div class=\"tinv-wishlist-clear\"><\/div>\t\t<div\r\n\t\tclass=\"tinvwl-tooltip\">Add to Wishlist<\/div>\r\n<\/div>\r\n<a rel=\"nofollow\" href=\"https:\/\/terezaxavier.com.br\/en\/product\/anel-asa-de-anjo\/\" \n\t\t\t\t\t\t\t\t\t\t\t\t\t\t\taria-hidden=\"true\" \n\t\t\t\t\t\t\t\t\t\t\t\t\t\t\tdata-quantity=\"1\" \n\t\t\t\t\t\t\t\t\t\t\t\t\t\t\tdata-product_id=\"38662\"\n\t\t\t\t\t\t\t\t\t\t\t\t\t\t\tdata-product_sku=\"\"\n\t\t\t\t\t\t\t\t\t\t\t\t\t\t\tclass=\"shop_cart icon-shopping-cart button add_to_cart_button product_type_simple product_out_stock ajax_add_to_cart\"><span class=\"icon-anim\"><\/span><\/a>\t\t\t\t\t<a href=\"https:\/\/terezaxavier.com.br\/en\/product\/anel-asa-de-anjo\/\" aria-hidden=\"true\" class=\"shop_link\">\n\t\t\t\t\t\t<span class=\"icon-anim\"><\/span>\n\t\t\t\t\t<\/a>\n\t\t\t\t<\/div>\n\t\t\t\t\t\t\t<\/div>\n\t\t\t<div class=\"post_data\">\n\t\t\t\t<div class=\"post_data_inner\">\n\t\t\t\t\t<div class=\"post_header entry-header\">\n\t\t\t\t\t<h2 class=\"woocommerce-loop-product__title\"><a href=\"https:\/\/terezaxavier.com.br\/en\/product\/anel-asa-de-anjo\/\">Anel Asa de Anjo<\/a><\/h2>\t\t\t<\/div>\n\t\t\n<a href=\"https:\/\/terezaxavier.com.br\/en\/product\/anel-asa-de-anjo\/\" aria-describedby=\"woocommerce_loop_add_to_cart_link_describedby_38662\" data-quantity=\"1\" class=\"button product_type_simple\" data-product_id=\"38662\" data-product_sku=\"\" aria-label=\"Read more about \u201cAnel Asa de Anjo\u201d\" rel=\"nofollow\" data-success_message=\"\" data-no-translation=\"\" data-trp-gettext=\"\" data-no-translation-aria-label=\"\">Read more<\/a>\t<span id=\"woocommerce_loop_add_to_cart_link_describedby_38662\" class=\"screen-reader-text\">\n\t\t\t<\/span>\n\t\t\t\t<\/div>\n\t\t\t<\/div>\n\t\t<\/div>\n\t\t<\/li>\n<\/ul>\n<\/div><\/div><\/div>\n\t\t\t\t<\/div>\n\t\t\t\t<\/div>\n\t\t\t\t<\/div>\n\t\t<div class=\"e-con-gap-no elementor-element elementor-element-5ad538d e-con-full e-flex sc_layouts_column_icons_position_left e-con e-child\" data-id=\"5ad538d\" data-element_type=\"container\" data-e-type=\"container\">\n\t\t\t\t<\/div>\n\t\t\t\t\t<\/div>\n\t\t\t\t<\/div>\n\t\t<div class=\"elementor-element elementor-element-44552b5 e-flex e-con-boxed sc_layouts_column_icons_position_left e-con e-parent\" data-id=\"44552b5\" data-element_type=\"container\" data-e-type=\"container\">\n\t\t\t\t\t<div class=\"e-con-inner\">\n\t\t\t\t<div class=\"elementor-element elementor-element-7a431e5 sc_fly_static elementor-widget elementor-widget-text-editor\" data-id=\"7a431e5\" data-element_type=\"widget\" data-e-type=\"widget\" data-widget_type=\"text-editor.default\">\n\t\t\t\t<div class=\"elementor-widget-container\">\n\t\t\t\t\t\t\t\t\t<blockquote><p style=\"text-align: center;\">Voc\u00ea pode gravar no anel Asa o nome do seu anjo (dia do nascimento) ou do seu Arcanjo preferido.<\/p><\/blockquote>\t\t\t\t\t\t\t\t<\/div>\n\t\t\t\t<\/div>\n\t\t\t\t\t<\/div>\n\t\t\t\t<\/div>\n\t\t<div class=\"elementor-element elementor-element-ffbc82a e-flex e-con-boxed sc_layouts_column_icons_position_left e-con e-parent\" data-id=\"ffbc82a\" data-element_type=\"container\" data-e-type=\"container\">\n\t\t\t\t\t<div class=\"e-con-inner\">\n\t\t\t\t<div class=\"elementor-element elementor-element-9195a89 sc_fly_static elementor-widget elementor-widget-text-editor\" data-id=\"9195a89\" data-element_type=\"widget\" data-e-type=\"widget\" data-widget_type=\"text-editor.default\">\n\t\t\t\t<div class=\"elementor-widget-container\">\n\t\t\t\t\t\t\t\t\t<blockquote><p style=\"text-align: center;\">Aos Arcanjos s\u00e3o atribu\u00eddas diferentes cores. Os an\u00e9is e brincos desta cole\u00e7\u00e3o podem ser confeccionados<br \/>com as Pedras Preciosas nessas cores.<\/p><\/blockquote>\t\t\t\t\t\t\t\t<\/div>\n\t\t\t\t<\/div>\n\t\t\t\t\t<\/div>\n\t\t\t\t<\/div>\n\t\t\t\t<\/div>","protected":false},"excerpt":{"rendered":"<p>Cole\u00e7\u00e3o Asas de Anjo Alta Joalheria &#8220;Voando sempre&#8230; nas asas dos anjos.&#8221; &#8220;Ainda que eu falasse as l\u00ednguas dos homens e dos anjos, e n\u00e3o tivesse amor, seria como metal&hellip;<\/p>","protected":false},"author":1,"featured_media":0,"parent":0,"menu_order":0,"comment_status":"closed","ping_status":"closed","template":"elementor_header_footer","meta":{"_joinchat":[],"footnotes":""},"class_list":["post-24096","page","type-page","status-publish","hentry"],"_hostinger_reach_plugin_has_subscription_block":false,"_hostinger_reach_plugin_is_elementor":false,"_links":{"self":[{"href":"https:\/\/terezaxavier.com.br\/en\/wp-json\/wp\/v2\/pages\/24096","targetHints":{"allow":["GET"]}}],"collection":[{"href":"https:\/\/terezaxavier.com.br\/en\/wp-json\/wp\/v2\/pages"}],"about":[{"href":"https:\/\/terezaxavier.com.br\/en\/wp-json\/wp\/v2\/types\/page"}],"author":[{"embeddable":true,"href":"https:\/\/terezaxavier.com.br\/en\/wp-json\/wp\/v2\/users\/1"}],"replies":[{"embeddable":true,"href":"https:\/\/terezaxavier.com.br\/en\/wp-json\/wp\/v2\/comments?post=24096"}],"version-history":[{"count":63,"href":"https:\/\/terezaxavier.com.br\/en\/wp-json\/wp\/v2\/pages\/24096\/revisions"}],"predecessor-version":[{"id":42687,"href":"https:\/\/terezaxavier.com.br\/en\/wp-json\/wp\/v2\/pages\/24096\/revisions\/42687"}],"wp:attachment":[{"href":"https:\/\/terezaxavier.com.br\/en\/wp-json\/wp\/v2\/media?parent=24096"}],"curies":[{"name":"wp","href":"https:\/\/api.w.org\/{rel}","templated":true}]}}