{"id":24087,"date":"2023-03-30T11:53:16","date_gmt":"2023-03-30T14:53:16","guid":{"rendered":"https:\/\/terezaxavier.com.br\/?page_id=24087"},"modified":"2025-05-07T15:49:06","modified_gmt":"2025-05-07T18:49:06","slug":"colecao-abelhas-alta-joalheria","status":"publish","type":"page","link":"https:\/\/terezaxavier.com.br\/en\/colecao-abelhas-alta-joalheria\/","title":{"rendered":"Cole\u00e7\u00e3o Abelhas Alta Joalheria"},"content":{"rendered":"<div data-elementor-type=\"wp-page\" data-elementor-id=\"24087\" class=\"elementor elementor-24087\" data-elementor-post-type=\"page\">\n\t\t\t\t\t\t<section class=\"elementor-section elementor-top-section elementor-element elementor-element-457c09e elementor-section-full_width elementor-section-stretched elementor-section-height-default elementor-section-height-default sc_fly_static\" data-id=\"457c09e\" data-element_type=\"section\" data-e-type=\"section\" data-settings=\"{&quot;stretch_section&quot;:&quot;section-stretched&quot;}\">\n\t\t\t\t\t\t<div class=\"elementor-container elementor-column-gap-extended\">\n\t\t\t\t\t<div class=\"elementor-column elementor-col-100 elementor-top-column elementor-element elementor-element-0afb603 sc_content_align_inherit sc_layouts_column_icons_position_left sc_fly_static\" data-id=\"0afb603\" data-element_type=\"column\" data-e-type=\"column\">\n\t\t\t<div class=\"elementor-widget-wrap elementor-element-populated\">\n\t\t\t\t\t\t<div class=\"elementor-element elementor-element-12d5a14 sc_fly_static elementor-widget elementor-widget-image\" data-id=\"12d5a14\" data-element_type=\"widget\" data-e-type=\"widget\" data-widget_type=\"image.default\">\n\t\t\t\t<div class=\"elementor-widget-container\">\n\t\t\t\t\t\t\t\t\t\t\t\t\t\t\t<img fetchpriority=\"high\" decoding=\"async\" width=\"2560\" height=\"1714\" src=\"https:\/\/terezaxavier.com.br\/wp-content\/uploads\/2023\/03\/aneis-abelhas-scaled.jpg\" class=\"attachment-full size-full wp-image-24089\" alt=\"\" srcset=\"https:\/\/terezaxavier.com.br\/wp-content\/uploads\/2023\/03\/aneis-abelhas-scaled.jpg 2560w, https:\/\/terezaxavier.com.br\/wp-content\/uploads\/2023\/03\/aneis-abelhas-300x201.jpg 300w, https:\/\/terezaxavier.com.br\/wp-content\/uploads\/2023\/03\/aneis-abelhas-1024x685.jpg 1024w, https:\/\/terezaxavier.com.br\/wp-content\/uploads\/2023\/03\/aneis-abelhas-768x514.jpg 768w, https:\/\/terezaxavier.com.br\/wp-content\/uploads\/2023\/03\/aneis-abelhas-1536x1028.jpg 1536w, https:\/\/terezaxavier.com.br\/wp-content\/uploads\/2023\/03\/aneis-abelhas-2048x1371.jpg 2048w, https:\/\/terezaxavier.com.br\/wp-content\/uploads\/2023\/03\/aneis-abelhas-370x248.jpg 370w, https:\/\/terezaxavier.com.br\/wp-content\/uploads\/2023\/03\/aneis-abelhas-840x562.jpg 840w, https:\/\/terezaxavier.com.br\/wp-content\/uploads\/2023\/03\/aneis-abelhas-410x274.jpg 410w, https:\/\/terezaxavier.com.br\/wp-content\/uploads\/2023\/03\/aneis-abelhas-600x402.jpg 600w\" sizes=\"(max-width: 2560px) 100vw, 2560px\" \/>\t\t\t\t\t\t\t\t\t\t\t\t\t\t\t<\/div>\n\t\t\t\t<\/div>\n\t\t\t\t<div class=\"elementor-element elementor-element-c67cb15 sc_fly_static elementor-widget elementor-widget-spacer\" data-id=\"c67cb15\" data-element_type=\"widget\" data-e-type=\"widget\" data-widget_type=\"spacer.default\">\n\t\t\t\t<div class=\"elementor-widget-container\">\n\t\t\t\t\t\t\t<div class=\"elementor-spacer\">\n\t\t\t<div class=\"elementor-spacer-inner\"><\/div>\n\t\t<\/div>\n\t\t\t\t\t\t<\/div>\n\t\t\t\t<\/div>\n\t\t\t\t<div class=\"elementor-element elementor-element-b31769f sc_fly_static elementor-widget elementor-widget-heading\" data-id=\"b31769f\" data-element_type=\"widget\" data-e-type=\"widget\" data-widget_type=\"heading.default\">\n\t\t\t\t<div class=\"elementor-widget-container\">\n\t\t\t\t\t<h2 class=\"elementor-heading-title elementor-size-default\">Cole\u00e7\u00e3o Abelhas Alta Joalheria<\/h2>\t\t\t\t<\/div>\n\t\t\t\t<\/div>\n\t\t\t\t<div class=\"elementor-element elementor-element-155ef56 sc_fly_static elementor-widget elementor-widget-spacer\" data-id=\"155ef56\" data-element_type=\"widget\" data-e-type=\"widget\" data-widget_type=\"spacer.default\">\n\t\t\t\t<div class=\"elementor-widget-container\">\n\t\t\t\t\t\t\t<div class=\"elementor-spacer\">\n\t\t\t<div class=\"elementor-spacer-inner\"><\/div>\n\t\t<\/div>\n\t\t\t\t\t\t<\/div>\n\t\t\t\t<\/div>\n\t\t\t\t<div class=\"elementor-element elementor-element-3a5bd63 sc_fly_static elementor-widget elementor-widget-text-editor\" data-id=\"3a5bd63\" data-element_type=\"widget\" data-e-type=\"widget\" data-widget_type=\"text-editor.default\">\n\t\t\t\t<div class=\"elementor-widget-container\">\n\t\t\t\t\t\t\t\t\t<p style=\"text-align: center;\"><span style=\"color: #000000;\">Bees painstakingly build their hives in geometric patterns. After some time, they beat their wings and, without any ties, they take flight in search of new homes, leaving laden honeycombs behind. By doing this, they show us the true spirit of giving, of liberty and freedom. By leaving their very best to those who will come thereafter, they teach us a beautiful lesson of plenitude, of internal capacity of accessing emptiness and experiencing symbolic deaths in order to be reborn in pure light.\u00a0<\/span><\/p><p style=\"text-align: center;\"><span style=\"color: #000000;\">As abelhas n\u00e3o acumulam as coisas para o dia de amanh\u00e3, s\u00f3 vale o dia de hoje. As abelhas v\u00e3o de flor em flor sem prejudic\u00e1-las. Levam s\u00f3 o que precisam. Movem-se silenciosamente.<\/span><\/p><p style=\"text-align: center;\"><span style=\"color: #000000;\">Um abelha vive cerca de 40 dias, visita aproximadamente 1000 flores, e produz uma colher de ch\u00e1 de mel.\u00a0<\/span><\/p><p style=\"text-align: center;\"><span style=\"color: #000000;\">Todas as joias desta cole\u00e7\u00e3o s\u00e3o \u00fanicas e feitas \u00e0 m\u00e3o. E podem ser confeccionadas por encomenda com a sua Pedra Preciosa favorita.<\/span><\/p>\t\t\t\t\t\t\t\t<\/div>\n\t\t\t\t<\/div>\n\t\t\t\t\t<\/div>\n\t\t<\/div>\n\t\t\t\t\t<\/div>\n\t\t<\/section>\n\t\t\t\t<\/div>","protected":false},"excerpt":{"rendered":"<p>Cole\u00e7\u00e3o Abelhas Alta Joalheria As abelhas constroem suas casas em padr\u00f5es geom\u00e9tricos. Ensinam uma linda li\u00e7\u00e3o de desapego, de plenitude, de capacidade interna de acessar o vazio, de vivenciar mortes&hellip;<\/p>","protected":false},"author":1,"featured_media":0,"parent":0,"menu_order":0,"comment_status":"closed","ping_status":"closed","template":"elementor_header_footer","meta":{"_joinchat":[],"footnotes":""},"class_list":["post-24087","page","type-page","status-publish","hentry"],"_hostinger_reach_plugin_has_subscription_block":false,"_hostinger_reach_plugin_is_elementor":false,"_links":{"self":[{"href":"https:\/\/terezaxavier.com.br\/en\/wp-json\/wp\/v2\/pages\/24087","targetHints":{"allow":["GET"]}}],"collection":[{"href":"https:\/\/terezaxavier.com.br\/en\/wp-json\/wp\/v2\/pages"}],"about":[{"href":"https:\/\/terezaxavier.com.br\/en\/wp-json\/wp\/v2\/types\/page"}],"author":[{"embeddable":true,"href":"https:\/\/terezaxavier.com.br\/en\/wp-json\/wp\/v2\/users\/1"}],"replies":[{"embeddable":true,"href":"https:\/\/terezaxavier.com.br\/en\/wp-json\/wp\/v2\/comments?post=24087"}],"version-history":[{"count":26,"href":"https:\/\/terezaxavier.com.br\/en\/wp-json\/wp\/v2\/pages\/24087\/revisions"}],"predecessor-version":[{"id":43186,"href":"https:\/\/terezaxavier.com.br\/en\/wp-json\/wp\/v2\/pages\/24087\/revisions\/43186"}],"wp:attachment":[{"href":"https:\/\/terezaxavier.com.br\/en\/wp-json\/wp\/v2\/media?parent=24087"}],"curies":[{"name":"wp","href":"https:\/\/api.w.org\/{rel}","templated":true}]}}