{"id":24074,"date":"2023-03-30T11:15:34","date_gmt":"2023-03-30T14:15:34","guid":{"rendered":"https:\/\/terezaxavier.com.br\/?page_id=24074"},"modified":"2025-07-24T13:25:04","modified_gmt":"2025-07-24T16:25:04","slug":"colecao-cristais-de-quartzo-branco-alta-joalheria","status":"publish","type":"page","link":"https:\/\/terezaxavier.com.br\/en\/colecao-cristais-de-quartzo-branco-alta-joalheria\/","title":{"rendered":"Cole\u00e7\u00e3o Cristais de Quartzo Branco Alta Joalheria"},"content":{"rendered":"<div data-elementor-type=\"wp-page\" data-elementor-id=\"24074\" class=\"elementor elementor-24074\" data-elementor-post-type=\"page\">\n\t\t\t\t\t\t<section class=\"elementor-section elementor-top-section elementor-element elementor-element-a7346a9 elementor-section-full_width elementor-section-stretched elementor-section-height-default elementor-section-height-default sc_fly_static\" data-id=\"a7346a9\" data-element_type=\"section\" data-e-type=\"section\" data-settings=\"{&quot;stretch_section&quot;:&quot;section-stretched&quot;}\">\n\t\t\t\t\t\t<div class=\"elementor-container elementor-column-gap-extended\">\n\t\t\t\t\t<div class=\"elementor-column elementor-col-100 elementor-top-column elementor-element elementor-element-31f8a51 sc_content_align_inherit sc_layouts_column_icons_position_left sc_fly_static\" data-id=\"31f8a51\" data-element_type=\"column\" data-e-type=\"column\">\n\t\t\t<div class=\"elementor-widget-wrap elementor-element-populated\">\n\t\t\t\t\t\t<div class=\"elementor-element elementor-element-200f060 sc_fly_static elementor-widget elementor-widget-image\" data-id=\"200f060\" data-element_type=\"widget\" data-e-type=\"widget\" data-widget_type=\"image.default\">\n\t\t\t\t<div class=\"elementor-widget-container\">\n\t\t\t\t\t\t\t\t\t\t\t\t\t\t\t<img fetchpriority=\"high\" decoding=\"async\" width=\"2560\" height=\"1534\" src=\"https:\/\/terezaxavier.com.br\/wp-content\/uploads\/2023\/03\/Colecao-Cristais-de-Quartzo-Branco-Alta-Joalheria-scaled.jpg\" class=\"attachment-full size-full wp-image-24083\" alt=\"\" srcset=\"https:\/\/terezaxavier.com.br\/wp-content\/uploads\/2023\/03\/Colecao-Cristais-de-Quartzo-Branco-Alta-Joalheria-scaled.jpg 2560w, https:\/\/terezaxavier.com.br\/wp-content\/uploads\/2023\/03\/Colecao-Cristais-de-Quartzo-Branco-Alta-Joalheria-300x180.jpg 300w, https:\/\/terezaxavier.com.br\/wp-content\/uploads\/2023\/03\/Colecao-Cristais-de-Quartzo-Branco-Alta-Joalheria-1024x614.jpg 1024w, https:\/\/terezaxavier.com.br\/wp-content\/uploads\/2023\/03\/Colecao-Cristais-de-Quartzo-Branco-Alta-Joalheria-768x460.jpg 768w, https:\/\/terezaxavier.com.br\/wp-content\/uploads\/2023\/03\/Colecao-Cristais-de-Quartzo-Branco-Alta-Joalheria-1536x921.jpg 1536w, https:\/\/terezaxavier.com.br\/wp-content\/uploads\/2023\/03\/Colecao-Cristais-de-Quartzo-Branco-Alta-Joalheria-2048x1228.jpg 2048w, https:\/\/terezaxavier.com.br\/wp-content\/uploads\/2023\/03\/Colecao-Cristais-de-Quartzo-Branco-Alta-Joalheria-370x222.jpg 370w, https:\/\/terezaxavier.com.br\/wp-content\/uploads\/2023\/03\/Colecao-Cristais-de-Quartzo-Branco-Alta-Joalheria-840x503.jpg 840w, https:\/\/terezaxavier.com.br\/wp-content\/uploads\/2023\/03\/Colecao-Cristais-de-Quartzo-Branco-Alta-Joalheria-410x246.jpg 410w, https:\/\/terezaxavier.com.br\/wp-content\/uploads\/2023\/03\/Colecao-Cristais-de-Quartzo-Branco-Alta-Joalheria-600x360.jpg 600w\" sizes=\"(max-width: 2560px) 100vw, 2560px\" \/>\t\t\t\t\t\t\t\t\t\t\t\t\t\t\t<\/div>\n\t\t\t\t<\/div>\n\t\t\t\t\t<\/div>\n\t\t<\/div>\n\t\t\t\t\t<\/div>\n\t\t<\/section>\n\t\t\t\t<section class=\"elementor-section elementor-top-section elementor-element elementor-element-b07c42a elementor-section-boxed elementor-section-height-default elementor-section-height-default sc_fly_static\" data-id=\"b07c42a\" data-element_type=\"section\" data-e-type=\"section\">\n\t\t\t\t\t\t<div class=\"elementor-container elementor-column-gap-extended\">\n\t\t\t\t\t<div class=\"elementor-column elementor-col-100 elementor-top-column elementor-element elementor-element-beb80d7 sc_content_align_inherit sc_layouts_column_icons_position_left sc_fly_static\" data-id=\"beb80d7\" data-element_type=\"column\" data-e-type=\"column\">\n\t\t\t<div class=\"elementor-widget-wrap elementor-element-populated\">\n\t\t\t\t\t\t<div class=\"elementor-element elementor-element-945f2ad sc_fly_static elementor-widget elementor-widget-spacer\" data-id=\"945f2ad\" data-element_type=\"widget\" data-e-type=\"widget\" data-widget_type=\"spacer.default\">\n\t\t\t\t<div class=\"elementor-widget-container\">\n\t\t\t\t\t\t\t<div class=\"elementor-spacer\">\n\t\t\t<div class=\"elementor-spacer-inner\"><\/div>\n\t\t<\/div>\n\t\t\t\t\t\t<\/div>\n\t\t\t\t<\/div>\n\t\t\t\t<div class=\"elementor-element elementor-element-cb21536 sc_fly_static elementor-widget elementor-widget-heading\" data-id=\"cb21536\" data-element_type=\"widget\" data-e-type=\"widget\" data-widget_type=\"heading.default\">\n\t\t\t\t<div class=\"elementor-widget-container\">\n\t\t\t\t\t<h2 class=\"elementor-heading-title elementor-size-default\">Cole\u00e7\u00e3o Cristais de Quartzo Branco<\/h2>\t\t\t\t<\/div>\n\t\t\t\t<\/div>\n\t\t\t\t<div class=\"elementor-element elementor-element-134c650 sc_fly_static elementor-widget elementor-widget-spacer\" data-id=\"134c650\" data-element_type=\"widget\" data-e-type=\"widget\" data-widget_type=\"spacer.default\">\n\t\t\t\t<div class=\"elementor-widget-container\">\n\t\t\t\t\t\t\t<div class=\"elementor-spacer\">\n\t\t\t<div class=\"elementor-spacer-inner\"><\/div>\n\t\t<\/div>\n\t\t\t\t\t\t<\/div>\n\t\t\t\t<\/div>\n\t\t\t\t<div class=\"elementor-element elementor-element-36fb5e2 sc_fly_static elementor-widget elementor-widget-text-editor\" data-id=\"36fb5e2\" data-element_type=\"widget\" data-e-type=\"widget\" data-widget_type=\"text-editor.default\">\n\t\t\t\t<div class=\"elementor-widget-container\">\n\t\t\t\t\t\t\t\t\t<p><span style=\"color: #000000;\">Esta Cole\u00e7\u00e3o traz pingentes de Cristal de Quartzo Branco pur\u00edssimos em diferentes lapida\u00e7\u00f5es. Estes pingentes podem ser portados em fios de seda pura, em fios de veludo, em colares de Pedras Preciosas ou em fios de Ouro.<\/span><br \/><span style=\"color: #000000;\">Estes pingentes podem ser confeccionados por encomenda, na lapida\u00e7\u00e3o da sua prefer\u00eancia.<\/span><br \/><span style=\"color: #000000;\">O Quartzo \u00e9 um Di\u00f3xido de Sil\u00edcio. \u00c9 conhecido como Cristal de Rocha. Tem qualidades pizoel\u00e9tricas e piroel\u00e9tricas. As propriedades destes Cristais suportam a amplifica\u00e7\u00e3o, foco, armazenamento, transfer\u00eancia e transforma\u00e7\u00e3o de energia.<\/span><br \/><span style=\"color: #000000;\">A tend\u00eancia natural do Quartzo \u00e9 para a harmonia, e \u00e9 reconhecido como uma \u201cpedra de poder\u201d. Ele pode intensificar o fluxo, e pode direcionar os pensamentos positivos e os sentimentos das pessoas atrav\u00e9s da luz, do amor, e da harmonia do planeta, ensinando como viver, sorrir e amar seus irm\u00e3os e irm\u00e3s.<\/span><\/p>\t\t\t\t\t\t\t\t<\/div>\n\t\t\t\t<\/div>\n\t\t\t\t<div class=\"elementor-element elementor-element-b277828 sc_fly_static elementor-widget elementor-widget-spacer\" data-id=\"b277828\" data-element_type=\"widget\" data-e-type=\"widget\" data-widget_type=\"spacer.default\">\n\t\t\t\t<div class=\"elementor-widget-container\">\n\t\t\t\t\t\t\t<div class=\"elementor-spacer\">\n\t\t\t<div class=\"elementor-spacer-inner\"><\/div>\n\t\t<\/div>\n\t\t\t\t\t\t<\/div>\n\t\t\t\t<\/div>\n\t\t\t\t<div class=\"elementor-element elementor-element-a08a132 sc_fly_static elementor-widget elementor-widget-text-editor\" data-id=\"a08a132\" data-element_type=\"widget\" data-e-type=\"widget\" data-widget_type=\"text-editor.default\">\n\t\t\t\t<div class=\"elementor-widget-container\">\n\t\t\t\t\t\t\t\t\t<blockquote><p style=\"text-align: center;\">Escolha seu Cristal de Quartzo Branco especial e o metal precioso desejado para confeccionarmos seu pingente por encomenda.<\/p><\/blockquote>\t\t\t\t\t\t\t\t<\/div>\n\t\t\t\t<\/div>\n\t\t\t\t\t<\/div>\n\t\t<\/div>\n\t\t\t\t\t<\/div>\n\t\t<\/section>\n\t\t\t\t<\/div>","protected":false},"excerpt":{"rendered":"<p>Cole\u00e7\u00e3o Cristais de Quartzo Branco Esta Cole\u00e7\u00e3o traz pingentes de Cristal de Quartzo Branco pur\u00edssimos em diferentes lapida\u00e7\u00f5es. Estes pingentes podem ser portados em fios de seda pura, em fios&hellip;<\/p>","protected":false},"author":1,"featured_media":0,"parent":0,"menu_order":0,"comment_status":"closed","ping_status":"closed","template":"elementor_header_footer","meta":{"_joinchat":[],"footnotes":""},"class_list":["post-24074","page","type-page","status-publish","hentry"],"_hostinger_reach_plugin_has_subscription_block":false,"_hostinger_reach_plugin_is_elementor":false,"_links":{"self":[{"href":"https:\/\/terezaxavier.com.br\/en\/wp-json\/wp\/v2\/pages\/24074","targetHints":{"allow":["GET"]}}],"collection":[{"href":"https:\/\/terezaxavier.com.br\/en\/wp-json\/wp\/v2\/pages"}],"about":[{"href":"https:\/\/terezaxavier.com.br\/en\/wp-json\/wp\/v2\/types\/page"}],"author":[{"embeddable":true,"href":"https:\/\/terezaxavier.com.br\/en\/wp-json\/wp\/v2\/users\/1"}],"replies":[{"embeddable":true,"href":"https:\/\/terezaxavier.com.br\/en\/wp-json\/wp\/v2\/comments?post=24074"}],"version-history":[{"count":35,"href":"https:\/\/terezaxavier.com.br\/en\/wp-json\/wp\/v2\/pages\/24074\/revisions"}],"predecessor-version":[{"id":44093,"href":"https:\/\/terezaxavier.com.br\/en\/wp-json\/wp\/v2\/pages\/24074\/revisions\/44093"}],"wp:attachment":[{"href":"https:\/\/terezaxavier.com.br\/en\/wp-json\/wp\/v2\/media?parent=24074"}],"curies":[{"name":"wp","href":"https:\/\/api.w.org\/{rel}","templated":true}]}}