{"id":24011,"date":"2023-03-29T18:04:27","date_gmt":"2023-03-29T21:04:27","guid":{"rendered":"https:\/\/terezaxavier.com.br\/?page_id=24011"},"modified":"2025-05-07T15:45:53","modified_gmt":"2025-05-07T18:45:53","slug":"colecao-geometria-sagrada-do-brasil-alta-joalheria","status":"publish","type":"page","link":"https:\/\/terezaxavier.com.br\/en\/colecao-geometria-sagrada-do-brasil-alta-joalheria\/","title":{"rendered":"Cole\u00e7\u00e3o Geometria Sagrada do Brasil Alta Joalheria"},"content":{"rendered":"<div data-elementor-type=\"wp-page\" data-elementor-id=\"24011\" class=\"elementor elementor-24011\" data-elementor-post-type=\"page\">\n\t\t\t\t\t\t<section class=\"elementor-section elementor-top-section elementor-element elementor-element-63ff12c elementor-section-full_width elementor-section-stretched elementor-section-height-default elementor-section-height-default sc_fly_static\" data-id=\"63ff12c\" data-element_type=\"section\" data-e-type=\"section\" data-settings=\"{&quot;stretch_section&quot;:&quot;section-stretched&quot;}\">\n\t\t\t\t\t\t<div class=\"elementor-container elementor-column-gap-extended\">\n\t\t\t\t\t<div class=\"elementor-column elementor-col-100 elementor-top-column elementor-element elementor-element-bfdaeb3 sc_content_align_inherit sc_layouts_column_icons_position_left sc_fly_static\" data-id=\"bfdaeb3\" data-element_type=\"column\" data-e-type=\"column\">\n\t\t\t<div class=\"elementor-widget-wrap elementor-element-populated\">\n\t\t\t\t\t\t<div class=\"elementor-element elementor-element-9722854 sc_fly_static elementor-widget elementor-widget-image\" data-id=\"9722854\" data-element_type=\"widget\" data-e-type=\"widget\" data-widget_type=\"image.default\">\n\t\t\t\t<div class=\"elementor-widget-container\">\n\t\t\t\t\t\t\t\t\t\t\t\t\t\t\t<img fetchpriority=\"high\" decoding=\"async\" width=\"3668\" height=\"2700\" src=\"https:\/\/terezaxavier.com.br\/wp-content\/uploads\/2023\/03\/geometria-sagrada-do-brasil-colecao.png\" class=\"attachment-full size-full wp-image-24023\" alt=\"\" srcset=\"https:\/\/terezaxavier.com.br\/wp-content\/uploads\/2023\/03\/geometria-sagrada-do-brasil-colecao.png 3668w, https:\/\/terezaxavier.com.br\/wp-content\/uploads\/2023\/03\/geometria-sagrada-do-brasil-colecao-300x221.png 300w, https:\/\/terezaxavier.com.br\/wp-content\/uploads\/2023\/03\/geometria-sagrada-do-brasil-colecao-1024x754.png 1024w, https:\/\/terezaxavier.com.br\/wp-content\/uploads\/2023\/03\/geometria-sagrada-do-brasil-colecao-768x565.png 768w, https:\/\/terezaxavier.com.br\/wp-content\/uploads\/2023\/03\/geometria-sagrada-do-brasil-colecao-1536x1131.png 1536w, https:\/\/terezaxavier.com.br\/wp-content\/uploads\/2023\/03\/geometria-sagrada-do-brasil-colecao-2048x1508.png 2048w, https:\/\/terezaxavier.com.br\/wp-content\/uploads\/2023\/03\/geometria-sagrada-do-brasil-colecao-370x272.png 370w, https:\/\/terezaxavier.com.br\/wp-content\/uploads\/2023\/03\/geometria-sagrada-do-brasil-colecao-840x618.png 840w, https:\/\/terezaxavier.com.br\/wp-content\/uploads\/2023\/03\/geometria-sagrada-do-brasil-colecao-410x302.png 410w, https:\/\/terezaxavier.com.br\/wp-content\/uploads\/2023\/03\/geometria-sagrada-do-brasil-colecao-600x442.png 600w\" sizes=\"(max-width: 3668px) 100vw, 3668px\" \/>\t\t\t\t\t\t\t\t\t\t\t\t\t\t\t<\/div>\n\t\t\t\t<\/div>\n\t\t\t\t\t<\/div>\n\t\t<\/div>\n\t\t\t\t\t<\/div>\n\t\t<\/section>\n\t\t\t\t<section class=\"elementor-section elementor-top-section elementor-element elementor-element-20c52c7 elementor-section-boxed elementor-section-height-default elementor-section-height-default sc_fly_static\" data-id=\"20c52c7\" data-element_type=\"section\" data-e-type=\"section\">\n\t\t\t\t\t\t<div class=\"elementor-container elementor-column-gap-extended\">\n\t\t\t\t\t<div class=\"elementor-column elementor-col-100 elementor-top-column elementor-element elementor-element-339f686 sc_content_align_inherit sc_layouts_column_icons_position_left sc_fly_static\" data-id=\"339f686\" data-element_type=\"column\" data-e-type=\"column\">\n\t\t\t<div class=\"elementor-widget-wrap elementor-element-populated\">\n\t\t\t\t\t\t<div class=\"elementor-element elementor-element-a2627d7 sc_fly_static elementor-widget elementor-widget-spacer\" data-id=\"a2627d7\" data-element_type=\"widget\" data-e-type=\"widget\" data-widget_type=\"spacer.default\">\n\t\t\t\t<div class=\"elementor-widget-container\">\n\t\t\t\t\t\t\t<div class=\"elementor-spacer\">\n\t\t\t<div class=\"elementor-spacer-inner\"><\/div>\n\t\t<\/div>\n\t\t\t\t\t\t<\/div>\n\t\t\t\t<\/div>\n\t\t\t\t<div class=\"elementor-element elementor-element-d40ee0d sc_fly_static elementor-widget elementor-widget-heading\" data-id=\"d40ee0d\" data-element_type=\"widget\" data-e-type=\"widget\" data-widget_type=\"heading.default\">\n\t\t\t\t<div class=\"elementor-widget-container\">\n\t\t\t\t\t<h2 class=\"elementor-heading-title elementor-size-default\">Sacred Geometry<\/h2>\t\t\t\t<\/div>\n\t\t\t\t<\/div>\n\t\t\t\t<div class=\"elementor-element elementor-element-703f4b0 sc_fly_static elementor-widget elementor-widget-text-editor\" data-id=\"703f4b0\" data-element_type=\"widget\" data-e-type=\"widget\" data-widget_type=\"text-editor.default\">\n\t\t\t\t<div class=\"elementor-widget-container\">\n\t\t\t\t\t\t\t\t\t<blockquote><p style=\"text-align: center;\" class=\"translation-block\">Sacred Geometry is a metaphor for ordering the universe. Nature has its own language and it\u2019s geometry.\nIn my build process using the Divine Proportion , the Gold Standard of Sacred Geometry and from the same language, the same grammar of nature, a huge print in jewels irradiation of harmony and beauty.<\/p><\/blockquote>\t\t\t\t\t\t\t\t<\/div>\n\t\t\t\t<\/div>\n\t\t\t\t\t<\/div>\n\t\t<\/div>\n\t\t\t\t\t<\/div>\n\t\t<\/section>\n\t\t\t\t<\/div>","protected":false},"excerpt":{"rendered":"<p>Cole\u00e7\u00e3o Geometria Sagrada do Brasil Tereza Xavier estuda Geometria Sagrada h\u00e1 mais de duas d\u00e9cadas, e aplica este conhecimento na sua arte da Alta Joalheria.\u00a0 Esta cole\u00e7\u00e3o revela a Geometria&hellip;<\/p>","protected":false},"author":1,"featured_media":0,"parent":0,"menu_order":0,"comment_status":"closed","ping_status":"closed","template":"elementor_header_footer","meta":{"_joinchat":[],"footnotes":""},"class_list":["post-24011","page","type-page","status-publish","hentry"],"_hostinger_reach_plugin_has_subscription_block":false,"_hostinger_reach_plugin_is_elementor":false,"_links":{"self":[{"href":"https:\/\/terezaxavier.com.br\/en\/wp-json\/wp\/v2\/pages\/24011","targetHints":{"allow":["GET"]}}],"collection":[{"href":"https:\/\/terezaxavier.com.br\/en\/wp-json\/wp\/v2\/pages"}],"about":[{"href":"https:\/\/terezaxavier.com.br\/en\/wp-json\/wp\/v2\/types\/page"}],"author":[{"embeddable":true,"href":"https:\/\/terezaxavier.com.br\/en\/wp-json\/wp\/v2\/users\/1"}],"replies":[{"embeddable":true,"href":"https:\/\/terezaxavier.com.br\/en\/wp-json\/wp\/v2\/comments?post=24011"}],"version-history":[{"count":32,"href":"https:\/\/terezaxavier.com.br\/en\/wp-json\/wp\/v2\/pages\/24011\/revisions"}],"predecessor-version":[{"id":42970,"href":"https:\/\/terezaxavier.com.br\/en\/wp-json\/wp\/v2\/pages\/24011\/revisions\/42970"}],"wp:attachment":[{"href":"https:\/\/terezaxavier.com.br\/en\/wp-json\/wp\/v2\/media?parent=24011"}],"curies":[{"name":"wp","href":"https:\/\/api.w.org\/{rel}","templated":true}]}}