{"id":23875,"date":"2023-03-29T12:47:43","date_gmt":"2023-03-29T15:47:43","guid":{"rendered":"https:\/\/terezaxavier.com.br\/?page_id=23875"},"modified":"2025-05-07T15:40:38","modified_gmt":"2025-05-07T18:40:38","slug":"colecao-bumba-meu-boi-alta-joalheria","status":"publish","type":"page","link":"https:\/\/terezaxavier.com.br\/en\/colecao-bumba-meu-boi-alta-joalheria\/","title":{"rendered":"Cole\u00e7\u00e3o Bumba Meu Boi Alta Joalheria"},"content":{"rendered":"<div data-elementor-type=\"wp-page\" data-elementor-id=\"23875\" class=\"elementor elementor-23875\" data-elementor-post-type=\"page\">\n\t\t\t\t\t\t<section class=\"elementor-section elementor-top-section elementor-element elementor-element-c7c2924 elementor-section-full_width elementor-section-stretched elementor-section-height-default elementor-section-height-default sc_fly_static\" data-id=\"c7c2924\" data-element_type=\"section\" data-e-type=\"section\" data-settings=\"{&quot;stretch_section&quot;:&quot;section-stretched&quot;}\">\n\t\t\t\t\t\t<div class=\"elementor-container elementor-column-gap-extended\">\n\t\t\t\t\t<div class=\"elementor-column elementor-col-100 elementor-top-column elementor-element elementor-element-ea7c173 sc_content_align_inherit sc_layouts_column_icons_position_left sc_fly_static\" data-id=\"ea7c173\" data-element_type=\"column\" data-e-type=\"column\">\n\t\t\t<div class=\"elementor-widget-wrap elementor-element-populated\">\n\t\t\t\t\t\t<div class=\"elementor-element elementor-element-bc55ea3 sc_fly_static elementor-widget elementor-widget-image\" data-id=\"bc55ea3\" data-element_type=\"widget\" data-e-type=\"widget\" data-widget_type=\"image.default\">\n\t\t\t\t<div class=\"elementor-widget-container\">\n\t\t\t\t\t\t\t\t\t\t\t\t\t\t\t<img fetchpriority=\"high\" decoding=\"async\" width=\"4032\" height=\"3024\" src=\"https:\/\/terezaxavier.com.br\/wp-content\/uploads\/2023\/03\/boi-bumba.png\" class=\"attachment-full size-full wp-image-23883\" alt=\"boi bumb\u00e1\" srcset=\"https:\/\/terezaxavier.com.br\/wp-content\/uploads\/2023\/03\/boi-bumba.png 4032w, https:\/\/terezaxavier.com.br\/wp-content\/uploads\/2023\/03\/boi-bumba-300x225.png 300w, https:\/\/terezaxavier.com.br\/wp-content\/uploads\/2023\/03\/boi-bumba-1024x768.png 1024w, https:\/\/terezaxavier.com.br\/wp-content\/uploads\/2023\/03\/boi-bumba-768x576.png 768w, https:\/\/terezaxavier.com.br\/wp-content\/uploads\/2023\/03\/boi-bumba-1536x1152.png 1536w, https:\/\/terezaxavier.com.br\/wp-content\/uploads\/2023\/03\/boi-bumba-2048x1536.png 2048w, https:\/\/terezaxavier.com.br\/wp-content\/uploads\/2023\/03\/boi-bumba-370x278.png 370w, https:\/\/terezaxavier.com.br\/wp-content\/uploads\/2023\/03\/boi-bumba-840x630.png 840w, https:\/\/terezaxavier.com.br\/wp-content\/uploads\/2023\/03\/boi-bumba-410x308.png 410w, https:\/\/terezaxavier.com.br\/wp-content\/uploads\/2023\/03\/boi-bumba-600x450.png 600w\" sizes=\"(max-width: 4032px) 100vw, 4032px\" \/>\t\t\t\t\t\t\t\t\t\t\t\t\t\t\t<\/div>\n\t\t\t\t<\/div>\n\t\t\t\t\t<\/div>\n\t\t<\/div>\n\t\t\t\t\t<\/div>\n\t\t<\/section>\n\t\t\t\t<section class=\"elementor-section elementor-top-section elementor-element elementor-element-db984a9 elementor-section-boxed elementor-section-height-default elementor-section-height-default sc_fly_static\" data-id=\"db984a9\" data-element_type=\"section\" data-e-type=\"section\">\n\t\t\t\t\t\t<div class=\"elementor-container elementor-column-gap-extended\">\n\t\t\t\t\t<div class=\"elementor-column elementor-col-100 elementor-top-column elementor-element elementor-element-b1a8e58 sc_content_align_inherit sc_layouts_column_icons_position_left sc_fly_static\" data-id=\"b1a8e58\" data-element_type=\"column\" data-e-type=\"column\">\n\t\t\t<div class=\"elementor-widget-wrap elementor-element-populated\">\n\t\t\t\t\t\t<div class=\"elementor-element elementor-element-31e1392 sc_fly_static elementor-widget elementor-widget-spacer\" data-id=\"31e1392\" data-element_type=\"widget\" data-e-type=\"widget\" data-widget_type=\"spacer.default\">\n\t\t\t\t<div class=\"elementor-widget-container\">\n\t\t\t\t\t\t\t<div class=\"elementor-spacer\">\n\t\t\t<div class=\"elementor-spacer-inner\"><\/div>\n\t\t<\/div>\n\t\t\t\t\t\t<\/div>\n\t\t\t\t<\/div>\n\t\t\t\t<div class=\"elementor-element elementor-element-bf2de80 sc_fly_static elementor-widget elementor-widget-heading\" data-id=\"bf2de80\" data-element_type=\"widget\" data-e-type=\"widget\" data-widget_type=\"heading.default\">\n\t\t\t\t<div class=\"elementor-widget-container\">\n\t\t\t\t\t<h2 class=\"elementor-heading-title elementor-size-default\">Cole\u00e7\u00e3o Bumba Meu Boi Alta Joalheria<\/h2>\t\t\t\t<\/div>\n\t\t\t\t<\/div>\n\t\t\t\t<div class=\"elementor-element elementor-element-a4fdc39 sc_fly_static elementor-widget elementor-widget-spacer\" data-id=\"a4fdc39\" data-element_type=\"widget\" data-e-type=\"widget\" data-widget_type=\"spacer.default\">\n\t\t\t\t<div class=\"elementor-widget-container\">\n\t\t\t\t\t\t\t<div class=\"elementor-spacer\">\n\t\t\t<div class=\"elementor-spacer-inner\"><\/div>\n\t\t<\/div>\n\t\t\t\t\t\t<\/div>\n\t\t\t\t<\/div>\n\t\t\t\t<div class=\"elementor-element elementor-element-1ad9e88 sc_fly_static elementor-widget elementor-widget-text-editor\" data-id=\"1ad9e88\" data-element_type=\"widget\" data-e-type=\"widget\" data-widget_type=\"text-editor.default\">\n\t\t\t\t<div class=\"elementor-widget-container\">\n\t\t\t\t\t\t\t\t\t<p><span style=\"color: #000000;\">Bumba Meu Boi is a colorful folk party. It is a popular opera featuring a Dancing Ox which mesmerizes playful people. With its charming moves \u2013 and, together, they all have fun. It is a Brazilian folklore with a huge aesthetic significance.<\/span><\/p><p><span style=\"color: #000000;\">O protetor do auto \u00e9 S\u00e3o Jo\u00e3o. A tradi\u00e7\u00e3o surgiu no s\u00e9culo XVIII, \u00e9 uma festa democr\u00e1tica, que envolve pessoas de todas as idades.<\/span><\/p><p><span style=\"color: #000000;\">O enredo do Bumb\u00e1 Meu Boi conta a est\u00f3ria de pai Francisco, um escravo que, para saciar o desejo de sua esposa gr\u00e1vida por comer uma l\u00edngua de boi, mata o boi de estima\u00e7\u00e3o do senhor da fazenda. Percebendo a morte do boi, o senhor convoca pag\u00e9s e curandeiras para ressuscitar o animal. O boi volta \u00e0 vida \u00e9 a comunidade festeja.\u00a0<\/span><\/p><p><span style=\"color: #000000;\">A joias desta Cole\u00e7\u00e3o podem ser confeccionadas em Prata, Ouro Amarelo, Ouro Rosa ou Ouro Branco, por encomenda.<\/span><\/p>\t\t\t\t\t\t\t\t<\/div>\n\t\t\t\t<\/div>\n\t\t\t\t<div class=\"elementor-element elementor-element-880408c sc_fly_static elementor-widget elementor-widget-spacer\" data-id=\"880408c\" data-element_type=\"widget\" data-e-type=\"widget\" data-widget_type=\"spacer.default\">\n\t\t\t\t<div class=\"elementor-widget-container\">\n\t\t\t\t\t\t\t<div class=\"elementor-spacer\">\n\t\t\t<div class=\"elementor-spacer-inner\"><\/div>\n\t\t<\/div>\n\t\t\t\t\t\t<\/div>\n\t\t\t\t<\/div>\n\t\t\t\t<div class=\"elementor-element elementor-element-f2d4ef9 sc_fly_static elementor-widget elementor-widget-text-editor\" data-id=\"f2d4ef9\" data-element_type=\"widget\" data-e-type=\"widget\" data-widget_type=\"text-editor.default\">\n\t\t\t\t<div class=\"elementor-widget-container\">\n\t\t\t\t\t\t\t\t\t<blockquote><p style=\"text-align: center;\"><em>&#8220;Viva S\u00e3o Jo\u00e3o!&#8221;<\/em><\/p><\/blockquote>\t\t\t\t\t\t\t\t<\/div>\n\t\t\t\t<\/div>\n\t\t\t\t<div class=\"elementor-element elementor-element-62f3aab sc_fly_static elementor-widget elementor-widget-spacer\" data-id=\"62f3aab\" data-element_type=\"widget\" data-e-type=\"widget\" data-widget_type=\"spacer.default\">\n\t\t\t\t<div class=\"elementor-widget-container\">\n\t\t\t\t\t\t\t<div class=\"elementor-spacer\">\n\t\t\t<div class=\"elementor-spacer-inner\"><\/div>\n\t\t<\/div>\n\t\t\t\t\t\t<\/div>\n\t\t\t\t<\/div>\n\t\t\t\t\t<\/div>\n\t\t<\/div>\n\t\t\t\t\t<\/div>\n\t\t<\/section>\n\t\t\t\t<section class=\"elementor-section elementor-top-section elementor-element elementor-element-422da94 elementor-section-boxed elementor-section-height-default elementor-section-height-default sc_fly_static\" data-id=\"422da94\" data-element_type=\"section\" data-e-type=\"section\">\n\t\t\t\t\t\t<div class=\"elementor-container elementor-column-gap-extended\">\n\t\t\t\t\t<div class=\"elementor-column elementor-col-33 elementor-top-column elementor-element elementor-element-ec2a67e sc_content_align_inherit sc_layouts_column_icons_position_left sc_fly_static\" data-id=\"ec2a67e\" data-element_type=\"column\" data-e-type=\"column\">\n\t\t\t<div class=\"elementor-widget-wrap\">\n\t\t\t\t\t\t\t<\/div>\n\t\t<\/div>\n\t\t\t\t<div class=\"elementor-column elementor-col-33 elementor-top-column elementor-element elementor-element-c88684f sc_content_align_inherit sc_layouts_column_icons_position_left sc_fly_static\" data-id=\"c88684f\" data-element_type=\"column\" data-e-type=\"column\">\n\t\t\t<div class=\"elementor-widget-wrap elementor-element-populated\">\n\t\t\t\t\t\t<div class=\"elementor-element elementor-element-f0c46a5 sc_fly_static elementor-widget elementor-widget-trx_sc_extended_products\" data-id=\"f0c46a5\" data-element_type=\"widget\" data-e-type=\"widget\" data-widget_type=\"trx_sc_extended_products.default\">\n\t\t\t\t<div class=\"elementor-widget-container\">\n\t\t\t\t\t<div  \n\tclass=\"sc_extended_products sc_extended_products_centered\" ><div class=\"sc_extended_products_content sc_item_content\" ><div class=\"woocommerce columns-1\"><ul class=\"products products_style_centered columns-1\">\n<li class=\"product type-product post-23904 status-publish first instock product_cat-alta-joalheria product_tag-boi-bumba-em-ouro has-post-thumbnail shipping-taxable product-type-simple product_style_centered\">\n\t\t\t<div class=\"post_item post_layout_thumbs\"\n\t\t\t\t\t>\n\t\t\t<div class=\"post_featured hover_shop\">\n\t\t\t\t\t\t\t\t<a href=\"https:\/\/terezaxavier.com.br\/en\/product\/boi-bumba-em-ouro\/\">\n\t\t\t\t<img decoding=\"async\" width=\"2048\" height=\"1536\" src=\"https:\/\/terezaxavier.com.br\/wp-content\/uploads\/2023\/03\/boi-bumba-2048x1536.png\" class=\"attachment-2048x2048 size-2048x2048\" alt=\"boi bumb\u00e1\" srcset=\"https:\/\/terezaxavier.com.br\/wp-content\/uploads\/2023\/03\/boi-bumba-2048x1536.png 2048w, https:\/\/terezaxavier.com.br\/wp-content\/uploads\/2023\/03\/boi-bumba-300x225.png 300w, https:\/\/terezaxavier.com.br\/wp-content\/uploads\/2023\/03\/boi-bumba-1024x768.png 1024w, https:\/\/terezaxavier.com.br\/wp-content\/uploads\/2023\/03\/boi-bumba-768x576.png 768w, https:\/\/terezaxavier.com.br\/wp-content\/uploads\/2023\/03\/boi-bumba-1536x1152.png 1536w, https:\/\/terezaxavier.com.br\/wp-content\/uploads\/2023\/03\/boi-bumba-370x278.png 370w, https:\/\/terezaxavier.com.br\/wp-content\/uploads\/2023\/03\/boi-bumba-840x630.png 840w, https:\/\/terezaxavier.com.br\/wp-content\/uploads\/2023\/03\/boi-bumba-410x308.png 410w, https:\/\/terezaxavier.com.br\/wp-content\/uploads\/2023\/03\/boi-bumba-600x450.png 600w\" sizes=\"(max-width: 2048px) 100vw, 2048px\" \/>\t\t\t\t<\/a>\n\t\t\t\t\t\t\t\t\t<div class=\"mask\"><\/div>\n\t\t\t\t\t\t\t\t\t<div class=\"icons\">\n\t\t\t\t\t<div class=\"tinv-wraper woocommerce tinv-wishlist tinvwl-shortcode-add-to-cart tinvwl-loop-button-wrapper tinvwl-woocommerce_before_shop_loop_item_title\"\r\n\t data-tinvwl_product_id=\"23904\">\r\n\t<div class=\"tinv-wishlist-clear\"><\/div><a role=\"button\" tabindex=\"0\" name=\"add-to-wishlist\" aria-label=\"Add to Wishlist\" class=\"tinvwl_add_to_wishlist_button tinvwl-icon-heart  tinvwl-position-shortcode tinvwl-loop\" data-tinv-wl-list=\"[]\" data-tinv-wl-product=\"23904\" data-tinv-wl-productvariation=\"0\" data-tinv-wl-productvariations=\"[]\" data-tinv-wl-producttype=\"simple\" data-tinv-wl-action=\"add\"><span class=\"tinvwl_add_to_wishlist-text\">Add to Wishlist<\/span><span class=\"tinvwl_remove_from_wishlist-text\">Remove from Wishlist<\/span><\/a><div class=\"tinv-wishlist-clear\"><\/div>\t\t<div\r\n\t\tclass=\"tinvwl-tooltip\">Add to Wishlist<\/div>\r\n<\/div>\r\n<a rel=\"nofollow\" href=\"https:\/\/terezaxavier.com.br\/en\/product\/boi-bumba-em-ouro\/\" \n\t\t\t\t\t\t\t\t\t\t\t\t\t\t\taria-hidden=\"true\" \n\t\t\t\t\t\t\t\t\t\t\t\t\t\t\tdata-quantity=\"1\" \n\t\t\t\t\t\t\t\t\t\t\t\t\t\t\tdata-product_id=\"23904\"\n\t\t\t\t\t\t\t\t\t\t\t\t\t\t\tdata-product_sku=\"\"\n\t\t\t\t\t\t\t\t\t\t\t\t\t\t\tclass=\"shop_cart icon-shopping-cart button add_to_cart_button product_type_simple product_out_stock ajax_add_to_cart\"><span class=\"icon-anim\"><\/span><\/a>\t\t\t\t\t<a href=\"https:\/\/terezaxavier.com.br\/en\/product\/boi-bumba-em-ouro\/\" aria-hidden=\"true\" class=\"shop_link\">\n\t\t\t\t\t\t<span class=\"icon-anim\"><\/span>\n\t\t\t\t\t<\/a>\n\t\t\t\t<\/div>\n\t\t\t\t\t\t\t<\/div>\n\t\t\t<div class=\"post_data\">\n\t\t\t\t<div class=\"post_data_inner\">\n\t\t\t\t\t<div class=\"post_header entry-header\">\n\t\t\t\t\t<h2 class=\"woocommerce-loop-product__title\"><a href=\"https:\/\/terezaxavier.com.br\/en\/product\/boi-bumba-em-ouro\/\">Bumb\u00e1 Meu Boi em Ouro<\/a><\/h2>\t\t\t<\/div>\n\t\t\n<a href=\"https:\/\/terezaxavier.com.br\/en\/product\/boi-bumba-em-ouro\/\" aria-describedby=\"woocommerce_loop_add_to_cart_link_describedby_23904\" data-quantity=\"1\" class=\"button product_type_simple\" data-product_id=\"23904\" data-product_sku=\"\" aria-label=\"Read more about \u201cBumb\u00e1 Meu Boi em Ouro\u201d\" rel=\"nofollow\" data-success_message=\"\" data-no-translation=\"\" data-trp-gettext=\"\" data-no-translation-aria-label=\"\">Read more<\/a>\t<span id=\"woocommerce_loop_add_to_cart_link_describedby_23904\" class=\"screen-reader-text\">\n\t\t\t<\/span>\n\t\t\t\t<\/div>\n\t\t\t<\/div>\n\t\t<\/div>\n\t\t<\/li>\n<\/ul>\n<\/div><\/div><\/div>\n\t\t\t\t<\/div>\n\t\t\t\t<\/div>\n\t\t\t\t\t<\/div>\n\t\t<\/div>\n\t\t\t\t<div class=\"elementor-column elementor-col-33 elementor-top-column elementor-element elementor-element-8a35770 sc_content_align_inherit sc_layouts_column_icons_position_left sc_fly_static\" data-id=\"8a35770\" data-element_type=\"column\" data-e-type=\"column\">\n\t\t\t<div class=\"elementor-widget-wrap\">\n\t\t\t\t\t\t\t<\/div>\n\t\t<\/div>\n\t\t\t\t\t<\/div>\n\t\t<\/section>\n\t\t\t\t<\/div>","protected":false},"excerpt":{"rendered":"<p>Cole\u00e7\u00e3o Bumba Meu Boi Alta Joalheria A festa do Bumb\u00e1 meu Boi \u00e9 folcl\u00f3rica, colorida, \u00e9 uma \u00f3pera popular, um boi bailante entre brincantes, O folguedo brasileiro de maior significa\u00e7\u00e3o&hellip;<\/p>","protected":false},"author":1,"featured_media":0,"parent":0,"menu_order":0,"comment_status":"closed","ping_status":"closed","template":"elementor_header_footer","meta":{"_joinchat":[],"footnotes":""},"class_list":["post-23875","page","type-page","status-publish","hentry"],"_hostinger_reach_plugin_has_subscription_block":false,"_hostinger_reach_plugin_is_elementor":false,"_links":{"self":[{"href":"https:\/\/terezaxavier.com.br\/en\/wp-json\/wp\/v2\/pages\/23875","targetHints":{"allow":["GET"]}}],"collection":[{"href":"https:\/\/terezaxavier.com.br\/en\/wp-json\/wp\/v2\/pages"}],"about":[{"href":"https:\/\/terezaxavier.com.br\/en\/wp-json\/wp\/v2\/types\/page"}],"author":[{"embeddable":true,"href":"https:\/\/terezaxavier.com.br\/en\/wp-json\/wp\/v2\/users\/1"}],"replies":[{"embeddable":true,"href":"https:\/\/terezaxavier.com.br\/en\/wp-json\/wp\/v2\/comments?post=23875"}],"version-history":[{"count":80,"href":"https:\/\/terezaxavier.com.br\/en\/wp-json\/wp\/v2\/pages\/23875\/revisions"}],"predecessor-version":[{"id":43174,"href":"https:\/\/terezaxavier.com.br\/en\/wp-json\/wp\/v2\/pages\/23875\/revisions\/43174"}],"wp:attachment":[{"href":"https:\/\/terezaxavier.com.br\/en\/wp-json\/wp\/v2\/media?parent=23875"}],"curies":[{"name":"wp","href":"https:\/\/api.w.org\/{rel}","templated":true}]}}