{"id":23651,"date":"2023-03-23T15:14:04","date_gmt":"2023-03-23T18:14:04","guid":{"rendered":"https:\/\/terezaxavier.com.br\/?page_id=23651"},"modified":"2025-05-07T15:41:29","modified_gmt":"2025-05-07T18:41:29","slug":"colecao-guizos-alta-joalheria","status":"publish","type":"page","link":"https:\/\/terezaxavier.com.br\/en\/colecao-guizos-alta-joalheria\/","title":{"rendered":"Cole\u00e7\u00e3o Guizos Alta Joalheria"},"content":{"rendered":"<div data-elementor-type=\"wp-page\" data-elementor-id=\"23651\" class=\"elementor elementor-23651\" data-elementor-post-type=\"page\">\n\t\t\t\t\t\t<section class=\"elementor-section elementor-top-section elementor-element elementor-element-5c707f6 elementor-section-full_width elementor-section-stretched elementor-section-height-default elementor-section-height-default sc_fly_static\" data-id=\"5c707f6\" data-element_type=\"section\" data-e-type=\"section\" data-settings=\"{&quot;stretch_section&quot;:&quot;section-stretched&quot;}\">\n\t\t\t\t\t\t<div class=\"elementor-container elementor-column-gap-extended\">\n\t\t\t\t\t<div class=\"elementor-column elementor-col-100 elementor-top-column elementor-element elementor-element-4816dd2 sc_content_align_inherit sc_layouts_column_icons_position_left sc_fly_static\" data-id=\"4816dd2\" data-element_type=\"column\" data-e-type=\"column\">\n\t\t\t<div class=\"elementor-widget-wrap elementor-element-populated\">\n\t\t\t\t\t\t<div class=\"elementor-element elementor-element-16ab367 sc_fly_static elementor-widget elementor-widget-image\" data-id=\"16ab367\" data-element_type=\"widget\" data-e-type=\"widget\" data-widget_type=\"image.default\">\n\t\t\t\t<div class=\"elementor-widget-container\">\n\t\t\t\t\t\t\t\t\t\t\t\t\t\t\t<img fetchpriority=\"high\" decoding=\"async\" width=\"2560\" height=\"1816\" src=\"https:\/\/terezaxavier.com.br\/wp-content\/uploads\/2023\/03\/colecao-guizos-alta-joalheria-scaled.jpg\" class=\"attachment-full size-full wp-image-23659\" alt=\"\" srcset=\"https:\/\/terezaxavier.com.br\/wp-content\/uploads\/2023\/03\/colecao-guizos-alta-joalheria-scaled.jpg 2560w, https:\/\/terezaxavier.com.br\/wp-content\/uploads\/2023\/03\/colecao-guizos-alta-joalheria-300x213.jpg 300w, https:\/\/terezaxavier.com.br\/wp-content\/uploads\/2023\/03\/colecao-guizos-alta-joalheria-1024x726.jpg 1024w, https:\/\/terezaxavier.com.br\/wp-content\/uploads\/2023\/03\/colecao-guizos-alta-joalheria-768x545.jpg 768w, https:\/\/terezaxavier.com.br\/wp-content\/uploads\/2023\/03\/colecao-guizos-alta-joalheria-1536x1089.jpg 1536w, https:\/\/terezaxavier.com.br\/wp-content\/uploads\/2023\/03\/colecao-guizos-alta-joalheria-2048x1453.jpg 2048w, https:\/\/terezaxavier.com.br\/wp-content\/uploads\/2023\/03\/colecao-guizos-alta-joalheria-370x262.jpg 370w, https:\/\/terezaxavier.com.br\/wp-content\/uploads\/2023\/03\/colecao-guizos-alta-joalheria-840x596.jpg 840w, https:\/\/terezaxavier.com.br\/wp-content\/uploads\/2023\/03\/colecao-guizos-alta-joalheria-410x291.jpg 410w, https:\/\/terezaxavier.com.br\/wp-content\/uploads\/2023\/03\/colecao-guizos-alta-joalheria-600x426.jpg 600w\" sizes=\"(max-width: 2560px) 100vw, 2560px\" \/>\t\t\t\t\t\t\t\t\t\t\t\t\t\t\t<\/div>\n\t\t\t\t<\/div>\n\t\t\t\t<div class=\"elementor-element elementor-element-ba4fc08 sc_fly_static elementor-widget elementor-widget-spacer\" data-id=\"ba4fc08\" data-element_type=\"widget\" data-e-type=\"widget\" data-widget_type=\"spacer.default\">\n\t\t\t\t<div class=\"elementor-widget-container\">\n\t\t\t\t\t\t\t<div class=\"elementor-spacer\">\n\t\t\t<div class=\"elementor-spacer-inner\"><\/div>\n\t\t<\/div>\n\t\t\t\t\t\t<\/div>\n\t\t\t\t<\/div>\n\t\t\t\t<div class=\"elementor-element elementor-element-b47d304 sc_fly_static elementor-widget elementor-widget-heading\" data-id=\"b47d304\" data-element_type=\"widget\" data-e-type=\"widget\" data-widget_type=\"heading.default\">\n\t\t\t\t<div class=\"elementor-widget-container\">\n\t\t\t\t\t<h2 class=\"elementor-heading-title elementor-size-default\">Cole\u00e7\u00e3o Guizos Alta Joalheria<\/h2>\t\t\t\t<\/div>\n\t\t\t\t<\/div>\n\t\t\t\t<div class=\"elementor-element elementor-element-a98a386 sc_fly_static elementor-widget elementor-widget-text-editor\" data-id=\"a98a386\" data-element_type=\"widget\" data-e-type=\"widget\" data-widget_type=\"text-editor.default\">\n\t\t\t\t<div class=\"elementor-widget-container\">\n\t\t\t\t\t\t\t\t\t<blockquote><p style=\"text-align: center;\">O Guizo tem a simbologia aproximada \u00e0 do sino, sobretudo pela percep\u00e7\u00e3o do som, o ouvido e o que ouvido percebe, <br \/>o som reflexo da vibra\u00e7\u00e3o primordial, o som sutil da revela\u00e7\u00e3o, a representa\u00e7\u00e3o do Poder Divino da exist\u00eancia.<\/p><\/blockquote>\t\t\t\t\t\t\t\t<\/div>\n\t\t\t\t<\/div>\n\t\t\t\t<div class=\"elementor-element elementor-element-7c1befd sc_fly_static elementor-widget elementor-widget-spacer\" data-id=\"7c1befd\" data-element_type=\"widget\" data-e-type=\"widget\" data-widget_type=\"spacer.default\">\n\t\t\t\t<div class=\"elementor-widget-container\">\n\t\t\t\t\t\t\t<div class=\"elementor-spacer\">\n\t\t\t<div class=\"elementor-spacer-inner\"><\/div>\n\t\t<\/div>\n\t\t\t\t\t\t<\/div>\n\t\t\t\t<\/div>\n\t\t\t\t\t<\/div>\n\t\t<\/div>\n\t\t\t\t\t<\/div>\n\t\t<\/section>\n\t\t\t\t<section class=\"elementor-section elementor-top-section elementor-element elementor-element-06aadbf elementor-section-boxed elementor-section-height-default elementor-section-height-default sc_fly_static\" data-id=\"06aadbf\" data-element_type=\"section\" data-e-type=\"section\">\n\t\t\t\t\t\t<div class=\"elementor-container elementor-column-gap-extended\">\n\t\t\t\t\t<div class=\"elementor-column elementor-col-33 elementor-top-column elementor-element elementor-element-8149cc6 sc_content_align_inherit sc_layouts_column_icons_position_left sc_fly_static\" data-id=\"8149cc6\" data-element_type=\"column\" data-e-type=\"column\">\n\t\t\t<div class=\"elementor-widget-wrap\">\n\t\t\t\t\t\t\t<\/div>\n\t\t<\/div>\n\t\t\t\t<div class=\"elementor-column elementor-col-33 elementor-top-column elementor-element elementor-element-87cfc84 sc_content_align_inherit sc_layouts_column_icons_position_left sc_fly_static\" data-id=\"87cfc84\" data-element_type=\"column\" data-e-type=\"column\">\n\t\t\t<div class=\"elementor-widget-wrap elementor-element-populated\">\n\t\t\t\t\t\t<div class=\"elementor-element elementor-element-88ba28d sc_fly_static elementor-widget elementor-widget-trx_sc_extended_products\" data-id=\"88ba28d\" data-element_type=\"widget\" data-e-type=\"widget\" data-widget_type=\"trx_sc_extended_products.default\">\n\t\t\t\t<div class=\"elementor-widget-container\">\n\t\t\t\t\t<div  \n\tclass=\"sc_extended_products sc_extended_products_simple\" ><div class=\"sc_extended_products_content sc_item_content\" ><div class=\"woocommerce columns-1\"><ul class=\"products products_style_simple columns-1\">\n<li class=\"product type-product post-23674 status-publish first instock product_cat-alta-joalheria product_tag-pingente-guizo has-post-thumbnail shipping-taxable product-type-simple product_style_simple\">\n\t\t\t<div class=\"post_item post_layout_thumbs\"\n\t\t\t\t\t>\n\t\t\t<div class=\"post_featured hover_shop\">\n\t\t\t\t\t\t\t\t<a href=\"https:\/\/terezaxavier.com.br\/en\/product\/pingente-guizo\/\">\n\t\t\t\t<img decoding=\"async\" width=\"2000\" height=\"2000\" src=\"https:\/\/terezaxavier.com.br\/wp-content\/uploads\/2023\/03\/guizo-1.png\" class=\"attachment-2048x2048 size-2048x2048\" alt=\"Pingente Guizo\" srcset=\"https:\/\/terezaxavier.com.br\/wp-content\/uploads\/2023\/03\/guizo-1.png 2000w, https:\/\/terezaxavier.com.br\/wp-content\/uploads\/2023\/03\/guizo-1-300x300.png 300w, https:\/\/terezaxavier.com.br\/wp-content\/uploads\/2023\/03\/guizo-1-1024x1024.png 1024w, https:\/\/terezaxavier.com.br\/wp-content\/uploads\/2023\/03\/guizo-1-150x150.png 150w, https:\/\/terezaxavier.com.br\/wp-content\/uploads\/2023\/03\/guizo-1-768x768.png 768w, https:\/\/terezaxavier.com.br\/wp-content\/uploads\/2023\/03\/guizo-1-1536x1536.png 1536w, https:\/\/terezaxavier.com.br\/wp-content\/uploads\/2023\/03\/guizo-1-370x370.png 370w, https:\/\/terezaxavier.com.br\/wp-content\/uploads\/2023\/03\/guizo-1-120x120.png 120w, https:\/\/terezaxavier.com.br\/wp-content\/uploads\/2023\/03\/guizo-1-840x840.png 840w, https:\/\/terezaxavier.com.br\/wp-content\/uploads\/2023\/03\/guizo-1-410x410.png 410w, https:\/\/terezaxavier.com.br\/wp-content\/uploads\/2023\/03\/guizo-1-600x600.png 600w\" sizes=\"(max-width: 2000px) 100vw, 2000px\" \/>\t\t\t\t<\/a>\n\t\t\t\t\t\t\t\t\t<div class=\"mask\"><\/div>\n\t\t\t\t\t\t\t\t\t<div class=\"icons\">\n\t\t\t\t\t<div class=\"tinv-wraper woocommerce tinv-wishlist tinvwl-shortcode-add-to-cart tinvwl-loop-button-wrapper tinvwl-woocommerce_before_shop_loop_item_title\"\r\n\t data-tinvwl_product_id=\"23674\">\r\n\t<div class=\"tinv-wishlist-clear\"><\/div><a role=\"button\" tabindex=\"0\" name=\"add-to-wishlist\" aria-label=\"Add to Wishlist\" class=\"tinvwl_add_to_wishlist_button tinvwl-icon-heart  tinvwl-position-shortcode tinvwl-loop\" data-tinv-wl-list=\"[]\" data-tinv-wl-product=\"23674\" data-tinv-wl-productvariation=\"0\" data-tinv-wl-productvariations=\"[]\" data-tinv-wl-producttype=\"simple\" data-tinv-wl-action=\"add\"><span class=\"tinvwl_add_to_wishlist-text\">Add to Wishlist<\/span><span class=\"tinvwl_remove_from_wishlist-text\">Remove from Wishlist<\/span><\/a><div class=\"tinv-wishlist-clear\"><\/div>\t\t<div\r\n\t\tclass=\"tinvwl-tooltip\">Add to Wishlist<\/div>\r\n<\/div>\r\n\t\t\t\t\t<a href=\"https:\/\/terezaxavier.com.br\/en\/product\/pingente-guizo\/\" aria-hidden=\"true\" class=\"shop_link\">\n\t\t\t\t\t\t<span class=\"icon-anim\"><\/span>\n\t\t\t\t\t<\/a>\n\t\t\t\t<\/div>\n\t\t\t\t\t\t\t<\/div>\n\t\t\t<div class=\"post_data\">\n\t\t\t\t<div class=\"post_data_inner\">\n\t\t\t\t\t<div class=\"post_header entry-header\">\n\t\t\t\t\t<h2 class=\"woocommerce-loop-product__title\"><a href=\"https:\/\/terezaxavier.com.br\/en\/product\/pingente-guizo\/\">Pingente Guizo<\/a><\/h2>\t\t\t<\/div>\n\t\t\n<div class=\"add_to_cart_wrap\"><a href=\"https:\/\/terezaxavier.com.br\/en\/product\/pingente-guizo\/\" aria-describedby=\"woocommerce_loop_add_to_cart_link_describedby_23674\" data-quantity=\"1\" class=\"button product_type_simple\" data-product_id=\"23674\" data-product_sku=\"\" aria-label=\"Read more about \u201cPingente Guizo\u201d\" rel=\"nofollow\" data-success_message=\"\" data-no-translation=\"\" data-trp-gettext=\"\" data-no-translation-aria-label=\"\">Read more<\/a><\/div>\t<span id=\"woocommerce_loop_add_to_cart_link_describedby_23674\" class=\"screen-reader-text\">\n\t\t\t<\/span>\n\t\t\t\t<\/div>\n\t\t\t<\/div>\n\t\t<\/div>\n\t\t<\/li>\n<\/ul>\n<\/div><\/div><\/div>\n\t\t\t\t<\/div>\n\t\t\t\t<\/div>\n\t\t\t\t\t<\/div>\n\t\t<\/div>\n\t\t\t\t<div class=\"elementor-column elementor-col-33 elementor-top-column elementor-element elementor-element-1e5b4a9 sc_content_align_inherit sc_layouts_column_icons_position_left sc_fly_static\" data-id=\"1e5b4a9\" data-element_type=\"column\" data-e-type=\"column\">\n\t\t\t<div class=\"elementor-widget-wrap\">\n\t\t\t\t\t\t\t<\/div>\n\t\t<\/div>\n\t\t\t\t\t<\/div>\n\t\t<\/section>\n\t\t\t\t<\/div>","protected":false},"excerpt":{"rendered":"<p>Cole\u00e7\u00e3o Guizos Alta Joalheria O Guizo tem a simbologia aproximada \u00e0 do sino, sobretudo pela percep\u00e7\u00e3o do som, o ouvido e o que ouvido percebe, o som reflexo da vibra\u00e7\u00e3o&hellip;<\/p>","protected":false},"author":1,"featured_media":0,"parent":0,"menu_order":0,"comment_status":"closed","ping_status":"closed","template":"elementor_header_footer","meta":{"_joinchat":[],"footnotes":""},"class_list":["post-23651","page","type-page","status-publish","hentry"],"_hostinger_reach_plugin_has_subscription_block":false,"_hostinger_reach_plugin_is_elementor":false,"_links":{"self":[{"href":"https:\/\/terezaxavier.com.br\/en\/wp-json\/wp\/v2\/pages\/23651","targetHints":{"allow":["GET"]}}],"collection":[{"href":"https:\/\/terezaxavier.com.br\/en\/wp-json\/wp\/v2\/pages"}],"about":[{"href":"https:\/\/terezaxavier.com.br\/en\/wp-json\/wp\/v2\/types\/page"}],"author":[{"embeddable":true,"href":"https:\/\/terezaxavier.com.br\/en\/wp-json\/wp\/v2\/users\/1"}],"replies":[{"embeddable":true,"href":"https:\/\/terezaxavier.com.br\/en\/wp-json\/wp\/v2\/comments?post=23651"}],"version-history":[{"count":62,"href":"https:\/\/terezaxavier.com.br\/en\/wp-json\/wp\/v2\/pages\/23651\/revisions"}],"predecessor-version":[{"id":42919,"href":"https:\/\/terezaxavier.com.br\/en\/wp-json\/wp\/v2\/pages\/23651\/revisions\/42919"}],"wp:attachment":[{"href":"https:\/\/terezaxavier.com.br\/en\/wp-json\/wp\/v2\/media?parent=23651"}],"curies":[{"name":"wp","href":"https:\/\/api.w.org\/{rel}","templated":true}]}}