{"id":23603,"date":"2023-03-23T14:09:22","date_gmt":"2023-03-23T17:09:22","guid":{"rendered":"https:\/\/terezaxavier.com.br\/?page_id=23603"},"modified":"2025-07-24T13:09:18","modified_gmt":"2025-07-24T16:09:18","slug":"colecao-meu-melhor-amigo-alta-joalheria","status":"publish","type":"page","link":"https:\/\/terezaxavier.com.br\/en\/colecao-meu-melhor-amigo-alta-joalheria\/","title":{"rendered":"Cole\u00e7\u00e3o Meu Melhor Amigo Alta Joalheria"},"content":{"rendered":"<div data-elementor-type=\"wp-page\" data-elementor-id=\"23603\" class=\"elementor elementor-23603\" data-elementor-post-type=\"page\">\n\t\t\t\t\t\t<section class=\"elementor-section elementor-top-section elementor-element elementor-element-73ea1c9 elementor-section-full_width elementor-section-stretched elementor-section-height-default elementor-section-height-default sc_fly_static\" data-id=\"73ea1c9\" data-element_type=\"section\" data-e-type=\"section\" data-settings=\"{&quot;stretch_section&quot;:&quot;section-stretched&quot;}\">\n\t\t\t\t\t\t<div class=\"elementor-container elementor-column-gap-extended\">\n\t\t\t\t\t<div class=\"elementor-column elementor-col-100 elementor-top-column elementor-element elementor-element-5e2668a sc_content_align_inherit sc_layouts_column_icons_position_left sc_fly_static\" data-id=\"5e2668a\" data-element_type=\"column\" data-e-type=\"column\">\n\t\t\t<div class=\"elementor-widget-wrap elementor-element-populated\">\n\t\t\t\t\t\t<div class=\"elementor-element elementor-element-7af95bb sc_fly_static elementor-widget elementor-widget-image\" data-id=\"7af95bb\" data-element_type=\"widget\" data-e-type=\"widget\" data-widget_type=\"image.default\">\n\t\t\t\t<div class=\"elementor-widget-container\">\n\t\t\t\t\t\t\t\t\t\t\t\t\t\t\t<img fetchpriority=\"high\" decoding=\"async\" width=\"2560\" height=\"1708\" src=\"https:\/\/terezaxavier.com.br\/wp-content\/uploads\/2023\/03\/pingente-meu-melhor-amigo-alta-joalheria-1-scaled.jpg\" class=\"attachment-full size-full wp-image-23619\" alt=\"\" srcset=\"https:\/\/terezaxavier.com.br\/wp-content\/uploads\/2023\/03\/pingente-meu-melhor-amigo-alta-joalheria-1-scaled.jpg 2560w, https:\/\/terezaxavier.com.br\/wp-content\/uploads\/2023\/03\/pingente-meu-melhor-amigo-alta-joalheria-1-300x200.jpg 300w, https:\/\/terezaxavier.com.br\/wp-content\/uploads\/2023\/03\/pingente-meu-melhor-amigo-alta-joalheria-1-1024x683.jpg 1024w, https:\/\/terezaxavier.com.br\/wp-content\/uploads\/2023\/03\/pingente-meu-melhor-amigo-alta-joalheria-1-768x513.jpg 768w, https:\/\/terezaxavier.com.br\/wp-content\/uploads\/2023\/03\/pingente-meu-melhor-amigo-alta-joalheria-1-1536x1025.jpg 1536w, https:\/\/terezaxavier.com.br\/wp-content\/uploads\/2023\/03\/pingente-meu-melhor-amigo-alta-joalheria-1-2048x1367.jpg 2048w, https:\/\/terezaxavier.com.br\/wp-content\/uploads\/2023\/03\/pingente-meu-melhor-amigo-alta-joalheria-1-370x247.jpg 370w, https:\/\/terezaxavier.com.br\/wp-content\/uploads\/2023\/03\/pingente-meu-melhor-amigo-alta-joalheria-1-840x561.jpg 840w, https:\/\/terezaxavier.com.br\/wp-content\/uploads\/2023\/03\/pingente-meu-melhor-amigo-alta-joalheria-1-410x274.jpg 410w, https:\/\/terezaxavier.com.br\/wp-content\/uploads\/2023\/03\/pingente-meu-melhor-amigo-alta-joalheria-1-600x400.jpg 600w\" sizes=\"(max-width: 2560px) 100vw, 2560px\" \/>\t\t\t\t\t\t\t\t\t\t\t\t\t\t\t<\/div>\n\t\t\t\t<\/div>\n\t\t\t\t<div class=\"elementor-element elementor-element-ad6afa2 sc_fly_static elementor-widget elementor-widget-spacer\" data-id=\"ad6afa2\" data-element_type=\"widget\" data-e-type=\"widget\" data-widget_type=\"spacer.default\">\n\t\t\t\t<div class=\"elementor-widget-container\">\n\t\t\t\t\t\t\t<div class=\"elementor-spacer\">\n\t\t\t<div class=\"elementor-spacer-inner\"><\/div>\n\t\t<\/div>\n\t\t\t\t\t\t<\/div>\n\t\t\t\t<\/div>\n\t\t\t\t\t<\/div>\n\t\t<\/div>\n\t\t\t\t\t<\/div>\n\t\t<\/section>\n\t\t<div class=\"elementor-element elementor-element-fd7eb8b e-flex e-con-boxed sc_layouts_column_icons_position_left e-con e-parent\" data-id=\"fd7eb8b\" data-element_type=\"container\" data-e-type=\"container\">\n\t\t\t\t\t<div class=\"e-con-inner\">\n\t\t\t\t<div class=\"elementor-element elementor-element-572d191 sc_fly_static elementor-widget elementor-widget-heading\" data-id=\"572d191\" data-element_type=\"widget\" data-e-type=\"widget\" data-widget_type=\"heading.default\">\n\t\t\t\t<div class=\"elementor-widget-container\">\n\t\t\t\t\t<h2 class=\"elementor-heading-title elementor-size-default\">Cole\u00e7\u00e3o Meu Melhor Amigo Alta Joalheria<\/h2>\t\t\t\t<\/div>\n\t\t\t\t<\/div>\n\t\t\t\t\t<\/div>\n\t\t\t\t<\/div>\n\t\t\t\t<section class=\"elementor-section elementor-top-section elementor-element elementor-element-4511502 elementor-section-boxed elementor-section-height-default elementor-section-height-default sc_fly_static\" data-id=\"4511502\" data-element_type=\"section\" data-e-type=\"section\" data-settings=\"{&quot;background_background&quot;:&quot;classic&quot;}\">\n\t\t\t\t\t\t\t<div class=\"elementor-background-overlay\"><\/div>\n\t\t\t\t\t\t\t<div class=\"elementor-container elementor-column-gap-extended\">\n\t\t\t\t\t<div class=\"elementor-column elementor-col-100 elementor-top-column elementor-element elementor-element-21fa888 sc_content_align_inherit sc_layouts_column_icons_position_left sc_fly_static\" data-id=\"21fa888\" data-element_type=\"column\" data-e-type=\"column\" data-settings=\"{&quot;background_background&quot;:&quot;classic&quot;}\">\n\t\t\t<div class=\"elementor-widget-wrap elementor-element-populated\">\n\t\t\t\t\t<div class=\"elementor-background-overlay\"><\/div>\n\t\t\t\t\t\t<div class=\"elementor-element elementor-element-a355388 sc_fly_static elementor-widget elementor-widget-text-editor\" data-id=\"a355388\" data-element_type=\"widget\" data-e-type=\"widget\" data-widget_type=\"text-editor.default\">\n\t\t\t\t<div class=\"elementor-widget-container\">\n\t\t\t\t\t\t\t\t\t<blockquote><p style=\"text-align: center;\"><em>&#8220;Se voc\u00ea tiver sorte, um cachorro <span style=\"color: #1d1d1d;\"><span style=\"font-size: 20.0004px;\">entrar\u00e1<\/span><\/span> na sua vida, roubar\u00e1 seu cora\u00e7\u00e3o, e mudar\u00e1 tudo!&#8221;<\/em><\/p><\/blockquote>\t\t\t\t\t\t\t\t<\/div>\n\t\t\t\t<\/div>\n\t\t\t\t<div class=\"elementor-element elementor-element-333e6c8 sc_fly_static elementor-widget elementor-widget-text-editor\" data-id=\"333e6c8\" data-element_type=\"widget\" data-e-type=\"widget\" data-widget_type=\"text-editor.default\">\n\t\t\t\t<div class=\"elementor-widget-container\">\n\t\t\t\t\t\t\t\t\t<blockquote><p style=\"text-align: center;\">A Cole\u00e7\u00e3o Meu Melhor Amigo, inspirada nos dois amados mascotes da marca, Melktzdek e Zebedeu, homenageia carinhosamente os animais, com design inusitado e elegante, e coloca com muito amor, arte e beleza &#8220;a servi\u00e7o dos nossos irm\u00e3os menores.&#8221;<\/p><p style=\"text-align: center;\">Desde o Rio de Janeiro, surgem C\u00e3opanheiros, C\u00e3oRIOcas, Aumigos, Miaumigos, e os singelos fios de S\u00e3o Francisco multicoloridos, passamanarias delicadas confeccionadas \u00e0 m\u00e3o.\u00a0<\/p><p style=\"text-align: center;\">Patas esculpidas em Cristal de Quartzo Branco pur\u00edssimo, em Cristal de Quartzo Fum\u00ea, em Jaspe, em \u00c1gata, e em muitas mais Pedras Preciosas, convertem-se em lindos pingentes sustentados por Diamantes Brancos ou Negros.<\/p><p style=\"text-align: center;\"><span style=\"color: #1d1d1d;\">As patas esculpidas com difierentes Pedras Preciosas s\u00e3o confeccionadas apenas por encomenda.<\/span><\/p><\/blockquote>\t\t\t\t\t\t\t\t<\/div>\n\t\t\t\t<\/div>\n\t\t\t\t<div class=\"elementor-element elementor-element-30558e6 sc_fly_static elementor-widget elementor-widget-text-editor\" data-id=\"30558e6\" data-element_type=\"widget\" data-e-type=\"widget\" data-widget_type=\"text-editor.default\">\n\t\t\t\t<div class=\"elementor-widget-container\">\n\t\t\t\t\t\t\t\t\t<blockquote><p style=\"text-align: center;\"><em>&#8220;Haver\u00e1 um dia em que os homens conhecer\u00e3o o \u00edntimo dos animais, e nesse dia, um crime contra um animal ser\u00e1 considerado um crime contra a humanidade.&#8221;<\/em><\/p><p>\u00a0<\/p><p style=\"text-align: center;\">Leonardo Da Vinci<\/p><\/blockquote>\t\t\t\t\t\t\t\t<\/div>\n\t\t\t\t<\/div>\n\t\t\t\t<div class=\"elementor-element elementor-element-647fca4 sc_fly_static elementor-widget elementor-widget-spacer\" data-id=\"647fca4\" data-element_type=\"widget\" data-e-type=\"widget\" data-widget_type=\"spacer.default\">\n\t\t\t\t<div class=\"elementor-widget-container\">\n\t\t\t\t\t\t\t<div class=\"elementor-spacer\">\n\t\t\t<div class=\"elementor-spacer-inner\"><\/div>\n\t\t<\/div>\n\t\t\t\t\t\t<\/div>\n\t\t\t\t<\/div>\n\t\t\t\t\t<\/div>\n\t\t<\/div>\n\t\t\t\t\t<\/div>\n\t\t<\/section>\n\t\t\t\t<section class=\"elementor-section elementor-top-section elementor-element elementor-element-ae00fc6 elementor-section-full_width elementor-section-stretched elementor-section-height-default elementor-section-height-default sc_fly_static\" data-id=\"ae00fc6\" data-element_type=\"section\" data-e-type=\"section\" data-settings=\"{&quot;stretch_section&quot;:&quot;section-stretched&quot;}\">\n\t\t\t\t\t\t<div class=\"elementor-container elementor-column-gap-extended\">\n\t\t\t\t\t<div class=\"elementor-column elementor-col-33 elementor-top-column elementor-element elementor-element-29fb76f sc_content_align_inherit sc_layouts_column_icons_position_left sc_fly_static\" data-id=\"29fb76f\" data-element_type=\"column\" data-e-type=\"column\">\n\t\t\t<div class=\"elementor-widget-wrap elementor-element-populated\">\n\t\t\t\t\t\t<div class=\"elementor-element elementor-element-0e6cc2c sc_fly_static elementor-widget elementor-widget-trx_sc_extended_products\" data-id=\"0e6cc2c\" data-element_type=\"widget\" data-e-type=\"widget\" data-widget_type=\"trx_sc_extended_products.default\">\n\t\t\t\t<div class=\"elementor-widget-container\">\n\t\t\t\t\t<div  \n\tclass=\"sc_extended_products sc_extended_products_simple\" ><div class=\"sc_extended_products_content sc_item_content\" ><div class=\"woocommerce columns-1\"><ul class=\"products products_style_simple columns-1\">\n<li class=\"product type-product post-42102 status-publish first instock product_cat-alta-joalheria has-post-thumbnail shipping-taxable product-type-simple product_style_simple\">\n\t\t\t<div class=\"post_item post_layout_thumbs\"\n\t\t\t\t\t>\n\t\t\t<div class=\"post_featured hover_shop\">\n\t\t\t\t\t\t\t\t<a href=\"https:\/\/terezaxavier.com.br\/en\/product\/pingente-pata-2\/\">\n\t\t\t\t<img decoding=\"async\" width=\"2048\" height=\"1367\" src=\"https:\/\/terezaxavier.com.br\/wp-content\/uploads\/2023\/03\/pingente-pata-diamantes-brancos-2048x1367.jpg\" class=\"attachment-2048x2048 size-2048x2048\" alt=\"Pingente Pata\" srcset=\"https:\/\/terezaxavier.com.br\/wp-content\/uploads\/2023\/03\/pingente-pata-diamantes-brancos-2048x1367.jpg 2048w, https:\/\/terezaxavier.com.br\/wp-content\/uploads\/2023\/03\/pingente-pata-diamantes-brancos-300x200.jpg 300w, https:\/\/terezaxavier.com.br\/wp-content\/uploads\/2023\/03\/pingente-pata-diamantes-brancos-1024x683.jpg 1024w, https:\/\/terezaxavier.com.br\/wp-content\/uploads\/2023\/03\/pingente-pata-diamantes-brancos-768x513.jpg 768w, https:\/\/terezaxavier.com.br\/wp-content\/uploads\/2023\/03\/pingente-pata-diamantes-brancos-1536x1025.jpg 1536w, https:\/\/terezaxavier.com.br\/wp-content\/uploads\/2023\/03\/pingente-pata-diamantes-brancos-370x247.jpg 370w, https:\/\/terezaxavier.com.br\/wp-content\/uploads\/2023\/03\/pingente-pata-diamantes-brancos-840x561.jpg 840w, https:\/\/terezaxavier.com.br\/wp-content\/uploads\/2023\/03\/pingente-pata-diamantes-brancos-410x274.jpg 410w, https:\/\/terezaxavier.com.br\/wp-content\/uploads\/2023\/03\/pingente-pata-diamantes-brancos-600x400.jpg 600w\" sizes=\"(max-width: 2048px) 100vw, 2048px\" \/>\t\t\t\t<\/a>\n\t\t\t\t\t\t\t\t\t<div class=\"mask\"><\/div>\n\t\t\t\t\t\t\t\t\t<div class=\"icons\">\n\t\t\t\t\t<div class=\"tinv-wraper woocommerce tinv-wishlist tinvwl-shortcode-add-to-cart tinvwl-loop-button-wrapper tinvwl-woocommerce_before_shop_loop_item_title\"\r\n\t data-tinvwl_product_id=\"42102\">\r\n\t<div class=\"tinv-wishlist-clear\"><\/div><a role=\"button\" tabindex=\"0\" name=\"add-to-wishlist\" aria-label=\"Add to Wishlist\" class=\"tinvwl_add_to_wishlist_button tinvwl-icon-heart  tinvwl-position-shortcode tinvwl-loop\" data-tinv-wl-list=\"[]\" data-tinv-wl-product=\"42102\" data-tinv-wl-productvariation=\"0\" data-tinv-wl-productvariations=\"[]\" data-tinv-wl-producttype=\"simple\" data-tinv-wl-action=\"add\"><span class=\"tinvwl_add_to_wishlist-text\">Add to Wishlist<\/span><span class=\"tinvwl_remove_from_wishlist-text\">Remove from Wishlist<\/span><\/a><div class=\"tinv-wishlist-clear\"><\/div>\t\t<div\r\n\t\tclass=\"tinvwl-tooltip\">Add to Wishlist<\/div>\r\n<\/div>\r\n\t\t\t\t\t<a href=\"https:\/\/terezaxavier.com.br\/en\/product\/pingente-pata-2\/\" aria-hidden=\"true\" class=\"shop_link\">\n\t\t\t\t\t\t<span class=\"icon-anim\"><\/span>\n\t\t\t\t\t<\/a>\n\t\t\t\t<\/div>\n\t\t\t\t\t\t\t<\/div>\n\t\t\t<div class=\"post_data\">\n\t\t\t\t<div class=\"post_data_inner\">\n\t\t\t\t\t<div class=\"post_header entry-header\">\n\t\t\t\t\t<h2 class=\"woocommerce-loop-product__title\"><a href=\"https:\/\/terezaxavier.com.br\/en\/product\/pingente-pata-2\/\">Pingente Pata<\/a><\/h2>\t\t\t<\/div>\n\t\t\n<div class=\"add_to_cart_wrap\"><a href=\"https:\/\/terezaxavier.com.br\/en\/product\/pingente-pata-2\/\" aria-describedby=\"woocommerce_loop_add_to_cart_link_describedby_42102\" data-quantity=\"1\" class=\"button product_type_simple\" data-product_id=\"42102\" data-product_sku=\"\" aria-label=\"Read more about \u201cPingente Pata\u201d\" rel=\"nofollow\" data-success_message=\"\" data-no-translation=\"\" data-trp-gettext=\"\" data-no-translation-aria-label=\"\">Read more<\/a><\/div>\t<span id=\"woocommerce_loop_add_to_cart_link_describedby_42102\" class=\"screen-reader-text\">\n\t\t\t<\/span>\n\t\t\t\t<\/div>\n\t\t\t<\/div>\n\t\t<\/div>\n\t\t<\/li>\n<\/ul>\n<\/div><\/div><\/div>\n\t\t\t\t<\/div>\n\t\t\t\t<\/div>\n\t\t\t\t\t<\/div>\n\t\t<\/div>\n\t\t\t\t<div class=\"elementor-column elementor-col-33 elementor-top-column elementor-element elementor-element-c185f68 sc_content_align_inherit sc_layouts_column_icons_position_left sc_fly_static\" data-id=\"c185f68\" data-element_type=\"column\" data-e-type=\"column\">\n\t\t\t<div class=\"elementor-widget-wrap elementor-element-populated\">\n\t\t\t\t\t\t<div class=\"elementor-element elementor-element-c733425 sc_fly_static elementor-widget elementor-widget-trx_sc_extended_products\" data-id=\"c733425\" data-element_type=\"widget\" data-e-type=\"widget\" data-widget_type=\"trx_sc_extended_products.default\">\n\t\t\t\t<div class=\"elementor-widget-container\">\n\t\t\t\t\t<div  \n\tclass=\"sc_extended_products sc_extended_products_simple\" ><div class=\"sc_extended_products_content sc_item_content\" ><div class=\"woocommerce columns-1\"><ul class=\"products products_style_simple columns-1\">\n<li class=\"product type-product post-42101 status-publish first instock product_cat-alta-joalheria has-post-thumbnail shipping-taxable product-type-simple product_style_simple\">\n\t\t\t<div class=\"post_item post_layout_thumbs\"\n\t\t\t\t\t>\n\t\t\t<div class=\"post_featured hover_shop\">\n\t\t\t\t\t\t\t\t<a href=\"https:\/\/terezaxavier.com.br\/en\/product\/pingente-pata\/\">\n\t\t\t\t<img decoding=\"async\" width=\"2048\" height=\"1367\" src=\"https:\/\/terezaxavier.com.br\/wp-content\/uploads\/2023\/03\/pingente-pata-diamantes-negros-2048x1367.jpg\" class=\"attachment-2048x2048 size-2048x2048\" alt=\"Pingente Pata\" srcset=\"https:\/\/terezaxavier.com.br\/wp-content\/uploads\/2023\/03\/pingente-pata-diamantes-negros-2048x1367.jpg 2048w, https:\/\/terezaxavier.com.br\/wp-content\/uploads\/2023\/03\/pingente-pata-diamantes-negros-300x200.jpg 300w, https:\/\/terezaxavier.com.br\/wp-content\/uploads\/2023\/03\/pingente-pata-diamantes-negros-1024x683.jpg 1024w, https:\/\/terezaxavier.com.br\/wp-content\/uploads\/2023\/03\/pingente-pata-diamantes-negros-768x513.jpg 768w, https:\/\/terezaxavier.com.br\/wp-content\/uploads\/2023\/03\/pingente-pata-diamantes-negros-1536x1025.jpg 1536w, https:\/\/terezaxavier.com.br\/wp-content\/uploads\/2023\/03\/pingente-pata-diamantes-negros-370x247.jpg 370w, https:\/\/terezaxavier.com.br\/wp-content\/uploads\/2023\/03\/pingente-pata-diamantes-negros-840x561.jpg 840w, https:\/\/terezaxavier.com.br\/wp-content\/uploads\/2023\/03\/pingente-pata-diamantes-negros-410x274.jpg 410w, https:\/\/terezaxavier.com.br\/wp-content\/uploads\/2023\/03\/pingente-pata-diamantes-negros-600x400.jpg 600w\" sizes=\"(max-width: 2048px) 100vw, 2048px\" \/>\t\t\t\t<\/a>\n\t\t\t\t\t\t\t\t\t<div class=\"mask\"><\/div>\n\t\t\t\t\t\t\t\t\t<div class=\"icons\">\n\t\t\t\t\t<div class=\"tinv-wraper woocommerce tinv-wishlist tinvwl-shortcode-add-to-cart tinvwl-loop-button-wrapper tinvwl-woocommerce_before_shop_loop_item_title\"\r\n\t data-tinvwl_product_id=\"42101\">\r\n\t<div class=\"tinv-wishlist-clear\"><\/div><a role=\"button\" tabindex=\"0\" name=\"add-to-wishlist\" aria-label=\"Add to Wishlist\" class=\"tinvwl_add_to_wishlist_button tinvwl-icon-heart  tinvwl-position-shortcode tinvwl-loop\" data-tinv-wl-list=\"[]\" data-tinv-wl-product=\"42101\" data-tinv-wl-productvariation=\"0\" data-tinv-wl-productvariations=\"[]\" data-tinv-wl-producttype=\"simple\" data-tinv-wl-action=\"add\"><span class=\"tinvwl_add_to_wishlist-text\">Add to Wishlist<\/span><span class=\"tinvwl_remove_from_wishlist-text\">Remove from Wishlist<\/span><\/a><div class=\"tinv-wishlist-clear\"><\/div>\t\t<div\r\n\t\tclass=\"tinvwl-tooltip\">Add to Wishlist<\/div>\r\n<\/div>\r\n\t\t\t\t\t<a href=\"https:\/\/terezaxavier.com.br\/en\/product\/pingente-pata\/\" aria-hidden=\"true\" class=\"shop_link\">\n\t\t\t\t\t\t<span class=\"icon-anim\"><\/span>\n\t\t\t\t\t<\/a>\n\t\t\t\t<\/div>\n\t\t\t\t\t\t\t<\/div>\n\t\t\t<div class=\"post_data\">\n\t\t\t\t<div class=\"post_data_inner\">\n\t\t\t\t\t<div class=\"post_header entry-header\">\n\t\t\t\t\t<h2 class=\"woocommerce-loop-product__title\"><a href=\"https:\/\/terezaxavier.com.br\/en\/product\/pingente-pata\/\">Pingente Pata<\/a><\/h2>\t\t\t<\/div>\n\t\t\n<div class=\"add_to_cart_wrap\"><a href=\"https:\/\/terezaxavier.com.br\/en\/product\/pingente-pata\/\" aria-describedby=\"woocommerce_loop_add_to_cart_link_describedby_42101\" data-quantity=\"1\" class=\"button product_type_simple\" data-product_id=\"42101\" data-product_sku=\"\" aria-label=\"Read more about \u201cPingente Pata\u201d\" rel=\"nofollow\" data-success_message=\"\" data-no-translation=\"\" data-trp-gettext=\"\" data-no-translation-aria-label=\"\">Read more<\/a><\/div>\t<span id=\"woocommerce_loop_add_to_cart_link_describedby_42101\" class=\"screen-reader-text\">\n\t\t\t<\/span>\n\t\t\t\t<\/div>\n\t\t\t<\/div>\n\t\t<\/div>\n\t\t<\/li>\n<\/ul>\n<\/div><\/div><\/div>\n\t\t\t\t<\/div>\n\t\t\t\t<\/div>\n\t\t\t\t\t<\/div>\n\t\t<\/div>\n\t\t\t\t<div class=\"elementor-column elementor-col-33 elementor-top-column elementor-element elementor-element-88329a4 sc_content_align_inherit sc_layouts_column_icons_position_left sc_fly_static\" data-id=\"88329a4\" data-element_type=\"column\" data-e-type=\"column\">\n\t\t\t<div class=\"elementor-widget-wrap elementor-element-populated\">\n\t\t\t\t\t\t<div class=\"elementor-element elementor-element-d8fb979 sc_fly_static elementor-widget elementor-widget-trx_sc_extended_products\" data-id=\"d8fb979\" data-element_type=\"widget\" data-e-type=\"widget\" data-widget_type=\"trx_sc_extended_products.default\">\n\t\t\t\t<div class=\"elementor-widget-container\">\n\t\t\t\t\t<div  \n\tclass=\"sc_extended_products sc_extended_products_simple\" ><div class=\"sc_extended_products_content sc_item_content\" ><div class=\"woocommerce columns-1\"><ul class=\"products products_style_simple columns-1\">\n<li class=\"product type-product post-42103 status-publish first instock product_cat-alta-joalheria has-post-thumbnail shipping-taxable product-type-simple product_style_simple\">\n\t\t\t<div class=\"post_item post_layout_thumbs\"\n\t\t\t\t\t>\n\t\t\t<div class=\"post_featured hover_shop\">\n\t\t\t\t\t\t\t\t<a href=\"https:\/\/terezaxavier.com.br\/en\/product\/pingente-pata-3\/\">\n\t\t\t\t<img loading=\"lazy\" decoding=\"async\" width=\"2048\" height=\"1367\" src=\"https:\/\/terezaxavier.com.br\/wp-content\/uploads\/2023\/03\/pigente-pata-diamantes-coloridos-2048x1367.jpg\" class=\"attachment-2048x2048 size-2048x2048\" alt=\"Pingente Pata\" srcset=\"https:\/\/terezaxavier.com.br\/wp-content\/uploads\/2023\/03\/pigente-pata-diamantes-coloridos-2048x1367.jpg 2048w, https:\/\/terezaxavier.com.br\/wp-content\/uploads\/2023\/03\/pigente-pata-diamantes-coloridos-300x200.jpg 300w, https:\/\/terezaxavier.com.br\/wp-content\/uploads\/2023\/03\/pigente-pata-diamantes-coloridos-1024x683.jpg 1024w, https:\/\/terezaxavier.com.br\/wp-content\/uploads\/2023\/03\/pigente-pata-diamantes-coloridos-768x513.jpg 768w, https:\/\/terezaxavier.com.br\/wp-content\/uploads\/2023\/03\/pigente-pata-diamantes-coloridos-1536x1025.jpg 1536w, https:\/\/terezaxavier.com.br\/wp-content\/uploads\/2023\/03\/pigente-pata-diamantes-coloridos-370x247.jpg 370w, https:\/\/terezaxavier.com.br\/wp-content\/uploads\/2023\/03\/pigente-pata-diamantes-coloridos-840x561.jpg 840w, https:\/\/terezaxavier.com.br\/wp-content\/uploads\/2023\/03\/pigente-pata-diamantes-coloridos-410x274.jpg 410w, https:\/\/terezaxavier.com.br\/wp-content\/uploads\/2023\/03\/pigente-pata-diamantes-coloridos-600x400.jpg 600w\" sizes=\"(max-width: 2048px) 100vw, 2048px\" \/>\t\t\t\t<\/a>\n\t\t\t\t\t\t\t\t\t<div class=\"mask\"><\/div>\n\t\t\t\t\t\t\t\t\t<div class=\"icons\">\n\t\t\t\t\t<div class=\"tinv-wraper woocommerce tinv-wishlist tinvwl-shortcode-add-to-cart tinvwl-loop-button-wrapper tinvwl-woocommerce_before_shop_loop_item_title\"\r\n\t data-tinvwl_product_id=\"42103\">\r\n\t<div class=\"tinv-wishlist-clear\"><\/div><a role=\"button\" tabindex=\"0\" name=\"add-to-wishlist\" aria-label=\"Add to Wishlist\" class=\"tinvwl_add_to_wishlist_button tinvwl-icon-heart  tinvwl-position-shortcode tinvwl-loop\" data-tinv-wl-list=\"[]\" data-tinv-wl-product=\"42103\" data-tinv-wl-productvariation=\"0\" data-tinv-wl-productvariations=\"[]\" data-tinv-wl-producttype=\"simple\" data-tinv-wl-action=\"add\"><span class=\"tinvwl_add_to_wishlist-text\">Add to Wishlist<\/span><span class=\"tinvwl_remove_from_wishlist-text\">Remove from Wishlist<\/span><\/a><div class=\"tinv-wishlist-clear\"><\/div>\t\t<div\r\n\t\tclass=\"tinvwl-tooltip\">Add to Wishlist<\/div>\r\n<\/div>\r\n\t\t\t\t\t<a href=\"https:\/\/terezaxavier.com.br\/en\/product\/pingente-pata-3\/\" aria-hidden=\"true\" class=\"shop_link\">\n\t\t\t\t\t\t<span class=\"icon-anim\"><\/span>\n\t\t\t\t\t<\/a>\n\t\t\t\t<\/div>\n\t\t\t\t\t\t\t<\/div>\n\t\t\t<div class=\"post_data\">\n\t\t\t\t<div class=\"post_data_inner\">\n\t\t\t\t\t<div class=\"post_header entry-header\">\n\t\t\t\t\t<h2 class=\"woocommerce-loop-product__title\"><a href=\"https:\/\/terezaxavier.com.br\/en\/product\/pingente-pata-3\/\">Pingente Pata<\/a><\/h2>\t\t\t<\/div>\n\t\t\n<div class=\"add_to_cart_wrap\"><a href=\"https:\/\/terezaxavier.com.br\/en\/product\/pingente-pata-3\/\" aria-describedby=\"woocommerce_loop_add_to_cart_link_describedby_42103\" data-quantity=\"1\" class=\"button product_type_simple\" data-product_id=\"42103\" data-product_sku=\"\" aria-label=\"Read more about \u201cPingente Pata\u201d\" rel=\"nofollow\" data-success_message=\"\" data-no-translation=\"\" data-trp-gettext=\"\" data-no-translation-aria-label=\"\">Read more<\/a><\/div>\t<span id=\"woocommerce_loop_add_to_cart_link_describedby_42103\" class=\"screen-reader-text\">\n\t\t\t<\/span>\n\t\t\t\t<\/div>\n\t\t\t<\/div>\n\t\t<\/div>\n\t\t<\/li>\n<\/ul>\n<\/div><\/div><\/div>\n\t\t\t\t<\/div>\n\t\t\t\t<\/div>\n\t\t\t\t\t<\/div>\n\t\t<\/div>\n\t\t\t\t\t<\/div>\n\t\t<\/section>\n\t\t\t\t<\/div>","protected":false},"excerpt":{"rendered":"<p>Cole\u00e7\u00e3o Meu Melhor Amigo Alta Joalheria &#8220;Se voc\u00ea tiver sorte, um cachorro entrar\u00e1 na sua vida, roubar\u00e1 seu cora\u00e7\u00e3o, e mudar\u00e1 tudo!&#8221; A Cole\u00e7\u00e3o Meu Melhor Amigo, inspirada nos dois&hellip;<\/p>","protected":false},"author":1,"featured_media":0,"parent":0,"menu_order":0,"comment_status":"closed","ping_status":"closed","template":"elementor_header_footer","meta":{"_joinchat":[],"footnotes":""},"class_list":["post-23603","page","type-page","status-publish","hentry"],"_hostinger_reach_plugin_has_subscription_block":false,"_hostinger_reach_plugin_is_elementor":false,"_links":{"self":[{"href":"https:\/\/terezaxavier.com.br\/en\/wp-json\/wp\/v2\/pages\/23603","targetHints":{"allow":["GET"]}}],"collection":[{"href":"https:\/\/terezaxavier.com.br\/en\/wp-json\/wp\/v2\/pages"}],"about":[{"href":"https:\/\/terezaxavier.com.br\/en\/wp-json\/wp\/v2\/types\/page"}],"author":[{"embeddable":true,"href":"https:\/\/terezaxavier.com.br\/en\/wp-json\/wp\/v2\/users\/1"}],"replies":[{"embeddable":true,"href":"https:\/\/terezaxavier.com.br\/en\/wp-json\/wp\/v2\/comments?post=23603"}],"version-history":[{"count":145,"href":"https:\/\/terezaxavier.com.br\/en\/wp-json\/wp\/v2\/pages\/23603\/revisions"}],"predecessor-version":[{"id":43229,"href":"https:\/\/terezaxavier.com.br\/en\/wp-json\/wp\/v2\/pages\/23603\/revisions\/43229"}],"wp:attachment":[{"href":"https:\/\/terezaxavier.com.br\/en\/wp-json\/wp\/v2\/media?parent=23603"}],"curies":[{"name":"wp","href":"https:\/\/api.w.org\/{rel}","templated":true}]}}