{"id":23563,"date":"2023-03-23T12:10:02","date_gmt":"2023-03-23T15:10:02","guid":{"rendered":"https:\/\/terezaxavier.com.br\/?page_id=23563"},"modified":"2025-05-07T15:39:23","modified_gmt":"2025-05-07T18:39:23","slug":"colecao-nossa-senhora-de-copacabana-alta-joalheria","status":"publish","type":"page","link":"https:\/\/terezaxavier.com.br\/en\/colecao-nossa-senhora-de-copacabana-alta-joalheria\/","title":{"rendered":"Cole\u00e7\u00e3o Nossa Senhora de Copacabana Alta Joalheria"},"content":{"rendered":"<div data-elementor-type=\"wp-page\" data-elementor-id=\"23563\" class=\"elementor elementor-23563\" data-elementor-post-type=\"page\">\n\t\t\t\t\t\t<section class=\"elementor-section elementor-top-section elementor-element elementor-element-fd686a3 elementor-section-full_width elementor-section-stretched elementor-section-height-default elementor-section-height-default sc_fly_static\" data-id=\"fd686a3\" data-element_type=\"section\" data-e-type=\"section\" data-settings=\"{&quot;stretch_section&quot;:&quot;section-stretched&quot;}\">\n\t\t\t\t\t\t<div class=\"elementor-container elementor-column-gap-extended\">\n\t\t\t\t\t<div class=\"elementor-column elementor-col-100 elementor-top-column elementor-element elementor-element-47b865c sc_content_align_inherit sc_layouts_column_icons_position_left sc_fly_static\" data-id=\"47b865c\" data-element_type=\"column\" data-e-type=\"column\">\n\t\t\t<div class=\"elementor-widget-wrap elementor-element-populated\">\n\t\t\t\t\t\t<div class=\"elementor-element elementor-element-3ef9915 sc_fly_static elementor-widget elementor-widget-image\" data-id=\"3ef9915\" data-element_type=\"widget\" data-e-type=\"widget\" data-widget_type=\"image.default\">\n\t\t\t\t<div class=\"elementor-widget-container\">\n\t\t\t\t\t\t\t\t\t\t\t\t\t\t\t<img fetchpriority=\"high\" decoding=\"async\" width=\"2560\" height=\"1702\" src=\"https:\/\/terezaxavier.com.br\/wp-content\/uploads\/2023\/03\/colecao-nossa-senhora-de-copacabana-alta-joalheria-scaled.jpg\" class=\"attachment-full size-full wp-image-23574\" alt=\"\" srcset=\"https:\/\/terezaxavier.com.br\/wp-content\/uploads\/2023\/03\/colecao-nossa-senhora-de-copacabana-alta-joalheria-scaled.jpg 2560w, https:\/\/terezaxavier.com.br\/wp-content\/uploads\/2023\/03\/colecao-nossa-senhora-de-copacabana-alta-joalheria-300x199.jpg 300w, https:\/\/terezaxavier.com.br\/wp-content\/uploads\/2023\/03\/colecao-nossa-senhora-de-copacabana-alta-joalheria-1024x681.jpg 1024w, https:\/\/terezaxavier.com.br\/wp-content\/uploads\/2023\/03\/colecao-nossa-senhora-de-copacabana-alta-joalheria-768x511.jpg 768w, https:\/\/terezaxavier.com.br\/wp-content\/uploads\/2023\/03\/colecao-nossa-senhora-de-copacabana-alta-joalheria-1536x1021.jpg 1536w, https:\/\/terezaxavier.com.br\/wp-content\/uploads\/2023\/03\/colecao-nossa-senhora-de-copacabana-alta-joalheria-2048x1362.jpg 2048w, https:\/\/terezaxavier.com.br\/wp-content\/uploads\/2023\/03\/colecao-nossa-senhora-de-copacabana-alta-joalheria-370x246.jpg 370w, https:\/\/terezaxavier.com.br\/wp-content\/uploads\/2023\/03\/colecao-nossa-senhora-de-copacabana-alta-joalheria-840x559.jpg 840w, https:\/\/terezaxavier.com.br\/wp-content\/uploads\/2023\/03\/colecao-nossa-senhora-de-copacabana-alta-joalheria-410x273.jpg 410w, https:\/\/terezaxavier.com.br\/wp-content\/uploads\/2023\/03\/colecao-nossa-senhora-de-copacabana-alta-joalheria-600x399.jpg 600w\" sizes=\"(max-width: 2560px) 100vw, 2560px\" \/>\t\t\t\t\t\t\t\t\t\t\t\t\t\t\t<\/div>\n\t\t\t\t<\/div>\n\t\t\t\t<div class=\"elementor-element elementor-element-7f1cb18 sc_fly_static elementor-widget elementor-widget-spacer\" data-id=\"7f1cb18\" data-element_type=\"widget\" data-e-type=\"widget\" data-widget_type=\"spacer.default\">\n\t\t\t\t<div class=\"elementor-widget-container\">\n\t\t\t\t\t\t\t<div class=\"elementor-spacer\">\n\t\t\t<div class=\"elementor-spacer-inner\"><\/div>\n\t\t<\/div>\n\t\t\t\t\t\t<\/div>\n\t\t\t\t<\/div>\n\t\t\t\t<div class=\"elementor-element elementor-element-b515fd8 sc_fly_static elementor-widget elementor-widget-heading\" data-id=\"b515fd8\" data-element_type=\"widget\" data-e-type=\"widget\" data-widget_type=\"heading.default\">\n\t\t\t\t<div class=\"elementor-widget-container\">\n\t\t\t\t\t<h2 class=\"elementor-heading-title elementor-size-default\">Cole\u00e7\u00e3o Nossa Senhora de Copacabana Alta Joalheria<\/h2>\t\t\t\t<\/div>\n\t\t\t\t<\/div>\n\t\t\t\t<div class=\"elementor-element elementor-element-b0a7bc6 sc_fly_static elementor-widget elementor-widget-spacer\" data-id=\"b0a7bc6\" data-element_type=\"widget\" data-e-type=\"widget\" data-widget_type=\"spacer.default\">\n\t\t\t\t<div class=\"elementor-widget-container\">\n\t\t\t\t\t\t\t<div class=\"elementor-spacer\">\n\t\t\t<div class=\"elementor-spacer-inner\"><\/div>\n\t\t<\/div>\n\t\t\t\t\t\t<\/div>\n\t\t\t\t<\/div>\n\t\t\t\t<div class=\"elementor-element elementor-element-b4c7646 sc_fly_static elementor-widget elementor-widget-text-editor\" data-id=\"b4c7646\" data-element_type=\"widget\" data-e-type=\"widget\" data-widget_type=\"text-editor.default\">\n\t\t\t\t<div class=\"elementor-widget-container\">\n\t\t\t\t\t\t\t\t\t<p style=\"text-align: center;\"><span style=\"color: #000000;\">A imagem de Nossa Senhora de Copacabana, a virgem morena do mundo Inca, do Mirante do Azul, foi encontrada nas \u00e1guas do lago Titicaca, \u00e0s margens do qual est\u00e1 a cidade de Copacabana, na Bol\u00edvia.<\/span><\/p><p style=\"text-align: center;\"><span style=\"color: #000000;\">O bairro de Copacabana na cidade do Rio de Janeiro, recebeu seu nome em honra de Nossa Senhora de Copacabana.<\/span><\/p>\t\t\t\t\t\t\t\t<\/div>\n\t\t\t\t<\/div>\n\t\t\t\t<div class=\"elementor-element elementor-element-65e18f8 sc_fly_static elementor-widget elementor-widget-spacer\" data-id=\"65e18f8\" data-element_type=\"widget\" data-e-type=\"widget\" data-widget_type=\"spacer.default\">\n\t\t\t\t<div class=\"elementor-widget-container\">\n\t\t\t\t\t\t\t<div class=\"elementor-spacer\">\n\t\t\t<div class=\"elementor-spacer-inner\"><\/div>\n\t\t<\/div>\n\t\t\t\t\t\t<\/div>\n\t\t\t\t<\/div>\n\t\t\t\t\t<\/div>\n\t\t<\/div>\n\t\t\t\t\t<\/div>\n\t\t<\/section>\n\t\t<div class=\"elementor-element elementor-element-5912fb6 e-flex e-con-boxed sc_layouts_column_icons_position_left e-con e-parent\" data-id=\"5912fb6\" data-element_type=\"container\" data-e-type=\"container\">\n\t\t\t\t\t<div class=\"e-con-inner\">\n\t\t<div class=\"elementor-element elementor-element-fd43e9b e-con-full e-flex sc_layouts_column_icons_position_left e-con e-child\" data-id=\"fd43e9b\" data-element_type=\"container\" data-e-type=\"container\">\n\t\t\t\t<div class=\"elementor-element elementor-element-08b32ca sc_fly_static elementor-widget elementor-widget-trx_sc_extended_products\" data-id=\"08b32ca\" data-element_type=\"widget\" data-e-type=\"widget\" data-widget_type=\"trx_sc_extended_products.default\">\n\t\t\t\t<div class=\"elementor-widget-container\">\n\t\t\t\t\t<div  \n\tclass=\"sc_extended_products sc_extended_products_centered\" ><div class=\"sc_extended_products_content sc_item_content\" ><div class=\"woocommerce columns-1\"><ul class=\"products products_style_centered columns-1\">\n<li class=\"product type-product post-36709 status-publish first instock product_cat-alta-joalheria has-post-thumbnail shipping-taxable product-type-simple product_style_centered\">\n\t\t\t<div class=\"post_item post_layout_thumbs\"\n\t\t\t\t\t>\n\t\t\t<div class=\"post_featured hover_shop\">\n\t\t\t\t\t\t\t\t<a href=\"https:\/\/terezaxavier.com.br\/en\/product\/pingente-nossa-senhora-de-copacabana-ouro-amarelo\/\">\n\t\t\t\t<img decoding=\"async\" width=\"2000\" height=\"2000\" src=\"https:\/\/terezaxavier.com.br\/wp-content\/uploads\/2024\/01\/pingente-nossa-senhora-de-copacabana-ouro.png\" class=\"attachment-2048x2048 size-2048x2048\" alt=\"Pingente Nossa Senhora de Copacabana Ouro Amarelo\" srcset=\"https:\/\/terezaxavier.com.br\/wp-content\/uploads\/2024\/01\/pingente-nossa-senhora-de-copacabana-ouro.png 2000w, https:\/\/terezaxavier.com.br\/wp-content\/uploads\/2024\/01\/pingente-nossa-senhora-de-copacabana-ouro-300x300.png 300w, https:\/\/terezaxavier.com.br\/wp-content\/uploads\/2024\/01\/pingente-nossa-senhora-de-copacabana-ouro-1024x1024.png 1024w, https:\/\/terezaxavier.com.br\/wp-content\/uploads\/2024\/01\/pingente-nossa-senhora-de-copacabana-ouro-150x150.png 150w, https:\/\/terezaxavier.com.br\/wp-content\/uploads\/2024\/01\/pingente-nossa-senhora-de-copacabana-ouro-768x768.png 768w, https:\/\/terezaxavier.com.br\/wp-content\/uploads\/2024\/01\/pingente-nossa-senhora-de-copacabana-ouro-1536x1536.png 1536w, https:\/\/terezaxavier.com.br\/wp-content\/uploads\/2024\/01\/pingente-nossa-senhora-de-copacabana-ouro-370x370.png 370w, https:\/\/terezaxavier.com.br\/wp-content\/uploads\/2024\/01\/pingente-nossa-senhora-de-copacabana-ouro-120x120.png 120w, https:\/\/terezaxavier.com.br\/wp-content\/uploads\/2024\/01\/pingente-nossa-senhora-de-copacabana-ouro-840x840.png 840w, https:\/\/terezaxavier.com.br\/wp-content\/uploads\/2024\/01\/pingente-nossa-senhora-de-copacabana-ouro-410x410.png 410w, https:\/\/terezaxavier.com.br\/wp-content\/uploads\/2024\/01\/pingente-nossa-senhora-de-copacabana-ouro-600x600.png 600w\" sizes=\"(max-width: 2000px) 100vw, 2000px\" \/>\t\t\t\t<\/a>\n\t\t\t\t\t\t\t\t\t<div class=\"mask\"><\/div>\n\t\t\t\t\t\t\t\t\t<div class=\"icons\">\n\t\t\t\t\t<div class=\"tinv-wraper woocommerce tinv-wishlist tinvwl-shortcode-add-to-cart tinvwl-loop-button-wrapper tinvwl-woocommerce_before_shop_loop_item_title\"\r\n\t data-tinvwl_product_id=\"36709\">\r\n\t<div class=\"tinv-wishlist-clear\"><\/div><a role=\"button\" tabindex=\"0\" name=\"add-to-wishlist\" aria-label=\"Add to Wishlist\" class=\"tinvwl_add_to_wishlist_button tinvwl-icon-heart  tinvwl-position-shortcode tinvwl-loop\" data-tinv-wl-list=\"[]\" data-tinv-wl-product=\"36709\" data-tinv-wl-productvariation=\"0\" data-tinv-wl-productvariations=\"[]\" data-tinv-wl-producttype=\"simple\" data-tinv-wl-action=\"add\"><span class=\"tinvwl_add_to_wishlist-text\">Add to Wishlist<\/span><span class=\"tinvwl_remove_from_wishlist-text\">Remove from Wishlist<\/span><\/a><div class=\"tinv-wishlist-clear\"><\/div>\t\t<div\r\n\t\tclass=\"tinvwl-tooltip\">Add to Wishlist<\/div>\r\n<\/div>\r\n<a rel=\"nofollow\" href=\"https:\/\/terezaxavier.com.br\/en\/product\/pingente-nossa-senhora-de-copacabana-ouro-amarelo\/\" \n\t\t\t\t\t\t\t\t\t\t\t\t\t\t\taria-hidden=\"true\" \n\t\t\t\t\t\t\t\t\t\t\t\t\t\t\tdata-quantity=\"1\" \n\t\t\t\t\t\t\t\t\t\t\t\t\t\t\tdata-product_id=\"36709\"\n\t\t\t\t\t\t\t\t\t\t\t\t\t\t\tdata-product_sku=\"\"\n\t\t\t\t\t\t\t\t\t\t\t\t\t\t\tclass=\"shop_cart icon-shopping-cart button add_to_cart_button product_type_simple product_out_stock ajax_add_to_cart\"><span class=\"icon-anim\"><\/span><\/a>\t\t\t\t\t<a href=\"https:\/\/terezaxavier.com.br\/en\/product\/pingente-nossa-senhora-de-copacabana-ouro-amarelo\/\" aria-hidden=\"true\" class=\"shop_link\">\n\t\t\t\t\t\t<span class=\"icon-anim\"><\/span>\n\t\t\t\t\t<\/a>\n\t\t\t\t<\/div>\n\t\t\t\t\t\t\t<\/div>\n\t\t\t<div class=\"post_data\">\n\t\t\t\t<div class=\"post_data_inner\">\n\t\t\t\t\t<div class=\"post_header entry-header\">\n\t\t\t\t\t<h2 class=\"woocommerce-loop-product__title\"><a href=\"https:\/\/terezaxavier.com.br\/en\/product\/pingente-nossa-senhora-de-copacabana-ouro-amarelo\/\">Pingente Nossa Senhora de Copacabana Ouro Amarelo<\/a><\/h2>\t\t\t<\/div>\n\t\t\n<a href=\"https:\/\/terezaxavier.com.br\/en\/product\/pingente-nossa-senhora-de-copacabana-ouro-amarelo\/\" aria-describedby=\"woocommerce_loop_add_to_cart_link_describedby_36709\" data-quantity=\"1\" class=\"button product_type_simple\" data-product_id=\"36709\" data-product_sku=\"\" aria-label=\"Read more about \u201cPingente Nossa Senhora de Copacabana Ouro Amarelo\u201d\" rel=\"nofollow\" data-success_message=\"\" data-no-translation=\"\" data-trp-gettext=\"\" data-no-translation-aria-label=\"\">Read more<\/a>\t<span id=\"woocommerce_loop_add_to_cart_link_describedby_36709\" class=\"screen-reader-text\">\n\t\t\t<\/span>\n\t\t\t\t<\/div>\n\t\t\t<\/div>\n\t\t<\/div>\n\t\t<\/li>\n<\/ul>\n<\/div><\/div><\/div>\n\t\t\t\t<\/div>\n\t\t\t\t<\/div>\n\t\t\t\t<\/div>\n\t\t<div class=\"elementor-element elementor-element-e745268 e-con-full e-flex sc_layouts_column_icons_position_left e-con e-child\" data-id=\"e745268\" data-element_type=\"container\" data-e-type=\"container\">\n\t\t\t\t<div class=\"elementor-element elementor-element-d2b6649 sc_fly_static elementor-widget elementor-widget-trx_sc_extended_products\" data-id=\"d2b6649\" data-element_type=\"widget\" data-e-type=\"widget\" data-widget_type=\"trx_sc_extended_products.default\">\n\t\t\t\t<div class=\"elementor-widget-container\">\n\t\t\t\t\t<div  \n\tclass=\"sc_extended_products sc_extended_products_centered\" ><div class=\"sc_extended_products_content sc_item_content\" ><div class=\"woocommerce columns-1\"><ul class=\"products products_style_centered columns-1\">\n<li class=\"product type-product post-36714 status-publish first instock product_cat-sem-categoria has-post-thumbnail shipping-taxable product-type-simple product_style_centered\">\n\t\t\t<div class=\"post_item post_layout_thumbs\"\n\t\t\t\t\t>\n\t\t\t<div class=\"post_featured hover_shop\">\n\t\t\t\t\t\t\t\t<a href=\"https:\/\/terezaxavier.com.br\/en\/product\/pingente-nossa-senhora-de-copacabana-ouro-rosa\/\">\n\t\t\t\t<img decoding=\"async\" width=\"2000\" height=\"2000\" src=\"https:\/\/terezaxavier.com.br\/wp-content\/uploads\/2023\/03\/pingente-nossa-senhora-de-copacabana.png\" class=\"attachment-2048x2048 size-2048x2048\" alt=\"pingente nossa senhora de copacabana\" srcset=\"https:\/\/terezaxavier.com.br\/wp-content\/uploads\/2023\/03\/pingente-nossa-senhora-de-copacabana.png 2000w, https:\/\/terezaxavier.com.br\/wp-content\/uploads\/2023\/03\/pingente-nossa-senhora-de-copacabana-300x300.png 300w, https:\/\/terezaxavier.com.br\/wp-content\/uploads\/2023\/03\/pingente-nossa-senhora-de-copacabana-1024x1024.png 1024w, https:\/\/terezaxavier.com.br\/wp-content\/uploads\/2023\/03\/pingente-nossa-senhora-de-copacabana-150x150.png 150w, https:\/\/terezaxavier.com.br\/wp-content\/uploads\/2023\/03\/pingente-nossa-senhora-de-copacabana-768x768.png 768w, https:\/\/terezaxavier.com.br\/wp-content\/uploads\/2023\/03\/pingente-nossa-senhora-de-copacabana-1536x1536.png 1536w, https:\/\/terezaxavier.com.br\/wp-content\/uploads\/2023\/03\/pingente-nossa-senhora-de-copacabana-370x370.png 370w, https:\/\/terezaxavier.com.br\/wp-content\/uploads\/2023\/03\/pingente-nossa-senhora-de-copacabana-120x120.png 120w, https:\/\/terezaxavier.com.br\/wp-content\/uploads\/2023\/03\/pingente-nossa-senhora-de-copacabana-840x840.png 840w, https:\/\/terezaxavier.com.br\/wp-content\/uploads\/2023\/03\/pingente-nossa-senhora-de-copacabana-410x410.png 410w, https:\/\/terezaxavier.com.br\/wp-content\/uploads\/2023\/03\/pingente-nossa-senhora-de-copacabana-600x600.png 600w\" sizes=\"(max-width: 2000px) 100vw, 2000px\" \/>\t\t\t\t<\/a>\n\t\t\t\t\t\t\t\t\t<div class=\"mask\"><\/div>\n\t\t\t\t\t\t\t\t\t<div class=\"icons\">\n\t\t\t\t\t<div class=\"tinv-wraper woocommerce tinv-wishlist tinvwl-shortcode-add-to-cart tinvwl-loop-button-wrapper tinvwl-woocommerce_before_shop_loop_item_title\"\r\n\t data-tinvwl_product_id=\"36714\">\r\n\t<div class=\"tinv-wishlist-clear\"><\/div><a role=\"button\" tabindex=\"0\" name=\"add-to-wishlist\" aria-label=\"Add to Wishlist\" class=\"tinvwl_add_to_wishlist_button tinvwl-icon-heart  tinvwl-position-shortcode tinvwl-loop\" data-tinv-wl-list=\"[]\" data-tinv-wl-product=\"36714\" data-tinv-wl-productvariation=\"0\" data-tinv-wl-productvariations=\"[]\" data-tinv-wl-producttype=\"simple\" data-tinv-wl-action=\"add\"><span class=\"tinvwl_add_to_wishlist-text\">Add to Wishlist<\/span><span class=\"tinvwl_remove_from_wishlist-text\">Remove from Wishlist<\/span><\/a><div class=\"tinv-wishlist-clear\"><\/div>\t\t<div\r\n\t\tclass=\"tinvwl-tooltip\">Add to Wishlist<\/div>\r\n<\/div>\r\n<a rel=\"nofollow\" href=\"https:\/\/terezaxavier.com.br\/en\/product\/pingente-nossa-senhora-de-copacabana-ouro-rosa\/\" \n\t\t\t\t\t\t\t\t\t\t\t\t\t\t\taria-hidden=\"true\" \n\t\t\t\t\t\t\t\t\t\t\t\t\t\t\tdata-quantity=\"1\" \n\t\t\t\t\t\t\t\t\t\t\t\t\t\t\tdata-product_id=\"36714\"\n\t\t\t\t\t\t\t\t\t\t\t\t\t\t\tdata-product_sku=\"\"\n\t\t\t\t\t\t\t\t\t\t\t\t\t\t\tclass=\"shop_cart icon-shopping-cart button add_to_cart_button product_type_simple product_out_stock ajax_add_to_cart\"><span class=\"icon-anim\"><\/span><\/a>\t\t\t\t\t<a href=\"https:\/\/terezaxavier.com.br\/en\/product\/pingente-nossa-senhora-de-copacabana-ouro-rosa\/\" aria-hidden=\"true\" class=\"shop_link\">\n\t\t\t\t\t\t<span class=\"icon-anim\"><\/span>\n\t\t\t\t\t<\/a>\n\t\t\t\t<\/div>\n\t\t\t\t\t\t\t<\/div>\n\t\t\t<div class=\"post_data\">\n\t\t\t\t<div class=\"post_data_inner\">\n\t\t\t\t\t<div class=\"post_header entry-header\">\n\t\t\t\t\t<h2 class=\"woocommerce-loop-product__title\"><a href=\"https:\/\/terezaxavier.com.br\/en\/product\/pingente-nossa-senhora-de-copacabana-ouro-rosa\/\">Pingente Nossa Senhora de Copacabana Ouro Rosa<\/a><\/h2>\t\t\t<\/div>\n\t\t\n<a href=\"https:\/\/terezaxavier.com.br\/en\/product\/pingente-nossa-senhora-de-copacabana-ouro-rosa\/\" aria-describedby=\"woocommerce_loop_add_to_cart_link_describedby_36714\" data-quantity=\"1\" class=\"button product_type_simple\" data-product_id=\"36714\" data-product_sku=\"\" aria-label=\"Read more about \u201cPingente Nossa Senhora de Copacabana Ouro Rosa\u201d\" rel=\"nofollow\" data-success_message=\"\" data-no-translation=\"\" data-trp-gettext=\"\" data-no-translation-aria-label=\"\">Read more<\/a>\t<span id=\"woocommerce_loop_add_to_cart_link_describedby_36714\" class=\"screen-reader-text\">\n\t\t\t<\/span>\n\t\t\t\t<\/div>\n\t\t\t<\/div>\n\t\t<\/div>\n\t\t<\/li>\n<\/ul>\n<\/div><\/div><\/div>\n\t\t\t\t<\/div>\n\t\t\t\t<\/div>\n\t\t\t\t<\/div>\n\t\t<div class=\"elementor-element elementor-element-b8698c5 e-con-full e-flex sc_layouts_column_icons_position_left e-con e-child\" data-id=\"b8698c5\" data-element_type=\"container\" data-e-type=\"container\">\n\t\t\t\t<div class=\"elementor-element elementor-element-1163898 sc_fly_static elementor-widget elementor-widget-trx_sc_extended_products\" data-id=\"1163898\" data-element_type=\"widget\" data-e-type=\"widget\" data-widget_type=\"trx_sc_extended_products.default\">\n\t\t\t\t<div class=\"elementor-widget-container\">\n\t\t\t\t\t<div  \n\tclass=\"sc_extended_products sc_extended_products_centered\" ><div class=\"sc_extended_products_content sc_item_content\" ><div class=\"woocommerce columns-1\"><ul class=\"products products_style_centered columns-1\">\n<li class=\"product type-product post-23581 status-publish first instock product_cat-sem-categoria has-post-thumbnail shipping-taxable product-type-simple product_style_centered\">\n\t\t\t<div class=\"post_item post_layout_thumbs\"\n\t\t\t\t\t>\n\t\t\t<div class=\"post_featured hover_shop\">\n\t\t\t\t\t\t\t\t<a href=\"https:\/\/terezaxavier.com.br\/en\/product\/pingente-nossa-senhora-de-copacabana\/\">\n\t\t\t\t<img loading=\"lazy\" decoding=\"async\" width=\"2000\" height=\"2000\" src=\"https:\/\/terezaxavier.com.br\/wp-content\/uploads\/2023\/03\/pingente-nossa-senhora-de-copacabana-1.png\" class=\"attachment-2048x2048 size-2048x2048\" alt=\"Pingente Nossa Senhora de Copacabana\" srcset=\"https:\/\/terezaxavier.com.br\/wp-content\/uploads\/2023\/03\/pingente-nossa-senhora-de-copacabana-1.png 2000w, https:\/\/terezaxavier.com.br\/wp-content\/uploads\/2023\/03\/pingente-nossa-senhora-de-copacabana-1-300x300.png 300w, https:\/\/terezaxavier.com.br\/wp-content\/uploads\/2023\/03\/pingente-nossa-senhora-de-copacabana-1-1024x1024.png 1024w, https:\/\/terezaxavier.com.br\/wp-content\/uploads\/2023\/03\/pingente-nossa-senhora-de-copacabana-1-150x150.png 150w, https:\/\/terezaxavier.com.br\/wp-content\/uploads\/2023\/03\/pingente-nossa-senhora-de-copacabana-1-768x768.png 768w, https:\/\/terezaxavier.com.br\/wp-content\/uploads\/2023\/03\/pingente-nossa-senhora-de-copacabana-1-1536x1536.png 1536w, https:\/\/terezaxavier.com.br\/wp-content\/uploads\/2023\/03\/pingente-nossa-senhora-de-copacabana-1-370x370.png 370w, https:\/\/terezaxavier.com.br\/wp-content\/uploads\/2023\/03\/pingente-nossa-senhora-de-copacabana-1-120x120.png 120w, https:\/\/terezaxavier.com.br\/wp-content\/uploads\/2023\/03\/pingente-nossa-senhora-de-copacabana-1-840x840.png 840w, https:\/\/terezaxavier.com.br\/wp-content\/uploads\/2023\/03\/pingente-nossa-senhora-de-copacabana-1-410x410.png 410w, https:\/\/terezaxavier.com.br\/wp-content\/uploads\/2023\/03\/pingente-nossa-senhora-de-copacabana-1-600x600.png 600w\" sizes=\"(max-width: 2000px) 100vw, 2000px\" \/>\t\t\t\t<\/a>\n\t\t\t\t\t\t\t\t\t<div class=\"mask\"><\/div>\n\t\t\t\t\t\t\t\t\t<div class=\"icons\">\n\t\t\t\t\t<div class=\"tinv-wraper woocommerce tinv-wishlist tinvwl-shortcode-add-to-cart tinvwl-loop-button-wrapper tinvwl-woocommerce_before_shop_loop_item_title\"\r\n\t data-tinvwl_product_id=\"23581\">\r\n\t<div class=\"tinv-wishlist-clear\"><\/div><a role=\"button\" tabindex=\"0\" name=\"add-to-wishlist\" aria-label=\"Add to Wishlist\" class=\"tinvwl_add_to_wishlist_button tinvwl-icon-heart  tinvwl-position-shortcode tinvwl-loop\" data-tinv-wl-list=\"[]\" data-tinv-wl-product=\"23581\" data-tinv-wl-productvariation=\"0\" data-tinv-wl-productvariations=\"[]\" data-tinv-wl-producttype=\"simple\" data-tinv-wl-action=\"add\"><span class=\"tinvwl_add_to_wishlist-text\">Add to Wishlist<\/span><span class=\"tinvwl_remove_from_wishlist-text\">Remove from Wishlist<\/span><\/a><div class=\"tinv-wishlist-clear\"><\/div>\t\t<div\r\n\t\tclass=\"tinvwl-tooltip\">Add to Wishlist<\/div>\r\n<\/div>\r\n<a rel=\"nofollow\" href=\"https:\/\/terezaxavier.com.br\/en\/product\/pingente-nossa-senhora-de-copacabana\/\" \n\t\t\t\t\t\t\t\t\t\t\t\t\t\t\taria-hidden=\"true\" \n\t\t\t\t\t\t\t\t\t\t\t\t\t\t\tdata-quantity=\"1\" \n\t\t\t\t\t\t\t\t\t\t\t\t\t\t\tdata-product_id=\"23581\"\n\t\t\t\t\t\t\t\t\t\t\t\t\t\t\tdata-product_sku=\"\"\n\t\t\t\t\t\t\t\t\t\t\t\t\t\t\tclass=\"shop_cart icon-shopping-cart button add_to_cart_button product_type_simple product_out_stock ajax_add_to_cart\"><span class=\"icon-anim\"><\/span><\/a>\t\t\t\t\t<a href=\"https:\/\/terezaxavier.com.br\/en\/product\/pingente-nossa-senhora-de-copacabana\/\" aria-hidden=\"true\" class=\"shop_link\">\n\t\t\t\t\t\t<span class=\"icon-anim\"><\/span>\n\t\t\t\t\t<\/a>\n\t\t\t\t<\/div>\n\t\t\t\t\t\t\t<\/div>\n\t\t\t<div class=\"post_data\">\n\t\t\t\t<div class=\"post_data_inner\">\n\t\t\t\t\t<div class=\"post_header entry-header\">\n\t\t\t\t\t<h2 class=\"woocommerce-loop-product__title\"><a href=\"https:\/\/terezaxavier.com.br\/en\/product\/pingente-nossa-senhora-de-copacabana\/\">Pingente Nossa Senhora de Copacabana<\/a><\/h2>\t\t\t<\/div>\n\t\t\n<a href=\"https:\/\/terezaxavier.com.br\/en\/product\/pingente-nossa-senhora-de-copacabana\/\" aria-describedby=\"woocommerce_loop_add_to_cart_link_describedby_23581\" data-quantity=\"1\" class=\"button product_type_simple\" data-product_id=\"23581\" data-product_sku=\"\" aria-label=\"Read more about \u201cPingente Nossa Senhora de Copacabana\u201d\" rel=\"nofollow\" data-success_message=\"\" data-no-translation=\"\" data-trp-gettext=\"\" data-no-translation-aria-label=\"\">Read more<\/a>\t<span id=\"woocommerce_loop_add_to_cart_link_describedby_23581\" class=\"screen-reader-text\">\n\t\t\t<\/span>\n\t\t\t\t<\/div>\n\t\t\t<\/div>\n\t\t<\/div>\n\t\t<\/li>\n<\/ul>\n<\/div><\/div><\/div>\n\t\t\t\t<\/div>\n\t\t\t\t<\/div>\n\t\t\t\t<\/div>\n\t\t\t\t\t<\/div>\n\t\t\t\t<\/div>\n\t\t\t\t<\/div>","protected":false},"excerpt":{"rendered":"<p>A imagem de Nossa Senhora de Copacabana, a virgem morena do mundo Inca, do Mirante do Azul, foi encontrada nas \u00e1guas do lago Titicaca, \u00e0s margens do qual est\u00e1 a&hellip;<\/p>","protected":false},"author":1,"featured_media":0,"parent":0,"menu_order":0,"comment_status":"closed","ping_status":"closed","template":"elementor_header_footer","meta":{"_joinchat":[],"footnotes":""},"class_list":["post-23563","page","type-page","status-publish","hentry"],"_hostinger_reach_plugin_has_subscription_block":false,"_hostinger_reach_plugin_is_elementor":false,"_links":{"self":[{"href":"https:\/\/terezaxavier.com.br\/en\/wp-json\/wp\/v2\/pages\/23563","targetHints":{"allow":["GET"]}}],"collection":[{"href":"https:\/\/terezaxavier.com.br\/en\/wp-json\/wp\/v2\/pages"}],"about":[{"href":"https:\/\/terezaxavier.com.br\/en\/wp-json\/wp\/v2\/types\/page"}],"author":[{"embeddable":true,"href":"https:\/\/terezaxavier.com.br\/en\/wp-json\/wp\/v2\/users\/1"}],"replies":[{"embeddable":true,"href":"https:\/\/terezaxavier.com.br\/en\/wp-json\/wp\/v2\/comments?post=23563"}],"version-history":[{"count":74,"href":"https:\/\/terezaxavier.com.br\/en\/wp-json\/wp\/v2\/pages\/23563\/revisions"}],"predecessor-version":[{"id":43168,"href":"https:\/\/terezaxavier.com.br\/en\/wp-json\/wp\/v2\/pages\/23563\/revisions\/43168"}],"wp:attachment":[{"href":"https:\/\/terezaxavier.com.br\/en\/wp-json\/wp\/v2\/media?parent=23563"}],"curies":[{"name":"wp","href":"https:\/\/api.w.org\/{rel}","templated":true}]}}