{"id":23485,"date":"2023-03-22T18:41:11","date_gmt":"2023-03-22T21:41:11","guid":{"rendered":"https:\/\/terezaxavier.com.br\/?page_id=23485"},"modified":"2025-07-24T13:26:23","modified_gmt":"2025-07-24T16:26:23","slug":"colecao-bois-de-parintins","status":"publish","type":"page","link":"https:\/\/terezaxavier.com.br\/en\/colecao-bois-de-parintins\/","title":{"rendered":"Cole\u00e7\u00e3o Parintins Alta Joalheria"},"content":{"rendered":"<div data-elementor-type=\"wp-page\" data-elementor-id=\"23485\" class=\"elementor elementor-23485\" data-elementor-post-type=\"page\">\n\t\t\t\t\t\t<section class=\"elementor-section elementor-top-section elementor-element elementor-element-c261111 elementor-section-full_width elementor-section-stretched elementor-section-height-default elementor-section-height-default sc_fly_static\" data-id=\"c261111\" data-element_type=\"section\" data-e-type=\"section\" data-settings=\"{&quot;stretch_section&quot;:&quot;section-stretched&quot;}\">\n\t\t\t\t\t\t<div class=\"elementor-container elementor-column-gap-extended\">\n\t\t\t\t\t<div class=\"elementor-column elementor-col-100 elementor-top-column elementor-element elementor-element-7550857 sc_content_align_inherit sc_layouts_column_icons_position_left sc_fly_static\" data-id=\"7550857\" data-element_type=\"column\" data-e-type=\"column\">\n\t\t\t<div class=\"elementor-widget-wrap elementor-element-populated\">\n\t\t\t\t\t\t<div class=\"elementor-element elementor-element-c29cabc sc_fly_static elementor-widget elementor-widget-image\" data-id=\"c29cabc\" data-element_type=\"widget\" data-e-type=\"widget\" data-widget_type=\"image.default\">\n\t\t\t\t<div class=\"elementor-widget-container\">\n\t\t\t\t\t\t\t\t\t\t\t\t\t\t\t<img fetchpriority=\"high\" decoding=\"async\" width=\"3500\" height=\"2000\" src=\"https:\/\/terezaxavier.com.br\/wp-content\/uploads\/2023\/03\/colecao-boi-de-parintins.png\" class=\"attachment-full size-full wp-image-23490\" alt=\"\" srcset=\"https:\/\/terezaxavier.com.br\/wp-content\/uploads\/2023\/03\/colecao-boi-de-parintins.png 3500w, https:\/\/terezaxavier.com.br\/wp-content\/uploads\/2023\/03\/colecao-boi-de-parintins-300x171.png 300w, https:\/\/terezaxavier.com.br\/wp-content\/uploads\/2023\/03\/colecao-boi-de-parintins-1024x585.png 1024w, https:\/\/terezaxavier.com.br\/wp-content\/uploads\/2023\/03\/colecao-boi-de-parintins-768x439.png 768w, https:\/\/terezaxavier.com.br\/wp-content\/uploads\/2023\/03\/colecao-boi-de-parintins-1536x878.png 1536w, https:\/\/terezaxavier.com.br\/wp-content\/uploads\/2023\/03\/colecao-boi-de-parintins-2048x1170.png 2048w, https:\/\/terezaxavier.com.br\/wp-content\/uploads\/2023\/03\/colecao-boi-de-parintins-370x211.png 370w, https:\/\/terezaxavier.com.br\/wp-content\/uploads\/2023\/03\/colecao-boi-de-parintins-840x480.png 840w, https:\/\/terezaxavier.com.br\/wp-content\/uploads\/2023\/03\/colecao-boi-de-parintins-410x234.png 410w, https:\/\/terezaxavier.com.br\/wp-content\/uploads\/2023\/03\/colecao-boi-de-parintins-600x343.png 600w\" sizes=\"(max-width: 3500px) 100vw, 3500px\" \/>\t\t\t\t\t\t\t\t\t\t\t\t\t\t\t<\/div>\n\t\t\t\t<\/div>\n\t\t\t\t<div class=\"elementor-element elementor-element-a992494 sc_fly_static elementor-widget elementor-widget-spacer\" data-id=\"a992494\" data-element_type=\"widget\" data-e-type=\"widget\" data-widget_type=\"spacer.default\">\n\t\t\t\t<div class=\"elementor-widget-container\">\n\t\t\t\t\t\t\t<div class=\"elementor-spacer\">\n\t\t\t<div class=\"elementor-spacer-inner\"><\/div>\n\t\t<\/div>\n\t\t\t\t\t\t<\/div>\n\t\t\t\t<\/div>\n\t\t\t\t<div class=\"elementor-element elementor-element-e20f1f1 sc_fly_static elementor-widget elementor-widget-heading\" data-id=\"e20f1f1\" data-element_type=\"widget\" data-e-type=\"widget\" data-widget_type=\"heading.default\">\n\t\t\t\t<div class=\"elementor-widget-container\">\n\t\t\t\t\t<h2 class=\"elementor-heading-title elementor-size-default\">Cole\u00e7\u00e3o Parintins Alta Joalheria<\/h2>\t\t\t\t<\/div>\n\t\t\t\t<\/div>\n\t\t\t\t<div class=\"elementor-element elementor-element-d542212 sc_fly_static elementor-widget elementor-widget-text-editor\" data-id=\"d542212\" data-element_type=\"widget\" data-e-type=\"widget\" data-widget_type=\"text-editor.default\">\n\t\t\t\t<div class=\"elementor-widget-container\">\n\t\t\t\t\t\t\t\t\t<blockquote><p style=\"text-align: center;\">The legends, the colors, the exuberence of the Amazon Forest have Always enchanted me. Hence, I have decided to pay homage to the main folk celebration of the Brazilian northern region with Gold. Parintins is a very big party climaxing in an immerse parade where two enormous groups of thousands of people, in very rich, colorful costumes, dance the night away in na unparalleled competition, each group represents an OX  - one is called Caprichoso, meanig \u201cExtravagant and Artsy\u201d; the other is named Garantido, meaning \u201cGuaranteed (Strenght)\u201d.\u00a0<\/p><p style=\"text-align: center;\">As joias desta Cole\u00e7\u00e3o s\u00e3o confeccionadas por encomenda, em Prata, Ouro Amarelo, Ouro Rosa e Ouro Branco.<\/p><\/blockquote>\t\t\t\t\t\t\t\t<\/div>\n\t\t\t\t<\/div>\n\t\t\t\t<div class=\"elementor-element elementor-element-608d5c2 sc_fly_static elementor-widget elementor-widget-spacer\" data-id=\"608d5c2\" data-element_type=\"widget\" data-e-type=\"widget\" data-widget_type=\"spacer.default\">\n\t\t\t\t<div class=\"elementor-widget-container\">\n\t\t\t\t\t\t\t<div class=\"elementor-spacer\">\n\t\t\t<div class=\"elementor-spacer-inner\"><\/div>\n\t\t<\/div>\n\t\t\t\t\t\t<\/div>\n\t\t\t\t<\/div>\n\t\t\t\t\t<\/div>\n\t\t<\/div>\n\t\t\t\t\t<\/div>\n\t\t<\/section>\n\t\t<div class=\"elementor-element elementor-element-c1cc610 e-flex e-con-boxed sc_layouts_column_icons_position_left e-con e-parent\" data-id=\"c1cc610\" data-element_type=\"container\" data-e-type=\"container\">\n\t\t\t\t\t<div class=\"e-con-inner\">\n\t\t<div class=\"elementor-element elementor-element-69c7820 e-con-full e-flex sc_layouts_column_icons_position_left e-con e-child\" data-id=\"69c7820\" data-element_type=\"container\" data-e-type=\"container\">\n\t\t\t\t<div class=\"elementor-element elementor-element-89deba7 sc_fly_static elementor-widget elementor-widget-trx_sc_extended_products\" data-id=\"89deba7\" data-element_type=\"widget\" data-e-type=\"widget\" data-widget_type=\"trx_sc_extended_products.default\">\n\t\t\t\t<div class=\"elementor-widget-container\">\n\t\t\t\t\t<div  \n\tclass=\"sc_extended_products sc_extended_products_centered\" ><div class=\"sc_extended_products_content sc_item_content\" ><div class=\"woocommerce columns-1\"><ul class=\"products products_style_centered columns-1\">\n<li class=\"product type-product post-23508 status-publish first instock product_cat-alta-joalheria product_tag-boi-caprichoso-alta-joalheria has-post-thumbnail shipping-taxable product-type-simple product_style_centered\">\n\t\t\t<div class=\"post_item post_layout_thumbs\"\n\t\t\t\t\t>\n\t\t\t<div class=\"post_featured hover_shop\">\n\t\t\t\t\t\t\t\t<a href=\"https:\/\/terezaxavier.com.br\/en\/product\/boi-caprichoso\/\">\n\t\t\t\t<img decoding=\"async\" width=\"1181\" height=\"1103\" src=\"https:\/\/terezaxavier.com.br\/wp-content\/uploads\/2023\/03\/boi-caprichoso.png\" class=\"attachment-2048x2048 size-2048x2048\" alt=\"Boi Caprichoso\" srcset=\"https:\/\/terezaxavier.com.br\/wp-content\/uploads\/2023\/03\/boi-caprichoso.png 1181w, https:\/\/terezaxavier.com.br\/wp-content\/uploads\/2023\/03\/boi-caprichoso-300x280.png 300w, https:\/\/terezaxavier.com.br\/wp-content\/uploads\/2023\/03\/boi-caprichoso-1024x956.png 1024w, https:\/\/terezaxavier.com.br\/wp-content\/uploads\/2023\/03\/boi-caprichoso-768x717.png 768w, https:\/\/terezaxavier.com.br\/wp-content\/uploads\/2023\/03\/boi-caprichoso-370x346.png 370w, https:\/\/terezaxavier.com.br\/wp-content\/uploads\/2023\/03\/boi-caprichoso-840x785.png 840w, https:\/\/terezaxavier.com.br\/wp-content\/uploads\/2023\/03\/boi-caprichoso-410x383.png 410w, https:\/\/terezaxavier.com.br\/wp-content\/uploads\/2023\/03\/boi-caprichoso-600x560.png 600w\" sizes=\"(max-width: 1181px) 100vw, 1181px\" \/>\t\t\t\t<\/a>\n\t\t\t\t\t\t\t\t\t<div class=\"mask\"><\/div>\n\t\t\t\t\t\t\t\t\t<div class=\"icons\">\n\t\t\t\t\t<div class=\"tinv-wraper woocommerce tinv-wishlist tinvwl-shortcode-add-to-cart tinvwl-loop-button-wrapper tinvwl-woocommerce_before_shop_loop_item_title\"\r\n\t data-tinvwl_product_id=\"23508\">\r\n\t<div class=\"tinv-wishlist-clear\"><\/div><a role=\"button\" tabindex=\"0\" name=\"add-to-wishlist\" aria-label=\"Add to Wishlist\" class=\"tinvwl_add_to_wishlist_button tinvwl-icon-heart  tinvwl-position-shortcode tinvwl-loop\" data-tinv-wl-list=\"[]\" data-tinv-wl-product=\"23508\" data-tinv-wl-productvariation=\"0\" data-tinv-wl-productvariations=\"[]\" data-tinv-wl-producttype=\"simple\" data-tinv-wl-action=\"add\"><span class=\"tinvwl_add_to_wishlist-text\">Add to Wishlist<\/span><span class=\"tinvwl_remove_from_wishlist-text\">Remove from Wishlist<\/span><\/a><div class=\"tinv-wishlist-clear\"><\/div>\t\t<div\r\n\t\tclass=\"tinvwl-tooltip\">Add to Wishlist<\/div>\r\n<\/div>\r\n<a rel=\"nofollow\" href=\"https:\/\/terezaxavier.com.br\/en\/product\/boi-caprichoso\/\" \n\t\t\t\t\t\t\t\t\t\t\t\t\t\t\taria-hidden=\"true\" \n\t\t\t\t\t\t\t\t\t\t\t\t\t\t\tdata-quantity=\"1\" \n\t\t\t\t\t\t\t\t\t\t\t\t\t\t\tdata-product_id=\"23508\"\n\t\t\t\t\t\t\t\t\t\t\t\t\t\t\tdata-product_sku=\"\"\n\t\t\t\t\t\t\t\t\t\t\t\t\t\t\tclass=\"shop_cart icon-shopping-cart button add_to_cart_button product_type_simple product_out_stock ajax_add_to_cart\"><span class=\"icon-anim\"><\/span><\/a>\t\t\t\t\t<a href=\"https:\/\/terezaxavier.com.br\/en\/product\/boi-caprichoso\/\" aria-hidden=\"true\" class=\"shop_link\">\n\t\t\t\t\t\t<span class=\"icon-anim\"><\/span>\n\t\t\t\t\t<\/a>\n\t\t\t\t<\/div>\n\t\t\t\t\t\t\t<\/div>\n\t\t\t<div class=\"post_data\">\n\t\t\t\t<div class=\"post_data_inner\">\n\t\t\t\t\t<div class=\"post_header entry-header\">\n\t\t\t\t\t<h2 class=\"woocommerce-loop-product__title\"><a href=\"https:\/\/terezaxavier.com.br\/en\/product\/boi-caprichoso\/\">Boi Caprichoso<\/a><\/h2>\t\t\t<\/div>\n\t\t\n<a href=\"https:\/\/terezaxavier.com.br\/en\/product\/boi-caprichoso\/\" aria-describedby=\"woocommerce_loop_add_to_cart_link_describedby_23508\" data-quantity=\"1\" class=\"button product_type_simple\" data-product_id=\"23508\" data-product_sku=\"\" aria-label=\"Read more about \u201cBoi Caprichoso\u201d\" rel=\"nofollow\" data-success_message=\"\" data-no-translation=\"\" data-trp-gettext=\"\" data-no-translation-aria-label=\"\">Read more<\/a>\t<span id=\"woocommerce_loop_add_to_cart_link_describedby_23508\" class=\"screen-reader-text\">\n\t\t\t<\/span>\n\t\t\t\t<\/div>\n\t\t\t<\/div>\n\t\t<\/div>\n\t\t<\/li>\n<\/ul>\n<\/div><\/div><\/div>\n\t\t\t\t<\/div>\n\t\t\t\t<\/div>\n\t\t\t\t<\/div>\n\t\t<div class=\"elementor-element elementor-element-ecce948 e-con-full e-flex sc_layouts_column_icons_position_left e-con e-child\" data-id=\"ecce948\" data-element_type=\"container\" data-e-type=\"container\">\n\t\t\t\t<div class=\"elementor-element elementor-element-61de691 sc_fly_static elementor-widget elementor-widget-trx_sc_extended_products\" data-id=\"61de691\" data-element_type=\"widget\" data-e-type=\"widget\" data-widget_type=\"trx_sc_extended_products.default\">\n\t\t\t\t<div class=\"elementor-widget-container\">\n\t\t\t\t\t<div  \n\tclass=\"sc_extended_products sc_extended_products_centered\" ><div class=\"sc_extended_products_content sc_item_content\" ><div class=\"woocommerce columns-1\"><ul class=\"products products_style_centered columns-1\">\n<li class=\"product type-product post-23506 status-publish first instock product_cat-alta-joalheria product_tag-boi-garantido-alta-joalheria has-post-thumbnail sold-individually shipping-taxable product-type-simple product_style_centered\">\n\t\t\t<div class=\"post_item post_layout_thumbs\"\n\t\t\t\t\t>\n\t\t\t<div class=\"post_featured hover_shop\">\n\t\t\t\t\t\t\t\t<a href=\"https:\/\/terezaxavier.com.br\/en\/product\/boi-garantido\/\">\n\t\t\t\t<img decoding=\"async\" width=\"1072\" height=\"1075\" src=\"https:\/\/terezaxavier.com.br\/wp-content\/uploads\/2023\/03\/boi-garantido-alta-joalheria.png\" class=\"attachment-2048x2048 size-2048x2048\" alt=\"Boi Garantido\" srcset=\"https:\/\/terezaxavier.com.br\/wp-content\/uploads\/2023\/03\/boi-garantido-alta-joalheria.png 1072w, https:\/\/terezaxavier.com.br\/wp-content\/uploads\/2023\/03\/boi-garantido-alta-joalheria-300x300.png 300w, https:\/\/terezaxavier.com.br\/wp-content\/uploads\/2023\/03\/boi-garantido-alta-joalheria-1021x1024.png 1021w, https:\/\/terezaxavier.com.br\/wp-content\/uploads\/2023\/03\/boi-garantido-alta-joalheria-150x150.png 150w, https:\/\/terezaxavier.com.br\/wp-content\/uploads\/2023\/03\/boi-garantido-alta-joalheria-768x770.png 768w, https:\/\/terezaxavier.com.br\/wp-content\/uploads\/2023\/03\/boi-garantido-alta-joalheria-370x370.png 370w, https:\/\/terezaxavier.com.br\/wp-content\/uploads\/2023\/03\/boi-garantido-alta-joalheria-120x120.png 120w, https:\/\/terezaxavier.com.br\/wp-content\/uploads\/2023\/03\/boi-garantido-alta-joalheria-840x842.png 840w, https:\/\/terezaxavier.com.br\/wp-content\/uploads\/2023\/03\/boi-garantido-alta-joalheria-410x411.png 410w, https:\/\/terezaxavier.com.br\/wp-content\/uploads\/2023\/03\/boi-garantido-alta-joalheria-600x602.png 600w\" sizes=\"(max-width: 1072px) 100vw, 1072px\" \/>\t\t\t\t<\/a>\n\t\t\t\t\t\t\t\t\t<div class=\"mask\"><\/div>\n\t\t\t\t\t\t\t\t\t<div class=\"icons\">\n\t\t\t\t\t<div class=\"tinv-wraper woocommerce tinv-wishlist tinvwl-shortcode-add-to-cart tinvwl-loop-button-wrapper tinvwl-woocommerce_before_shop_loop_item_title\"\r\n\t data-tinvwl_product_id=\"23506\">\r\n\t<div class=\"tinv-wishlist-clear\"><\/div><a role=\"button\" tabindex=\"0\" name=\"add-to-wishlist\" aria-label=\"Add to Wishlist\" class=\"tinvwl_add_to_wishlist_button tinvwl-icon-heart  tinvwl-position-shortcode tinvwl-loop\" data-tinv-wl-list=\"[]\" data-tinv-wl-product=\"23506\" data-tinv-wl-productvariation=\"0\" data-tinv-wl-productvariations=\"[]\" data-tinv-wl-producttype=\"simple\" data-tinv-wl-action=\"add\"><span class=\"tinvwl_add_to_wishlist-text\">Add to Wishlist<\/span><span class=\"tinvwl_remove_from_wishlist-text\">Remove from Wishlist<\/span><\/a><div class=\"tinv-wishlist-clear\"><\/div>\t\t<div\r\n\t\tclass=\"tinvwl-tooltip\">Add to Wishlist<\/div>\r\n<\/div>\r\n<a rel=\"nofollow\" href=\"https:\/\/terezaxavier.com.br\/en\/product\/boi-garantido\/\" \n\t\t\t\t\t\t\t\t\t\t\t\t\t\t\taria-hidden=\"true\" \n\t\t\t\t\t\t\t\t\t\t\t\t\t\t\tdata-quantity=\"1\" \n\t\t\t\t\t\t\t\t\t\t\t\t\t\t\tdata-product_id=\"23506\"\n\t\t\t\t\t\t\t\t\t\t\t\t\t\t\tdata-product_sku=\"\"\n\t\t\t\t\t\t\t\t\t\t\t\t\t\t\tclass=\"shop_cart icon-shopping-cart button add_to_cart_button product_type_simple product_out_stock ajax_add_to_cart\"><span class=\"icon-anim\"><\/span><\/a>\t\t\t\t\t<a href=\"https:\/\/terezaxavier.com.br\/en\/product\/boi-garantido\/\" aria-hidden=\"true\" class=\"shop_link\">\n\t\t\t\t\t\t<span class=\"icon-anim\"><\/span>\n\t\t\t\t\t<\/a>\n\t\t\t\t<\/div>\n\t\t\t\t\t\t\t<\/div>\n\t\t\t<div class=\"post_data\">\n\t\t\t\t<div class=\"post_data_inner\">\n\t\t\t\t\t<div class=\"post_header entry-header\">\n\t\t\t\t\t<h2 class=\"woocommerce-loop-product__title\"><a href=\"https:\/\/terezaxavier.com.br\/en\/product\/boi-garantido\/\">Boi Garantido<\/a><\/h2>\t\t\t<\/div>\n\t\t\n<a href=\"https:\/\/terezaxavier.com.br\/en\/product\/boi-garantido\/\" aria-describedby=\"woocommerce_loop_add_to_cart_link_describedby_23506\" data-quantity=\"1\" class=\"button product_type_simple\" data-product_id=\"23506\" data-product_sku=\"\" aria-label=\"Read more about \u201cBoi Garantido\u201d\" rel=\"nofollow\" data-success_message=\"\" data-no-translation=\"\" data-trp-gettext=\"\" data-no-translation-aria-label=\"\">Read more<\/a>\t<span id=\"woocommerce_loop_add_to_cart_link_describedby_23506\" class=\"screen-reader-text\">\n\t\t\t<\/span>\n\t\t\t\t<\/div>\n\t\t\t<\/div>\n\t\t<\/div>\n\t\t<\/li>\n<\/ul>\n<\/div><\/div><\/div>\n\t\t\t\t<\/div>\n\t\t\t\t<\/div>\n\t\t\t\t<\/div>\n\t\t\t\t\t<\/div>\n\t\t\t\t<\/div>\n\t\t\t\t<\/div>","protected":false},"excerpt":{"rendered":"<p>Cole\u00e7\u00e3o Parintins Alta Joalheria As lendas, as cores, a exuber\u00e2ncia da Floresta Amaz\u00f4nica sempre encantaram Tereza Xavier que decidiu homenagear o principal espet\u00e1culo folcl\u00f3rico da regi\u00e3o norte, uma competi\u00e7\u00e3o sem&hellip;<\/p>","protected":false},"author":1,"featured_media":0,"parent":0,"menu_order":0,"comment_status":"closed","ping_status":"closed","template":"elementor_header_footer","meta":{"_joinchat":[],"footnotes":""},"class_list":["post-23485","page","type-page","status-publish","hentry"],"_hostinger_reach_plugin_has_subscription_block":false,"_hostinger_reach_plugin_is_elementor":false,"_links":{"self":[{"href":"https:\/\/terezaxavier.com.br\/en\/wp-json\/wp\/v2\/pages\/23485","targetHints":{"allow":["GET"]}}],"collection":[{"href":"https:\/\/terezaxavier.com.br\/en\/wp-json\/wp\/v2\/pages"}],"about":[{"href":"https:\/\/terezaxavier.com.br\/en\/wp-json\/wp\/v2\/types\/page"}],"author":[{"embeddable":true,"href":"https:\/\/terezaxavier.com.br\/en\/wp-json\/wp\/v2\/users\/1"}],"replies":[{"embeddable":true,"href":"https:\/\/terezaxavier.com.br\/en\/wp-json\/wp\/v2\/comments?post=23485"}],"version-history":[{"count":94,"href":"https:\/\/terezaxavier.com.br\/en\/wp-json\/wp\/v2\/pages\/23485\/revisions"}],"predecessor-version":[{"id":42693,"href":"https:\/\/terezaxavier.com.br\/en\/wp-json\/wp\/v2\/pages\/23485\/revisions\/42693"}],"wp:attachment":[{"href":"https:\/\/terezaxavier.com.br\/en\/wp-json\/wp\/v2\/media?parent=23485"}],"curies":[{"name":"wp","href":"https:\/\/api.w.org\/{rel}","templated":true}]}}