{"id":22816,"date":"2023-03-13T13:57:50","date_gmt":"2023-03-13T16:57:50","guid":{"rendered":"https:\/\/terezaxavier.com.br\/?page_id=22816"},"modified":"2025-05-07T15:45:17","modified_gmt":"2025-05-07T18:45:17","slug":"colecao-luz-alta-joalheria","status":"publish","type":"page","link":"https:\/\/terezaxavier.com.br\/en\/colecao-luz-alta-joalheria\/","title":{"rendered":"Cole\u00e7\u00e3o Luz Alta Joalheria"},"content":{"rendered":"<div data-elementor-type=\"wp-page\" data-elementor-id=\"22816\" class=\"elementor elementor-22816\" data-elementor-post-type=\"page\">\n\t\t\t\t\t\t<section class=\"elementor-section elementor-top-section elementor-element elementor-element-521c87e elementor-section-full_width elementor-section-stretched elementor-section-height-default elementor-section-height-default sc_fly_static\" data-id=\"521c87e\" data-element_type=\"section\" data-e-type=\"section\" data-settings=\"{&quot;stretch_section&quot;:&quot;section-stretched&quot;}\">\n\t\t\t\t\t\t<div class=\"elementor-container elementor-column-gap-extended\">\n\t\t\t\t\t<div class=\"elementor-column elementor-col-100 elementor-top-column elementor-element elementor-element-35d1cf9 sc_content_align_inherit sc_layouts_column_icons_position_left sc_fly_static\" data-id=\"35d1cf9\" data-element_type=\"column\" data-e-type=\"column\">\n\t\t\t<div class=\"elementor-widget-wrap elementor-element-populated\">\n\t\t\t\t\t\t<div class=\"elementor-element elementor-element-266abf0 sc_fly_static elementor-widget elementor-widget-image\" data-id=\"266abf0\" data-element_type=\"widget\" data-e-type=\"widget\" data-widget_type=\"image.default\">\n\t\t\t\t<div class=\"elementor-widget-container\">\n\t\t\t\t\t\t\t\t\t\t\t\t\t\t\t<img fetchpriority=\"high\" decoding=\"async\" width=\"2560\" height=\"1786\" src=\"https:\/\/terezaxavier.com.br\/wp-content\/uploads\/2023\/06\/colecao-luz-ia.jpeg\" class=\"attachment-full size-full wp-image-28351\" alt=\"cole\u00e7\u00e3o luz\" srcset=\"https:\/\/terezaxavier.com.br\/wp-content\/uploads\/2023\/06\/colecao-luz-ia.jpeg 2560w, https:\/\/terezaxavier.com.br\/wp-content\/uploads\/2023\/06\/colecao-luz-ia-300x209.jpeg 300w, https:\/\/terezaxavier.com.br\/wp-content\/uploads\/2023\/06\/colecao-luz-ia-1024x714.jpeg 1024w, https:\/\/terezaxavier.com.br\/wp-content\/uploads\/2023\/06\/colecao-luz-ia-768x536.jpeg 768w, https:\/\/terezaxavier.com.br\/wp-content\/uploads\/2023\/06\/colecao-luz-ia-1536x1072.jpeg 1536w, https:\/\/terezaxavier.com.br\/wp-content\/uploads\/2023\/06\/colecao-luz-ia-2048x1429.jpeg 2048w, https:\/\/terezaxavier.com.br\/wp-content\/uploads\/2023\/06\/colecao-luz-ia-370x258.jpeg 370w, https:\/\/terezaxavier.com.br\/wp-content\/uploads\/2023\/06\/colecao-luz-ia-840x586.jpeg 840w, https:\/\/terezaxavier.com.br\/wp-content\/uploads\/2023\/06\/colecao-luz-ia-410x286.jpeg 410w, https:\/\/terezaxavier.com.br\/wp-content\/uploads\/2023\/06\/colecao-luz-ia-600x419.jpeg 600w\" sizes=\"(max-width: 2560px) 100vw, 2560px\" \/>\t\t\t\t\t\t\t\t\t\t\t\t\t\t\t<\/div>\n\t\t\t\t<\/div>\n\t\t\t\t<div class=\"elementor-element elementor-element-70e7c51 sc_fly_static elementor-widget elementor-widget-spacer\" data-id=\"70e7c51\" data-element_type=\"widget\" data-e-type=\"widget\" data-widget_type=\"spacer.default\">\n\t\t\t\t<div class=\"elementor-widget-container\">\n\t\t\t\t\t\t\t<div class=\"elementor-spacer\">\n\t\t\t<div class=\"elementor-spacer-inner\"><\/div>\n\t\t<\/div>\n\t\t\t\t\t\t<\/div>\n\t\t\t\t<\/div>\n\t\t\t\t<div class=\"elementor-element elementor-element-3df6f65 sc_fly_static elementor-widget elementor-widget-heading\" data-id=\"3df6f65\" data-element_type=\"widget\" data-e-type=\"widget\" data-widget_type=\"heading.default\">\n\t\t\t\t<div class=\"elementor-widget-container\">\n\t\t\t\t\t<h2 class=\"elementor-heading-title elementor-size-default\">Cole\u00e7\u00e3o Luz Alta Joalheria<\/h2>\t\t\t\t<\/div>\n\t\t\t\t<\/div>\n\t\t\t\t\t<\/div>\n\t\t<\/div>\n\t\t\t\t\t<\/div>\n\t\t<\/section>\n\t\t<div class=\"elementor-element elementor-element-e78aa41 e-flex e-con-boxed sc_layouts_column_icons_position_left e-con e-parent\" data-id=\"e78aa41\" data-element_type=\"container\" data-e-type=\"container\">\n\t\t\t\t\t<div class=\"e-con-inner\">\n\t\t\t\t<div class=\"elementor-element elementor-element-882e22c sc_fly_static elementor-widget elementor-widget-spacer\" data-id=\"882e22c\" data-element_type=\"widget\" data-e-type=\"widget\" data-widget_type=\"spacer.default\">\n\t\t\t\t<div class=\"elementor-widget-container\">\n\t\t\t\t\t\t\t<div class=\"elementor-spacer\">\n\t\t\t<div class=\"elementor-spacer-inner\"><\/div>\n\t\t<\/div>\n\t\t\t\t\t\t<\/div>\n\t\t\t\t<\/div>\n\t\t\t\t<div class=\"elementor-element elementor-element-c703f8f sc_fly_static elementor-widget elementor-widget-text-editor\" data-id=\"c703f8f\" data-element_type=\"widget\" data-e-type=\"widget\" data-widget_type=\"text-editor.default\">\n\t\t\t\t<div class=\"elementor-widget-container\">\n\t\t\t\t\t\t\t\t\t<p><span style=\"color: #000000;\">Tereza Xavier lapidou e espelhou o Cristal de Quartzo e surgiu assim a Cole\u00e7\u00e3o Luz, com o sol e a lua, as lumin\u00e1rias do universo, traduzindo a simbologia do espelho que tem o poder de dispersar aus\u00eancia de bondade, al\u00e9m de representar a verdade, e a verdade \u00e9 luz.<\/span><\/p>\t\t\t\t\t\t\t\t<\/div>\n\t\t\t\t<\/div>\n\t\t\t\t\t<\/div>\n\t\t\t\t<\/div>\n\t\t\t\t<section class=\"elementor-section elementor-top-section elementor-element elementor-element-360e645 elementor-section-boxed elementor-section-height-default elementor-section-height-default sc_fly_static\" data-id=\"360e645\" data-element_type=\"section\" data-e-type=\"section\">\n\t\t\t\t\t\t<div class=\"elementor-container elementor-column-gap-extended\">\n\t\t\t\t\t<div class=\"elementor-column elementor-col-100 elementor-top-column elementor-element elementor-element-2b6083a sc_content_align_inherit sc_layouts_column_icons_position_left sc_fly_static\" data-id=\"2b6083a\" data-element_type=\"column\" data-e-type=\"column\">\n\t\t\t<div class=\"elementor-widget-wrap elementor-element-populated\">\n\t\t\t\t\t\t<div class=\"elementor-element elementor-element-975489e sc_fly_static elementor-widget elementor-widget-spacer\" data-id=\"975489e\" data-element_type=\"widget\" data-e-type=\"widget\" data-widget_type=\"spacer.default\">\n\t\t\t\t<div class=\"elementor-widget-container\">\n\t\t\t\t\t\t\t<div class=\"elementor-spacer\">\n\t\t\t<div class=\"elementor-spacer-inner\"><\/div>\n\t\t<\/div>\n\t\t\t\t\t\t<\/div>\n\t\t\t\t<\/div>\n\t\t\t\t<div class=\"elementor-element elementor-element-73bc896 sc_fly_static elementor-widget elementor-widget-image\" data-id=\"73bc896\" data-element_type=\"widget\" data-e-type=\"widget\" data-widget_type=\"image.default\">\n\t\t\t\t<div class=\"elementor-widget-container\">\n\t\t\t\t\t\t\t\t\t\t\t\t\t\t\t<img decoding=\"async\" width=\"744\" height=\"1024\" src=\"https:\/\/terezaxavier.com.br\/wp-content\/uploads\/2023\/06\/colecao-luz-alta-joalheria-ia-744x1024.jpeg\" class=\"attachment-large size-large wp-image-28355\" alt=\"\" srcset=\"https:\/\/terezaxavier.com.br\/wp-content\/uploads\/2023\/06\/colecao-luz-alta-joalheria-ia-744x1024.jpeg 744w, https:\/\/terezaxavier.com.br\/wp-content\/uploads\/2023\/06\/colecao-luz-alta-joalheria-ia-218x300.jpeg 218w, https:\/\/terezaxavier.com.br\/wp-content\/uploads\/2023\/06\/colecao-luz-alta-joalheria-ia-768x1057.jpeg 768w, https:\/\/terezaxavier.com.br\/wp-content\/uploads\/2023\/06\/colecao-luz-alta-joalheria-ia-1116x1536.jpeg 1116w, https:\/\/terezaxavier.com.br\/wp-content\/uploads\/2023\/06\/colecao-luz-alta-joalheria-ia-1488x2048.jpeg 1488w, https:\/\/terezaxavier.com.br\/wp-content\/uploads\/2023\/06\/colecao-luz-alta-joalheria-ia-370x509.jpeg 370w, https:\/\/terezaxavier.com.br\/wp-content\/uploads\/2023\/06\/colecao-luz-alta-joalheria-ia-840x1156.jpeg 840w, https:\/\/terezaxavier.com.br\/wp-content\/uploads\/2023\/06\/colecao-luz-alta-joalheria-ia-410x564.jpeg 410w, https:\/\/terezaxavier.com.br\/wp-content\/uploads\/2023\/06\/colecao-luz-alta-joalheria-ia-600x826.jpeg 600w, https:\/\/terezaxavier.com.br\/wp-content\/uploads\/2023\/06\/colecao-luz-alta-joalheria-ia-scaled.jpeg 1860w\" sizes=\"(max-width: 744px) 100vw, 744px\" \/>\t\t\t\t\t\t\t\t\t\t\t\t\t\t\t<\/div>\n\t\t\t\t<\/div>\n\t\t\t\t<div class=\"elementor-element elementor-element-b7c503b sc_fly_static elementor-widget elementor-widget-spacer\" data-id=\"b7c503b\" data-element_type=\"widget\" data-e-type=\"widget\" data-widget_type=\"spacer.default\">\n\t\t\t\t<div class=\"elementor-widget-container\">\n\t\t\t\t\t\t\t<div class=\"elementor-spacer\">\n\t\t\t<div class=\"elementor-spacer-inner\"><\/div>\n\t\t<\/div>\n\t\t\t\t\t\t<\/div>\n\t\t\t\t<\/div>\n\t\t\t\t\t<\/div>\n\t\t<\/div>\n\t\t\t\t\t<\/div>\n\t\t<\/section>\n\t\t\t\t<section class=\"elementor-section elementor-top-section elementor-element elementor-element-92fa44c elementor-section-boxed elementor-section-height-default elementor-section-height-default sc_fly_static\" data-id=\"92fa44c\" data-element_type=\"section\" data-e-type=\"section\">\n\t\t\t\t\t\t<div class=\"elementor-container elementor-column-gap-extended\">\n\t\t\t\t\t<div class=\"elementor-column elementor-col-33 elementor-top-column elementor-element elementor-element-72e4de8 sc_content_align_inherit sc_layouts_column_icons_position_left sc_fly_static\" data-id=\"72e4de8\" data-element_type=\"column\" data-e-type=\"column\">\n\t\t\t<div class=\"elementor-widget-wrap\">\n\t\t\t\t\t\t\t<\/div>\n\t\t<\/div>\n\t\t\t\t<div class=\"elementor-column elementor-col-33 elementor-top-column elementor-element elementor-element-a38ca08 sc_content_align_inherit sc_layouts_column_icons_position_left sc_fly_static\" data-id=\"a38ca08\" data-element_type=\"column\" data-e-type=\"column\">\n\t\t\t<div class=\"elementor-widget-wrap elementor-element-populated\">\n\t\t\t\t\t\t<div class=\"elementor-element elementor-element-0c54a9b sc_fly_static elementor-widget elementor-widget-text-editor\" data-id=\"0c54a9b\" data-element_type=\"widget\" data-e-type=\"widget\" data-widget_type=\"text-editor.default\">\n\t\t\t\t<div class=\"elementor-widget-container\">\n\t\t\t\t\t\t\t\t\t<blockquote><p style=\"text-align: center;\">Estas joias s\u00e3o confeccionadas \u00e0 m\u00e3o por encomenda<\/p><\/blockquote>\t\t\t\t\t\t\t\t<\/div>\n\t\t\t\t<\/div>\n\t\t\t\t\t<\/div>\n\t\t<\/div>\n\t\t\t\t<div class=\"elementor-column elementor-col-33 elementor-top-column elementor-element elementor-element-ee480a8 sc_content_align_inherit sc_layouts_column_icons_position_left sc_fly_static\" data-id=\"ee480a8\" data-element_type=\"column\" data-e-type=\"column\">\n\t\t\t<div class=\"elementor-widget-wrap\">\n\t\t\t\t\t\t\t<\/div>\n\t\t<\/div>\n\t\t\t\t\t<\/div>\n\t\t<\/section>\n\t\t\t\t<section class=\"elementor-section elementor-top-section elementor-element elementor-element-e69a98f elementor-section-boxed elementor-section-height-default elementor-section-height-default sc_fly_static\" data-id=\"e69a98f\" data-element_type=\"section\" data-e-type=\"section\">\n\t\t\t\t\t\t<div class=\"elementor-container elementor-column-gap-extended\">\n\t\t\t\t\t<div class=\"elementor-column elementor-col-100 elementor-top-column elementor-element elementor-element-f762787 sc_content_align_inherit sc_layouts_column_icons_position_left sc_fly_static\" data-id=\"f762787\" data-element_type=\"column\" data-e-type=\"column\">\n\t\t\t<div class=\"elementor-widget-wrap elementor-element-populated\">\n\t\t\t\t\t\t<div class=\"elementor-element elementor-element-59d712c sc_fly_static elementor-widget elementor-widget-spacer\" data-id=\"59d712c\" data-element_type=\"widget\" data-e-type=\"widget\" data-widget_type=\"spacer.default\">\n\t\t\t\t<div class=\"elementor-widget-container\">\n\t\t\t\t\t\t\t<div class=\"elementor-spacer\">\n\t\t\t<div class=\"elementor-spacer-inner\"><\/div>\n\t\t<\/div>\n\t\t\t\t\t\t<\/div>\n\t\t\t\t<\/div>\n\t\t\t\t<div class=\"elementor-element elementor-element-e4f0511 sc_fly_static elementor-widget elementor-widget-image\" data-id=\"e4f0511\" data-element_type=\"widget\" data-e-type=\"widget\" data-widget_type=\"image.default\">\n\t\t\t\t<div class=\"elementor-widget-container\">\n\t\t\t\t\t\t\t\t\t\t\t\t\t\t\t<img decoding=\"async\" width=\"727\" height=\"1024\" src=\"https:\/\/terezaxavier.com.br\/wp-content\/uploads\/2023\/06\/colecao-luz-alta-joalheria-ia-2-727x1024.jpeg\" class=\"attachment-large size-large wp-image-28359\" alt=\"\" srcset=\"https:\/\/terezaxavier.com.br\/wp-content\/uploads\/2023\/06\/colecao-luz-alta-joalheria-ia-2-727x1024.jpeg 727w, https:\/\/terezaxavier.com.br\/wp-content\/uploads\/2023\/06\/colecao-luz-alta-joalheria-ia-2-213x300.jpeg 213w, https:\/\/terezaxavier.com.br\/wp-content\/uploads\/2023\/06\/colecao-luz-alta-joalheria-ia-2-768x1081.jpeg 768w, https:\/\/terezaxavier.com.br\/wp-content\/uploads\/2023\/06\/colecao-luz-alta-joalheria-ia-2-1091x1536.jpeg 1091w, https:\/\/terezaxavier.com.br\/wp-content\/uploads\/2023\/06\/colecao-luz-alta-joalheria-ia-2-1454x2048.jpeg 1454w, https:\/\/terezaxavier.com.br\/wp-content\/uploads\/2023\/06\/colecao-luz-alta-joalheria-ia-2-370x521.jpeg 370w, https:\/\/terezaxavier.com.br\/wp-content\/uploads\/2023\/06\/colecao-luz-alta-joalheria-ia-2-840x1183.jpeg 840w, https:\/\/terezaxavier.com.br\/wp-content\/uploads\/2023\/06\/colecao-luz-alta-joalheria-ia-2-410x577.jpeg 410w, https:\/\/terezaxavier.com.br\/wp-content\/uploads\/2023\/06\/colecao-luz-alta-joalheria-ia-2-600x845.jpeg 600w, https:\/\/terezaxavier.com.br\/wp-content\/uploads\/2023\/06\/colecao-luz-alta-joalheria-ia-2-scaled.jpeg 1818w\" sizes=\"(max-width: 727px) 100vw, 727px\" \/>\t\t\t\t\t\t\t\t\t\t\t\t\t\t\t<\/div>\n\t\t\t\t<\/div>\n\t\t\t\t<div class=\"elementor-element elementor-element-b6836f8 sc_fly_static elementor-widget elementor-widget-spacer\" data-id=\"b6836f8\" data-element_type=\"widget\" data-e-type=\"widget\" data-widget_type=\"spacer.default\">\n\t\t\t\t<div class=\"elementor-widget-container\">\n\t\t\t\t\t\t\t<div class=\"elementor-spacer\">\n\t\t\t<div class=\"elementor-spacer-inner\"><\/div>\n\t\t<\/div>\n\t\t\t\t\t\t<\/div>\n\t\t\t\t<\/div>\n\t\t\t\t\t<\/div>\n\t\t<\/div>\n\t\t\t\t\t<\/div>\n\t\t<\/section>\n\t\t\t\t<section class=\"elementor-section elementor-top-section elementor-element elementor-element-9f92731 elementor-section-boxed elementor-section-height-default elementor-section-height-default sc_fly_static\" data-id=\"9f92731\" data-element_type=\"section\" data-e-type=\"section\">\n\t\t\t\t\t\t<div class=\"elementor-container elementor-column-gap-extended\">\n\t\t\t\t\t<div class=\"elementor-column elementor-col-100 elementor-top-column elementor-element elementor-element-eb88bec sc_content_align_inherit sc_layouts_column_icons_position_left sc_fly_static\" data-id=\"eb88bec\" data-element_type=\"column\" data-e-type=\"column\">\n\t\t\t<div class=\"elementor-widget-wrap elementor-element-populated\">\n\t\t\t\t\t\t<div class=\"elementor-element elementor-element-234a8a3 sc_fly_static elementor-widget elementor-widget-image\" data-id=\"234a8a3\" data-element_type=\"widget\" data-e-type=\"widget\" data-widget_type=\"image.default\">\n\t\t\t\t<div class=\"elementor-widget-container\">\n\t\t\t\t\t\t\t\t\t\t\t\t\t\t\t<img loading=\"lazy\" decoding=\"async\" width=\"717\" height=\"1024\" src=\"https:\/\/terezaxavier.com.br\/wp-content\/uploads\/2023\/06\/colecao-luz-alta-joalheria-brinco-ia-717x1024.jpeg\" class=\"attachment-large size-large wp-image-28363\" alt=\"\" srcset=\"https:\/\/terezaxavier.com.br\/wp-content\/uploads\/2023\/06\/colecao-luz-alta-joalheria-brinco-ia-717x1024.jpeg 717w, https:\/\/terezaxavier.com.br\/wp-content\/uploads\/2023\/06\/colecao-luz-alta-joalheria-brinco-ia-210x300.jpeg 210w, https:\/\/terezaxavier.com.br\/wp-content\/uploads\/2023\/06\/colecao-luz-alta-joalheria-brinco-ia-768x1097.jpeg 768w, https:\/\/terezaxavier.com.br\/wp-content\/uploads\/2023\/06\/colecao-luz-alta-joalheria-brinco-ia-1075x1536.jpeg 1075w, https:\/\/terezaxavier.com.br\/wp-content\/uploads\/2023\/06\/colecao-luz-alta-joalheria-brinco-ia-1434x2048.jpeg 1434w, https:\/\/terezaxavier.com.br\/wp-content\/uploads\/2023\/06\/colecao-luz-alta-joalheria-brinco-ia-370x529.jpeg 370w, https:\/\/terezaxavier.com.br\/wp-content\/uploads\/2023\/06\/colecao-luz-alta-joalheria-brinco-ia-840x1200.jpeg 840w, https:\/\/terezaxavier.com.br\/wp-content\/uploads\/2023\/06\/colecao-luz-alta-joalheria-brinco-ia-410x586.jpeg 410w, https:\/\/terezaxavier.com.br\/wp-content\/uploads\/2023\/06\/colecao-luz-alta-joalheria-brinco-ia-600x857.jpeg 600w, https:\/\/terezaxavier.com.br\/wp-content\/uploads\/2023\/06\/colecao-luz-alta-joalheria-brinco-ia-scaled.jpeg 1792w\" sizes=\"(max-width: 717px) 100vw, 717px\" \/>\t\t\t\t\t\t\t\t\t\t\t\t\t\t\t<\/div>\n\t\t\t\t<\/div>\n\t\t\t\t\t<\/div>\n\t\t<\/div>\n\t\t\t\t\t<\/div>\n\t\t<\/section>\n\t\t\t\t<section class=\"elementor-section elementor-top-section elementor-element elementor-element-0fc4bdd elementor-section-boxed elementor-section-height-default elementor-section-height-default sc_fly_static\" data-id=\"0fc4bdd\" data-element_type=\"section\" data-e-type=\"section\">\n\t\t\t\t\t\t<div class=\"elementor-container elementor-column-gap-extended\">\n\t\t\t\t\t<div class=\"elementor-column elementor-col-100 elementor-top-column elementor-element elementor-element-c08ece5 sc_content_align_inherit sc_layouts_column_icons_position_left sc_fly_static\" data-id=\"c08ece5\" data-element_type=\"column\" data-e-type=\"column\">\n\t\t\t<div class=\"elementor-widget-wrap elementor-element-populated\">\n\t\t\t\t\t\t<div class=\"elementor-element elementor-element-df8355b sc_fly_static elementor-widget elementor-widget-spacer\" data-id=\"df8355b\" data-element_type=\"widget\" data-e-type=\"widget\" data-widget_type=\"spacer.default\">\n\t\t\t\t<div class=\"elementor-widget-container\">\n\t\t\t\t\t\t\t<div class=\"elementor-spacer\">\n\t\t\t<div class=\"elementor-spacer-inner\"><\/div>\n\t\t<\/div>\n\t\t\t\t\t\t<\/div>\n\t\t\t\t<\/div>\n\t\t\t\t<div class=\"elementor-element elementor-element-02c2257 sc_fly_static elementor-widget elementor-widget-heading\" data-id=\"02c2257\" data-element_type=\"widget\" data-e-type=\"widget\" data-widget_type=\"heading.default\">\n\t\t\t\t<div class=\"elementor-widget-container\">\n\t\t\t\t\t<h2 class=\"elementor-heading-title elementor-size-default\">Brinco Fases da Lua<\/h2>\t\t\t\t<\/div>\n\t\t\t\t<\/div>\n\t\t\t\t\t<\/div>\n\t\t<\/div>\n\t\t\t\t\t<\/div>\n\t\t<\/section>\n\t\t\t\t<\/div>","protected":false},"excerpt":{"rendered":"<p>Cole\u00e7\u00e3o Luz Alta Joalheria Tereza Xavier lapidou e espelhou o Cristal de Quartzo e surgiu assim a Cole\u00e7\u00e3o Luz, com o sol e a lua, as lumin\u00e1rias do universo, traduzindo&hellip;<\/p>","protected":false},"author":1,"featured_media":0,"parent":0,"menu_order":0,"comment_status":"closed","ping_status":"closed","template":"elementor_header_footer","meta":{"_joinchat":[],"footnotes":""},"class_list":["post-22816","page","type-page","status-publish","hentry"],"_hostinger_reach_plugin_has_subscription_block":false,"_hostinger_reach_plugin_is_elementor":false,"_links":{"self":[{"href":"https:\/\/terezaxavier.com.br\/en\/wp-json\/wp\/v2\/pages\/22816","targetHints":{"allow":["GET"]}}],"collection":[{"href":"https:\/\/terezaxavier.com.br\/en\/wp-json\/wp\/v2\/pages"}],"about":[{"href":"https:\/\/terezaxavier.com.br\/en\/wp-json\/wp\/v2\/types\/page"}],"author":[{"embeddable":true,"href":"https:\/\/terezaxavier.com.br\/en\/wp-json\/wp\/v2\/users\/1"}],"replies":[{"embeddable":true,"href":"https:\/\/terezaxavier.com.br\/en\/wp-json\/wp\/v2\/comments?post=22816"}],"version-history":[{"count":143,"href":"https:\/\/terezaxavier.com.br\/en\/wp-json\/wp\/v2\/pages\/22816\/revisions"}],"predecessor-version":[{"id":42865,"href":"https:\/\/terezaxavier.com.br\/en\/wp-json\/wp\/v2\/pages\/22816\/revisions\/42865"}],"wp:attachment":[{"href":"https:\/\/terezaxavier.com.br\/en\/wp-json\/wp\/v2\/media?parent=22816"}],"curies":[{"name":"wp","href":"https:\/\/api.w.org\/{rel}","templated":true}]}}