{"id":22736,"date":"2023-03-10T18:26:58","date_gmt":"2023-03-10T21:26:58","guid":{"rendered":"https:\/\/terezaxavier.com.br\/?page_id=22736"},"modified":"2025-07-24T13:36:00","modified_gmt":"2025-07-24T16:36:00","slug":"colecao-paz-alta-joalheria","status":"publish","type":"page","link":"https:\/\/terezaxavier.com.br\/en\/colecao-paz-alta-joalheria\/","title":{"rendered":"Cole\u00e7\u00e3o Paz Alta Joalheria"},"content":{"rendered":"<div data-elementor-type=\"wp-page\" data-elementor-id=\"22736\" class=\"elementor elementor-22736\" data-elementor-post-type=\"page\">\n\t\t\t\t\t\t<section class=\"elementor-section elementor-top-section elementor-element elementor-element-b06eddf elementor-section-full_width elementor-section-stretched elementor-section-height-default elementor-section-height-default sc_fly_static\" data-id=\"b06eddf\" data-element_type=\"section\" data-e-type=\"section\" data-settings=\"{&quot;stretch_section&quot;:&quot;section-stretched&quot;}\">\n\t\t\t\t\t\t<div class=\"elementor-container elementor-column-gap-extended\">\n\t\t\t\t\t<div class=\"elementor-column elementor-col-100 elementor-top-column elementor-element elementor-element-ed1b91c sc_content_align_inherit sc_layouts_column_icons_position_left sc_fly_static\" data-id=\"ed1b91c\" data-element_type=\"column\" data-e-type=\"column\">\n\t\t\t<div class=\"elementor-widget-wrap elementor-element-populated\">\n\t\t\t\t\t\t<div class=\"elementor-element elementor-element-f36f539 sc_fly_static elementor-widget elementor-widget-image\" data-id=\"f36f539\" data-element_type=\"widget\" data-e-type=\"widget\" data-widget_type=\"image.default\">\n\t\t\t\t<div class=\"elementor-widget-container\">\n\t\t\t\t\t\t\t\t\t\t\t\t\t\t\t<img fetchpriority=\"high\" decoding=\"async\" width=\"2560\" height=\"2175\" src=\"https:\/\/terezaxavier.com.br\/wp-content\/uploads\/2023\/03\/8436-scaled.jpg\" class=\"attachment-full size-full wp-image-22751\" alt=\"\" srcset=\"https:\/\/terezaxavier.com.br\/wp-content\/uploads\/2023\/03\/8436-scaled.jpg 2560w, https:\/\/terezaxavier.com.br\/wp-content\/uploads\/2023\/03\/8436-300x255.jpg 300w, https:\/\/terezaxavier.com.br\/wp-content\/uploads\/2023\/03\/8436-1024x870.jpg 1024w, https:\/\/terezaxavier.com.br\/wp-content\/uploads\/2023\/03\/8436-768x653.jpg 768w, https:\/\/terezaxavier.com.br\/wp-content\/uploads\/2023\/03\/8436-1536x1305.jpg 1536w, https:\/\/terezaxavier.com.br\/wp-content\/uploads\/2023\/03\/8436-2048x1740.jpg 2048w, https:\/\/terezaxavier.com.br\/wp-content\/uploads\/2023\/03\/8436-370x314.jpg 370w, https:\/\/terezaxavier.com.br\/wp-content\/uploads\/2023\/03\/8436-840x714.jpg 840w, https:\/\/terezaxavier.com.br\/wp-content\/uploads\/2023\/03\/8436-410x348.jpg 410w, https:\/\/terezaxavier.com.br\/wp-content\/uploads\/2023\/03\/8436-600x510.jpg 600w\" sizes=\"(max-width: 2560px) 100vw, 2560px\" \/>\t\t\t\t\t\t\t\t\t\t\t\t\t\t\t<\/div>\n\t\t\t\t<\/div>\n\t\t\t\t<div class=\"elementor-element elementor-element-68c9459 sc_fly_static elementor-widget elementor-widget-spacer\" data-id=\"68c9459\" data-element_type=\"widget\" data-e-type=\"widget\" data-widget_type=\"spacer.default\">\n\t\t\t\t<div class=\"elementor-widget-container\">\n\t\t\t\t\t\t\t<div class=\"elementor-spacer\">\n\t\t\t<div class=\"elementor-spacer-inner\"><\/div>\n\t\t<\/div>\n\t\t\t\t\t\t<\/div>\n\t\t\t\t<\/div>\n\t\t\t\t\t<\/div>\n\t\t<\/div>\n\t\t\t\t\t<\/div>\n\t\t<\/section>\n\t\t\t\t<section class=\"elementor-section elementor-top-section elementor-element elementor-element-35b901f elementor-section-boxed elementor-section-height-default elementor-section-height-default sc_fly_static\" data-id=\"35b901f\" data-element_type=\"section\" data-e-type=\"section\">\n\t\t\t\t\t\t<div class=\"elementor-container elementor-column-gap-extended\">\n\t\t\t\t\t<div class=\"elementor-column elementor-col-100 elementor-top-column elementor-element elementor-element-5e6d81e sc_content_align_inherit sc_layouts_column_icons_position_left sc_fly_static\" data-id=\"5e6d81e\" data-element_type=\"column\" data-e-type=\"column\">\n\t\t\t<div class=\"elementor-widget-wrap elementor-element-populated\">\n\t\t\t\t\t\t<div class=\"elementor-element elementor-element-fb7683b sc_fly_static elementor-widget elementor-widget-heading\" data-id=\"fb7683b\" data-element_type=\"widget\" data-e-type=\"widget\" data-widget_type=\"heading.default\">\n\t\t\t\t<div class=\"elementor-widget-container\">\n\t\t\t\t\t<h2 class=\"elementor-heading-title elementor-size-default\">Cole\u00e7\u00e3o Paz Alta Joalheria<\/h2>\t\t\t\t<\/div>\n\t\t\t\t<\/div>\n\t\t\t\t<div class=\"elementor-element elementor-element-ec8cdbe sc_fly_static elementor-widget elementor-widget-text-editor\" data-id=\"ec8cdbe\" data-element_type=\"widget\" data-e-type=\"widget\" data-widget_type=\"text-editor.default\">\n\t\t\t\t<div class=\"elementor-widget-container\">\n\t\t\t\t\t\t\t\t\t<blockquote><p style=\"text-align: center;\">A marca Tereza Xavier celebrou seus 15 anos de forma singela e silenciosa. Homenageou a cidade maravilhosa com as pe\u00e7as desta cole\u00e7\u00e3o fotografadas por Joaquim Nabuco tendo como cen\u00e1rio a beleza do Arpoador, do Morro Dois Irm\u00e3os, e da Pedra da G\u00e1vea, num belo e ritmado convite \u00e0 paz e cantando: Essa \u00e9 a minha amada cidade!<\/p><\/blockquote>\t\t\t\t\t\t\t\t<\/div>\n\t\t\t\t<\/div>\n\t\t\t\t\t<\/div>\n\t\t<\/div>\n\t\t\t\t\t<\/div>\n\t\t<\/section>\n\t\t\t\t<section class=\"elementor-section elementor-top-section elementor-element elementor-element-4ac0160 elementor-section-full_width elementor-section-stretched elementor-section-height-default elementor-section-height-default sc_fly_static\" data-id=\"4ac0160\" data-element_type=\"section\" data-e-type=\"section\" data-settings=\"{&quot;stretch_section&quot;:&quot;section-stretched&quot;}\">\n\t\t\t\t\t\t<div class=\"elementor-container elementor-column-gap-extended\">\n\t\t\t\t\t<div class=\"elementor-column elementor-col-50 elementor-top-column elementor-element elementor-element-3070c30 sc_content_align_inherit sc_layouts_column_icons_position_left sc_fly_static\" data-id=\"3070c30\" data-element_type=\"column\" data-e-type=\"column\">\n\t\t\t<div class=\"elementor-widget-wrap elementor-element-populated\">\n\t\t\t\t\t\t<div class=\"elementor-element elementor-element-b62529c sc_fly_static elementor-widget elementor-widget-trx_sc_extended_products\" data-id=\"b62529c\" data-element_type=\"widget\" data-e-type=\"widget\" data-widget_type=\"trx_sc_extended_products.default\">\n\t\t\t\t<div class=\"elementor-widget-container\">\n\t\t\t\t\t<div  \n\tclass=\"sc_extended_products sc_extended_products_centered\" ><div class=\"sc_extended_products_content sc_item_content\" ><div class=\"woocommerce columns-1\"><ul class=\"products products_style_centered columns-1\">\n<li class=\"product type-product post-43245 status-publish first instock product_cat-alta-joalheria has-post-thumbnail shipping-taxable product-type-simple product_style_centered\">\n\t\t\t<div class=\"post_item post_layout_thumbs\"\n\t\t\t\t\t>\n\t\t\t<div class=\"post_featured hover_shop\">\n\t\t\t\t\t\t\t\t<a href=\"https:\/\/terezaxavier.com.br\/en\/product\/pulseira-paz\/\">\n\t\t\t\t<img decoding=\"async\" width=\"1363\" height=\"2048\" src=\"https:\/\/terezaxavier.com.br\/wp-content\/uploads\/2023\/03\/colecao-peace-alta-joalheria-1363x2048.jpg\" class=\"attachment-2048x2048 size-2048x2048\" alt=\"Pulseira Paz\" srcset=\"https:\/\/terezaxavier.com.br\/wp-content\/uploads\/2023\/03\/colecao-peace-alta-joalheria-1363x2048.jpg 1363w, https:\/\/terezaxavier.com.br\/wp-content\/uploads\/2023\/03\/colecao-peace-alta-joalheria-200x300.jpg 200w, https:\/\/terezaxavier.com.br\/wp-content\/uploads\/2023\/03\/colecao-peace-alta-joalheria-681x1024.jpg 681w, https:\/\/terezaxavier.com.br\/wp-content\/uploads\/2023\/03\/colecao-peace-alta-joalheria-768x1154.jpg 768w, https:\/\/terezaxavier.com.br\/wp-content\/uploads\/2023\/03\/colecao-peace-alta-joalheria-1022x1536.jpg 1022w, https:\/\/terezaxavier.com.br\/wp-content\/uploads\/2023\/03\/colecao-peace-alta-joalheria-370x556.jpg 370w, https:\/\/terezaxavier.com.br\/wp-content\/uploads\/2023\/03\/colecao-peace-alta-joalheria-840x1262.jpg 840w, https:\/\/terezaxavier.com.br\/wp-content\/uploads\/2023\/03\/colecao-peace-alta-joalheria-410x616.jpg 410w, https:\/\/terezaxavier.com.br\/wp-content\/uploads\/2023\/03\/colecao-peace-alta-joalheria-600x902.jpg 600w, https:\/\/terezaxavier.com.br\/wp-content\/uploads\/2023\/03\/colecao-peace-alta-joalheria-scaled.jpg 1703w\" sizes=\"(max-width: 1363px) 100vw, 1363px\" \/>\t\t\t\t<\/a>\n\t\t\t\t\t\t\t\t\t<div class=\"mask\"><\/div>\n\t\t\t\t\t\t\t\t\t<div class=\"icons\">\n\t\t\t\t\t<div class=\"tinv-wraper woocommerce tinv-wishlist tinvwl-shortcode-add-to-cart tinvwl-loop-button-wrapper tinvwl-woocommerce_before_shop_loop_item_title\"\r\n\t data-tinvwl_product_id=\"43245\">\r\n\t<div class=\"tinv-wishlist-clear\"><\/div><a role=\"button\" tabindex=\"0\" name=\"add-to-wishlist\" aria-label=\"Add to Wishlist\" class=\"tinvwl_add_to_wishlist_button tinvwl-icon-heart  tinvwl-position-shortcode tinvwl-loop\" data-tinv-wl-list=\"[]\" data-tinv-wl-product=\"43245\" data-tinv-wl-productvariation=\"0\" data-tinv-wl-productvariations=\"[]\" data-tinv-wl-producttype=\"simple\" data-tinv-wl-action=\"add\"><span class=\"tinvwl_add_to_wishlist-text\">Add to Wishlist<\/span><span class=\"tinvwl_remove_from_wishlist-text\">Remove from Wishlist<\/span><\/a><div class=\"tinv-wishlist-clear\"><\/div>\t\t<div\r\n\t\tclass=\"tinvwl-tooltip\">Add to Wishlist<\/div>\r\n<\/div>\r\n<a rel=\"nofollow\" href=\"https:\/\/terezaxavier.com.br\/en\/product\/pulseira-paz\/\" \n\t\t\t\t\t\t\t\t\t\t\t\t\t\t\taria-hidden=\"true\" \n\t\t\t\t\t\t\t\t\t\t\t\t\t\t\tdata-quantity=\"1\" \n\t\t\t\t\t\t\t\t\t\t\t\t\t\t\tdata-product_id=\"43245\"\n\t\t\t\t\t\t\t\t\t\t\t\t\t\t\tdata-product_sku=\"\"\n\t\t\t\t\t\t\t\t\t\t\t\t\t\t\tclass=\"shop_cart icon-shopping-cart button add_to_cart_button product_type_simple product_out_stock ajax_add_to_cart\"><span class=\"icon-anim\"><\/span><\/a>\t\t\t\t\t<a href=\"https:\/\/terezaxavier.com.br\/en\/product\/pulseira-paz\/\" aria-hidden=\"true\" class=\"shop_link\">\n\t\t\t\t\t\t<span class=\"icon-anim\"><\/span>\n\t\t\t\t\t<\/a>\n\t\t\t\t<\/div>\n\t\t\t\t\t\t\t<\/div>\n\t\t\t<div class=\"post_data\">\n\t\t\t\t<div class=\"post_data_inner\">\n\t\t\t\t\t<div class=\"post_header entry-header\">\n\t\t\t\t\t<h2 class=\"woocommerce-loop-product__title\"><a href=\"https:\/\/terezaxavier.com.br\/en\/product\/pulseira-paz\/\">Pulseira Paz<\/a><\/h2>\t\t\t<\/div>\n\t\t\n<a href=\"https:\/\/terezaxavier.com.br\/en\/product\/pulseira-paz\/\" aria-describedby=\"woocommerce_loop_add_to_cart_link_describedby_43245\" data-quantity=\"1\" class=\"button product_type_simple\" data-product_id=\"43245\" data-product_sku=\"\" aria-label=\"Read more about \u201cPulseira Paz\u201d\" rel=\"nofollow\" data-success_message=\"\" data-no-translation=\"\" data-trp-gettext=\"\" data-no-translation-aria-label=\"\">Read more<\/a>\t<span id=\"woocommerce_loop_add_to_cart_link_describedby_43245\" class=\"screen-reader-text\">\n\t\t\t<\/span>\n\t\t\t\t<\/div>\n\t\t\t<\/div>\n\t\t<\/div>\n\t\t<\/li>\n<\/ul>\n<\/div><\/div><\/div>\n\t\t\t\t<\/div>\n\t\t\t\t<\/div>\n\t\t\t\t\t<\/div>\n\t\t<\/div>\n\t\t\t\t<div class=\"elementor-column elementor-col-50 elementor-top-column elementor-element elementor-element-f6a3831 sc_content_align_inherit sc_layouts_column_icons_position_left sc_fly_static\" data-id=\"f6a3831\" data-element_type=\"column\" data-e-type=\"column\">\n\t\t\t<div class=\"elementor-widget-wrap elementor-element-populated\">\n\t\t\t\t\t\t<div class=\"elementor-element elementor-element-eca774e sc_fly_static elementor-widget elementor-widget-text-editor\" data-id=\"eca774e\" data-element_type=\"widget\" data-e-type=\"widget\" data-widget_type=\"text-editor.default\">\n\t\t\t\t<div class=\"elementor-widget-container\">\n\t\t\t\t\t\t\t\t\t<blockquote><p style=\"text-align: center;\"><em>&#8220;As pessoas dizem que andar sobre a \u00e1gua \u00e9 um milagre, mas para mim caminhar pacificamente sobre a Terra \u00e9 o real milagre.&#8221;<\/em><\/p><p>\u00a0<\/p><p style=\"text-align: center;\">Thich Nhat Hanh<\/p><\/blockquote>\t\t\t\t\t\t\t\t<\/div>\n\t\t\t\t<\/div>\n\t\t\t\t\t<\/div>\n\t\t<\/div>\n\t\t\t\t\t<\/div>\n\t\t<\/section>\n\t\t\t\t<section class=\"elementor-section elementor-top-section elementor-element elementor-element-4e89a37 elementor-section-boxed elementor-section-height-default elementor-section-height-default sc_fly_static\" data-id=\"4e89a37\" data-element_type=\"section\" data-e-type=\"section\">\n\t\t\t\t\t\t<div class=\"elementor-container elementor-column-gap-extended\">\n\t\t\t\t\t<div class=\"elementor-column elementor-col-100 elementor-top-column elementor-element elementor-element-8a9c5b8 sc_content_align_inherit sc_layouts_column_icons_position_left sc_fly_static\" data-id=\"8a9c5b8\" data-element_type=\"column\" data-e-type=\"column\">\n\t\t\t<div class=\"elementor-widget-wrap elementor-element-populated\">\n\t\t\t\t\t\t<div class=\"elementor-element elementor-element-a0806a2 sc_fly_static elementor-widget elementor-widget-spacer\" data-id=\"a0806a2\" data-element_type=\"widget\" data-e-type=\"widget\" data-widget_type=\"spacer.default\">\n\t\t\t\t<div class=\"elementor-widget-container\">\n\t\t\t\t\t\t\t<div class=\"elementor-spacer\">\n\t\t\t<div class=\"elementor-spacer-inner\"><\/div>\n\t\t<\/div>\n\t\t\t\t\t\t<\/div>\n\t\t\t\t<\/div>\n\t\t\t\t<div class=\"elementor-element elementor-element-4f2523d sc_fly_static elementor-widget elementor-widget-text-editor\" data-id=\"4f2523d\" data-element_type=\"widget\" data-e-type=\"widget\" data-widget_type=\"text-editor.default\">\n\t\t\t\t<div class=\"elementor-widget-container\">\n\t\t\t\t\t\t\t\t\t<blockquote><p style=\"text-align: center;\"><em>&#8220;A paz \u00e9 o para\u00edso dos homens.&#8221;<\/em><\/p><p>\u00a0<\/p><p style=\"text-align: center;\">Plat\u00e3o<\/p><\/blockquote>\t\t\t\t\t\t\t\t<\/div>\n\t\t\t\t<\/div>\n\t\t\t\t\t<\/div>\n\t\t<\/div>\n\t\t\t\t\t<\/div>\n\t\t<\/section>\n\t\t\t\t<section class=\"elementor-section elementor-top-section elementor-element elementor-element-48ba76a elementor-section-full_width elementor-section-stretched elementor-section-height-default elementor-section-height-default sc_fly_static\" data-id=\"48ba76a\" data-element_type=\"section\" data-e-type=\"section\" data-settings=\"{&quot;stretch_section&quot;:&quot;section-stretched&quot;}\">\n\t\t\t\t\t\t<div class=\"elementor-container elementor-column-gap-extended\">\n\t\t\t\t\t<div class=\"elementor-column elementor-col-50 elementor-top-column elementor-element elementor-element-6754f6f sc_content_align_inherit sc_layouts_column_icons_position_left sc_fly_static\" data-id=\"6754f6f\" data-element_type=\"column\" data-e-type=\"column\">\n\t\t\t<div class=\"elementor-widget-wrap elementor-element-populated\">\n\t\t\t\t\t\t<div class=\"elementor-element elementor-element-3c85c9f sc_fly_static elementor-widget elementor-widget-image\" data-id=\"3c85c9f\" data-element_type=\"widget\" data-e-type=\"widget\" data-widget_type=\"image.default\">\n\t\t\t\t<div class=\"elementor-widget-container\">\n\t\t\t\t\t\t\t\t\t\t\t\t\t\t\t<img decoding=\"async\" width=\"2560\" height=\"1703\" src=\"https:\/\/terezaxavier.com.br\/wp-content\/uploads\/2023\/03\/peace-2-editada-scaled.jpg\" class=\"attachment-full size-full wp-image-22777\" alt=\"\" srcset=\"https:\/\/terezaxavier.com.br\/wp-content\/uploads\/2023\/03\/peace-2-editada-scaled.jpg 2560w, https:\/\/terezaxavier.com.br\/wp-content\/uploads\/2023\/03\/peace-2-editada-300x200.jpg 300w, https:\/\/terezaxavier.com.br\/wp-content\/uploads\/2023\/03\/peace-2-editada-1024x681.jpg 1024w, https:\/\/terezaxavier.com.br\/wp-content\/uploads\/2023\/03\/peace-2-editada-768x511.jpg 768w, https:\/\/terezaxavier.com.br\/wp-content\/uploads\/2023\/03\/peace-2-editada-1536x1022.jpg 1536w, https:\/\/terezaxavier.com.br\/wp-content\/uploads\/2023\/03\/peace-2-editada-2048x1363.jpg 2048w, https:\/\/terezaxavier.com.br\/wp-content\/uploads\/2023\/03\/peace-2-editada-370x246.jpg 370w, https:\/\/terezaxavier.com.br\/wp-content\/uploads\/2023\/03\/peace-2-editada-840x559.jpg 840w, https:\/\/terezaxavier.com.br\/wp-content\/uploads\/2023\/03\/peace-2-editada-410x273.jpg 410w, https:\/\/terezaxavier.com.br\/wp-content\/uploads\/2023\/03\/peace-2-editada-600x399.jpg 600w\" sizes=\"(max-width: 2560px) 100vw, 2560px\" \/>\t\t\t\t\t\t\t\t\t\t\t\t\t\t\t<\/div>\n\t\t\t\t<\/div>\n\t\t\t\t\t<\/div>\n\t\t<\/div>\n\t\t\t\t<div class=\"elementor-column elementor-col-50 elementor-top-column elementor-element elementor-element-8eec070 sc_content_align_inherit sc_layouts_column_icons_position_left sc_fly_static\" data-id=\"8eec070\" data-element_type=\"column\" data-e-type=\"column\">\n\t\t\t<div class=\"elementor-widget-wrap elementor-element-populated\">\n\t\t\t\t\t\t<div class=\"elementor-element elementor-element-2929315 sc_fly_static elementor-widget elementor-widget-image\" data-id=\"2929315\" data-element_type=\"widget\" data-e-type=\"widget\" data-widget_type=\"image.default\">\n\t\t\t\t<div class=\"elementor-widget-container\">\n\t\t\t\t\t\t\t\t\t\t\t\t\t\t\t<img loading=\"lazy\" decoding=\"async\" width=\"2560\" height=\"1713\" src=\"https:\/\/terezaxavier.com.br\/wp-content\/uploads\/2023\/03\/peace-editada-scaled.jpg\" class=\"attachment-full size-full wp-image-22778\" alt=\"\" srcset=\"https:\/\/terezaxavier.com.br\/wp-content\/uploads\/2023\/03\/peace-editada-scaled.jpg 2560w, https:\/\/terezaxavier.com.br\/wp-content\/uploads\/2023\/03\/peace-editada-300x201.jpg 300w, https:\/\/terezaxavier.com.br\/wp-content\/uploads\/2023\/03\/peace-editada-1024x685.jpg 1024w, https:\/\/terezaxavier.com.br\/wp-content\/uploads\/2023\/03\/peace-editada-768x514.jpg 768w, https:\/\/terezaxavier.com.br\/wp-content\/uploads\/2023\/03\/peace-editada-1536x1028.jpg 1536w, https:\/\/terezaxavier.com.br\/wp-content\/uploads\/2023\/03\/peace-editada-2048x1370.jpg 2048w, https:\/\/terezaxavier.com.br\/wp-content\/uploads\/2023\/03\/peace-editada-370x248.jpg 370w, https:\/\/terezaxavier.com.br\/wp-content\/uploads\/2023\/03\/peace-editada-840x562.jpg 840w, https:\/\/terezaxavier.com.br\/wp-content\/uploads\/2023\/03\/peace-editada-410x274.jpg 410w, https:\/\/terezaxavier.com.br\/wp-content\/uploads\/2023\/03\/peace-editada-600x401.jpg 600w\" sizes=\"(max-width: 2560px) 100vw, 2560px\" \/>\t\t\t\t\t\t\t\t\t\t\t\t\t\t\t<\/div>\n\t\t\t\t<\/div>\n\t\t\t\t\t<\/div>\n\t\t<\/div>\n\t\t\t\t\t<\/div>\n\t\t<\/section>\n\t\t\t\t<section class=\"elementor-section elementor-top-section elementor-element elementor-element-cfa99ce elementor-section-boxed elementor-section-height-default elementor-section-height-default sc_fly_static\" data-id=\"cfa99ce\" data-element_type=\"section\" data-e-type=\"section\">\n\t\t\t\t\t\t<div class=\"elementor-container elementor-column-gap-extended\">\n\t\t\t\t\t<div class=\"elementor-column elementor-col-100 elementor-top-column elementor-element elementor-element-7dd47eb sc_content_align_inherit sc_layouts_column_icons_position_left sc_fly_static\" data-id=\"7dd47eb\" data-element_type=\"column\" data-e-type=\"column\">\n\t\t\t<div class=\"elementor-widget-wrap elementor-element-populated\">\n\t\t\t\t\t\t<div class=\"elementor-element elementor-element-6bdfa8e sc_fly_static elementor-widget elementor-widget-spacer\" data-id=\"6bdfa8e\" data-element_type=\"widget\" data-e-type=\"widget\" data-widget_type=\"spacer.default\">\n\t\t\t\t<div class=\"elementor-widget-container\">\n\t\t\t\t\t\t\t<div class=\"elementor-spacer\">\n\t\t\t<div class=\"elementor-spacer-inner\"><\/div>\n\t\t<\/div>\n\t\t\t\t\t\t<\/div>\n\t\t\t\t<\/div>\n\t\t\t\t<div class=\"elementor-element elementor-element-a10e754 sc_fly_static elementor-widget elementor-widget-text-editor\" data-id=\"a10e754\" data-element_type=\"widget\" data-e-type=\"widget\" data-widget_type=\"text-editor.default\">\n\t\t\t\t<div class=\"elementor-widget-container\">\n\t\t\t\t\t\t\t\t\t<blockquote><p style=\"text-align: center;\"><em>&#8220;Tente mover o mundo &#8211; O primeiro passo ser\u00e1 mover a si mesmo.&#8221;<\/em><\/p><p>\u00a0<\/p><p style=\"text-align: center;\">Plat\u00e3o<\/p><\/blockquote>\t\t\t\t\t\t\t\t<\/div>\n\t\t\t\t<\/div>\n\t\t\t\t\t<\/div>\n\t\t<\/div>\n\t\t\t\t\t<\/div>\n\t\t<\/section>\n\t\t\t\t<section class=\"elementor-section elementor-top-section elementor-element elementor-element-46857fd elementor-section-full_width elementor-section-stretched elementor-section-height-default elementor-section-height-default sc_fly_static\" data-id=\"46857fd\" data-element_type=\"section\" data-e-type=\"section\" data-settings=\"{&quot;stretch_section&quot;:&quot;section-stretched&quot;}\">\n\t\t\t\t\t\t<div class=\"elementor-container elementor-column-gap-extended\">\n\t\t\t\t\t<div class=\"elementor-column elementor-col-100 elementor-top-column elementor-element elementor-element-9fda11b sc_content_align_inherit sc_layouts_column_icons_position_left sc_fly_static\" data-id=\"9fda11b\" data-element_type=\"column\" data-e-type=\"column\">\n\t\t\t<div class=\"elementor-widget-wrap elementor-element-populated\">\n\t\t\t\t\t\t<div class=\"elementor-element elementor-element-347175f sc_fly_static elementor-widget elementor-widget-spacer\" data-id=\"347175f\" data-element_type=\"widget\" data-e-type=\"widget\" data-widget_type=\"spacer.default\">\n\t\t\t\t<div class=\"elementor-widget-container\">\n\t\t\t\t\t\t\t<div class=\"elementor-spacer\">\n\t\t\t<div class=\"elementor-spacer-inner\"><\/div>\n\t\t<\/div>\n\t\t\t\t\t\t<\/div>\n\t\t\t\t<\/div>\n\t\t\t\t<div class=\"elementor-element elementor-element-abfacf0 sc_fly_static elementor-widget elementor-widget-image\" data-id=\"abfacf0\" data-element_type=\"widget\" data-e-type=\"widget\" data-widget_type=\"image.default\">\n\t\t\t\t<div class=\"elementor-widget-container\">\n\t\t\t\t\t\t\t\t\t\t\t\t\t\t\t<img loading=\"lazy\" decoding=\"async\" width=\"2560\" height=\"1690\" src=\"https:\/\/terezaxavier.com.br\/wp-content\/uploads\/2023\/03\/peace-3-editada-scaled.jpg\" class=\"attachment-full size-full wp-image-22789\" alt=\"\" srcset=\"https:\/\/terezaxavier.com.br\/wp-content\/uploads\/2023\/03\/peace-3-editada-scaled.jpg 2560w, https:\/\/terezaxavier.com.br\/wp-content\/uploads\/2023\/03\/peace-3-editada-300x198.jpg 300w, https:\/\/terezaxavier.com.br\/wp-content\/uploads\/2023\/03\/peace-3-editada-1024x676.jpg 1024w, https:\/\/terezaxavier.com.br\/wp-content\/uploads\/2023\/03\/peace-3-editada-768x507.jpg 768w, https:\/\/terezaxavier.com.br\/wp-content\/uploads\/2023\/03\/peace-3-editada-1536x1014.jpg 1536w, https:\/\/terezaxavier.com.br\/wp-content\/uploads\/2023\/03\/peace-3-editada-2048x1352.jpg 2048w, https:\/\/terezaxavier.com.br\/wp-content\/uploads\/2023\/03\/peace-3-editada-370x244.jpg 370w, https:\/\/terezaxavier.com.br\/wp-content\/uploads\/2023\/03\/peace-3-editada-840x554.jpg 840w, https:\/\/terezaxavier.com.br\/wp-content\/uploads\/2023\/03\/peace-3-editada-410x271.jpg 410w, https:\/\/terezaxavier.com.br\/wp-content\/uploads\/2023\/03\/peace-3-editada-600x396.jpg 600w\" sizes=\"(max-width: 2560px) 100vw, 2560px\" \/>\t\t\t\t\t\t\t\t\t\t\t\t\t\t\t<\/div>\n\t\t\t\t<\/div>\n\t\t\t\t\t<\/div>\n\t\t<\/div>\n\t\t\t\t\t<\/div>\n\t\t<\/section>\n\t\t\t\t<\/div>","protected":false},"excerpt":{"rendered":"<p>Cole\u00e7\u00e3o Paz Alta Joalheria A marca Tereza Xavier celebrou seus 15 anos de forma singela e silenciosa. Homenageou a cidade maravilhosa com as pe\u00e7as desta cole\u00e7\u00e3o fotografadas por Joaquim Nabuco&hellip;<\/p>","protected":false},"author":1,"featured_media":0,"parent":0,"menu_order":0,"comment_status":"closed","ping_status":"closed","template":"elementor_header_footer","meta":{"_joinchat":[],"footnotes":""},"class_list":["post-22736","page","type-page","status-publish","hentry"],"_hostinger_reach_plugin_has_subscription_block":false,"_hostinger_reach_plugin_is_elementor":false,"_links":{"self":[{"href":"https:\/\/terezaxavier.com.br\/en\/wp-json\/wp\/v2\/pages\/22736","targetHints":{"allow":["GET"]}}],"collection":[{"href":"https:\/\/terezaxavier.com.br\/en\/wp-json\/wp\/v2\/pages"}],"about":[{"href":"https:\/\/terezaxavier.com.br\/en\/wp-json\/wp\/v2\/types\/page"}],"author":[{"embeddable":true,"href":"https:\/\/terezaxavier.com.br\/en\/wp-json\/wp\/v2\/users\/1"}],"replies":[{"embeddable":true,"href":"https:\/\/terezaxavier.com.br\/en\/wp-json\/wp\/v2\/comments?post=22736"}],"version-history":[{"count":109,"href":"https:\/\/terezaxavier.com.br\/en\/wp-json\/wp\/v2\/pages\/22736\/revisions"}],"predecessor-version":[{"id":43251,"href":"https:\/\/terezaxavier.com.br\/en\/wp-json\/wp\/v2\/pages\/22736\/revisions\/43251"}],"wp:attachment":[{"href":"https:\/\/terezaxavier.com.br\/en\/wp-json\/wp\/v2\/media?parent=22736"}],"curies":[{"name":"wp","href":"https:\/\/api.w.org\/{rel}","templated":true}]}}