{"id":22722,"date":"2023-03-08T15:04:24","date_gmt":"2023-03-08T18:04:24","guid":{"rendered":"https:\/\/terezaxavier.com.br\/?page_id=22722"},"modified":"2025-05-14T18:03:49","modified_gmt":"2025-05-14T21:03:49","slug":"colecao-genesis-alta-joalheria","status":"publish","type":"page","link":"https:\/\/terezaxavier.com.br\/en\/colecao-genesis-alta-joalheria\/","title":{"rendered":"Cole\u00e7\u00e3o G\u00eanesis Alta Joalheria"},"content":{"rendered":"<div data-elementor-type=\"wp-page\" data-elementor-id=\"22722\" class=\"elementor elementor-22722\" data-elementor-post-type=\"page\">\n\t\t\t\t\t\t<section class=\"elementor-section-with-custom-width elementor-section elementor-top-section elementor-element elementor-element-7bb23e9 elementor-section-full_width elementor-section-stretched elementor-section-height-default elementor-section-height-default sc_fly_static\" data-id=\"7bb23e9\" data-element_type=\"section\" data-e-type=\"section\" data-settings=\"{&quot;stretch_section&quot;:&quot;section-stretched&quot;}\">\n\t\t\t\t\t\t<div class=\"elementor-container elementor-column-gap-extended\">\n\t\t\t\t\t<div class=\"elementor-column elementor-col-100 elementor-top-column elementor-element elementor-element-d5bfcf6 sc_content_align_inherit sc_layouts_column_icons_position_left sc_fly_static\" data-id=\"d5bfcf6\" data-element_type=\"column\" data-e-type=\"column\">\n\t\t\t<div class=\"elementor-widget-wrap elementor-element-populated\">\n\t\t\t\t\t\t<div class=\"elementor-element elementor-element-0ede3df sc_fly_static elementor-widget elementor-widget-image\" data-id=\"0ede3df\" data-element_type=\"widget\" data-e-type=\"widget\" data-widget_type=\"image.default\">\n\t\t\t\t<div class=\"elementor-widget-container\">\n\t\t\t\t\t\t\t\t\t\t\t\t\t\t\t<img fetchpriority=\"high\" decoding=\"async\" width=\"1555\" height=\"1034\" src=\"https:\/\/terezaxavier.com.br\/wp-content\/uploads\/2023\/05\/colecao-genesis-alta-joalheria.jpg\" class=\"attachment-full size-full wp-image-26867\" alt=\"\" srcset=\"https:\/\/terezaxavier.com.br\/wp-content\/uploads\/2023\/05\/colecao-genesis-alta-joalheria.jpg 1555w, https:\/\/terezaxavier.com.br\/wp-content\/uploads\/2023\/05\/colecao-genesis-alta-joalheria-300x199.jpg 300w, https:\/\/terezaxavier.com.br\/wp-content\/uploads\/2023\/05\/colecao-genesis-alta-joalheria-1024x681.jpg 1024w, https:\/\/terezaxavier.com.br\/wp-content\/uploads\/2023\/05\/colecao-genesis-alta-joalheria-768x511.jpg 768w, https:\/\/terezaxavier.com.br\/wp-content\/uploads\/2023\/05\/colecao-genesis-alta-joalheria-1536x1021.jpg 1536w, https:\/\/terezaxavier.com.br\/wp-content\/uploads\/2023\/05\/colecao-genesis-alta-joalheria-370x246.jpg 370w, https:\/\/terezaxavier.com.br\/wp-content\/uploads\/2023\/05\/colecao-genesis-alta-joalheria-840x559.jpg 840w, https:\/\/terezaxavier.com.br\/wp-content\/uploads\/2023\/05\/colecao-genesis-alta-joalheria-410x273.jpg 410w, https:\/\/terezaxavier.com.br\/wp-content\/uploads\/2023\/05\/colecao-genesis-alta-joalheria-600x399.jpg 600w\" sizes=\"(max-width: 1555px) 100vw, 1555px\" \/>\t\t\t\t\t\t\t\t\t\t\t\t\t\t\t<\/div>\n\t\t\t\t<\/div>\n\t\t\t\t<div class=\"elementor-element elementor-element-64b7caa sc_fly_static elementor-widget elementor-widget-spacer\" data-id=\"64b7caa\" data-element_type=\"widget\" data-e-type=\"widget\" data-widget_type=\"spacer.default\">\n\t\t\t\t<div class=\"elementor-widget-container\">\n\t\t\t\t\t\t\t<div class=\"elementor-spacer\">\n\t\t\t<div class=\"elementor-spacer-inner\"><\/div>\n\t\t<\/div>\n\t\t\t\t\t\t<\/div>\n\t\t\t\t<\/div>\n\t\t\t\t\t<\/div>\n\t\t<\/div>\n\t\t\t\t\t<\/div>\n\t\t<\/section>\n\t\t\t\t<section class=\"elementor-section elementor-top-section elementor-element elementor-element-cdcb9d8 elementor-section-boxed elementor-section-height-default elementor-section-height-default sc_fly_static\" data-id=\"cdcb9d8\" data-element_type=\"section\" data-e-type=\"section\">\n\t\t\t\t\t\t<div class=\"elementor-container elementor-column-gap-extended\">\n\t\t\t\t\t<div class=\"elementor-column elementor-col-100 elementor-top-column elementor-element elementor-element-90e2c26 sc_content_align_inherit sc_layouts_column_icons_position_left sc_fly_static\" data-id=\"90e2c26\" data-element_type=\"column\" data-e-type=\"column\">\n\t\t\t<div class=\"elementor-widget-wrap elementor-element-populated\">\n\t\t\t\t\t\t<div class=\"elementor-element elementor-element-29ca6c2 sc_fly_static elementor-widget elementor-widget-heading\" data-id=\"29ca6c2\" data-element_type=\"widget\" data-e-type=\"widget\" data-widget_type=\"heading.default\">\n\t\t\t\t<div class=\"elementor-widget-container\">\n\t\t\t\t\t<h2 class=\"elementor-heading-title elementor-size-default\">Cole\u00e7\u00e3o G\u00eanesis Alta Joalheria<\/h2>\t\t\t\t<\/div>\n\t\t\t\t<\/div>\n\t\t\t\t<div class=\"elementor-element elementor-element-b88dd07 sc_fly_static elementor-widget elementor-widget-spacer\" data-id=\"b88dd07\" data-element_type=\"widget\" data-e-type=\"widget\" data-widget_type=\"spacer.default\">\n\t\t\t\t<div class=\"elementor-widget-container\">\n\t\t\t\t\t\t\t<div class=\"elementor-spacer\">\n\t\t\t<div class=\"elementor-spacer-inner\"><\/div>\n\t\t<\/div>\n\t\t\t\t\t\t<\/div>\n\t\t\t\t<\/div>\n\t\t\t\t<div class=\"elementor-element elementor-element-abd4fe2 sc_fly_static elementor-widget elementor-widget-text-editor\" data-id=\"abd4fe2\" data-element_type=\"widget\" data-e-type=\"widget\" data-widget_type=\"text-editor.default\">\n\t\t\t\t<div class=\"elementor-widget-container\">\n\t\t\t\t\t\t\t\t\t<p style=\"text-align: center;\">E no sexto dia surge um milagre, o \u00faltimo circulo forma uma flor com seis p\u00e9talas.<\/p>\t\t\t\t\t\t\t\t<\/div>\n\t\t\t\t<\/div>\n\t\t\t\t<div class=\"elementor-element elementor-element-d1568ce sc_fly_static elementor-widget elementor-widget-spacer\" data-id=\"d1568ce\" data-element_type=\"widget\" data-e-type=\"widget\" data-widget_type=\"spacer.default\">\n\t\t\t\t<div class=\"elementor-widget-container\">\n\t\t\t\t\t\t\t<div class=\"elementor-spacer\">\n\t\t\t<div class=\"elementor-spacer-inner\"><\/div>\n\t\t<\/div>\n\t\t\t\t\t\t<\/div>\n\t\t\t\t<\/div>\n\t\t\t\t<div class=\"elementor-element elementor-element-d498f44 sc_fly_static elementor-widget elementor-widget-text-editor\" data-id=\"d498f44\" data-element_type=\"widget\" data-e-type=\"widget\" data-widget_type=\"text-editor.default\">\n\t\t\t\t<div class=\"elementor-widget-container\">\n\t\t\t\t\t\t\t\t\t<blockquote><p style=\"text-align: center;\"><em>Quando o di\u00e2metro se reduz ao ponto, a circunfer\u00eancia se reduz ao nada!<\/em><\/p><\/blockquote>\t\t\t\t\t\t\t\t<\/div>\n\t\t\t\t<\/div>\n\t\t\t\t\t<\/div>\n\t\t<\/div>\n\t\t\t\t\t<\/div>\n\t\t<\/section>\n\t\t\t\t<section class=\"elementor-section elementor-top-section elementor-element elementor-element-0b2267c elementor-section-full_width elementor-section-stretched elementor-section-height-default elementor-section-height-default sc_fly_static\" data-id=\"0b2267c\" data-element_type=\"section\" data-e-type=\"section\" data-settings=\"{&quot;stretch_section&quot;:&quot;section-stretched&quot;}\">\n\t\t\t\t\t\t<div class=\"elementor-container elementor-column-gap-extended\">\n\t\t\t\t\t<div class=\"elementor-column elementor-col-100 elementor-top-column elementor-element elementor-element-2790d71 sc_content_align_inherit sc_layouts_column_icons_position_left sc_fly_static\" data-id=\"2790d71\" data-element_type=\"column\" data-e-type=\"column\">\n\t\t\t<div class=\"elementor-widget-wrap elementor-element-populated\">\n\t\t\t\t\t\t<div class=\"elementor-element elementor-element-bb3a502 sc_fly_static elementor-widget elementor-widget-image\" data-id=\"bb3a502\" data-element_type=\"widget\" data-e-type=\"widget\" data-widget_type=\"image.default\">\n\t\t\t\t<div class=\"elementor-widget-container\">\n\t\t\t\t\t\t\t\t\t\t\t\t\t\t\t<img decoding=\"async\" width=\"1024\" height=\"687\" src=\"https:\/\/terezaxavier.com.br\/wp-content\/uploads\/2023\/05\/pingente-colecao-genesis-1024x687.jpg\" class=\"attachment-large size-large wp-image-26878\" alt=\"\" srcset=\"https:\/\/terezaxavier.com.br\/wp-content\/uploads\/2023\/05\/pingente-colecao-genesis-1024x687.jpg 1024w, https:\/\/terezaxavier.com.br\/wp-content\/uploads\/2023\/05\/pingente-colecao-genesis-300x201.jpg 300w, https:\/\/terezaxavier.com.br\/wp-content\/uploads\/2023\/05\/pingente-colecao-genesis-768x515.jpg 768w, https:\/\/terezaxavier.com.br\/wp-content\/uploads\/2023\/05\/pingente-colecao-genesis-1536x1031.jpg 1536w, https:\/\/terezaxavier.com.br\/wp-content\/uploads\/2023\/05\/pingente-colecao-genesis-2048x1374.jpg 2048w, https:\/\/terezaxavier.com.br\/wp-content\/uploads\/2023\/05\/pingente-colecao-genesis-370x248.jpg 370w, https:\/\/terezaxavier.com.br\/wp-content\/uploads\/2023\/05\/pingente-colecao-genesis-840x564.jpg 840w, https:\/\/terezaxavier.com.br\/wp-content\/uploads\/2023\/05\/pingente-colecao-genesis-410x275.jpg 410w, https:\/\/terezaxavier.com.br\/wp-content\/uploads\/2023\/05\/pingente-colecao-genesis-600x403.jpg 600w\" sizes=\"(max-width: 1024px) 100vw, 1024px\" \/>\t\t\t\t\t\t\t\t\t\t\t\t\t\t\t<\/div>\n\t\t\t\t<\/div>\n\t\t\t\t<div class=\"elementor-element elementor-element-cda5998 sc_fly_static elementor-widget elementor-widget-spacer\" data-id=\"cda5998\" data-element_type=\"widget\" data-e-type=\"widget\" data-widget_type=\"spacer.default\">\n\t\t\t\t<div class=\"elementor-widget-container\">\n\t\t\t\t\t\t\t<div class=\"elementor-spacer\">\n\t\t\t<div class=\"elementor-spacer-inner\"><\/div>\n\t\t<\/div>\n\t\t\t\t\t\t<\/div>\n\t\t\t\t<\/div>\n\t\t\t\t\t<\/div>\n\t\t<\/div>\n\t\t\t\t\t<\/div>\n\t\t<\/section>\n\t\t\t\t<section class=\"elementor-section elementor-top-section elementor-element elementor-element-22dd020 elementor-section-boxed elementor-section-height-default elementor-section-height-default sc_fly_static\" data-id=\"22dd020\" data-element_type=\"section\" data-e-type=\"section\">\n\t\t\t\t\t\t<div class=\"elementor-container elementor-column-gap-extended\">\n\t\t\t\t\t<div class=\"elementor-column elementor-col-50 elementor-top-column elementor-element elementor-element-a3126aa sc_content_align_inherit sc_layouts_column_icons_position_left sc_fly_static\" data-id=\"a3126aa\" data-element_type=\"column\" data-e-type=\"column\">\n\t\t\t<div class=\"elementor-widget-wrap elementor-element-populated\">\n\t\t\t\t\t\t<div class=\"elementor-element elementor-element-df7a1b4 sc_fly_static elementor-widget elementor-widget-image\" data-id=\"df7a1b4\" data-element_type=\"widget\" data-e-type=\"widget\" data-widget_type=\"image.default\">\n\t\t\t\t<div class=\"elementor-widget-container\">\n\t\t\t\t\t\t\t\t\t\t\t\t\t\t\t<img decoding=\"async\" width=\"704\" height=\"1024\" src=\"https:\/\/terezaxavier.com.br\/wp-content\/uploads\/2023\/05\/pingente-genesis-ouro-704x1024.png\" class=\"attachment-large size-large wp-image-26894\" alt=\"\" srcset=\"https:\/\/terezaxavier.com.br\/wp-content\/uploads\/2023\/05\/pingente-genesis-ouro-704x1024.png 704w, https:\/\/terezaxavier.com.br\/wp-content\/uploads\/2023\/05\/pingente-genesis-ouro-206x300.png 206w, https:\/\/terezaxavier.com.br\/wp-content\/uploads\/2023\/05\/pingente-genesis-ouro-768x1117.png 768w, https:\/\/terezaxavier.com.br\/wp-content\/uploads\/2023\/05\/pingente-genesis-ouro-1056x1536.png 1056w, https:\/\/terezaxavier.com.br\/wp-content\/uploads\/2023\/05\/pingente-genesis-ouro-370x538.png 370w, https:\/\/terezaxavier.com.br\/wp-content\/uploads\/2023\/05\/pingente-genesis-ouro-840x1222.png 840w, https:\/\/terezaxavier.com.br\/wp-content\/uploads\/2023\/05\/pingente-genesis-ouro-410x596.png 410w, https:\/\/terezaxavier.com.br\/wp-content\/uploads\/2023\/05\/pingente-genesis-ouro-600x873.png 600w, https:\/\/terezaxavier.com.br\/wp-content\/uploads\/2023\/05\/pingente-genesis-ouro.png 1403w\" sizes=\"(max-width: 704px) 100vw, 704px\" \/>\t\t\t\t\t\t\t\t\t\t\t\t\t\t\t<\/div>\n\t\t\t\t<\/div>\n\t\t\t\t\t<\/div>\n\t\t<\/div>\n\t\t\t\t<div class=\"elementor-column elementor-col-50 elementor-top-column elementor-element elementor-element-0a44aef sc_content_align_inherit sc_layouts_column_icons_position_left sc_fly_static\" data-id=\"0a44aef\" data-element_type=\"column\" data-e-type=\"column\">\n\t\t\t<div class=\"elementor-widget-wrap elementor-element-populated\">\n\t\t\t\t\t\t<div class=\"elementor-element elementor-element-13ce90d sc_fly_static elementor-widget elementor-widget-image\" data-id=\"13ce90d\" data-element_type=\"widget\" data-e-type=\"widget\" data-widget_type=\"image.default\">\n\t\t\t\t<div class=\"elementor-widget-container\">\n\t\t\t\t\t\t\t\t\t\t\t\t\t\t\t<img loading=\"lazy\" decoding=\"async\" width=\"697\" height=\"1024\" src=\"https:\/\/terezaxavier.com.br\/wp-content\/uploads\/2023\/05\/pingente-genesis-prata-697x1024.png\" class=\"attachment-large size-large wp-image-26895\" alt=\"\" srcset=\"https:\/\/terezaxavier.com.br\/wp-content\/uploads\/2023\/05\/pingente-genesis-prata-697x1024.png 697w, https:\/\/terezaxavier.com.br\/wp-content\/uploads\/2023\/05\/pingente-genesis-prata-204x300.png 204w, https:\/\/terezaxavier.com.br\/wp-content\/uploads\/2023\/05\/pingente-genesis-prata-768x1129.png 768w, https:\/\/terezaxavier.com.br\/wp-content\/uploads\/2023\/05\/pingente-genesis-prata-1045x1536.png 1045w, https:\/\/terezaxavier.com.br\/wp-content\/uploads\/2023\/05\/pingente-genesis-prata-1393x2048.png 1393w, https:\/\/terezaxavier.com.br\/wp-content\/uploads\/2023\/05\/pingente-genesis-prata-370x544.png 370w, https:\/\/terezaxavier.com.br\/wp-content\/uploads\/2023\/05\/pingente-genesis-prata-840x1235.png 840w, https:\/\/terezaxavier.com.br\/wp-content\/uploads\/2023\/05\/pingente-genesis-prata-410x603.png 410w, https:\/\/terezaxavier.com.br\/wp-content\/uploads\/2023\/05\/pingente-genesis-prata-600x882.png 600w, https:\/\/terezaxavier.com.br\/wp-content\/uploads\/2023\/05\/pingente-genesis-prata.png 1421w\" sizes=\"(max-width: 697px) 100vw, 697px\" \/>\t\t\t\t\t\t\t\t\t\t\t\t\t\t\t<\/div>\n\t\t\t\t<\/div>\n\t\t\t\t\t<\/div>\n\t\t<\/div>\n\t\t\t\t\t<\/div>\n\t\t<\/section>\n\t\t\t\t<\/div>","protected":false},"excerpt":{"rendered":"<p>Cole\u00e7\u00e3o G\u00eanesis Alta Joalheria E no sexto dia surge um milagre, o \u00faltimo circulo forma uma flor com seis p\u00e9talas. Quando o di\u00e2metro se reduz ao ponto, a circunfer\u00eancia se&hellip;<\/p>","protected":false},"author":1,"featured_media":0,"parent":0,"menu_order":0,"comment_status":"closed","ping_status":"closed","template":"","meta":{"_joinchat":[],"footnotes":""},"class_list":["post-22722","page","type-page","status-publish","hentry"],"_hostinger_reach_plugin_has_subscription_block":false,"_hostinger_reach_plugin_is_elementor":false,"_links":{"self":[{"href":"https:\/\/terezaxavier.com.br\/en\/wp-json\/wp\/v2\/pages\/22722","targetHints":{"allow":["GET"]}}],"collection":[{"href":"https:\/\/terezaxavier.com.br\/en\/wp-json\/wp\/v2\/pages"}],"about":[{"href":"https:\/\/terezaxavier.com.br\/en\/wp-json\/wp\/v2\/types\/page"}],"author":[{"embeddable":true,"href":"https:\/\/terezaxavier.com.br\/en\/wp-json\/wp\/v2\/users\/1"}],"replies":[{"embeddable":true,"href":"https:\/\/terezaxavier.com.br\/en\/wp-json\/wp\/v2\/comments?post=22722"}],"version-history":[{"count":70,"href":"https:\/\/terezaxavier.com.br\/en\/wp-json\/wp\/v2\/pages\/22722\/revisions"}],"predecessor-version":[{"id":45330,"href":"https:\/\/terezaxavier.com.br\/en\/wp-json\/wp\/v2\/pages\/22722\/revisions\/45330"}],"wp:attachment":[{"href":"https:\/\/terezaxavier.com.br\/en\/wp-json\/wp\/v2\/media?parent=22722"}],"curies":[{"name":"wp","href":"https:\/\/api.w.org\/{rel}","templated":true}]}}