{"id":22478,"date":"2023-03-02T14:32:02","date_gmt":"2023-03-02T17:32:02","guid":{"rendered":"https:\/\/terezaxavier.com.br\/?page_id=22478"},"modified":"2025-07-24T13:29:48","modified_gmt":"2025-07-24T16:29:48","slug":"joia-tatuagem-alta-joalheria-2","status":"publish","type":"page","link":"https:\/\/terezaxavier.com.br\/en\/joia-tatuagem-alta-joalheria-2\/","title":{"rendered":"Cole\u00e7\u00e3o Joia Tatuagem Alta Joalheria"},"content":{"rendered":"<div data-elementor-type=\"wp-page\" data-elementor-id=\"22478\" class=\"elementor elementor-22478\" data-elementor-post-type=\"page\">\n\t\t\t\t\t\t<section class=\"elementor-section elementor-top-section elementor-element elementor-element-9009f05 elementor-section-full_width elementor-section-stretched elementor-section-height-default elementor-section-height-default sc_fly_static\" data-id=\"9009f05\" data-element_type=\"section\" data-e-type=\"section\" data-settings=\"{&quot;stretch_section&quot;:&quot;section-stretched&quot;}\">\n\t\t\t\t\t\t<div class=\"elementor-container elementor-column-gap-extended\">\n\t\t\t\t\t<div class=\"elementor-column elementor-col-50 elementor-top-column elementor-element elementor-element-9929ca4 sc_content_align_inherit sc_layouts_column_icons_position_left sc_fly_static\" data-id=\"9929ca4\" data-element_type=\"column\" data-e-type=\"column\">\n\t\t\t<div class=\"elementor-widget-wrap elementor-element-populated\">\n\t\t\t\t\t\t<div class=\"elementor-element elementor-element-8789e1d sc_fly_static elementor-widget elementor-widget-image\" data-id=\"8789e1d\" data-element_type=\"widget\" data-e-type=\"widget\" data-widget_type=\"image.default\">\n\t\t\t\t<div class=\"elementor-widget-container\">\n\t\t\t\t\t\t\t\t\t\t\t\t<figure class=\"wp-caption\">\n\t\t\t\t\t\t\t\t\t\t<img fetchpriority=\"high\" decoding=\"async\" width=\"1024\" height=\"699\" src=\"https:\/\/terezaxavier.com.br\/wp-content\/uploads\/2023\/03\/11b-1024x699.jpg\" class=\"attachment-large size-large wp-image-22485\" alt=\"\" srcset=\"https:\/\/terezaxavier.com.br\/wp-content\/uploads\/2023\/03\/11b-1024x699.jpg 1024w, https:\/\/terezaxavier.com.br\/wp-content\/uploads\/2023\/03\/11b-300x205.jpg 300w, https:\/\/terezaxavier.com.br\/wp-content\/uploads\/2023\/03\/11b-768x524.jpg 768w, https:\/\/terezaxavier.com.br\/wp-content\/uploads\/2023\/03\/11b-1536x1049.jpg 1536w, https:\/\/terezaxavier.com.br\/wp-content\/uploads\/2023\/03\/11b-2048x1398.jpg 2048w, https:\/\/terezaxavier.com.br\/wp-content\/uploads\/2023\/03\/11b-370x253.jpg 370w, https:\/\/terezaxavier.com.br\/wp-content\/uploads\/2023\/03\/11b-840x574.jpg 840w, https:\/\/terezaxavier.com.br\/wp-content\/uploads\/2023\/03\/11b-410x280.jpg 410w, https:\/\/terezaxavier.com.br\/wp-content\/uploads\/2023\/03\/11b-600x410.jpg 600w\" sizes=\"(max-width: 1024px) 100vw, 1024px\" \/>\t\t\t\t\t\t\t\t\t\t\t<figcaption class=\"widget-image-caption wp-caption-text\">Anel Tatuagem<\/figcaption>\n\t\t\t\t\t\t\t\t\t\t<\/figure>\n\t\t\t\t\t\t\t\t\t<\/div>\n\t\t\t\t<\/div>\n\t\t\t\t\t<\/div>\n\t\t<\/div>\n\t\t\t\t<div class=\"elementor-column elementor-col-50 elementor-top-column elementor-element elementor-element-48c414e sc_content_align_inherit sc_layouts_column_icons_position_left sc_fly_static\" data-id=\"48c414e\" data-element_type=\"column\" data-e-type=\"column\">\n\t\t\t<div class=\"elementor-widget-wrap elementor-element-populated\">\n\t\t\t\t\t\t<div class=\"elementor-element elementor-element-63b5ce1 sc_fly_static elementor-widget elementor-widget-spacer\" data-id=\"63b5ce1\" data-element_type=\"widget\" data-e-type=\"widget\" data-widget_type=\"spacer.default\">\n\t\t\t\t<div class=\"elementor-widget-container\">\n\t\t\t\t\t\t\t<div class=\"elementor-spacer\">\n\t\t\t<div class=\"elementor-spacer-inner\"><\/div>\n\t\t<\/div>\n\t\t\t\t\t\t<\/div>\n\t\t\t\t<\/div>\n\t\t\t\t<div class=\"elementor-element elementor-element-5f0d272 sc_fly_static elementor-widget elementor-widget-heading\" data-id=\"5f0d272\" data-element_type=\"widget\" data-e-type=\"widget\" data-widget_type=\"heading.default\">\n\t\t\t\t<div class=\"elementor-widget-container\">\n\t\t\t\t\t<h2 class=\"elementor-heading-title elementor-size-default\">Cole\u00e7\u00e3o Tatuagem Alta Joalheria<\/h2>\t\t\t\t<\/div>\n\t\t\t\t<\/div>\n\t\t\t\t<div class=\"elementor-element elementor-element-f593b16 sc_fly_static elementor-widget elementor-widget-text-editor\" data-id=\"f593b16\" data-element_type=\"widget\" data-e-type=\"widget\" data-widget_type=\"text-editor.default\">\n\t\t\t\t<div class=\"elementor-widget-container\">\n\t\t\t\t\t\t\t\t\t<blockquote><p style=\"text-align: center;\">A lenda ind\u00edgena da Gruta dos Amores em Paquet\u00e1 inspirou Tereza Xavier na cria\u00e7\u00e3o da Cole\u00e7\u00e3o Tatuagem para marcar com Ouro e Diamante a pele da pessoa amada. \u00c9 um sinete com desenhos ind\u00edgenas e a inscri\u00e7\u00e3o AIAMOTARACARATU que significa Amar Muito na l\u00edngua Tupi.<\/p><p style=\"text-align: center;\">O Diamante cravado no anel e no pingente Tatuagem representa uma gota de \u00e1gua da gruta dos Amores.<\/p><\/blockquote><p style=\"text-align: center;\"><span style=\"color: #000000;\">As pe\u00e7as desta Cole\u00e7\u00e3o s\u00e3o confeccionadas por encomenda.<\/span><\/p>\t\t\t\t\t\t\t\t<\/div>\n\t\t\t\t<\/div>\n\t\t\t\t\t<\/div>\n\t\t<\/div>\n\t\t\t\t\t<\/div>\n\t\t<\/section>\n\t\t\t\t<section class=\"elementor-section-with-custom-width elementor-section elementor-top-section elementor-element elementor-element-e9f0d89 elementor-section-full_width elementor-section-stretched elementor-section-height-default elementor-section-height-default sc_fly_static\" data-id=\"e9f0d89\" data-element_type=\"section\" data-e-type=\"section\" data-settings=\"{&quot;stretch_section&quot;:&quot;section-stretched&quot;}\">\n\t\t\t\t\t\t<div class=\"elementor-container elementor-column-gap-extended\">\n\t\t\t\t\t<div class=\"elementor-column elementor-col-16 elementor-top-column elementor-element elementor-element-05f847a sc_content_align_inherit sc_layouts_column_icons_position_left sc_fly_static\" data-id=\"05f847a\" data-element_type=\"column\" data-e-type=\"column\">\n\t\t\t<div class=\"elementor-widget-wrap\">\n\t\t\t\t\t\t\t<\/div>\n\t\t<\/div>\n\t\t\t\t<div class=\"elementor-column elementor-col-66 elementor-top-column elementor-element elementor-element-d3da7d9 sc_content_align_inherit sc_layouts_column_icons_position_left sc_fly_static\" data-id=\"d3da7d9\" data-element_type=\"column\" data-e-type=\"column\">\n\t\t\t<div class=\"elementor-widget-wrap elementor-element-populated\">\n\t\t\t\t\t\t<div class=\"elementor-element elementor-element-a3fdc29 sc_fly_static elementor-widget elementor-widget-heading\" data-id=\"a3fdc29\" data-element_type=\"widget\" data-e-type=\"widget\" data-widget_type=\"heading.default\">\n\t\t\t\t<div class=\"elementor-widget-container\">\n\t\t\t\t\t<h2 class=\"elementor-heading-title elementor-size-default\">Pingente Tatuagem<\/h2>\t\t\t\t<\/div>\n\t\t\t\t<\/div>\n\t\t\t\t<div class=\"elementor-element elementor-element-4a822b0 sc_fly_static elementor-widget elementor-widget-spacer\" data-id=\"4a822b0\" data-element_type=\"widget\" data-e-type=\"widget\" data-widget_type=\"spacer.default\">\n\t\t\t\t<div class=\"elementor-widget-container\">\n\t\t\t\t\t\t\t<div class=\"elementor-spacer\">\n\t\t\t<div class=\"elementor-spacer-inner\"><\/div>\n\t\t<\/div>\n\t\t\t\t\t\t<\/div>\n\t\t\t\t<\/div>\n\t\t\t\t<div class=\"elementor-element elementor-element-446607c sc_fly_static elementor-widget elementor-widget-image\" data-id=\"446607c\" data-element_type=\"widget\" data-e-type=\"widget\" data-widget_type=\"image.default\">\n\t\t\t\t<div class=\"elementor-widget-container\">\n\t\t\t\t\t\t\t\t\t\t\t\t\t\t\t<img decoding=\"async\" width=\"995\" height=\"1024\" src=\"https:\/\/terezaxavier.com.br\/wp-content\/uploads\/2023\/03\/11c-995x1024.jpg\" class=\"attachment-large size-large wp-image-22496\" alt=\"\" srcset=\"https:\/\/terezaxavier.com.br\/wp-content\/uploads\/2023\/03\/11c-995x1024.jpg 995w, https:\/\/terezaxavier.com.br\/wp-content\/uploads\/2023\/03\/11c-292x300.jpg 292w, https:\/\/terezaxavier.com.br\/wp-content\/uploads\/2023\/03\/11c-768x790.jpg 768w, https:\/\/terezaxavier.com.br\/wp-content\/uploads\/2023\/03\/11c-1493x1536.jpg 1493w, https:\/\/terezaxavier.com.br\/wp-content\/uploads\/2023\/03\/11c-1991x2048.jpg 1991w, https:\/\/terezaxavier.com.br\/wp-content\/uploads\/2023\/03\/11c-370x381.jpg 370w, https:\/\/terezaxavier.com.br\/wp-content\/uploads\/2023\/03\/11c-840x864.jpg 840w, https:\/\/terezaxavier.com.br\/wp-content\/uploads\/2023\/03\/11c-410x422.jpg 410w, https:\/\/terezaxavier.com.br\/wp-content\/uploads\/2023\/03\/11c-600x617.jpg 600w, https:\/\/terezaxavier.com.br\/wp-content\/uploads\/2023\/03\/11c.jpg 2043w\" sizes=\"(max-width: 995px) 100vw, 995px\" \/>\t\t\t\t\t\t\t\t\t\t\t\t\t\t\t<\/div>\n\t\t\t\t<\/div>\n\t\t\t\t<div class=\"elementor-element elementor-element-29e24d5 sc_fly_static elementor-widget elementor-widget-spacer\" data-id=\"29e24d5\" data-element_type=\"widget\" data-e-type=\"widget\" data-widget_type=\"spacer.default\">\n\t\t\t\t<div class=\"elementor-widget-container\">\n\t\t\t\t\t\t\t<div class=\"elementor-spacer\">\n\t\t\t<div class=\"elementor-spacer-inner\"><\/div>\n\t\t<\/div>\n\t\t\t\t\t\t<\/div>\n\t\t\t\t<\/div>\n\t\t\t\t<div class=\"elementor-element elementor-element-1ae7efc sc_fly_static elementor-widget elementor-widget-text-editor\" data-id=\"1ae7efc\" data-element_type=\"widget\" data-e-type=\"widget\" data-widget_type=\"text-editor.default\">\n\t\t\t\t<div class=\"elementor-widget-container\">\n\t\t\t\t\t\t\t\t\t<h2 style=\"text-align: center;\"><em>A Lenda da Gruta dos Amores na Ilha de Paquet\u00e1, Rio de Janeiro<\/em><\/h2><blockquote><p style=\"text-align: left;\"><em>Era no tempo dos Tamoios que ITANHANT\u00c3 ia em sua ub\u00e1, esp\u00e9cie de canoa usada pelos \u00edndios, para pescar e ca\u00e7ar na ilha de Paquet\u00e1. Depois, ele sempre repousava no aconchego de uma gruta.\u00a0<\/em><\/p><p style=\"text-align: left;\"><em>Uma indiazinha, chamada Poranga, ia diariamente encontrar ITANHANT\u00c3, mas ele n\u00e3o lhe dava a m\u00ednima aten\u00e7\u00e3o. Todos os dias Poranga subia na gruta e cantava, esperando ITANHANT\u00c3 chegar, pescar, ca\u00e7ar e descansar. E todos os dias suas l\u00e1grimas ca\u00edam na pedra.\u00a0<\/em><\/p><p style=\"text-align: left;\"><em>O canto e o choro de Poranga n\u00e3o amoleceram o cora\u00e7\u00e3o de ITANHANT\u00c3, mas suas l\u00e1grimas conseguiram abrir um buraco na terra e, certo dia, ca\u00edram sobre os olhos do ca\u00e7ador adormecido. Ele se assustou e saiu correndo para sua ub\u00e1, quando avistou Poranga e disse: &#8220;Cunh\u00e3 Por\u00e3&#8221;, mo\u00e7a linda em Tupi.\u00a0<\/em><\/p><p style=\"text-align: left;\"><em>No dia seguinte, ao voltar ao seu local de descanso, ITANHANT\u00c3 reparou a linda voz da indiazinha e apaixonou-se por ela. Os dois foram felizes pelo resto de suas vidas. E as l\u00e1grimas de Poranga se transformaram na fonte que existe at\u00e9 os dias de hoje na Gruta dos Amares.\u00a0<\/em><\/p><p style=\"text-align: left;\"><em>Dizem que quem quiser encontrar um amor para a vida inteira basta beber da fonte da Gruta dos Amores, na ilha de Paquet\u00e1, junto com a pessoa amada.<\/em><\/p><\/blockquote>\t\t\t\t\t\t\t\t<\/div>\n\t\t\t\t<\/div>\n\t\t\t\t\t<\/div>\n\t\t<\/div>\n\t\t\t\t<div class=\"elementor-column elementor-col-16 elementor-top-column elementor-element elementor-element-aa5e296 sc_content_align_inherit sc_layouts_column_icons_position_left sc_fly_static\" data-id=\"aa5e296\" data-element_type=\"column\" data-e-type=\"column\">\n\t\t\t<div class=\"elementor-widget-wrap\">\n\t\t\t\t\t\t\t<\/div>\n\t\t<\/div>\n\t\t\t\t\t<\/div>\n\t\t<\/section>\n\t\t\t\t<section class=\"elementor-section elementor-top-section elementor-element elementor-element-4d4e4f5 elementor-section-boxed elementor-section-height-default elementor-section-height-default sc_fly_static\" data-id=\"4d4e4f5\" data-element_type=\"section\" data-e-type=\"section\">\n\t\t\t\t\t\t<div class=\"elementor-container elementor-column-gap-extended\">\n\t\t\t\t\t<div class=\"elementor-column elementor-col-33 elementor-top-column elementor-element elementor-element-5bcbd54 sc_content_align_inherit sc_layouts_column_icons_position_left sc_fly_static\" data-id=\"5bcbd54\" data-element_type=\"column\" data-e-type=\"column\">\n\t\t\t<div class=\"elementor-widget-wrap\">\n\t\t\t\t\t\t\t<\/div>\n\t\t<\/div>\n\t\t\t\t<div class=\"elementor-column elementor-col-33 elementor-top-column elementor-element elementor-element-c435438 sc_content_align_inherit sc_layouts_column_icons_position_left sc_fly_static\" data-id=\"c435438\" data-element_type=\"column\" data-e-type=\"column\">\n\t\t\t<div class=\"elementor-widget-wrap elementor-element-populated\">\n\t\t\t\t\t\t<div class=\"elementor-element elementor-element-015d6d5 sc_fly_static elementor-widget elementor-widget-trx_sc_extended_products\" data-id=\"015d6d5\" data-element_type=\"widget\" data-e-type=\"widget\" data-widget_type=\"trx_sc_extended_products.default\">\n\t\t\t\t<div class=\"elementor-widget-container\">\n\t\t\t\t\t<div  \n\tclass=\"sc_extended_products sc_extended_products_simple\" ><div class=\"sc_extended_products_content sc_item_content\" ><div class=\"woocommerce columns-1\"><ul class=\"products products_style_simple columns-1\">\n<li class=\"product type-product post-22697 status-publish first instock product_cat-alta-joalheria product_tag-anel-colecao-tatuagem-alta-joalheria has-post-thumbnail shipping-taxable product-type-simple product_style_simple\">\n\t\t\t<div class=\"post_item post_layout_thumbs\"\n\t\t\t\t\t>\n\t\t\t<div class=\"post_featured hover_shop\">\n\t\t\t\t\t\t\t\t<a href=\"https:\/\/terezaxavier.com.br\/en\/product\/anel-colecao-tatuagem-alta-joalheria\/\">\n\t\t\t\t<img decoding=\"async\" width=\"1536\" height=\"1049\" src=\"https:\/\/terezaxavier.com.br\/wp-content\/uploads\/2023\/03\/anel-tatuagem-alta-joalheria.png\" class=\"attachment-2048x2048 size-2048x2048\" alt=\"Anel Tatuagem Alta Joalheria\" srcset=\"https:\/\/terezaxavier.com.br\/wp-content\/uploads\/2023\/03\/anel-tatuagem-alta-joalheria.png 1536w, https:\/\/terezaxavier.com.br\/wp-content\/uploads\/2023\/03\/anel-tatuagem-alta-joalheria-300x205.png 300w, https:\/\/terezaxavier.com.br\/wp-content\/uploads\/2023\/03\/anel-tatuagem-alta-joalheria-1024x699.png 1024w, https:\/\/terezaxavier.com.br\/wp-content\/uploads\/2023\/03\/anel-tatuagem-alta-joalheria-768x525.png 768w, https:\/\/terezaxavier.com.br\/wp-content\/uploads\/2023\/03\/anel-tatuagem-alta-joalheria-370x253.png 370w, https:\/\/terezaxavier.com.br\/wp-content\/uploads\/2023\/03\/anel-tatuagem-alta-joalheria-840x574.png 840w, https:\/\/terezaxavier.com.br\/wp-content\/uploads\/2023\/03\/anel-tatuagem-alta-joalheria-410x280.png 410w, https:\/\/terezaxavier.com.br\/wp-content\/uploads\/2023\/03\/anel-tatuagem-alta-joalheria-600x410.png 600w\" sizes=\"(max-width: 1536px) 100vw, 1536px\" \/>\t\t\t\t<\/a>\n\t\t\t\t\t\t\t\t\t<div class=\"mask\"><\/div>\n\t\t\t\t\t\t\t\t\t<div class=\"icons\">\n\t\t\t\t\t<div class=\"tinv-wraper woocommerce tinv-wishlist tinvwl-shortcode-add-to-cart tinvwl-loop-button-wrapper tinvwl-woocommerce_before_shop_loop_item_title\"\r\n\t data-tinvwl_product_id=\"22697\">\r\n\t<div class=\"tinv-wishlist-clear\"><\/div><a role=\"button\" tabindex=\"0\" name=\"add-to-wishlist\" aria-label=\"Add to Wishlist\" class=\"tinvwl_add_to_wishlist_button tinvwl-icon-heart  tinvwl-position-shortcode tinvwl-loop\" data-tinv-wl-list=\"[]\" data-tinv-wl-product=\"22697\" data-tinv-wl-productvariation=\"0\" data-tinv-wl-productvariations=\"[]\" data-tinv-wl-producttype=\"simple\" data-tinv-wl-action=\"add\"><span class=\"tinvwl_add_to_wishlist-text\">Add to Wishlist<\/span><span class=\"tinvwl_remove_from_wishlist-text\">Remove from Wishlist<\/span><\/a><div class=\"tinv-wishlist-clear\"><\/div>\t\t<div\r\n\t\tclass=\"tinvwl-tooltip\">Add to Wishlist<\/div>\r\n<\/div>\r\n\t\t\t\t\t<a href=\"https:\/\/terezaxavier.com.br\/en\/product\/anel-colecao-tatuagem-alta-joalheria\/\" aria-hidden=\"true\" class=\"shop_link\">\n\t\t\t\t\t\t<span class=\"icon-anim\"><\/span>\n\t\t\t\t\t<\/a>\n\t\t\t\t<\/div>\n\t\t\t\t\t\t\t<\/div>\n\t\t\t<div class=\"post_data\">\n\t\t\t\t<div class=\"post_data_inner\">\n\t\t\t\t\t<div class=\"post_header entry-header\">\n\t\t\t\t\t<h2 class=\"woocommerce-loop-product__title\"><a href=\"https:\/\/terezaxavier.com.br\/en\/product\/anel-colecao-tatuagem-alta-joalheria\/\">Anel Tatuagem Alta Joalheria<\/a><\/h2>\t\t\t<\/div>\n\t\t\n<div class=\"add_to_cart_wrap\"><a href=\"https:\/\/terezaxavier.com.br\/en\/product\/anel-colecao-tatuagem-alta-joalheria\/\" aria-describedby=\"woocommerce_loop_add_to_cart_link_describedby_22697\" data-quantity=\"1\" class=\"button product_type_simple\" data-product_id=\"22697\" data-product_sku=\"\" aria-label=\"Read more about \u201cAnel Tatuagem Alta Joalheria\u201d\" rel=\"nofollow\" data-success_message=\"\" data-no-translation=\"\" data-trp-gettext=\"\" data-no-translation-aria-label=\"\">Read more<\/a><\/div>\t<span id=\"woocommerce_loop_add_to_cart_link_describedby_22697\" class=\"screen-reader-text\">\n\t\t\t<\/span>\n\t\t\t\t<\/div>\n\t\t\t<\/div>\n\t\t<\/div>\n\t\t<\/li>\n<\/ul>\n<\/div><\/div><\/div>\n\t\t\t\t<\/div>\n\t\t\t\t<\/div>\n\t\t\t\t\t<\/div>\n\t\t<\/div>\n\t\t\t\t<div class=\"elementor-column elementor-col-33 elementor-top-column elementor-element elementor-element-f763e3e sc_content_align_inherit sc_layouts_column_icons_position_left sc_fly_static\" data-id=\"f763e3e\" data-element_type=\"column\" data-e-type=\"column\">\n\t\t\t<div class=\"elementor-widget-wrap\">\n\t\t\t\t\t\t\t<\/div>\n\t\t<\/div>\n\t\t\t\t\t<\/div>\n\t\t<\/section>\n\t\t\t\t<section class=\"elementor-section elementor-top-section elementor-element elementor-element-5519685 elementor-section-boxed elementor-section-height-default elementor-section-height-default sc_fly_static\" data-id=\"5519685\" data-element_type=\"section\" data-e-type=\"section\">\n\t\t\t\t\t\t<div class=\"elementor-container elementor-column-gap-extended\">\n\t\t\t\t\t<div class=\"elementor-column elementor-col-33 elementor-top-column elementor-element elementor-element-6d85856 sc_content_align_inherit sc_layouts_column_icons_position_left sc_fly_static\" data-id=\"6d85856\" data-element_type=\"column\" data-e-type=\"column\">\n\t\t\t<div class=\"elementor-widget-wrap\">\n\t\t\t\t\t\t\t<\/div>\n\t\t<\/div>\n\t\t\t\t<div class=\"elementor-column elementor-col-33 elementor-top-column elementor-element elementor-element-c14ad9f sc_content_align_inherit sc_layouts_column_icons_position_left sc_fly_static\" data-id=\"c14ad9f\" data-element_type=\"column\" data-e-type=\"column\">\n\t\t\t<div class=\"elementor-widget-wrap elementor-element-populated\">\n\t\t\t\t\t\t<div class=\"elementor-element elementor-element-3bf5dd2 sc_fly_static elementor-widget elementor-widget-trx_sc_extended_products\" data-id=\"3bf5dd2\" data-element_type=\"widget\" data-e-type=\"widget\" data-widget_type=\"trx_sc_extended_products.default\">\n\t\t\t\t<div class=\"elementor-widget-container\">\n\t\t\t\t\t<div  \n\tclass=\"sc_extended_products sc_extended_products_simple\" ><div class=\"sc_extended_products_content sc_item_content\" ><div class=\"woocommerce columns-1\"><ul class=\"products products_style_simple columns-1\">\n<li class=\"product type-product post-22685 status-publish first instock product_cat-alta-joalheria has-post-thumbnail sold-individually shipping-taxable product-type-simple product_style_simple\">\n\t\t\t<div class=\"post_item post_layout_thumbs\"\n\t\t\t\t\t>\n\t\t\t<div class=\"post_featured hover_shop\">\n\t\t\t\t\t\t\t\t<a href=\"https:\/\/terezaxavier.com.br\/en\/product\/pingente-joia-tatuagem\/\">\n\t\t\t\t<img loading=\"lazy\" decoding=\"async\" width=\"1991\" height=\"2048\" src=\"https:\/\/terezaxavier.com.br\/wp-content\/uploads\/2023\/03\/pingente-joia-tatuagem-alta-joalheria-1991x2048.png\" class=\"attachment-2048x2048 size-2048x2048\" alt=\"Pingente Tatuagem\" srcset=\"https:\/\/terezaxavier.com.br\/wp-content\/uploads\/2023\/03\/pingente-joia-tatuagem-alta-joalheria-1991x2048.png 1991w, https:\/\/terezaxavier.com.br\/wp-content\/uploads\/2023\/03\/pingente-joia-tatuagem-alta-joalheria-292x300.png 292w, https:\/\/terezaxavier.com.br\/wp-content\/uploads\/2023\/03\/pingente-joia-tatuagem-alta-joalheria-995x1024.png 995w, https:\/\/terezaxavier.com.br\/wp-content\/uploads\/2023\/03\/pingente-joia-tatuagem-alta-joalheria-768x790.png 768w, https:\/\/terezaxavier.com.br\/wp-content\/uploads\/2023\/03\/pingente-joia-tatuagem-alta-joalheria-1493x1536.png 1493w, https:\/\/terezaxavier.com.br\/wp-content\/uploads\/2023\/03\/pingente-joia-tatuagem-alta-joalheria-370x381.png 370w, https:\/\/terezaxavier.com.br\/wp-content\/uploads\/2023\/03\/pingente-joia-tatuagem-alta-joalheria-840x864.png 840w, https:\/\/terezaxavier.com.br\/wp-content\/uploads\/2023\/03\/pingente-joia-tatuagem-alta-joalheria-410x422.png 410w, https:\/\/terezaxavier.com.br\/wp-content\/uploads\/2023\/03\/pingente-joia-tatuagem-alta-joalheria-600x617.png 600w, https:\/\/terezaxavier.com.br\/wp-content\/uploads\/2023\/03\/pingente-joia-tatuagem-alta-joalheria.png 2043w\" sizes=\"(max-width: 1991px) 100vw, 1991px\" \/>\t\t\t\t<\/a>\n\t\t\t\t\t\t\t\t\t<div class=\"mask\"><\/div>\n\t\t\t\t\t\t\t\t\t<div class=\"icons\">\n\t\t\t\t\t<div class=\"tinv-wraper woocommerce tinv-wishlist tinvwl-shortcode-add-to-cart tinvwl-loop-button-wrapper tinvwl-woocommerce_before_shop_loop_item_title\"\r\n\t data-tinvwl_product_id=\"22685\">\r\n\t<div class=\"tinv-wishlist-clear\"><\/div><a role=\"button\" tabindex=\"0\" name=\"add-to-wishlist\" aria-label=\"Add to Wishlist\" class=\"tinvwl_add_to_wishlist_button tinvwl-icon-heart  tinvwl-position-shortcode tinvwl-loop\" data-tinv-wl-list=\"[]\" data-tinv-wl-product=\"22685\" data-tinv-wl-productvariation=\"0\" data-tinv-wl-productvariations=\"[]\" data-tinv-wl-producttype=\"simple\" data-tinv-wl-action=\"add\"><span class=\"tinvwl_add_to_wishlist-text\">Add to Wishlist<\/span><span class=\"tinvwl_remove_from_wishlist-text\">Remove from Wishlist<\/span><\/a><div class=\"tinv-wishlist-clear\"><\/div>\t\t<div\r\n\t\tclass=\"tinvwl-tooltip\">Add to Wishlist<\/div>\r\n<\/div>\r\n\t\t\t\t\t<a href=\"https:\/\/terezaxavier.com.br\/en\/product\/pingente-joia-tatuagem\/\" aria-hidden=\"true\" class=\"shop_link\">\n\t\t\t\t\t\t<span class=\"icon-anim\"><\/span>\n\t\t\t\t\t<\/a>\n\t\t\t\t<\/div>\n\t\t\t\t\t\t\t<\/div>\n\t\t\t<div class=\"post_data\">\n\t\t\t\t<div class=\"post_data_inner\">\n\t\t\t\t\t<div class=\"post_header entry-header\">\n\t\t\t\t\t<h2 class=\"woocommerce-loop-product__title\"><a href=\"https:\/\/terezaxavier.com.br\/en\/product\/pingente-joia-tatuagem\/\">Pingente Tatuagem<\/a><\/h2>\t\t\t<\/div>\n\t\t\n<div class=\"add_to_cart_wrap\"><a href=\"https:\/\/terezaxavier.com.br\/en\/product\/pingente-joia-tatuagem\/\" aria-describedby=\"woocommerce_loop_add_to_cart_link_describedby_22685\" data-quantity=\"1\" class=\"button product_type_simple\" data-product_id=\"22685\" data-product_sku=\"\" aria-label=\"Read more about \u201cPingente Tatuagem\u201d\" rel=\"nofollow\" data-success_message=\"\" data-no-translation=\"\" data-trp-gettext=\"\" data-no-translation-aria-label=\"\">Read more<\/a><\/div>\t<span id=\"woocommerce_loop_add_to_cart_link_describedby_22685\" class=\"screen-reader-text\">\n\t\t\t<\/span>\n\t\t\t\t<\/div>\n\t\t\t<\/div>\n\t\t<\/div>\n\t\t<\/li>\n<\/ul>\n<\/div><\/div><\/div>\n\t\t\t\t<\/div>\n\t\t\t\t<\/div>\n\t\t\t\t\t<\/div>\n\t\t<\/div>\n\t\t\t\t<div class=\"elementor-column elementor-col-33 elementor-top-column elementor-element elementor-element-c123de7 sc_content_align_inherit sc_layouts_column_icons_position_left sc_fly_static\" data-id=\"c123de7\" data-element_type=\"column\" data-e-type=\"column\">\n\t\t\t<div class=\"elementor-widget-wrap\">\n\t\t\t\t\t\t\t<\/div>\n\t\t<\/div>\n\t\t\t\t\t<\/div>\n\t\t<\/section>\n\t\t\t\t<\/div>","protected":false},"excerpt":{"rendered":"<p>Anel Tatuagem Cole\u00e7\u00e3o Tatuagem Alta Joalheria A lenda ind\u00edgena da Gruta dos Amores em Paquet\u00e1 inspirou Tereza Xavier na cria\u00e7\u00e3o da Cole\u00e7\u00e3o Tatuagem para marcar com Ouro e Diamante a&hellip;<\/p>","protected":false},"author":1,"featured_media":0,"parent":0,"menu_order":0,"comment_status":"closed","ping_status":"closed","template":"","meta":{"_joinchat":[],"footnotes":""},"class_list":["post-22478","page","type-page","status-publish","hentry"],"_hostinger_reach_plugin_has_subscription_block":false,"_hostinger_reach_plugin_is_elementor":false,"_links":{"self":[{"href":"https:\/\/terezaxavier.com.br\/en\/wp-json\/wp\/v2\/pages\/22478","targetHints":{"allow":["GET"]}}],"collection":[{"href":"https:\/\/terezaxavier.com.br\/en\/wp-json\/wp\/v2\/pages"}],"about":[{"href":"https:\/\/terezaxavier.com.br\/en\/wp-json\/wp\/v2\/types\/page"}],"author":[{"embeddable":true,"href":"https:\/\/terezaxavier.com.br\/en\/wp-json\/wp\/v2\/users\/1"}],"replies":[{"embeddable":true,"href":"https:\/\/terezaxavier.com.br\/en\/wp-json\/wp\/v2\/comments?post=22478"}],"version-history":[{"count":134,"href":"https:\/\/terezaxavier.com.br\/en\/wp-json\/wp\/v2\/pages\/22478\/revisions"}],"predecessor-version":[{"id":45123,"href":"https:\/\/terezaxavier.com.br\/en\/wp-json\/wp\/v2\/pages\/22478\/revisions\/45123"}],"wp:attachment":[{"href":"https:\/\/terezaxavier.com.br\/en\/wp-json\/wp\/v2\/media?parent=22478"}],"curies":[{"name":"wp","href":"https:\/\/api.w.org\/{rel}","templated":true}]}}