{"id":22383,"date":"2023-03-02T10:50:20","date_gmt":"2023-03-02T13:50:20","guid":{"rendered":"https:\/\/terezaxavier.com.br\/?page_id=22383"},"modified":"2025-05-07T15:44:26","modified_gmt":"2025-05-07T18:44:26","slug":"colecao-tempo-alta-joalheria","status":"publish","type":"page","link":"https:\/\/terezaxavier.com.br\/en\/colecao-tempo-alta-joalheria\/","title":{"rendered":"Cole\u00e7\u00e3o Tempo Alta Joalheria"},"content":{"rendered":"<div data-elementor-type=\"wp-page\" data-elementor-id=\"22383\" class=\"elementor elementor-22383\" data-elementor-post-type=\"page\">\n\t\t\t\t\t\t<section class=\"elementor-section elementor-top-section elementor-element elementor-element-5636c94 elementor-section-full_width elementor-section-stretched elementor-section-height-default elementor-section-height-default sc_fly_static\" data-id=\"5636c94\" data-element_type=\"section\" data-e-type=\"section\" data-settings=\"{&quot;stretch_section&quot;:&quot;section-stretched&quot;}\">\n\t\t\t\t\t\t<div class=\"elementor-container elementor-column-gap-extended\">\n\t\t\t\t\t<div class=\"elementor-column elementor-col-100 elementor-top-column elementor-element elementor-element-8aac733 sc_content_align_inherit sc_layouts_column_icons_position_left sc_fly_static\" data-id=\"8aac733\" data-element_type=\"column\" data-e-type=\"column\">\n\t\t\t<div class=\"elementor-widget-wrap elementor-element-populated\">\n\t\t\t\t\t\t<div class=\"elementor-element elementor-element-f452ec0 sc_fly_static elementor-widget elementor-widget-image\" data-id=\"f452ec0\" data-element_type=\"widget\" data-e-type=\"widget\" data-widget_type=\"image.default\">\n\t\t\t\t<div class=\"elementor-widget-container\">\n\t\t\t\t\t\t\t\t\t\t\t\t\t\t\t<img fetchpriority=\"high\" decoding=\"async\" width=\"2560\" height=\"1779\" src=\"https:\/\/terezaxavier.com.br\/wp-content\/uploads\/2022\/05\/08-scaled.jpg\" class=\"attachment-full size-full wp-image-22389\" alt=\"\" srcset=\"https:\/\/terezaxavier.com.br\/wp-content\/uploads\/2022\/05\/08-scaled.jpg 2560w, https:\/\/terezaxavier.com.br\/wp-content\/uploads\/2022\/05\/08-300x208.jpg 300w, https:\/\/terezaxavier.com.br\/wp-content\/uploads\/2022\/05\/08-1024x711.jpg 1024w, https:\/\/terezaxavier.com.br\/wp-content\/uploads\/2022\/05\/08-768x534.jpg 768w, https:\/\/terezaxavier.com.br\/wp-content\/uploads\/2022\/05\/08-1536x1067.jpg 1536w, https:\/\/terezaxavier.com.br\/wp-content\/uploads\/2022\/05\/08-2048x1423.jpg 2048w, https:\/\/terezaxavier.com.br\/wp-content\/uploads\/2022\/05\/08-370x257.jpg 370w, https:\/\/terezaxavier.com.br\/wp-content\/uploads\/2022\/05\/08-840x584.jpg 840w, https:\/\/terezaxavier.com.br\/wp-content\/uploads\/2022\/05\/08-410x285.jpg 410w, https:\/\/terezaxavier.com.br\/wp-content\/uploads\/2022\/05\/08-600x417.jpg 600w\" sizes=\"(max-width: 2560px) 100vw, 2560px\" \/>\t\t\t\t\t\t\t\t\t\t\t\t\t\t\t<\/div>\n\t\t\t\t<\/div>\n\t\t\t\t\t<\/div>\n\t\t<\/div>\n\t\t\t\t\t<\/div>\n\t\t<\/section>\n\t\t\t\t<section class=\"elementor-section elementor-top-section elementor-element elementor-element-0156876 elementor-section-boxed elementor-section-height-default elementor-section-height-default sc_fly_static\" data-id=\"0156876\" data-element_type=\"section\" data-e-type=\"section\">\n\t\t\t\t\t\t<div class=\"elementor-container elementor-column-gap-extended\">\n\t\t\t\t\t<div class=\"elementor-column elementor-col-100 elementor-top-column elementor-element elementor-element-1de72d2 sc_content_align_inherit sc_layouts_column_icons_position_left sc_fly_static\" data-id=\"1de72d2\" data-element_type=\"column\" data-e-type=\"column\">\n\t\t\t<div class=\"elementor-widget-wrap elementor-element-populated\">\n\t\t\t\t\t\t<div class=\"elementor-element elementor-element-2f6ead2 sc_fly_static elementor-widget elementor-widget-spacer\" data-id=\"2f6ead2\" data-element_type=\"widget\" data-e-type=\"widget\" data-widget_type=\"spacer.default\">\n\t\t\t\t<div class=\"elementor-widget-container\">\n\t\t\t\t\t\t\t<div class=\"elementor-spacer\">\n\t\t\t<div class=\"elementor-spacer-inner\"><\/div>\n\t\t<\/div>\n\t\t\t\t\t\t<\/div>\n\t\t\t\t<\/div>\n\t\t\t\t<div class=\"elementor-element elementor-element-de9f6a8 sc_fly_static elementor-widget elementor-widget-heading\" data-id=\"de9f6a8\" data-element_type=\"widget\" data-e-type=\"widget\" data-widget_type=\"heading.default\">\n\t\t\t\t<div class=\"elementor-widget-container\">\n\t\t\t\t\t<h2 class=\"elementor-heading-title elementor-size-default\">Cole\u00e7\u00e3o Tempo Alta Joalheria <\/h2>\t\t\t\t<\/div>\n\t\t\t\t<\/div>\n\t\t\t\t<div class=\"elementor-element elementor-element-ce174e5 sc_fly_static elementor-widget elementor-widget-text-editor\" data-id=\"ce174e5\" data-element_type=\"widget\" data-e-type=\"widget\" data-widget_type=\"text-editor.default\">\n\t\t\t\t<div class=\"elementor-widget-container\">\n\t\t\t\t\t\t\t\t\t<blockquote><p style=\"text-align: center;\">O tempo n\u00e3o \u00e9 uma dimens\u00e3o humana. \u00c9 anterior a Tudo, uma propriedade do Criador. Quando tudo n\u00e3o for mais nada, o tempo continuar\u00e1.<\/p><p style=\"text-align: center;\">Tereza Xavier utilizou delicados paillet\u00e9s de pl\u00e1stico confeccionados na \u00c1frica para simbolizar a passagem do Tempo, com momentos mais acelerados, mais lentos, em diferentes cores e tons com Ouro e Cristais de Quartzo Branco.<\/p><p style=\"text-align: center;\">O s\u00edmbolo da tartaruga est\u00e1 presente nesta Cole\u00e7\u00e3o recordando a <span style=\"color: #1d1d1d;\"><span style=\"font-size: 20.0004px;\">import\u00e2ncia<\/span><\/span> da aceita\u00e7\u00e3o e do respeito ao tempo do C\u00e9u.<\/p><\/blockquote>\t\t\t\t\t\t\t\t<\/div>\n\t\t\t\t<\/div>\n\t\t\t\t\t<\/div>\n\t\t<\/div>\n\t\t\t\t\t<\/div>\n\t\t<\/section>\n\t\t\t\t<section class=\"elementor-section elementor-top-section elementor-element elementor-element-07fd27c elementor-section-boxed elementor-section-height-default elementor-section-height-default sc_fly_static\" data-id=\"07fd27c\" data-element_type=\"section\" data-e-type=\"section\">\n\t\t\t\t\t\t<div class=\"elementor-container elementor-column-gap-extended\">\n\t\t\t\t\t<div class=\"elementor-column elementor-col-100 elementor-top-column elementor-element elementor-element-be8e208 sc_content_align_inherit sc_layouts_column_icons_position_left sc_fly_static\" data-id=\"be8e208\" data-element_type=\"column\" data-e-type=\"column\">\n\t\t\t<div class=\"elementor-widget-wrap elementor-element-populated\">\n\t\t\t\t\t\t<div class=\"elementor-element elementor-element-0b670ff sc_fly_static elementor-widget elementor-widget-spacer\" data-id=\"0b670ff\" data-element_type=\"widget\" data-e-type=\"widget\" data-widget_type=\"spacer.default\">\n\t\t\t\t<div class=\"elementor-widget-container\">\n\t\t\t\t\t\t\t<div class=\"elementor-spacer\">\n\t\t\t<div class=\"elementor-spacer-inner\"><\/div>\n\t\t<\/div>\n\t\t\t\t\t\t<\/div>\n\t\t\t\t<\/div>\n\t\t\t\t\t<\/div>\n\t\t<\/div>\n\t\t\t\t\t<\/div>\n\t\t<\/section>\n\t\t\t\t<section class=\"elementor-section elementor-top-section elementor-element elementor-element-af134d4 elementor-section-full_width elementor-section-stretched elementor-section-height-default elementor-section-height-default sc_fly_static\" data-id=\"af134d4\" data-element_type=\"section\" data-e-type=\"section\" data-settings=\"{&quot;stretch_section&quot;:&quot;section-stretched&quot;}\">\n\t\t\t\t\t\t<div class=\"elementor-container elementor-column-gap-extended\">\n\t\t\t\t\t<div class=\"elementor-column elementor-col-50 elementor-top-column elementor-element elementor-element-fb9c3a5 sc_content_align_inherit sc_layouts_column_icons_position_left sc_fly_static\" data-id=\"fb9c3a5\" data-element_type=\"column\" data-e-type=\"column\">\n\t\t\t<div class=\"elementor-widget-wrap elementor-element-populated\">\n\t\t\t\t\t\t<div class=\"elementor-element elementor-element-73494e1 sc_fly_static elementor-widget elementor-widget-image\" data-id=\"73494e1\" data-element_type=\"widget\" data-e-type=\"widget\" data-widget_type=\"image.default\">\n\t\t\t\t<div class=\"elementor-widget-container\">\n\t\t\t\t\t\t\t\t\t\t\t\t\t\t\t<img decoding=\"async\" width=\"1809\" height=\"2560\" src=\"https:\/\/terezaxavier.com.br\/wp-content\/uploads\/2022\/05\/07-scaled.jpg\" class=\"attachment-full size-full wp-image-22423\" alt=\"\" srcset=\"https:\/\/terezaxavier.com.br\/wp-content\/uploads\/2022\/05\/07-scaled.jpg 1809w, https:\/\/terezaxavier.com.br\/wp-content\/uploads\/2022\/05\/07-212x300.jpg 212w, https:\/\/terezaxavier.com.br\/wp-content\/uploads\/2022\/05\/07-724x1024.jpg 724w, https:\/\/terezaxavier.com.br\/wp-content\/uploads\/2022\/05\/07-768x1087.jpg 768w, https:\/\/terezaxavier.com.br\/wp-content\/uploads\/2022\/05\/07-1086x1536.jpg 1086w, https:\/\/terezaxavier.com.br\/wp-content\/uploads\/2022\/05\/07-1447x2048.jpg 1447w, https:\/\/terezaxavier.com.br\/wp-content\/uploads\/2022\/05\/07-370x524.jpg 370w, https:\/\/terezaxavier.com.br\/wp-content\/uploads\/2022\/05\/07-840x1189.jpg 840w, https:\/\/terezaxavier.com.br\/wp-content\/uploads\/2022\/05\/07-410x580.jpg 410w, https:\/\/terezaxavier.com.br\/wp-content\/uploads\/2022\/05\/07-600x849.jpg 600w\" sizes=\"(max-width: 1809px) 100vw, 1809px\" \/>\t\t\t\t\t\t\t\t\t\t\t\t\t\t\t<\/div>\n\t\t\t\t<\/div>\n\t\t\t\t\t<\/div>\n\t\t<\/div>\n\t\t\t\t<div class=\"elementor-column elementor-col-50 elementor-top-column elementor-element elementor-element-c19b074 sc_content_align_center sc_layouts_column_icons_position_left sc_fly_static\" data-id=\"c19b074\" data-element_type=\"column\" data-e-type=\"column\">\n\t\t\t<div class=\"elementor-widget-wrap elementor-element-populated\">\n\t\t\t\t\t\t<div class=\"elementor-element elementor-element-0f0ea4d sc_fly_static elementor-widget elementor-widget-text-editor\" data-id=\"0f0ea4d\" data-element_type=\"widget\" data-e-type=\"widget\" data-widget_type=\"text-editor.default\">\n\t\t\t\t<div class=\"elementor-widget-container\">\n\t\t\t\t\t\t\t\t\t<blockquote><p style=\"text-align: center;\"><span style=\"color: #000000;\"><em>\u201cTudo tem o seu tempo determinado, e h\u00e1 tempo para todo prop\u00f3sito debaixo do c\u00e9u;<\/em><em>H\u00e1 tempo de nascer, tempo de morrer; Tempo de plantar, tempo de arrancar o que se plantou;\u00a0<\/em><em>Tempo de matar e tempo de curar; Tempo de derrubar, tempo de edificar;<\/em><em>Tempo de chorar, tempo de rir; Tempo de plantear, e tempo de dan\u00e7ar;<\/em><em>Tempo de espalhar pedras, tempo de ajuntar pedras; Tempo de abra\u00e7ar, e tempo de afastar-se de abra\u00e7ar; Tempo de buscar e tempo de perder; Tempo de guardar, e tempo de lan\u00e7ar fora;<\/em><em>Tempo de rasgar, e tempo de coser; Tempo de estar calado, e tempo falar; Tempo de amar, e tempo de odiar; Tempo de guerra e tempo de paz.\u201d<\/em><\/span><\/p><p style=\"text-align: center;\"><span style=\"background-color: #ffffff; font-size: 14px; color: #000000;\">Eclesiastes 3;1-8<\/span><\/p><\/blockquote><p style=\"text-align: center;\"><span style=\"color: #000000;\"><em>NOW !<\/em><\/span><\/p><p style=\"text-align: center;\"><span style=\"color: #000000;\"><em>Alice\u00a0 \u00a0&#8211;\u00a0 \u00a0Quanto tempo \u00e9 para sempre?\u00a0<\/em><\/span><\/p><p style=\"text-align: center;\"><span style=\"color: #000000;\"><em>Coelho Branco\u00a0 &#8211;\u00a0 Algumas vezes, apenas um segundo.<\/em><\/span><\/p><p style=\"text-align: center;\"><span style=\"color: #000000;\"><em>&#8220;HIC e HUNC Aqui e Agora, as coisas sendo o que s\u00e3o.&#8221;<\/em><\/span><\/p>\t\t\t\t\t\t\t\t<\/div>\n\t\t\t\t<\/div>\n\t\t\t\t\t<\/div>\n\t\t<\/div>\n\t\t\t\t\t<\/div>\n\t\t<\/section>\n\t\t\t\t<\/div>","protected":false},"excerpt":{"rendered":"<p>Cole\u00e7\u00e3o Tempo Alta Joalheria O tempo n\u00e3o \u00e9 uma dimens\u00e3o humana. \u00c9 anterior a Tudo, uma propriedade do Criador. Quando tudo n\u00e3o for mais nada, o tempo continuar\u00e1. Tereza Xavier&hellip;<\/p>","protected":false},"author":1,"featured_media":0,"parent":0,"menu_order":0,"comment_status":"closed","ping_status":"closed","template":"","meta":{"_joinchat":[],"footnotes":""},"class_list":["post-22383","page","type-page","status-publish","hentry"],"_hostinger_reach_plugin_has_subscription_block":false,"_hostinger_reach_plugin_is_elementor":false,"_links":{"self":[{"href":"https:\/\/terezaxavier.com.br\/en\/wp-json\/wp\/v2\/pages\/22383","targetHints":{"allow":["GET"]}}],"collection":[{"href":"https:\/\/terezaxavier.com.br\/en\/wp-json\/wp\/v2\/pages"}],"about":[{"href":"https:\/\/terezaxavier.com.br\/en\/wp-json\/wp\/v2\/types\/page"}],"author":[{"embeddable":true,"href":"https:\/\/terezaxavier.com.br\/en\/wp-json\/wp\/v2\/users\/1"}],"replies":[{"embeddable":true,"href":"https:\/\/terezaxavier.com.br\/en\/wp-json\/wp\/v2\/comments?post=22383"}],"version-history":[{"count":160,"href":"https:\/\/terezaxavier.com.br\/en\/wp-json\/wp\/v2\/pages\/22383\/revisions"}],"predecessor-version":[{"id":45322,"href":"https:\/\/terezaxavier.com.br\/en\/wp-json\/wp\/v2\/pages\/22383\/revisions\/45322"}],"wp:attachment":[{"href":"https:\/\/terezaxavier.com.br\/en\/wp-json\/wp\/v2\/media?parent=22383"}],"curies":[{"name":"wp","href":"https:\/\/api.w.org\/{rel}","templated":true}]}}