{"id":20965,"date":"2022-09-21T12:15:24","date_gmt":"2022-09-21T15:15:24","guid":{"rendered":"https:\/\/terezaxavier.com.br\/?page_id=20965"},"modified":"2025-01-22T12:10:59","modified_gmt":"2025-01-22T15:10:59","slug":"a-marca","status":"publish","type":"page","link":"https:\/\/terezaxavier.com.br\/en\/a-marca\/","title":{"rendered":"The Brand"},"content":{"rendered":"<div data-elementor-type=\"wp-page\" data-elementor-id=\"20965\" class=\"elementor elementor-20965\" data-elementor-post-type=\"page\">\n\t\t\t\t<div class=\"elementor-element elementor-element-782c9ac e-flex e-con-boxed sc_layouts_column_icons_position_left e-con e-parent\" data-id=\"782c9ac\" data-element_type=\"container\" data-e-type=\"container\">\n\t\t\t\t\t<div class=\"e-con-inner\">\n\t\t\t\t<div class=\"elementor-element elementor-element-339eab3 sc_fly_static elementor-widget elementor-widget-heading\" data-id=\"339eab3\" data-element_type=\"widget\" data-e-type=\"widget\" data-widget_type=\"heading.default\">\n\t\t\t\t<div class=\"elementor-widget-container\">\n\t\t\t\t\t<h2 class=\"elementor-heading-title elementor-size-default\">The Brand<\/h2>\t\t\t\t<\/div>\n\t\t\t\t<\/div>\n\t\t\t\t\t<\/div>\n\t\t\t\t<\/div>\n\t\t\t\t<section class=\"elementor-section elementor-top-section elementor-element elementor-element-d9117b5 elementor-section-boxed elementor-section-height-default elementor-section-height-default sc_fly_static\" data-id=\"d9117b5\" data-element_type=\"section\" data-e-type=\"section\">\n\t\t\t\t\t\t<div class=\"elementor-container elementor-column-gap-extended\">\n\t\t\t\t\t<div class=\"elementor-column elementor-col-100 elementor-top-column elementor-element elementor-element-3296038 sc_content_align_inherit sc_layouts_column_icons_position_left sc_fly_static\" data-id=\"3296038\" data-element_type=\"column\" data-e-type=\"column\">\n\t\t\t<div class=\"elementor-widget-wrap elementor-element-populated\">\n\t\t\t\t\t\t<div class=\"elementor-element elementor-element-510e43c sc_fly_static elementor-widget elementor-widget-text-editor\" data-id=\"510e43c\" data-element_type=\"widget\" data-e-type=\"widget\" data-widget_type=\"text-editor.default\">\n\t\t\t\t<div class=\"elementor-widget-container\">\n\t\t\t\t\t\t\t\t\t<p>\u00a0<\/p><blockquote><p class=\"Normal\"><span class=\"tm5\">The Tereza Xavier mark was born with the Rio de Janeiro DNA and it has the super-Brazilian nationality.<\/span><\/p><p class=\"Normal\"><span class=\"tm5\">It is high jewelry. Unique pieces which are luxuriously simple and refined, forged, sculpted, imprinted and <\/span><span class=\"tm5\">and handcrafted. Our creations are based on the golden ratio: we use the language of nature.\u00a0<\/span><\/p><p class=\"Normal\"><span class=\"tm5\">It has emerged from the quantum activism. We, those who are responsible for the mark, are artist. <\/span><\/p><p class=\"Normal\"><span class=\"tm5\">We sieve the rarest and the most precious stones to color the forms of the jewelry. We consider the energetic properties of the metals and the irradiation of the precious stones and of the diamonds in the creative process.<\/span><\/p><p class=\"Normal\"><span class=\"tm5\">We navigate in a wide range of values. Each and every day, we deepen our research on the mineral kingdom and on the possibilities as to raw materials coming from the forest. As if through alchemy, we interact with and dare to transcend the beauty we find along the avenues of our projects. On doing so, our expertise in creating and surprising is strengthened.<\/span><\/p><p class=\"Normal\"><span class=\"tm5\">We are committed to making a difference as to the protection of nature, as to inspiration in and the promotion of sustainable human development \u2013 all through art.<\/span><\/p><p class=\"Normal\"><span class=\"tm5\">We believe in the fact that being an environmentalist today leads to a completely new level of \u201cgreen\u201d thinking and of \u201cgreen acting. We believe ecology is the highest luxury.<\/span><\/p><p class=\"Normal\"><span class=\"tm5\">We forever put ourselves at the service of animal causes, of the preservation of forests, of the native Indian peoples and of Education. <\/span><\/p><p class=\"Normal\"><span class=\"tm5\">We count on a wonderful team of artisans and crafters to sieve, work on metals, precious stones and diamonds, all orchestrated by the General Director and the \u2018maestro\u2019 of our mark, Luiz Xavier.<\/span><\/p><p class=\"Normal\"><span class=\"tm5\">In creating the pieces with seeds, leaves and flowers, we make an open invitation for the preservation of nature. <\/span><\/p><p class=\"Normal\"><span class=\"tm5\">The delicate effect in the many embroidered pieces inspires the relations we have always developed with an incredible team of extremely competent artisans in the four corners of Brazil, transforming human lives and granting true value to handcrafted work under the direction of the designer and crafter Tereza Xavier. <\/span><\/p><p class=\"Normal\"><span class=\"tm5\">The old and successful partnerships with the native Indian peoples have developed with time, as a result, this collaboration launches their culture and their art into the universe of national and international<\/span><span class=\"tm5\">\u00a0high jewelry. And that is how we have been weaving a network of beauty throughout the national territory and expanding it all over the world.<\/span><\/p><p class=\"Normal\"><span class=\"tm5\">This is our lifestyle that we want to share, walking in beauty, and made in Brazil.\u00a0<\/span><\/p><p class=\"Normal\">\u00a0<\/p><\/blockquote>\t\t\t\t\t\t\t\t<\/div>\n\t\t\t\t<\/div>\n\t\t\t\t\t<\/div>\n\t\t<\/div>\n\t\t\t\t\t<\/div>\n\t\t<\/section>\n\t\t\t\t<section class=\"elementor-section elementor-top-section elementor-element elementor-element-f05c614 elementor-section-boxed elementor-section-height-default elementor-section-height-default sc_fly_static\" data-id=\"f05c614\" data-element_type=\"section\" data-e-type=\"section\">\n\t\t\t\t\t\t<div class=\"elementor-container elementor-column-gap-extended\">\n\t\t\t\t\t<div class=\"elementor-column elementor-col-33 elementor-top-column elementor-element elementor-element-acdda1d sc_content_align_inherit sc_layouts_column_icons_position_left sc_fly_static\" data-id=\"acdda1d\" data-element_type=\"column\" data-e-type=\"column\">\n\t\t\t<div class=\"elementor-widget-wrap\">\n\t\t\t\t\t\t\t<\/div>\n\t\t<\/div>\n\t\t\t\t<div class=\"elementor-column elementor-col-33 elementor-top-column elementor-element elementor-element-8ed2104 sc_content_align_inherit sc_layouts_column_icons_position_left sc_fly_static\" data-id=\"8ed2104\" data-element_type=\"column\" data-e-type=\"column\">\n\t\t\t<div class=\"elementor-widget-wrap elementor-element-populated\">\n\t\t\t\t\t\t<div class=\"elementor-element elementor-element-b859137 sc_fly_static elementor-widget elementor-widget-image\" data-id=\"b859137\" data-element_type=\"widget\" data-e-type=\"widget\" data-widget_type=\"image.default\">\n\t\t\t\t<div class=\"elementor-widget-container\">\n\t\t\t\t\t\t\t\t\t\t\t\t\t\t\t<img fetchpriority=\"high\" decoding=\"async\" width=\"600\" height=\"525\" src=\"https:\/\/terezaxavier.com.br\/wp-content\/uploads\/2023\/05\/historia-da-marca.jpg\" class=\"attachment-large size-large wp-image-27148\" alt=\"\" srcset=\"https:\/\/terezaxavier.com.br\/wp-content\/uploads\/2023\/05\/historia-da-marca.jpg 600w, https:\/\/terezaxavier.com.br\/wp-content\/uploads\/2023\/05\/historia-da-marca-300x263.jpg 300w, https:\/\/terezaxavier.com.br\/wp-content\/uploads\/2023\/05\/historia-da-marca-370x324.jpg 370w, https:\/\/terezaxavier.com.br\/wp-content\/uploads\/2023\/05\/historia-da-marca-410x359.jpg 410w\" sizes=\"(max-width: 600px) 100vw, 600px\" \/>\t\t\t\t\t\t\t\t\t\t\t\t\t\t\t<\/div>\n\t\t\t\t<\/div>\n\t\t\t\t\t<\/div>\n\t\t<\/div>\n\t\t\t\t<div class=\"elementor-column elementor-col-33 elementor-top-column elementor-element elementor-element-c6b2254 sc_content_align_inherit sc_layouts_column_icons_position_left sc_fly_static\" data-id=\"c6b2254\" data-element_type=\"column\" data-e-type=\"column\">\n\t\t\t<div class=\"elementor-widget-wrap\">\n\t\t\t\t\t\t\t<\/div>\n\t\t<\/div>\n\t\t\t\t\t<\/div>\n\t\t<\/section>\n\t\t\t\t<section class=\"elementor-section elementor-top-section elementor-element elementor-element-c99ba73 elementor-section-boxed elementor-section-height-default elementor-section-height-default sc_fly_static\" data-id=\"c99ba73\" data-element_type=\"section\" data-e-type=\"section\">\n\t\t\t\t\t\t<div class=\"elementor-container elementor-column-gap-extended\">\n\t\t\t\t\t<div class=\"elementor-column elementor-col-100 elementor-top-column elementor-element elementor-element-8388418 sc_content_align_inherit sc_layouts_column_icons_position_left sc_fly_static\" data-id=\"8388418\" data-element_type=\"column\" data-e-type=\"column\">\n\t\t\t<div class=\"elementor-widget-wrap elementor-element-populated\">\n\t\t\t\t\t\t<div class=\"elementor-element elementor-element-a5d65e6 sc_fly_static elementor-widget elementor-widget-spacer\" data-id=\"a5d65e6\" data-element_type=\"widget\" data-e-type=\"widget\" data-widget_type=\"spacer.default\">\n\t\t\t\t<div class=\"elementor-widget-container\">\n\t\t\t\t\t\t\t<div class=\"elementor-spacer\">\n\t\t\t<div class=\"elementor-spacer-inner\"><\/div>\n\t\t<\/div>\n\t\t\t\t\t\t<\/div>\n\t\t\t\t<\/div>\n\t\t\t\t<div class=\"elementor-element elementor-element-a2adab5 sc_fly_static elementor-widget elementor-widget-text-editor\" data-id=\"a2adab5\" data-element_type=\"widget\" data-e-type=\"widget\" data-widget_type=\"text-editor.default\">\n\t\t\t\t<div class=\"elementor-widget-container\">\n\t\t\t\t\t\t\t\t\t<blockquote><p class=\"Normal\"><span class=\"tm5\">The Tereza Xavier brand was born with the Rio de Janeiro DNA and it has the super-Brazilian nationality.<\/span><\/p><p class=\"Normal\"><span class=\"tm5\">The essence of the mark is imprinted in its logo.\nIt is rooted in Saint Francis of Assisi\u2019s greeting \u201cPax et Bonum\u201d, represented by the Tau, and in the profound love of nature.<\/span><\/p><p class=\"Normal\"><span class=\"tm5\">Crowning this fundament is the knowledge of Sacred Geometry, which brings Vesica Piscis, the Receptacle of the Fish. Every creation in the universe starts with the meeting and crossing of two circles which form the Vesica Piscis. The two circles were open on the sides so as to symbolize wings \u2013 the human being\u2019s flight with open arms, entirely at the service of the universe.<\/span><\/p><\/blockquote>\t\t\t\t\t\t\t\t<\/div>\n\t\t\t\t<\/div>\n\t\t\t\t\t<\/div>\n\t\t<\/div>\n\t\t\t\t\t<\/div>\n\t\t<\/section>\n\t\t\t\t<section class=\"elementor-section elementor-top-section elementor-element elementor-element-38a55bb elementor-section-boxed elementor-section-height-default elementor-section-height-default sc_fly_static\" data-id=\"38a55bb\" data-element_type=\"section\" data-e-type=\"section\">\n\t\t\t\t\t\t<div class=\"elementor-container elementor-column-gap-extended\">\n\t\t\t\t\t<div class=\"elementor-column elementor-col-100 elementor-top-column elementor-element elementor-element-1fb08fb sc_content_align_inherit sc_layouts_column_icons_position_left sc_fly_static\" data-id=\"1fb08fb\" data-element_type=\"column\" data-e-type=\"column\">\n\t\t\t<div class=\"elementor-widget-wrap elementor-element-populated\">\n\t\t\t\t\t\t<div class=\"elementor-element elementor-element-84d6402 sc_fly_static elementor-widget elementor-widget-spacer\" data-id=\"84d6402\" data-element_type=\"widget\" data-e-type=\"widget\" data-widget_type=\"spacer.default\">\n\t\t\t\t<div class=\"elementor-widget-container\">\n\t\t\t\t\t\t\t<div class=\"elementor-spacer\">\n\t\t\t<div class=\"elementor-spacer-inner\"><\/div>\n\t\t<\/div>\n\t\t\t\t\t\t<\/div>\n\t\t\t\t<\/div>\n\t\t\t\t\t<\/div>\n\t\t<\/div>\n\t\t\t\t\t<\/div>\n\t\t<\/section>\n\t\t\t\t<section class=\"elementor-section elementor-top-section elementor-element elementor-element-aa21650 elementor-section-boxed elementor-section-height-default elementor-section-height-default sc_fly_static\" data-id=\"aa21650\" data-element_type=\"section\" data-e-type=\"section\">\n\t\t\t\t\t\t<div class=\"elementor-container elementor-column-gap-extended\">\n\t\t\t\t\t<div class=\"elementor-column elementor-col-50 elementor-top-column elementor-element elementor-element-dd58320 sc_content_align_inherit sc_layouts_column_icons_position_left sc_fly_static\" data-id=\"dd58320\" data-element_type=\"column\" data-e-type=\"column\">\n\t\t\t<div class=\"elementor-widget-wrap elementor-element-populated\">\n\t\t\t\t\t\t<div class=\"elementor-element elementor-element-f894c1b sc_fly_static elementor-widget elementor-widget-spacer\" data-id=\"f894c1b\" data-element_type=\"widget\" data-e-type=\"widget\" data-widget_type=\"spacer.default\">\n\t\t\t\t<div class=\"elementor-widget-container\">\n\t\t\t\t\t\t\t<div class=\"elementor-spacer\">\n\t\t\t<div class=\"elementor-spacer-inner\"><\/div>\n\t\t<\/div>\n\t\t\t\t\t\t<\/div>\n\t\t\t\t<\/div>\n\t\t\t\t<div class=\"elementor-element elementor-element-ff2ca54 sc_fly_static elementor-widget elementor-widget-image\" data-id=\"ff2ca54\" data-element_type=\"widget\" data-e-type=\"widget\" data-widget_type=\"image.default\">\n\t\t\t\t<div class=\"elementor-widget-container\">\n\t\t\t\t\t\t\t\t\t\t\t\t\t\t\t<img decoding=\"async\" width=\"640\" height=\"640\" src=\"https:\/\/terezaxavier.com.br\/wp-content\/uploads\/2023\/05\/tereza-xavier-3.jpg\" class=\"attachment-large size-large wp-image-27189\" alt=\"\" srcset=\"https:\/\/terezaxavier.com.br\/wp-content\/uploads\/2023\/05\/tereza-xavier-3.jpg 640w, https:\/\/terezaxavier.com.br\/wp-content\/uploads\/2023\/05\/tereza-xavier-3-300x300.jpg 300w, https:\/\/terezaxavier.com.br\/wp-content\/uploads\/2023\/05\/tereza-xavier-3-150x150.jpg 150w, https:\/\/terezaxavier.com.br\/wp-content\/uploads\/2023\/05\/tereza-xavier-3-370x370.jpg 370w, https:\/\/terezaxavier.com.br\/wp-content\/uploads\/2023\/05\/tereza-xavier-3-120x120.jpg 120w, https:\/\/terezaxavier.com.br\/wp-content\/uploads\/2023\/05\/tereza-xavier-3-410x410.jpg 410w, https:\/\/terezaxavier.com.br\/wp-content\/uploads\/2023\/05\/tereza-xavier-3-600x600.jpg 600w\" sizes=\"(max-width: 640px) 100vw, 640px\" \/>\t\t\t\t\t\t\t\t\t\t\t\t\t\t\t<\/div>\n\t\t\t\t<\/div>\n\t\t\t\t<div class=\"elementor-element elementor-element-b4ec38d sc_fly_static elementor-widget elementor-widget-spacer\" data-id=\"b4ec38d\" data-element_type=\"widget\" data-e-type=\"widget\" data-widget_type=\"spacer.default\">\n\t\t\t\t<div class=\"elementor-widget-container\">\n\t\t\t\t\t\t\t<div class=\"elementor-spacer\">\n\t\t\t<div class=\"elementor-spacer-inner\"><\/div>\n\t\t<\/div>\n\t\t\t\t\t\t<\/div>\n\t\t\t\t<\/div>\n\t\t\t\t<div class=\"elementor-element elementor-element-a95b395 sc_fly_static elementor-widget elementor-widget-heading\" data-id=\"a95b395\" data-element_type=\"widget\" data-e-type=\"widget\" data-widget_type=\"heading.default\">\n\t\t\t\t<div class=\"elementor-widget-container\">\n\t\t\t\t\t<h2 class=\"elementor-heading-title elementor-size-default\">Tereza Xavier<\/h2>\t\t\t\t<\/div>\n\t\t\t\t<\/div>\n\t\t\t\t<div class=\"elementor-element elementor-element-252218b sc_fly_static elementor-widget elementor-widget-text-editor\" data-id=\"252218b\" data-element_type=\"widget\" data-e-type=\"widget\" data-widget_type=\"text-editor.default\">\n\t\t\t\t<div class=\"elementor-widget-container\">\n\t\t\t\t\t\t\t\t\t<p style=\"text-align: center;\">Artista e Designer de Joias da Marca Tereza Xavier<\/p>\t\t\t\t\t\t\t\t<\/div>\n\t\t\t\t<\/div>\n\t\t\t\t<div class=\"elementor-element elementor-element-cc08d1a sc_fly_static elementor-widget elementor-widget-spacer\" data-id=\"cc08d1a\" data-element_type=\"widget\" data-e-type=\"widget\" data-widget_type=\"spacer.default\">\n\t\t\t\t<div class=\"elementor-widget-container\">\n\t\t\t\t\t\t\t<div class=\"elementor-spacer\">\n\t\t\t<div class=\"elementor-spacer-inner\"><\/div>\n\t\t<\/div>\n\t\t\t\t\t\t<\/div>\n\t\t\t\t<\/div>\n\t\t\t\t<div class=\"elementor-element elementor-element-e3eaf4f elementor-align-center sc_fly_static elementor-widget elementor-widget-button\" data-id=\"e3eaf4f\" data-element_type=\"widget\" data-e-type=\"widget\" data-widget_type=\"button.default\">\n\t\t\t\t<div class=\"elementor-widget-container\">\n\t\t\t\t\t\t\t\t\t<div class=\"elementor-button-wrapper\">\n\t\t\t\t\t<a class=\"elementor-button elementor-button-link elementor-size-md\" href=\"https:\/\/terezaxavier.com.br\/en\/tereza-xavier\/\">\n\t\t\t\t\t\t<span class=\"elementor-button-content-wrapper\">\n\t\t\t\t\t\t\t\t\t<span class=\"elementor-button-text\">Perfil<\/span>\n\t\t\t\t\t<\/span>\n\t\t\t\t\t<\/a>\n\t\t\t\t<\/div>\n\t\t\t\t\t\t\t\t<\/div>\n\t\t\t\t<\/div>\n\t\t\t\t\t<\/div>\n\t\t<\/div>\n\t\t\t\t<div class=\"elementor-column elementor-col-50 elementor-top-column elementor-element elementor-element-b52b429 sc_content_align_inherit sc_layouts_column_icons_position_left sc_fly_static\" data-id=\"b52b429\" data-element_type=\"column\" data-e-type=\"column\">\n\t\t\t<div class=\"elementor-widget-wrap elementor-element-populated\">\n\t\t\t\t\t\t<div class=\"elementor-element elementor-element-a92e9e3 sc_fly_static elementor-widget elementor-widget-spacer\" data-id=\"a92e9e3\" data-element_type=\"widget\" data-e-type=\"widget\" data-widget_type=\"spacer.default\">\n\t\t\t\t<div class=\"elementor-widget-container\">\n\t\t\t\t\t\t\t<div class=\"elementor-spacer\">\n\t\t\t<div class=\"elementor-spacer-inner\"><\/div>\n\t\t<\/div>\n\t\t\t\t\t\t<\/div>\n\t\t\t\t<\/div>\n\t\t\t\t<div class=\"elementor-element elementor-element-9d8155f sc_fly_static elementor-widget elementor-widget-image\" data-id=\"9d8155f\" data-element_type=\"widget\" data-e-type=\"widget\" data-widget_type=\"image.default\">\n\t\t\t\t<div class=\"elementor-widget-container\">\n\t\t\t\t\t\t\t\t\t\t\t\t\t\t\t<img decoding=\"async\" width=\"639\" height=\"639\" src=\"https:\/\/terezaxavier.com.br\/wp-content\/uploads\/2023\/05\/luiz-xavier.png\" class=\"attachment-large size-large wp-image-27163\" alt=\"\" srcset=\"https:\/\/terezaxavier.com.br\/wp-content\/uploads\/2023\/05\/luiz-xavier.png 639w, https:\/\/terezaxavier.com.br\/wp-content\/uploads\/2023\/05\/luiz-xavier-300x300.png 300w, https:\/\/terezaxavier.com.br\/wp-content\/uploads\/2023\/05\/luiz-xavier-150x150.png 150w, https:\/\/terezaxavier.com.br\/wp-content\/uploads\/2023\/05\/luiz-xavier-370x370.png 370w, https:\/\/terezaxavier.com.br\/wp-content\/uploads\/2023\/05\/luiz-xavier-120x120.png 120w, https:\/\/terezaxavier.com.br\/wp-content\/uploads\/2023\/05\/luiz-xavier-410x410.png 410w, https:\/\/terezaxavier.com.br\/wp-content\/uploads\/2023\/05\/luiz-xavier-600x600.png 600w\" sizes=\"(max-width: 639px) 100vw, 639px\" \/>\t\t\t\t\t\t\t\t\t\t\t\t\t\t\t<\/div>\n\t\t\t\t<\/div>\n\t\t\t\t<div class=\"elementor-element elementor-element-1030e4d sc_fly_static elementor-widget elementor-widget-spacer\" data-id=\"1030e4d\" data-element_type=\"widget\" data-e-type=\"widget\" data-widget_type=\"spacer.default\">\n\t\t\t\t<div class=\"elementor-widget-container\">\n\t\t\t\t\t\t\t<div class=\"elementor-spacer\">\n\t\t\t<div class=\"elementor-spacer-inner\"><\/div>\n\t\t<\/div>\n\t\t\t\t\t\t<\/div>\n\t\t\t\t<\/div>\n\t\t\t\t<div class=\"elementor-element elementor-element-e52250d sc_fly_static elementor-widget elementor-widget-heading\" data-id=\"e52250d\" data-element_type=\"widget\" data-e-type=\"widget\" data-widget_type=\"heading.default\">\n\t\t\t\t<div class=\"elementor-widget-container\">\n\t\t\t\t\t<h2 class=\"elementor-heading-title elementor-size-default\">Luiz Xavier<\/h2>\t\t\t\t<\/div>\n\t\t\t\t<\/div>\n\t\t\t\t<div class=\"elementor-element elementor-element-b1f8d13 sc_fly_static elementor-widget elementor-widget-text-editor\" data-id=\"b1f8d13\" data-element_type=\"widget\" data-e-type=\"widget\" data-widget_type=\"text-editor.default\">\n\t\t\t\t<div class=\"elementor-widget-container\">\n\t\t\t\t\t\t\t\t\t<p style=\"text-align: center;\">Arquiteto, Engenheiro, Artista e Designer, Diretor Geral da marca Tereza Xavier<\/p>\t\t\t\t\t\t\t\t<\/div>\n\t\t\t\t<\/div>\n\t\t\t\t<div class=\"elementor-element elementor-element-907bc9f sc_fly_static elementor-widget elementor-widget-spacer\" data-id=\"907bc9f\" data-element_type=\"widget\" data-e-type=\"widget\" data-widget_type=\"spacer.default\">\n\t\t\t\t<div class=\"elementor-widget-container\">\n\t\t\t\t\t\t\t<div class=\"elementor-spacer\">\n\t\t\t<div class=\"elementor-spacer-inner\"><\/div>\n\t\t<\/div>\n\t\t\t\t\t\t<\/div>\n\t\t\t\t<\/div>\n\t\t\t\t<div class=\"elementor-element elementor-element-f0e1b21 elementor-align-center sc_fly_static elementor-widget elementor-widget-button\" data-id=\"f0e1b21\" data-element_type=\"widget\" data-e-type=\"widget\" data-widget_type=\"button.default\">\n\t\t\t\t<div class=\"elementor-widget-container\">\n\t\t\t\t\t\t\t\t\t<div class=\"elementor-button-wrapper\">\n\t\t\t\t\t<a class=\"elementor-button elementor-button-link elementor-size-md\" href=\"https:\/\/terezaxavier.com.br\/en\/luiz-xavier\/\">\n\t\t\t\t\t\t<span class=\"elementor-button-content-wrapper\">\n\t\t\t\t\t\t\t\t\t<span class=\"elementor-button-text\">Perfil<\/span>\n\t\t\t\t\t<\/span>\n\t\t\t\t\t<\/a>\n\t\t\t\t<\/div>\n\t\t\t\t\t\t\t\t<\/div>\n\t\t\t\t<\/div>\n\t\t\t\t\t<\/div>\n\t\t<\/div>\n\t\t\t\t\t<\/div>\n\t\t<\/section>\n\t\t\t\t<\/div>","protected":false},"excerpt":{"rendered":"<p>A Marca \u00a0 A marca Tereza Xavier nasceu com o DNA carioca e tem a nacionalidade brasileir\u00edssima. \u00c9 Alta Joalheria. S\u00e3o pe\u00e7as \u00fanicas luxuosamente simples e refinadas, forjadas, esculpidas, gravadas&hellip;<\/p>","protected":false},"author":1,"featured_media":0,"parent":0,"menu_order":0,"comment_status":"closed","ping_status":"closed","template":"elementor_header_footer","meta":{"_joinchat":[],"footnotes":""},"class_list":["post-20965","page","type-page","status-publish","hentry"],"_hostinger_reach_plugin_has_subscription_block":false,"_hostinger_reach_plugin_is_elementor":false,"_links":{"self":[{"href":"https:\/\/terezaxavier.com.br\/en\/wp-json\/wp\/v2\/pages\/20965","targetHints":{"allow":["GET"]}}],"collection":[{"href":"https:\/\/terezaxavier.com.br\/en\/wp-json\/wp\/v2\/pages"}],"about":[{"href":"https:\/\/terezaxavier.com.br\/en\/wp-json\/wp\/v2\/types\/page"}],"author":[{"embeddable":true,"href":"https:\/\/terezaxavier.com.br\/en\/wp-json\/wp\/v2\/users\/1"}],"replies":[{"embeddable":true,"href":"https:\/\/terezaxavier.com.br\/en\/wp-json\/wp\/v2\/comments?post=20965"}],"version-history":[{"count":203,"href":"https:\/\/terezaxavier.com.br\/en\/wp-json\/wp\/v2\/pages\/20965\/revisions"}],"predecessor-version":[{"id":44399,"href":"https:\/\/terezaxavier.com.br\/en\/wp-json\/wp\/v2\/pages\/20965\/revisions\/44399"}],"wp:attachment":[{"href":"https:\/\/terezaxavier.com.br\/en\/wp-json\/wp\/v2\/media?parent=20965"}],"curies":[{"name":"wp","href":"https:\/\/api.w.org\/{rel}","templated":true}]}}